{"id":21859,"date":"2018-08-27T15:41:45","date_gmt":"2018-08-27T18:41:45","guid":{"rendered":"https:\/\/www.ip.usp.br\/site\/?page_id=21859"},"modified":"2019-10-22T10:03:07","modified_gmt":"2019-10-22T13:03:07","slug":"directrices","status":"publish","type":"page","link":"https:\/\/www.ip.usp.br\/site\/directrices\/","title":{"rendered":"Directrices"},"content":{"rendered":"<div>\n<table style=\"border-collapse: collapse; width: 100%;\" border=\"0\">\n<tbody>\n<tr>\n<td style=\"width: 93.7455%;\"><\/td>\n<td style=\"width: 2.30239%;\"><a href=\"https:\/\/www.ip.usp.br\/site\/diretrizes\/\"><img decoding=\"async\" class=\"alignnone size-full wp-image-19624\" src=\"https:\/\/www.ip.usp.br\/site\/wp-content\/uploads\/2018\/08\/br.gif\" alt=\"\" width=\"20\" height=\"14\" \/><\/a><\/td>\n<td style=\"width: 2.15732%;\"><a href=\"https:\/\/www.ip.usp.br\/site\/directrices\/\"><img decoding=\"async\" class=\"alignnone size-full wp-image-19623\" src=\"https:\/\/www.ip.usp.br\/site\/wp-content\/uploads\/2018\/08\/es.gif\" alt=\"\" width=\"20\" height=\"14\" \/><\/a><\/td>\n<td style=\"width: 1.79478%;\"><a href=\"https:\/\/www.ip.usp.br\/site\/advisors\/\"><img decoding=\"async\" class=\"alignnone size-full wp-image-19626\" src=\"https:\/\/www.ip.usp.br\/site\/wp-content\/uploads\/2018\/08\/us.gif\" alt=\"\" width=\"20\" height=\"14\" \/><\/a><\/td>\n<\/tr>\n<\/tbody>\n<\/table>\n<\/div>\n<p style=\"text-align: right;\"><a href=\"https:\/\/www.ip.usp.br\/site\/orientadores-2\/\">V\u00e9ase el cuadro general de lo orientadores<\/a><\/p>\n<p><strong>ORIENTADORES Y COORIENTADORES<\/strong><\/p>\n<p>El n\u00famero m\u00e1ximo de mentores por asesor es 8 (ocho). Cuando se cubren pautas de car\u00e1cter interinstitucional (Minter \/ Dinter y co-tutelaje) puede ser 10 (diez). Adem\u00e1s, el asesor puede co-orientar hasta 4 (cuatro) estudiantes.<\/p>\n<p>La decisi\u00f3n de acreditar \/ volver a acreditar a un asesor se basar\u00e1 en su desempe\u00f1o cient\u00edfico.<\/p>\n<p>Las acreditaciones pueden ser completas o espec\u00edficas. Las acreditaciones espec\u00edficas son para guiar a un estudiante en particular.<\/p>\n<p>La acreditaci\u00f3n completa de los mentores ser\u00e1 v\u00e1lida por tres (3) a\u00f1os.<\/p>\n<p>Para la acreditaci\u00f3n o re-acreditaci\u00f3n, el solicitante debe presentar una solicitud formal detallada al PCCh, indicando objetivamente sus calificaciones para actuar o continuar trabajando con el Programa. Debe adjuntar el Curr\u00edculum Vitae o el Curr\u00edculum Vitae actualizado (para los solicitantes extranjeros que a\u00fan no tienen un Curr\u00edculo Lattes) y las direcciones de correo electr\u00f3nico para el registro de ResearchID y ORCID.<\/p>\n<p>Acreditaci\u00f3n completa de asesores<\/p>\n<p>Para una acreditaci\u00f3n completa, el maestro debe coordinar o participar en un proyecto de investigaci\u00f3n y haber publicado al menos seis publicaciones, compatibles con la l\u00ednea de investigaci\u00f3n en la que opera, y puede ser cuatro publicaciones en revistas indexadas, incluidas al menos 3 clasificadas con Qualis. B1 o superior, y dos cap\u00edtulos de libros mencionados en el libro Qualis (libro u organizaci\u00f3n de libros) con un comit\u00e9 editorial selecto, durante los \u00faltimos 3 a\u00f1os;<\/p>\n<p>Haber ense\u00f1ado disciplina en el Programa durante un semestre;<\/p>\n<p>Realizar investigaciones en una de las l\u00edneas de investigaci\u00f3n del Programa;<\/p>\n<p>Para la acreditaci\u00f3n como asesor doctoral, tambi\u00e9n se requiere la finalizaci\u00f3n de una maestr\u00eda.<\/p>\n<p>Reconocimiento de asesor<\/p>\n<p>Para una recertificaci\u00f3n completa, el maestro debe cumplir con los mismos requisitos m\u00ednimos de acreditaci\u00f3n especificados en el \u00edtem X.6 y los siguientes requisitos a\u00fan ser\u00e1n considerados:<\/p>\n<p>(1) Al menos el 20% de su producci\u00f3n cient\u00edfica, art\u00edstica o tecnol\u00f3gica se ha derivado de tesis y disertaciones dirigidas por \u00e9l.<\/p>\n<p>(2) guiar al menos 2 (dos) disertaciones o tesis;<\/p>\n<p>(3) ense\u00f1ar al menos una (1) disciplina de posgrado por a\u00f1o en el Programa.<\/p>\n<p>(4) para la acreditaci\u00f3n completa, el maestro debe haber dirigido al menos una disertaci\u00f3n de maestr\u00eda o tesis doctoral, y tener al menos seis publicaciones, compatibles con la l\u00ednea de investigaci\u00f3n en la que opera, que pueden ser cuatro publicaciones en revistas indexadas, de los cuales al menos 3 clasificados con Qualis B1 o superior, y dos cap\u00edtulos de libros mencionados en el libro Qualis (libro u organizaci\u00f3n del libro) con un comit\u00e9 editorial selecto en los \u00faltimos 3 a\u00f1os.<\/p>\n","protected":false},"excerpt":{"rendered":"<p>V\u00e9ase el cuadro general de lo orientadores ORIENTADORES Y COORIENTADORES El n\u00famero m\u00e1ximo de mentores por asesor es 8 (ocho). Cuando se cubren pautas de car\u00e1cter interinstitucional (Minter \/ Dinter y co-tutelaje) puede ser 10 (diez). Adem\u00e1s, el asesor puede co-orientar hasta 4 (cuatro) estudiantes. La decisi\u00f3n de acreditar \/ volver a acreditar a un [&hellip;]<\/p>\n","protected":false},"author":5,"featured_media":0,"parent":0,"menu_order":0,"comment_status":"closed","ping_status":"closed","template":"","meta":{"_acf_changed":false,"footnotes":""},"categories":[503,504],"tags":[],"class_list":["post-21859","page","type-page","status-publish","hentry","category-posgrado","category-programa-de-posgrado-psicologia-clinica"],"acf":[],"jetpack_sharing_enabled":true,"_links":{"self":[{"href":"https:\/\/www.ip.usp.br\/site\/wp-json\/wp\/v2\/pages\/21859","targetHints":{"allow":["GET"]}}],"collection":[{"href":"https:\/\/www.ip.usp.br\/site\/wp-json\/wp\/v2\/pages"}],"about":[{"href":"https:\/\/www.ip.usp.br\/site\/wp-json\/wp\/v2\/types\/page"}],"author":[{"embeddable":true,"href":"https:\/\/www.ip.usp.br\/site\/wp-json\/wp\/v2\/users\/5"}],"replies":[{"embeddable":true,"href":"https:\/\/www.ip.usp.br\/site\/wp-json\/wp\/v2\/comments?post=21859"}],"version-history":[{"count":5,"href":"https:\/\/www.ip.usp.br\/site\/wp-json\/wp\/v2\/pages\/21859\/revisions"}],"predecessor-version":[{"id":29472,"href":"https:\/\/www.ip.usp.br\/site\/wp-json\/wp\/v2\/pages\/21859\/revisions\/29472"}],"wp:attachment":[{"href":"https:\/\/www.ip.usp.br\/site\/wp-json\/wp\/v2\/media?parent=21859"}],"wp:term":[{"taxonomy":"category","embeddable":true,"href":"https:\/\/www.ip.usp.br\/site\/wp-json\/wp\/v2\/categories?post=21859"},{"taxonomy":"post_tag","embeddable":true,"href":"https:\/\/www.ip.usp.br\/site\/wp-json\/wp\/v2\/tags?post=21859"}],"curies":[{"name":"wp","href":"https:\/\/api.w.org\/{rel}","templated":true}]}}