{"id":21863,"date":"2018-08-27T15:47:01","date_gmt":"2018-08-27T18:47:01","guid":{"rendered":"https:\/\/www.ip.usp.br\/site\/?page_id=21863"},"modified":"2023-07-14T08:55:16","modified_gmt":"2023-07-14T11:55:16","slug":"orientadores-2","status":"publish","type":"page","link":"https:\/\/www.ip.usp.br\/site\/orientadores-2\/","title":{"rendered":"PROFESORES \/ ASESORES"},"content":{"rendered":"<div>\n<table style=\"border-collapse: collapse; width: 100%;\" border=\"0\">\n<tbody>\n<tr>\n<td style=\"width: 93.7455%;\"><\/td>\n<td style=\"width: 2.30239%;\"><a href=\"https:\/\/www.ip.usp.br\/site\/docentes-orientadores-psc\/\"><img decoding=\"async\" class=\"alignnone size-full wp-image-19624\" src=\"https:\/\/www.ip.usp.br\/site\/wp-content\/uploads\/2018\/08\/br.gif\" alt=\"\" width=\"20\" height=\"14\" \/><\/a><\/td>\n<td style=\"width: 2.15732%;\"><a href=\"https:\/\/www.ip.usp.br\/site\/orientadores-2\/\"><img decoding=\"async\" class=\"alignnone size-full wp-image-19623\" src=\"https:\/\/www.ip.usp.br\/site\/wp-content\/uploads\/2018\/08\/es.gif\" alt=\"\" width=\"20\" height=\"14\" \/><\/a><\/td>\n<td style=\"width: 1.79478%;\"><a href=\"https:\/\/www.ip.usp.br\/site\/advisors-2\/\"><img decoding=\"async\" class=\"alignnone size-full wp-image-19626\" src=\"https:\/\/www.ip.usp.br\/site\/wp-content\/uploads\/2018\/08\/us.gif\" alt=\"\" width=\"20\" height=\"14\" \/><\/a><\/td>\n<\/tr>\n<\/tbody>\n<\/table>\n<\/div>\n<p><a href=\"https:\/\/www.ip.usp.br\/site\/andres-eduardo-aguirre-antunez\/\">ANDR\u00c9S EDUARDO AGUIRRE ANT\u00daNEZ<\/a><br \/>\nL\u00edneas de Investigaci\u00f3n: Intervenciones cl\u00ednicas en salud mental: diagn\u00f3stico, acci\u00f3n terap\u00e9utica y prevenci\u00f3n<br \/>\nInvestigaci\u00f3n de la situaci\u00f3n cl\u00ednica: una perspectiva interdisciplinar.<br \/>\nantunez@usp.br<\/p>\n<p><a href=\"https:\/\/www.ip.usp.br\/site\/avelino-luiz-rodrigues\/\">AVELINO LUIZ RODRIGUES<\/a><br \/>\nL\u00ednea de Investigaci\u00f3n: Intervenciones cl\u00ednicas en salud mental: diagn\u00f3stico, acci\u00f3n terap\u00e9utica y prevenci\u00f3n<br \/>\navelino_luiz@uol.com.br<\/p>\n<p><a href=\"https:\/\/www.ip.usp.br\/site\/christian-ingo-lenz-dunker\/\">CRISTIAN INGO LENZ DUNKER<\/a><br \/>\nL\u00ednea de Investigaci\u00f3n: Psicoan\u00e1lisis, sufrimiento y pol\u00edtica.<br \/>\nchrisdunker@usp.br<\/p>\n<p><a href=\"https:\/\/www.ip.usp.br\/site\/claudia-kami-bastos-oshiro\/\">CLAUDIA KAMI BASTOS OSHIRO<\/a><br \/>\nL\u00ednea de Investigaci\u00f3n: Intervenciones cl\u00ednicas en salud mental: diagn\u00f3stico, acci\u00f3n terap\u00e9utica y prevenci\u00f3n<br \/>\nclaudiaoshiro77@yahoo.com.br<\/p>\n<p><a href=\"https:\/\/www.ip.usp.br\/site\/daniel-kupermann\/\">DANIEL KUPERMANN<\/a><br \/>\nL\u00ednea de Investigaci\u00f3n: Psicoan\u00e1lisis, intersubjetividad y configuraciones vinculantes.<br \/>\ndkupermann@usp.br<\/p>\n<p><a href=\"https:\/\/www.ip.usp.br\/site\/francisco-baptista-assumpcao-junior\/\">FRANCISCO BAPTISTA ASSUMP\u00c7\u00c3O JUNIOR<\/a><br \/>\nL\u00ednea de Investigaci\u00f3n: Intervenciones cl\u00ednicas en salud mental: diagn\u00f3stico, acci\u00f3n terap\u00e9utica y prevenci\u00f3n.<br \/>\ncasiterrides@bol.com.br<\/p>\n<p><a href=\"http:\/\/buscatextual.cnpq.br\/buscatextual\/visualizacv.do?id=K4799112E8\" target=\"_blank\" rel=\"noopener\">FRANCISCO LOTUFO NETO<\/a><br \/>\nL\u00edneas de Investigaci\u00f3n: Investigaci\u00f3n de la situaci\u00f3n cl\u00ednica: perspectiva interdisciplinaria (dentro del Programa de Posgrado en Psicolog\u00eda Cl\u00ednica IPUSP)<br \/>\nfranciscocolotufo@gmail.com<\/p>\n<p><a href=\"https:\/\/www.ip.usp.br\/site\/gabriel-inticher-binkowski\/\">GABRIEL INTICHER BINKOWSKI<\/a><br \/>\nL\u00edneas de Investigaci\u00f3n: Psicoan\u00e1lisis, sufrimiento y pol\u00edtica<br \/>\ngabriel.binkowski@gmail.com<\/p>\n<p><a href=\"https:\/\/www.ip.usp.br\/site\/gilberto-safra\/\">GILBERTO SAFRA<\/a><br \/>\nL\u00ednea de Investigaci\u00f3n: Investigaci\u00f3n de la situaci\u00f3n cl\u00ednica: perspectiva interdisciplinar.<br \/>\niamsafra@usp.br<\/p>\n<p><a href=\"https:\/\/www.ip.usp.br\/site\/isabel-cristina-gomes\/\">ISABEL CRISTINA GOMES<\/a><br \/>\nL\u00ednea de Investigaci\u00f3n: Psicoan\u00e1lisis, intersubjetividad y configuraciones vinculantes (dentro del Programa de Posgrado en Psicolog\u00eda Cl\u00ednica del IPUSP).<br \/>\nisagomes@usp.br<\/p>\n<p><a href=\"http:\/\/buscatextual.cnpq.br\/buscatextual\/visualizacv.do?id=K4708774A0\" target=\"_blank\" rel=\"noopener\">IVAN RAMOS ESTEV\u00c3O<\/a><br \/>\nL\u00ednea de Investigaci\u00f3n: L\u00ednea de Investigaci\u00f3n: Psicoan\u00e1lisis, sufrimiento y pol\u00edtica.<br \/>\nirestevao@usp.br<\/p>\n<p><a href=\"https:\/\/www.ip.usp.br\/site\/ivonise-fernandes-da-motta\/\">IVONISE FERNANDES DA MOTTA<\/a><br \/>\nL\u00ednea de Investigaci\u00f3n: Psicoan\u00e1lisis, intersubjetividad y configuraciones vinculantes.<br \/>\nivonise@usp.br<\/p>\n<p><a href=\"https:\/\/www.ip.usp.br\/site\/leila-salomao-de-la-plata-cury-tardivo\/\">LEILA SALOM\u00c3O DE LA PLATA CURY TARDIVO<\/a><br \/>\nL\u00edneas de Investigaci\u00f3n: Intervenciones cl\u00ednicas en salud mental: diagn\u00f3stico, acci\u00f3n terap\u00e9utica y prevenci\u00f3n.<br \/>\ntardivo@usp.br<\/p>\n<p><a href=\"https:\/\/www.ip.usp.br\/site\/marcia-helena-da-silva-melo-bertolla\/\">MARCIA HELENA DA SILVA MELO<\/a><br \/>\nL\u00edneas de Investigaci\u00f3n: Intervenciones cl\u00ednicas en salud mental: diagn\u00f3stico, acci\u00f3n terap\u00e9utica y prevenci\u00f3n.<br \/>\nmmelo@usp.br<\/p>\n<p><a href=\"https:\/\/www.ip.usp.br\/site\/maria-livia-tourinho-moretto-2\/\">MARIA LIVIA TOURINHO MORETTO<\/a><br \/>\nL\u00ednea de Investigaci\u00f3n: Psicoan\u00e1lisis, sufrimiento y pol\u00edtica.<br \/>\nliviamoretto@usp.br<\/p>\n<p><a href=\"https:\/\/www.ip.usp.br\/site\/marina-ferreira-da-rosa-ribeiro\/\">MARINA FERREIRA DE ROSA RIBEIRO<\/a><br \/>\nL\u00ednea de Investigaci\u00f3n: Psicoan\u00e1lisis, intersubjetividad y configuraciones vinculantes<br \/>\nmarinaribeiro@usp.br<\/p>\n<p><a href=\"https:\/\/www.ip.usp.br\/site\/miriam-debieux-rosa\/\">MIRIAM DEBIEUX ROSA<\/a><br \/>\nL\u00ednea de Investigaci\u00f3n: L\u00ednea de Investigaci\u00f3n: Psicoan\u00e1lisis, sufrimiento y pol\u00edtica.<br \/>\ndebieux@terra.com.br<\/p>\n<p><a href=\"https:\/\/www.ip.usp.br\/site\/pablo-de-carvalho-godoy-castanho\/\">PABLO DE CARVALHO GODOY CASTANHO<\/a><br \/>\nL\u00ednea de Investigaci\u00f3n: Psicoan\u00e1lisis, intersubjetividad y configuraciones vinculantes<br \/>\npablo.castanho@usp.br<\/p>\n<p><a href=\"https:\/\/www.ip.usp.br\/site\/renatha-el-rafihi-ferreira\/\">RENATHA EL RAFIHI FERREIRA<\/a><br \/>\nL\u00edneas de Investigaci\u00f3n: Intervenciones cl\u00ednicas en salud mental: diagn\u00f3stico, acci\u00f3n terap\u00e9utica y prevenci\u00f3n<br \/>\nrerafihi@usp.br<\/p>\n<p>ROSE Gurski (Roselene Ricachenevsky Gurski)<br \/>\nL\u00ednea de Investigaci\u00f3n: L\u00ednea de Investigaci\u00f3n: Psicoan\u00e1lisis, sufrimiento y pol\u00edtica<br \/>\nrosegurski@ufrgs.br<\/p>\n","protected":false},"excerpt":{"rendered":"<p>ANDR\u00c9S EDUARDO AGUIRRE ANT\u00daNEZ L\u00edneas de Investigaci\u00f3n: Intervenciones cl\u00ednicas en salud mental: diagn\u00f3stico, acci\u00f3n terap\u00e9utica y prevenci\u00f3n Investigaci\u00f3n de la situaci\u00f3n cl\u00ednica: una perspectiva interdisciplinar. antunez@usp.br AVELINO LUIZ RODRIGUES L\u00ednea de Investigaci\u00f3n: Intervenciones cl\u00ednicas en salud mental: diagn\u00f3stico, acci\u00f3n terap\u00e9utica y prevenci\u00f3n avelino_luiz@uol.com.br CRISTIAN INGO LENZ DUNKER L\u00ednea de Investigaci\u00f3n: Psicoan\u00e1lisis, sufrimiento y pol\u00edtica. chrisdunker@usp.br [&hellip;]<\/p>\n","protected":false},"author":5,"featured_media":0,"parent":0,"menu_order":0,"comment_status":"closed","ping_status":"closed","template":"","meta":{"_acf_changed":false,"footnotes":""},"categories":[503,504],"tags":[],"class_list":["post-21863","page","type-page","status-publish","hentry","category-posgrado","category-programa-de-posgrado-psicologia-clinica"],"acf":[],"jetpack_sharing_enabled":true,"_links":{"self":[{"href":"https:\/\/www.ip.usp.br\/site\/wp-json\/wp\/v2\/pages\/21863","targetHints":{"allow":["GET"]}}],"collection":[{"href":"https:\/\/www.ip.usp.br\/site\/wp-json\/wp\/v2\/pages"}],"about":[{"href":"https:\/\/www.ip.usp.br\/site\/wp-json\/wp\/v2\/types\/page"}],"author":[{"embeddable":true,"href":"https:\/\/www.ip.usp.br\/site\/wp-json\/wp\/v2\/users\/5"}],"replies":[{"embeddable":true,"href":"https:\/\/www.ip.usp.br\/site\/wp-json\/wp\/v2\/comments?post=21863"}],"version-history":[{"count":12,"href":"https:\/\/www.ip.usp.br\/site\/wp-json\/wp\/v2\/pages\/21863\/revisions"}],"predecessor-version":[{"id":43660,"href":"https:\/\/www.ip.usp.br\/site\/wp-json\/wp\/v2\/pages\/21863\/revisions\/43660"}],"wp:attachment":[{"href":"https:\/\/www.ip.usp.br\/site\/wp-json\/wp\/v2\/media?parent=21863"}],"wp:term":[{"taxonomy":"category","embeddable":true,"href":"https:\/\/www.ip.usp.br\/site\/wp-json\/wp\/v2\/categories?post=21863"},{"taxonomy":"post_tag","embeddable":true,"href":"https:\/\/www.ip.usp.br\/site\/wp-json\/wp\/v2\/tags?post=21863"}],"curies":[{"name":"wp","href":"https:\/\/api.w.org\/{rel}","templated":true}]}}