{"id":21920,"date":"2018-08-28T11:17:40","date_gmt":"2018-08-28T14:17:40","guid":{"rendered":"https:\/\/www.ip.usp.br\/site\/?page_id=21920"},"modified":"2021-06-23T12:05:12","modified_gmt":"2021-06-23T15:05:12","slug":"disciplinas-80","status":"publish","type":"page","link":"https:\/\/www.ip.usp.br\/site\/disciplinas-80\/","title":{"rendered":"Disciplinas"},"content":{"rendered":"<div>\n<table style=\"border-collapse: collapse; width: 100%;\" border=\"0\">\n<tbody>\n<tr>\n<td style=\"width: 93.7455%;\"><\/td>\n<td style=\"width: 2.30239%;\"><a href=\"https:\/\/www.ip.usp.br\/site\/disciplinas-creditos-psc\/\"><img decoding=\"async\" class=\"alignnone size-full wp-image-19624\" src=\"https:\/\/www.ip.usp.br\/site\/wp-content\/uploads\/2018\/08\/br.gif\" alt=\"\" width=\"20\" height=\"14\" \/><\/a><\/td>\n<td style=\"width: 2.15732%;\"><a href=\"https:\/\/www.ip.usp.br\/site\/disciplinas-80\/\"><img decoding=\"async\" class=\"alignnone size-full wp-image-19623\" src=\"https:\/\/www.ip.usp.br\/site\/wp-content\/uploads\/2018\/08\/es.gif\" alt=\"\" width=\"20\" height=\"14\" \/><\/a><\/td>\n<td style=\"width: 1.79478%;\"><a href=\"https:\/\/www.ip.usp.br\/site\/subjects\/\"><img decoding=\"async\" class=\"alignnone size-full wp-image-19626\" src=\"https:\/\/www.ip.usp.br\/site\/wp-content\/uploads\/2018\/08\/us.gif\" alt=\"\" width=\"20\" height=\"14\" \/><\/a><\/td>\n<\/tr>\n<\/tbody>\n<\/table>\n<\/div>\n<p>El plan de estudio del alumno, adem\u00e1s de otros requisitos, comprender\u00e1 disciplinas del \u00e1rea de concentraci\u00f3n en que el mismo est\u00e9 matriculado y, si es necesario, de \u00e1reas complementarias. El directivo, junto con el candidato, fijar\u00e1 el plan de estudio, que podr\u00e1 involucrar a varios Departamentos, Unidades o \u00e1reas m\u00e1s amplias, as\u00ed como Instituciones no vinculadas a la Universidad.<br \/>\nEl alumno regular de otros Programas de Postgrado &#8220;stricto sensu&#8221;, fuera de la USP o portador de diploma de curso superior que no tenga v\u00ednculo con Programas de Postgrado &#8220;stricto sensu&#8221;, podr\u00e1 inscribirse en disciplina como alumno especial, desde que autorizado por el responsable de la disciplina.<br \/>\nEl docente responsable de disciplina podr\u00e1 autorizar, para cada clase ofrecida, un m\u00e1ximo de cuatro alumnos especiales sin v\u00ednculo.<br \/>\nEl alumno especial podr\u00e1 cursar hasta dos disciplinas, en semestre consecutivo o no, en Programa id\u00e9ntico o no.<\/p>\n<p><strong>\u00c1rea de concentraci\u00f3n<\/strong><br \/>\nEl campo espec\u00edfico de conocimiento que constituir\u00e1 el objetivo principal de los estudios y de las actividades de investigaci\u00f3n del alumno.<\/p>\n<p><strong>\u00c1rea Complementaria<\/strong><br \/>\nAr\u00e9a que abarca por disciplinas que no pertenecen al \u00e1rea de concentraci\u00f3n, pero que se consideran necesarias para la formaci\u00f3n del alumno. As\u00ed, el Programa de Postgrado en Psicolog\u00eda Cl\u00ednica cuenta con un elenco variado de disciplinas, a fin de asegurar la flexibilidad y amplia posibilidad de elecci\u00f3n. Las disciplinas de \u00e1reas complementarias pueden ser elegidas entre los otros Programas de Postgrado, tanto los vinculados a la USP, como los externos a la USP.<\/p>\n<p><strong>Planificaci\u00f3n de Disciplinas<\/strong><br \/>\nEl orientador, junto con el orientando establecen un programa individual de estudios. As\u00ed, el alumno luego que ingresa en el Programa ya tiene un acompa\u00f1amiento directo de su orientador para planificar las disciplinas necesarias y desarrollar su proyecto de investigaci\u00f3n que deber\u00e1 resultar en su disertaci\u00f3n final de Maestr\u00eda o en su tesis de Doctorado.<\/p>\n<p><strong>Disciplinas obligatorias<\/strong><br \/>\n<strong>maestro<\/strong>:<br \/>\n&#8211; Metodolog\u00eda de Investigaci\u00f3n en Psicolog\u00eda Cl\u00ednica (Ministrada en el 1\u00ba semestre en las cuatro ferias &#8211; 12 semanas)<br \/>\n&#8211; Introducci\u00f3n al Postgrado: Ense\u00f1anza e Investigaci\u00f3n<br \/>\n<strong>doctorado<\/strong>:<br \/>\n&#8211; Metodolog\u00eda de Investigaci\u00f3n en Psicolog\u00eda Cl\u00ednica (Ministrada en el 1\u00ba semestre en las cuatro ferias &#8211; 12 semanas)<br \/>\n&#8211; Epistemolog\u00edas en Psicolog\u00eda Cl\u00ednica (Ministrada en el 2\u00ba semestre &#8211; 4\u00aa ferias por 6 semanas)<br \/>\n&#8211; Esta disciplina fue concebida con el objetivo de posibilitar a los alumnos de posgrado la posibilidad de una experiencia did\u00e1ctica por medio de la presentaci\u00f3n de su investigaci\u00f3n para los alumnos de graduaci\u00f3n del Instituto de la Psicolog\u00eda de la USP, por otro lado, los alumnos de graduaci\u00f3n podr\u00e1n, por medio de esa actividad, conocer lo que viene siendo producido en el Programa de Postgrado en Psicolog\u00eda Cl\u00ednica. Se abri\u00f3 una disciplina optativa en la graduaci\u00f3n y cada alumno de Maestr\u00eda y Doctorado de la Posgrado, podr\u00e1 dar una clase, o parte de ella, con la supervisi\u00f3n de su orientador).<br \/>\n&#8211; Es recomendable que los doctorandos de Programa de Postgrado en Psicolog\u00eda Cl\u00ednica puedan tener experiencia de c\u00f3mo ocurre el proceso de orientaci\u00f3n de Iniciaci\u00f3n Cient\u00edfica o Maestr\u00eda. El alumno de doctorado podr\u00e1 participar del proceso de orientaci\u00f3n de Iniciaci\u00f3n Cient\u00edfica y Maestr\u00eda realizada por su orientador. El horario de esas actividades ser\u00e1 combinado por el doble orientador y orientando).<\/p>\n<p>Evaluaci\u00f3n de las Disciplinas<br \/>\nEl aprovechamiento en cada disciplina ser\u00e1 evaluado a criterio de cada docente, por medio de pruebas, seminarios, trabajos y proyectos, as\u00ed como por la participaci\u00f3n e inter\u00e9s demostrado por el alumno expresado por los siguientes niveles de concepto:<br \/>\nA &#8211; Excelente, con derecho a cr\u00e9dito<br \/>\nB &#8211; Bueno, con derecho a cr\u00e9dito<br \/>\nC &#8211; Regular, con derecho a cr\u00e9dito<br \/>\nR &#8211; Reprobado, sin derecho a cr\u00e9dito<\/p>\n<p>El alumno de Maestr\u00eda, Doctorado o Doctorado Directo deber\u00e1 tener un 75% de frecuencia en las asignaturas de Postgrado.<\/p>\n<p>&nbsp;<\/p>\n<p><a href=\"https:\/\/www.ip.usp.br\/site\/otras-normas\/\">Otras Normas<\/a><\/p>\n","protected":false},"excerpt":{"rendered":"<p>El plan de estudio del alumno, adem\u00e1s de otros requisitos, comprender\u00e1 disciplinas del \u00e1rea de concentraci\u00f3n en que el mismo est\u00e9 matriculado y, si es necesario, de \u00e1reas complementarias. El directivo, junto con el candidato, fijar\u00e1 el plan de estudio, que podr\u00e1 involucrar a varios Departamentos, Unidades o \u00e1reas m\u00e1s amplias, as\u00ed como Instituciones no [&hellip;]<\/p>\n","protected":false},"author":5,"featured_media":0,"parent":0,"menu_order":0,"comment_status":"closed","ping_status":"closed","template":"","meta":{"_acf_changed":false,"footnotes":""},"categories":[503,504],"tags":[],"class_list":["post-21920","page","type-page","status-publish","hentry","category-posgrado","category-programa-de-posgrado-psicologia-clinica"],"acf":[],"jetpack_sharing_enabled":true,"_links":{"self":[{"href":"https:\/\/www.ip.usp.br\/site\/wp-json\/wp\/v2\/pages\/21920","targetHints":{"allow":["GET"]}}],"collection":[{"href":"https:\/\/www.ip.usp.br\/site\/wp-json\/wp\/v2\/pages"}],"about":[{"href":"https:\/\/www.ip.usp.br\/site\/wp-json\/wp\/v2\/types\/page"}],"author":[{"embeddable":true,"href":"https:\/\/www.ip.usp.br\/site\/wp-json\/wp\/v2\/users\/5"}],"replies":[{"embeddable":true,"href":"https:\/\/www.ip.usp.br\/site\/wp-json\/wp\/v2\/comments?post=21920"}],"version-history":[{"count":8,"href":"https:\/\/www.ip.usp.br\/site\/wp-json\/wp\/v2\/pages\/21920\/revisions"}],"predecessor-version":[{"id":36076,"href":"https:\/\/www.ip.usp.br\/site\/wp-json\/wp\/v2\/pages\/21920\/revisions\/36076"}],"wp:attachment":[{"href":"https:\/\/www.ip.usp.br\/site\/wp-json\/wp\/v2\/media?parent=21920"}],"wp:term":[{"taxonomy":"category","embeddable":true,"href":"https:\/\/www.ip.usp.br\/site\/wp-json\/wp\/v2\/categories?post=21920"},{"taxonomy":"post_tag","embeddable":true,"href":"https:\/\/www.ip.usp.br\/site\/wp-json\/wp\/v2\/tags?post=21920"}],"curies":[{"name":"wp","href":"https:\/\/api.w.org\/{rel}","templated":true}]}}