{"id":21936,"date":"2018-08-28T11:31:53","date_gmt":"2018-08-28T14:31:53","guid":{"rendered":"https:\/\/www.ip.usp.br\/site\/?page_id=21936"},"modified":"2018-08-31T13:48:01","modified_gmt":"2018-08-31T16:48:01","slug":"otras-normas","status":"publish","type":"page","link":"https:\/\/www.ip.usp.br\/site\/otras-normas\/","title":{"rendered":"Otras Normas"},"content":{"rendered":"<div>\n<table style=\"border-collapse: collapse; width: 100%;\" border=\"0\">\n<tbody>\n<tr>\n<td style=\"width: 93.7455%;\"><\/td>\n<td style=\"width: 2.30239%;\"><a href=\"https:\/\/www.ip.usp.br\/site\/outras-normas\/\"><img decoding=\"async\" class=\"alignnone size-full wp-image-19624\" src=\"https:\/\/www.ip.usp.br\/site\/wp-content\/uploads\/2018\/08\/br.gif\" alt=\"\" width=\"20\" height=\"14\" \/><\/a><\/td>\n<td style=\"width: 2.15732%;\"><a href=\"https:\/\/www.ip.usp.br\/site\/otras-normas\/\"><img decoding=\"async\" class=\"alignnone size-full wp-image-19623\" src=\"https:\/\/www.ip.usp.br\/site\/wp-content\/uploads\/2018\/08\/es.gif\" alt=\"\" width=\"20\" height=\"14\" \/><\/a><\/td>\n<td style=\"width: 1.79478%;\"><a href=\"https:\/\/www.ip.usp.br\/site\/other-standards\/\"><img decoding=\"async\" class=\"alignnone size-full wp-image-19626\" src=\"https:\/\/www.ip.usp.br\/site\/wp-content\/uploads\/2018\/08\/us.gif\" alt=\"\" width=\"20\" height=\"14\" \/><\/a><\/td>\n<\/tr>\n<\/tbody>\n<\/table>\n<\/div>\n<p>El alumno de Maestr\u00eda, Doctorado o Doctorado Directo deber\u00e1 tener un 75% de frecuencia en las asignaturas de Postgrado. La cancelaci\u00f3n de disciplina podr\u00e1 ser hecha con la anuencia del orientador y del responsable por la disciplina, hasta la fecha de cancelaci\u00f3n que consta en el sistema Janus.<\/p>\n<p>El alumno matriculado en la Maestr\u00eda o Doctorado podr\u00e1 ser desconectado del curso en los siguientes casos:<br \/>\nI. si es reprobado dos veces en la misma disciplina o reprobado en tres disciplinas distintas;<br \/>\nII. si no efect\u00faa la matriculaci\u00f3n regularmente en dos per\u00edodos consecutivos en el interior<br \/>\nplazo previsto en el calendario escolar fijado por el CoPGr (Consejo de Postgrado);<br \/>\nIII. si es reprobado por segunda vez en el Examen de Calificaci\u00f3n;<br \/>\nIV. si no cumple las actividades o exigencias en los plazos reglamentarios;<\/p>\n<p>La CCP podr\u00e1 establecer, en las Normas Espec\u00edficas del Programa, criterios para desligamiento basados \u200b\u200ben desempe\u00f1o acad\u00e9mico y cient\u00edfico insatisfactorio.<\/p>\n<p>Cuando se trate de disciplina cursada en otra Unidad, la cancelaci\u00f3n deber\u00e1 ser realizada en la secretar\u00eda de la respectiva Unidad.<\/p>\n<p>La disciplina Preparaci\u00f3n Pedag\u00f3gica del PAE es obligatoria para alumnos Becarios CAPES y optativa para los dem\u00e1s.<\/p>\n<p>Los estudiantes extranjeros deber\u00e1n renovar el RNE (Registro Nacional de Extranjero) en los plazos en que la Polic\u00eda Federal solicite (180 d\u00edas o un a\u00f1o) y entregar una copia del protocolo en la Secretar\u00eda de Postgrado (SPG), a cada renovaci\u00f3n. Permanecer irregular en el pa\u00eds, por cualquier per\u00edodo de tiempo, resulta en el cierre.<\/p>\n","protected":false},"excerpt":{"rendered":"<p>El alumno de Maestr\u00eda, Doctorado o Doctorado Directo deber\u00e1 tener un 75% de frecuencia en las asignaturas de Postgrado. La cancelaci\u00f3n de disciplina podr\u00e1 ser hecha con la anuencia del orientador y del responsable por la disciplina, hasta la fecha de cancelaci\u00f3n que consta en el sistema Janus. El alumno matriculado en la Maestr\u00eda o [&hellip;]<\/p>\n","protected":false},"author":5,"featured_media":0,"parent":0,"menu_order":0,"comment_status":"closed","ping_status":"closed","template":"","meta":{"_acf_changed":false,"footnotes":""},"categories":[503,504],"tags":[],"class_list":["post-21936","page","type-page","status-publish","hentry","category-posgrado","category-programa-de-posgrado-psicologia-clinica"],"acf":[],"jetpack_sharing_enabled":true,"_links":{"self":[{"href":"https:\/\/www.ip.usp.br\/site\/wp-json\/wp\/v2\/pages\/21936","targetHints":{"allow":["GET"]}}],"collection":[{"href":"https:\/\/www.ip.usp.br\/site\/wp-json\/wp\/v2\/pages"}],"about":[{"href":"https:\/\/www.ip.usp.br\/site\/wp-json\/wp\/v2\/types\/page"}],"author":[{"embeddable":true,"href":"https:\/\/www.ip.usp.br\/site\/wp-json\/wp\/v2\/users\/5"}],"replies":[{"embeddable":true,"href":"https:\/\/www.ip.usp.br\/site\/wp-json\/wp\/v2\/comments?post=21936"}],"version-history":[{"count":2,"href":"https:\/\/www.ip.usp.br\/site\/wp-json\/wp\/v2\/pages\/21936\/revisions"}],"predecessor-version":[{"id":22637,"href":"https:\/\/www.ip.usp.br\/site\/wp-json\/wp\/v2\/pages\/21936\/revisions\/22637"}],"wp:attachment":[{"href":"https:\/\/www.ip.usp.br\/site\/wp-json\/wp\/v2\/media?parent=21936"}],"wp:term":[{"taxonomy":"category","embeddable":true,"href":"https:\/\/www.ip.usp.br\/site\/wp-json\/wp\/v2\/categories?post=21936"},{"taxonomy":"post_tag","embeddable":true,"href":"https:\/\/www.ip.usp.br\/site\/wp-json\/wp\/v2\/tags?post=21936"}],"curies":[{"name":"wp","href":"https:\/\/api.w.org\/{rel}","templated":true}]}}