{"id":22096,"date":"2018-08-29T09:42:46","date_gmt":"2018-08-29T12:42:46","guid":{"rendered":"https:\/\/www.ip.usp.br\/site\/?page_id=22096"},"modified":"2018-08-31T10:42:38","modified_gmt":"2018-08-31T13:42:38","slug":"creditos-3","status":"publish","type":"page","link":"https:\/\/www.ip.usp.br\/site\/creditos-3\/","title":{"rendered":"Cr\u00e9ditos"},"content":{"rendered":"<div>\n<table style=\"border-collapse: collapse; width: 100%;\" border=\"0\">\n<tbody>\n<tr>\n<td style=\"width: 93.7455%;\"><\/td>\n<td style=\"width: 2.30239%;\"><a href=\"https:\/\/www.ip.usp.br\/site\/creditos\/\"><img decoding=\"async\" class=\"alignnone size-full wp-image-19624\" src=\"https:\/\/www.ip.usp.br\/site\/wp-content\/uploads\/2018\/08\/br.gif\" alt=\"\" width=\"20\" height=\"14\" \/><\/a><\/td>\n<td style=\"width: 2.15732%;\"><a href=\"https:\/\/www.ip.usp.br\/site\/creditos-3\/\"><img decoding=\"async\" class=\"alignnone size-full wp-image-19623\" src=\"https:\/\/www.ip.usp.br\/site\/wp-content\/uploads\/2018\/08\/es.gif\" alt=\"\" width=\"20\" height=\"14\" \/><\/a><\/td>\n<td style=\"width: 1.79478%;\"><a href=\"https:\/\/www.ip.usp.br\/site\/credits\/\"><img decoding=\"async\" class=\"alignnone size-full wp-image-19626\" src=\"https:\/\/www.ip.usp.br\/site\/wp-content\/uploads\/2018\/08\/us.gif\" alt=\"\" width=\"20\" height=\"14\" \/><\/a><\/td>\n<\/tr>\n<\/tbody>\n<\/table>\n<\/div>\n<p>La integraci\u00f3n de los estudios de postgrado se expresa en unidades de cr\u00e9ditos. Cada cr\u00e9dito corresponde a 15 horas de una o m\u00e1s de las siguientes actividades programadas: clases, seminarios, trabajos de laboratorio o de campo, investigaci\u00f3n, actividades de monitoreo y estudio o preparaci\u00f3n de tesis o disertaci\u00f3n. El alumno tiene que cursar 4 disciplinas en el M\u00e1ster, 6 disciplinas en el Doctorado y 12 en el Doctorado Directo, al menos el 50% de las asignaturas deber\u00e1n ser del \u00e1rea de concentraci\u00f3n, Adem\u00e1s, nuestros alumnos tambi\u00e9n reciben cr\u00e9ditos por la publicaci\u00f3n de art\u00edculos, libros y cap\u00edtulos de libros.<\/p>\n<p><strong>Master<\/strong><\/p>\n<p>El candidato al grado de Maestro deber\u00e1 integralizar al menos 96 (noventa y seis) unidades de cr\u00e9dito, as\u00ed distribuidas:<\/p>\n<p>I &#8211; al menos 32 (treinta y dos) cr\u00e9ditos en disciplinas, siendo al menos el 50% de ellos obtenidos en<\/p>\n<p>disciplinas del Programa en el cual el alumno est\u00e1 matriculado.<\/p>\n<p>II &#8211; 64 (sesenta y cuatro) cr\u00e9ditos en la elaboraci\u00f3n de la disertaci\u00f3n.<\/p>\n<p><strong>Doctorado<\/strong><\/p>\n<p>El candidato al Doctorado, portador del t\u00edtulo de Maestro por la USP o con la equivalencia de dicho t\u00edtulo por ella reconocido, deber\u00e1 integralizar al menos 160 (ciento sesenta) unidades de cr\u00e9dito, as\u00ed distribuidas:<\/p>\n<p>I &#8211; al menos 32 (treinta y dos) cr\u00e9ditos en disciplinas, siendo al menos el 50% de ellos obtenidos en<\/p>\n<p>disciplinas del Programa en el cual el alumno est\u00e1 matriculado.<\/p>\n<p>II &#8211; 128 (ciento veintiocho) cr\u00e9ditos en la elaboraci\u00f3n de la tesis.<\/p>\n<p><strong>Doctorado Directo<\/strong><\/p>\n<p>El candidato al grado de Doctorado Directo deber\u00e1 integralizar al menos 192 (ciento noventa y dos) unidades de cr\u00e9dito, as\u00ed distribuidas:<\/p>\n<p>I &#8211; al menos 64 (sesenta y cuatro) cr\u00e9ditos en disciplinas, siendo al menos el 50% de ellos obtenidos<\/p>\n<p>en las disciplinas del Programa en el cual el alumno est\u00e1 matriculado.<\/p>\n<p>II &#8211; 128 (ciento veintiocho) cr\u00e9ditos en la elaboraci\u00f3n de la tesis.<\/p>\n<p><strong>Cr\u00e9ditos especiales<\/strong><\/p>\n<p>El alumno podr\u00e1 recibir cr\u00e9ditos, como cr\u00e9ditos especiales:<\/p>\n<p>De la Maestr\u00eda hasta 4 cr\u00e9ditos;<\/p>\n<p>Del Doctorado y Doctorado Directo hasta 8 cr\u00e9ditos.<\/p>\n<p>Por las siguientes actividades:<\/p>\n<p>1. Publicaci\u00f3n de trabajo completo en anales (o similares) del que el interesado es autor (1 cr\u00e9dito)<\/p>\n<p>2. Libro o cap\u00edtulo de libro de reconocido m\u00e9rito en el \u00e1rea de conocimiento (1 cr\u00e9dito)<\/p>\n<p>3. Participaci\u00f3n en seminarios o eventos promovidos por el Instituto de Psicolog\u00eda y por el Programa de Postgrado en Psicolog\u00eda Cl\u00ednica del IPUSP, siempre que demuestre presentaci\u00f3n de trabajo (1 cr\u00e9dito)<\/p>\n<p>4. Trabajo completo publicado en una revista indexada de circulaci\u00f3n nacional o internacional (2 cr\u00e9ditos)<\/p>\n<p><strong>observaci\u00f3n<\/strong><\/p>\n<p>Los alumnos de Maestr\u00eda y de Doctorado cursan las mismas disciplinas, ya que el docente del Programa tiene, como m\u00ednimo, el t\u00edtulo de Doctor. Por el Reglamento de Postgrado de la USP, la diferencia existente entre los dos niveles se caracteriza por la conceptualizaci\u00f3n de lo que es una disertaci\u00f3n y de lo que es una tesis. La disertaci\u00f3n de Maestr\u00eda es el estudio en profundidad de un campo del saber. Se considera tesis de Doctorado el trabajo de investigaci\u00f3n que represente contribuci\u00f3n original al estado del arte del tema tratado. El Doctorado apunta tanto al productor de conocimiento, como al desarrollo del investigador y formador de futuros investigadores.<\/p>\n","protected":false},"excerpt":{"rendered":"<p>La integraci\u00f3n de los estudios de postgrado se expresa en unidades de cr\u00e9ditos. Cada cr\u00e9dito corresponde a 15 horas de una o m\u00e1s de las siguientes actividades programadas: clases, seminarios, trabajos de laboratorio o de campo, investigaci\u00f3n, actividades de monitoreo y estudio o preparaci\u00f3n de tesis o disertaci\u00f3n. El alumno tiene que cursar 4 disciplinas [&hellip;]<\/p>\n","protected":false},"author":5,"featured_media":0,"parent":0,"menu_order":0,"comment_status":"closed","ping_status":"closed","template":"","meta":{"_acf_changed":false,"footnotes":""},"categories":[503,504],"tags":[],"class_list":["post-22096","page","type-page","status-publish","hentry","category-posgrado","category-programa-de-posgrado-psicologia-clinica"],"acf":[],"jetpack_sharing_enabled":true,"_links":{"self":[{"href":"https:\/\/www.ip.usp.br\/site\/wp-json\/wp\/v2\/pages\/22096","targetHints":{"allow":["GET"]}}],"collection":[{"href":"https:\/\/www.ip.usp.br\/site\/wp-json\/wp\/v2\/pages"}],"about":[{"href":"https:\/\/www.ip.usp.br\/site\/wp-json\/wp\/v2\/types\/page"}],"author":[{"embeddable":true,"href":"https:\/\/www.ip.usp.br\/site\/wp-json\/wp\/v2\/users\/5"}],"replies":[{"embeddable":true,"href":"https:\/\/www.ip.usp.br\/site\/wp-json\/wp\/v2\/comments?post=22096"}],"version-history":[{"count":3,"href":"https:\/\/www.ip.usp.br\/site\/wp-json\/wp\/v2\/pages\/22096\/revisions"}],"predecessor-version":[{"id":22476,"href":"https:\/\/www.ip.usp.br\/site\/wp-json\/wp\/v2\/pages\/22096\/revisions\/22476"}],"wp:attachment":[{"href":"https:\/\/www.ip.usp.br\/site\/wp-json\/wp\/v2\/media?parent=22096"}],"wp:term":[{"taxonomy":"category","embeddable":true,"href":"https:\/\/www.ip.usp.br\/site\/wp-json\/wp\/v2\/categories?post=22096"},{"taxonomy":"post_tag","embeddable":true,"href":"https:\/\/www.ip.usp.br\/site\/wp-json\/wp\/v2\/tags?post=22096"}],"curies":[{"name":"wp","href":"https:\/\/api.w.org\/{rel}","templated":true}]}}