{"id":22100,"date":"2018-08-29T09:46:06","date_gmt":"2018-08-29T12:46:06","guid":{"rendered":"https:\/\/www.ip.usp.br\/site\/?page_id=22100"},"modified":"2018-09-18T15:55:40","modified_gmt":"2018-09-18T18:55:40","slug":"comision-examinadora","status":"publish","type":"page","link":"https:\/\/www.ip.usp.br\/site\/comision-examinadora\/","title":{"rendered":"Comisi\u00f3n Examinadora"},"content":{"rendered":"<div>\n<table style=\"border-collapse: collapse; width: 100%;\" border=\"0\">\n<tbody>\n<tr>\n<td style=\"width: 93.7455%;\"><\/td>\n<td style=\"width: 2.30239%;\"><a href=\"https:\/\/www.ip.usp.br\/site\/bancas-examinadoras\/\"><img decoding=\"async\" class=\"alignnone size-full wp-image-19624\" src=\"https:\/\/www.ip.usp.br\/site\/wp-content\/uploads\/2018\/08\/br.gif\" alt=\"\" width=\"20\" height=\"14\" \/><\/a><\/td>\n<td style=\"width: 2.15732%;\"><a href=\"https:\/\/www.ip.usp.br\/site\/comision-examinadora\/\"><img decoding=\"async\" class=\"alignnone size-full wp-image-19623\" src=\"https:\/\/www.ip.usp.br\/site\/wp-content\/uploads\/2018\/08\/es.gif\" alt=\"\" width=\"20\" height=\"14\" \/><\/a><\/td>\n<td style=\"width: 1.79478%;\"><a href=\"https:\/\/www.ip.usp.br\/site\/examination-boards\/\"><img decoding=\"async\" class=\"alignnone wp-image-19626 size-full\" src=\"https:\/\/www.ip.usp.br\/site\/wp-content\/uploads\/2018\/08\/us.gif\" alt=\"\" width=\"20\" height=\"14\" \/><\/a><\/td>\n<\/tr>\n<\/tbody>\n<\/table>\n<\/div>\n<p>Los alumnos matriculados a trav\u00e9s de la Resoluci\u00f3n 6542 del Reglamento de Postgrado de la Universidad de S\u00e3o Paulo (USP), que ingresaron en sus respectivos programas del Instituto de Psicolog\u00eda (IP) deber\u00e1n tener en su composici\u00f3n en las comisiones juzgadoras:<br \/>\n&#8211; 7 docentes en total para las defensas de maestr\u00eda<br \/>\n&#8211; 11 docentes en total para las defensas de doctorado:<br \/>\nReiterando que en esas bancas el orientador no tiene poder de voto, quedando de esta forma las composiciones de los puestos:<\/p>\n<p><strong>Masters:<\/strong><\/p>\n<p>TITULARES:<br \/>\n1er miembro &#8211; Orientador &#8211; Presidente<br \/>\n2\u00ba miembro &#8211; titular &#8211; docente del programa o de la unidad<br \/>\n3\u00ba miembro &#8211; titular &#8211; externo al IP, pero puede ser un docente de otra unidad de la USP<br \/>\n4\u00ba miembro &#8211; titular &#8211; obligatoriamente externo (fuera de la USP)<\/p>\n<p>SUPLENTES:<br \/>\n1 suplente &#8211; suplente del orientador (docente del programa)<br \/>\n2\u00ba suplente &#8211; externo al IP, pero puede ser un docente de otra unidad de la USP<br \/>\n3\u00ba suplente &#8211; obligatoriamente externo (fuera de la USP)<\/p>\n<p><strong>Doctorado:<\/strong><\/p>\n<p>TITULARES:<br \/>\n1er miembro &#8211; Orientador &#8211; Presidente<br \/>\n2\u00ba miembro &#8211; titular &#8211; docente del programa o de la unidad<br \/>\n3\u00ba miembro &#8211; titular &#8211; externo al IP, pero puede ser un docente de otra unidad de la USP<br \/>\n4\u00ba miembro &#8211; titular &#8211; externo al IP, pero puede ser un docente de otra unidad de la USP<br \/>\n5\u00ba miembro &#8211; titular &#8211; obligatoriamente externo (fuera de la USP)<br \/>\n6\u00ba miembro &#8211; titular &#8211; obligatoriamente externo (fuera de la USP)<\/p>\n<p>SUPLENTES:<br \/>\n1\u00ba Suplente &#8211; Suplente Del Orientador (Docente del Programa)<br \/>\n2\u00ba Suplente &#8211; Docente del Programa o de la Unidad<br \/>\n3\u00ba Suplente &#8211; Externo al IP (puede ser de otra Unidad de la USP).<br \/>\n4\u00ba Suplente &#8211; Obligatorio Externo (Fuera de la USP)<br \/>\n5\u00ba Suplente &#8211; Obligatorio Externo (Fuera de la USP)<\/p>\n<p>PARA SABER EN QUAL RESOLUCI\u00d3N EL ALUMNO FUE MATRICULADO, Y SOLO VERIFICAR EN EL RODAP\u00c9 DE LA P\u00c1GINA 01 DE LA FICHA DE ALUMNO.<\/p>\n","protected":false},"excerpt":{"rendered":"<p>Los alumnos matriculados a trav\u00e9s de la Resoluci\u00f3n 6542 del Reglamento de Postgrado de la Universidad de S\u00e3o Paulo (USP), que ingresaron en sus respectivos programas del Instituto de Psicolog\u00eda (IP) deber\u00e1n tener en su composici\u00f3n en las comisiones juzgadoras: &#8211; 7 docentes en total para las defensas de maestr\u00eda &#8211; 11 docentes en total [&hellip;]<\/p>\n","protected":false},"author":5,"featured_media":0,"parent":0,"menu_order":0,"comment_status":"closed","ping_status":"closed","template":"","meta":{"_acf_changed":false,"footnotes":""},"categories":[503,504],"tags":[],"class_list":["post-22100","page","type-page","status-publish","hentry","category-posgrado","category-programa-de-posgrado-psicologia-clinica"],"acf":[],"jetpack_sharing_enabled":true,"_links":{"self":[{"href":"https:\/\/www.ip.usp.br\/site\/wp-json\/wp\/v2\/pages\/22100","targetHints":{"allow":["GET"]}}],"collection":[{"href":"https:\/\/www.ip.usp.br\/site\/wp-json\/wp\/v2\/pages"}],"about":[{"href":"https:\/\/www.ip.usp.br\/site\/wp-json\/wp\/v2\/types\/page"}],"author":[{"embeddable":true,"href":"https:\/\/www.ip.usp.br\/site\/wp-json\/wp\/v2\/users\/5"}],"replies":[{"embeddable":true,"href":"https:\/\/www.ip.usp.br\/site\/wp-json\/wp\/v2\/comments?post=22100"}],"version-history":[{"count":4,"href":"https:\/\/www.ip.usp.br\/site\/wp-json\/wp\/v2\/pages\/22100\/revisions"}],"predecessor-version":[{"id":24972,"href":"https:\/\/www.ip.usp.br\/site\/wp-json\/wp\/v2\/pages\/22100\/revisions\/24972"}],"wp:attachment":[{"href":"https:\/\/www.ip.usp.br\/site\/wp-json\/wp\/v2\/media?parent=22100"}],"wp:term":[{"taxonomy":"category","embeddable":true,"href":"https:\/\/www.ip.usp.br\/site\/wp-json\/wp\/v2\/categories?post=22100"},{"taxonomy":"post_tag","embeddable":true,"href":"https:\/\/www.ip.usp.br\/site\/wp-json\/wp\/v2\/tags?post=22100"}],"curies":[{"name":"wp","href":"https:\/\/api.w.org\/{rel}","templated":true}]}}