{"id":22108,"date":"2018-08-29T10:00:49","date_gmt":"2018-08-29T13:00:49","guid":{"rendered":"https:\/\/www.ip.usp.br\/site\/?page_id=22108"},"modified":"2018-08-29T10:01:11","modified_gmt":"2018-08-29T13:01:11","slug":"cierre","status":"publish","type":"page","link":"https:\/\/www.ip.usp.br\/site\/cierre\/","title":{"rendered":"Cierre"},"content":{"rendered":"<p>El alumno matriculado en la Maestr\u00eda o Doctorado podr\u00e1 ser desconectado del curso en los siguientes casos:<\/p>\n<p>I. si es reprobado dos veces en la misma disciplina o reprobado en tres disciplinas distintas;<\/p>\n<p>II. si no efect\u00faa la matr\u00edcula regularmente en dos per\u00edodos leivos consecutivos dentro del plazo previsto en el calendario escolar fijado por el CoPGr;<\/p>\n<p>III. si es reprobado por segunda vez en el examen de calificaci\u00f3n;<\/p>\n<p>IV. si no cumple las actividades o exigencias en los plazos reglamentarios;<\/p>\n<p>V. a petici\u00f3n del interesado.<\/p>\n<p>P\u00e1rrafo \u00fanico &#8211; La CCP podr\u00e1 establecer, en las normas del Programa, criterios para el cierre basados \u200b\u200ben desempe\u00f1o acad\u00e9mico y cient\u00edfico insatisfactorio.<\/p>\n<p>Los criterios para el cierre de postgrado con desempe\u00f1o acad\u00e9mico y cient\u00edfico insatisfactorio comprenden:<\/p>\n<p>1. Incumplimiento de las metas y actividades establecidas en el cronograma del proyecto de investigaci\u00f3n presentado por el postgraduado y aceptado por el orientador con ocasi\u00f3n del proceso selectivo de admisi\u00f3n en el Programa, explicitadas en un informe detallado, por escrito, del orientador a la CCP.<\/p>\n<p>2. Dictamen escrito de docente externo al Programa, acerca del incumplimiento de estas metas y actividades.<\/p>\n<p>3. Sobre la base del informe y del dictamen, corresponde a la CCP la indicaci\u00f3n ya la CPG la homologaci\u00f3n del cierre.<\/p>\n<p>El alumno apagado sin la conclusi\u00f3n de la Maestr\u00eda o del Doctorado y que sea nuevamente seleccionado tendr\u00e1 su reingreso considerado como nueva matr\u00edcula.<br \/>\nSe considera desligamiento, la ocurrencia de uno de los casos citados en el Art. 54 del Reglamento de P\u00f3-Graduaci\u00f3n de la USP.<\/p>\n<p>La solicitud de nueva matriculaci\u00f3n deber\u00e1 ser instruida con los siguientes documentos:<\/p>\n<p>I. justificaci\u00f3n del interesado;<\/p>\n<p>II. anuencia del orientador;<\/p>\n<p>III. plan de trabajo aprobado por el orientador;<\/p>\n<p>IV. hist\u00f3rico del antiguo curso.<\/p>\n<p>La documentaci\u00f3n deber\u00e1 acompa\u00f1arse de una manifestaci\u00f3n de la CCP apoyada en un dictamen circunstanciado, emitido por un ponente designado por ella, y aprobado por la CPG.<\/p>\n<p>La nueva matr\u00edcula deber\u00e1 ser efectuada por la CPG en el plazo m\u00e1ximo de ciento ochenta d\u00edas contados a partir de la fecha de reingreso. Despu\u00e9s de ese plazo, la matr\u00edcula s\u00f3lo podr\u00e1 ser efectuada por la CNR del CoPGr.<\/p>\n<p>El interesado, cuya solicitud sea aprobada, ser\u00e1 considerado nuevo alumno.<\/p>\n<p>Por lo tanto, deber\u00e1 cumplir todas las exigencias a que est\u00e1n sujetos los alumnos ingresantes y no podr\u00e1 aprovechar cr\u00e9ditos obtenidos anteriormente.<\/p>\n","protected":false},"excerpt":{"rendered":"<p>El alumno matriculado en la Maestr\u00eda o Doctorado podr\u00e1 ser desconectado del curso en los siguientes casos: I. si es reprobado dos veces en la misma disciplina o reprobado en tres disciplinas distintas; II. si no efect\u00faa la matr\u00edcula regularmente en dos per\u00edodos leivos consecutivos dentro del plazo previsto en el calendario escolar fijado por [&hellip;]<\/p>\n","protected":false},"author":5,"featured_media":0,"parent":0,"menu_order":0,"comment_status":"closed","ping_status":"closed","template":"","meta":{"_acf_changed":false,"footnotes":""},"categories":[503,504],"tags":[],"class_list":["post-22108","page","type-page","status-publish","hentry","category-posgrado","category-programa-de-posgrado-psicologia-clinica"],"acf":[],"jetpack_sharing_enabled":true,"_links":{"self":[{"href":"https:\/\/www.ip.usp.br\/site\/wp-json\/wp\/v2\/pages\/22108","targetHints":{"allow":["GET"]}}],"collection":[{"href":"https:\/\/www.ip.usp.br\/site\/wp-json\/wp\/v2\/pages"}],"about":[{"href":"https:\/\/www.ip.usp.br\/site\/wp-json\/wp\/v2\/types\/page"}],"author":[{"embeddable":true,"href":"https:\/\/www.ip.usp.br\/site\/wp-json\/wp\/v2\/users\/5"}],"replies":[{"embeddable":true,"href":"https:\/\/www.ip.usp.br\/site\/wp-json\/wp\/v2\/comments?post=22108"}],"version-history":[{"count":1,"href":"https:\/\/www.ip.usp.br\/site\/wp-json\/wp\/v2\/pages\/22108\/revisions"}],"predecessor-version":[{"id":22109,"href":"https:\/\/www.ip.usp.br\/site\/wp-json\/wp\/v2\/pages\/22108\/revisions\/22109"}],"wp:attachment":[{"href":"https:\/\/www.ip.usp.br\/site\/wp-json\/wp\/v2\/media?parent=22108"}],"wp:term":[{"taxonomy":"category","embeddable":true,"href":"https:\/\/www.ip.usp.br\/site\/wp-json\/wp\/v2\/categories?post=22108"},{"taxonomy":"post_tag","embeddable":true,"href":"https:\/\/www.ip.usp.br\/site\/wp-json\/wp\/v2\/tags?post=22108"}],"curies":[{"name":"wp","href":"https:\/\/api.w.org\/{rel}","templated":true}]}}