{"id":22114,"date":"2018-08-29T10:08:20","date_gmt":"2018-08-29T13:08:20","guid":{"rendered":"https:\/\/www.ip.usp.br\/site\/?page_id=22114"},"modified":"2018-08-31T10:54:19","modified_gmt":"2018-08-31T13:54:19","slug":"doctorado","status":"publish","type":"page","link":"https:\/\/www.ip.usp.br\/site\/doctorado\/","title":{"rendered":"Doctorado"},"content":{"rendered":"<div>\n<table style=\"border-collapse: collapse; width: 100%;\" border=\"0\">\n<tbody>\n<tr>\n<td style=\"width: 93.7455%;\"><\/td>\n<td style=\"width: 2.30239%;\"><a href=\"https:\/\/www.ip.usp.br\/site\/doutorado-e-doutorado-direto-psc\/\"><img decoding=\"async\" class=\"alignnone size-full wp-image-19624\" src=\"https:\/\/www.ip.usp.br\/site\/wp-content\/uploads\/2018\/08\/br.gif\" alt=\"\" width=\"20\" height=\"14\" \/><\/a><\/td>\n<td style=\"width: 2.15732%;\"><a href=\"https:\/\/www.ip.usp.br\/site\/doctorado\/\"><img decoding=\"async\" class=\"alignnone size-full wp-image-19623\" src=\"https:\/\/www.ip.usp.br\/site\/wp-content\/uploads\/2018\/08\/es.gif\" alt=\"\" width=\"20\" height=\"14\" \/><\/a><\/td>\n<td style=\"width: 1.79478%;\"><a href=\"https:\/\/www.ip.usp.br\/site\/21571-2\/\"><img decoding=\"async\" class=\"alignnone size-full wp-image-19626\" src=\"https:\/\/www.ip.usp.br\/site\/wp-content\/uploads\/2018\/08\/us.gif\" alt=\"\" width=\"20\" height=\"14\" \/><\/a><\/td>\n<\/tr>\n<\/tbody>\n<\/table>\n<\/div>\n<p>El Programa comprende dos niveles de formaci\u00f3n, el M\u00e1ster y el Doctorado, diferenciados por la amplitud y profundidad de los estudios. Siguiendo el Estatuto de la USP, el Programa de Post-Graduaci\u00f3n en Psicolog\u00eda Cl\u00ednica consta de un conjunto de actividades programadas, avanzadas e individualizadas, acompa\u00f1adas por orientador que sea portador, como m\u00ednimo, del t\u00edtulo de Doctor. Estas actividades incluyen y privilegian la ense\u00f1anza y la investigaci\u00f3n, buscando siempre la integraci\u00f3n del conocimiento. El Programa es entendido como un sistema de formaci\u00f3n intelectual y, al mismo tiempo, de producci\u00f3n de conocimiento en el \u00e1rea de la Psicolog\u00eda Cl\u00ednica.<\/p>\n<p><strong>Doctorado<\/strong><\/p>\n<p>El curso de Doctorado tiene por objetivo profundizar la formaci\u00f3n de alumnos en las actividades de investigaci\u00f3n. Es un curso de naturaleza estrictamente acad\u00e9mico y gratuito. Tambi\u00e9n es posible la obtenci\u00f3n de becas a trav\u00e9s de las agencias que financian el postgrado: CAPES, CNPq y FAPESP.<\/p>\n<p>El curso tiene una duraci\u00f3n de 43 meses y las asignaturas se ofrecen semestralmente, en el per\u00edodo diurno (de las 8h a las 12h o de las 14h a las 18h) y no hay clases los s\u00e1bados. Para la conclusi\u00f3n de los cr\u00e9ditos, el alumno necesita obtener al menos 32 cr\u00e9ditos en disciplinas cursadas, hasta la fecha del dep\u00f3sito de la tesis, siendo obligatoria, las disciplinas:<\/p>\n<p><strong>&#8220;Metodolog\u00eda de Investigaci\u00f3n en Psicolog\u00eda Cl\u00ednica&#8221;<\/strong><\/p>\n<p><strong>&#8220;Epistemolog\u00edas en Psicolog\u00eda Cl\u00ednica&#8221;.<\/strong><\/p>\n<p><strong>&#8220;Introducci\u00f3n al Postgrado: Ense\u00f1anza e Investigaci\u00f3n&#8221;<\/strong><\/p>\n<p><strong>&#8220;Pr\u00e1cticas de orientaci\u00f3n de proyectos&#8221;<\/strong><\/p>\n<p>\u00c9 poss\u00edvel aproveitar cr\u00e9ditos de disciplinas de outros programas stricto-sensu reconhecidos pela CAPES.<\/p>\n<p>&#8211; 50% dos cr\u00e9ditos devem ser obtidos em disciplinas oferecidos em disciplinas oferecidas pelo Programa.<\/p>\n<p>No curso de Doutorado em Psicologia Cl\u00ednica, <strong>juntamente com o dep\u00f3sito da tese, exige-se<\/strong> a comprova\u00e7\u00e3o de aceite de submiss\u00e3o ou publica\u00e7\u00e3o de <strong>dois artigos<\/strong> em co-autoria com o orientador, relacionado com a tese, em revista nacional e\/ou internacional arbitrada.<\/p>\n<p><a href=\"http:\/\/www.teses.usp.br\/index.php?option=com_jumi&amp;fileid=9&amp;Itemid=159&amp;lang=pt-br&amp;id=47133&amp;prog=47004&amp;exp=0\" target=\"_blank\" rel=\"noopener\">Consulta ao Banco de Teses e Disserta\u00e7\u00f5es &#8211; Psicologia Cl\u00ednica<\/a><\/p>\n","protected":false},"excerpt":{"rendered":"<p>El Programa comprende dos niveles de formaci\u00f3n, el M\u00e1ster y el Doctorado, diferenciados por la amplitud y profundidad de los estudios. Siguiendo el Estatuto de la USP, el Programa de Post-Graduaci\u00f3n en Psicolog\u00eda Cl\u00ednica consta de un conjunto de actividades programadas, avanzadas e individualizadas, acompa\u00f1adas por orientador que sea portador, como m\u00ednimo, del t\u00edtulo de [&hellip;]<\/p>\n","protected":false},"author":5,"featured_media":0,"parent":0,"menu_order":0,"comment_status":"closed","ping_status":"closed","template":"","meta":{"_acf_changed":false,"footnotes":""},"categories":[503,504],"tags":[],"class_list":["post-22114","page","type-page","status-publish","hentry","category-posgrado","category-programa-de-posgrado-psicologia-clinica"],"acf":[],"jetpack_sharing_enabled":true,"_links":{"self":[{"href":"https:\/\/www.ip.usp.br\/site\/wp-json\/wp\/v2\/pages\/22114","targetHints":{"allow":["GET"]}}],"collection":[{"href":"https:\/\/www.ip.usp.br\/site\/wp-json\/wp\/v2\/pages"}],"about":[{"href":"https:\/\/www.ip.usp.br\/site\/wp-json\/wp\/v2\/types\/page"}],"author":[{"embeddable":true,"href":"https:\/\/www.ip.usp.br\/site\/wp-json\/wp\/v2\/users\/5"}],"replies":[{"embeddable":true,"href":"https:\/\/www.ip.usp.br\/site\/wp-json\/wp\/v2\/comments?post=22114"}],"version-history":[{"count":5,"href":"https:\/\/www.ip.usp.br\/site\/wp-json\/wp\/v2\/pages\/22114\/revisions"}],"predecessor-version":[{"id":22495,"href":"https:\/\/www.ip.usp.br\/site\/wp-json\/wp\/v2\/pages\/22114\/revisions\/22495"}],"wp:attachment":[{"href":"https:\/\/www.ip.usp.br\/site\/wp-json\/wp\/v2\/media?parent=22114"}],"wp:term":[{"taxonomy":"category","embeddable":true,"href":"https:\/\/www.ip.usp.br\/site\/wp-json\/wp\/v2\/categories?post=22114"},{"taxonomy":"post_tag","embeddable":true,"href":"https:\/\/www.ip.usp.br\/site\/wp-json\/wp\/v2\/tags?post=22114"}],"curies":[{"name":"wp","href":"https:\/\/api.w.org\/{rel}","templated":true}]}}