{"id":22129,"date":"2018-08-29T10:32:52","date_gmt":"2018-08-29T13:32:52","guid":{"rendered":"https:\/\/www.ip.usp.br\/site\/?page_id=22129"},"modified":"2018-08-31T10:57:50","modified_gmt":"2018-08-31T13:57:50","slug":"doctorado-directo","status":"publish","type":"page","link":"https:\/\/www.ip.usp.br\/site\/doctorado-directo\/","title":{"rendered":"Doctorado Directo"},"content":{"rendered":"<div>\n<table style=\"border-collapse: collapse; width: 100%;\" border=\"0\">\n<tbody>\n<tr>\n<td style=\"width: 93.7455%;\"><\/td>\n<td style=\"width: 2.30239%;\"><a href=\"https:\/\/www.ip.usp.br\/site\/doutorado-direto\/\"><img decoding=\"async\" class=\"alignnone size-full wp-image-19624\" src=\"https:\/\/www.ip.usp.br\/site\/wp-content\/uploads\/2018\/08\/br.gif\" alt=\"\" width=\"20\" height=\"14\" \/><\/a><\/td>\n<td style=\"width: 2.15732%;\"><a href=\"https:\/\/www.ip.usp.br\/site\/doctorado-directo\/\"><img decoding=\"async\" class=\"alignnone size-full wp-image-19623\" src=\"https:\/\/www.ip.usp.br\/site\/wp-content\/uploads\/2018\/08\/es.gif\" alt=\"\" width=\"20\" height=\"14\" \/><\/a><\/td>\n<td style=\"width: 1.79478%;\"><a href=\"https:\/\/www.ip.usp.br\/site\/doctorate-degree\/\"><img decoding=\"async\" class=\"alignnone size-full wp-image-19626\" src=\"https:\/\/www.ip.usp.br\/site\/wp-content\/uploads\/2018\/08\/us.gif\" alt=\"\" width=\"20\" height=\"14\" \/><\/a><\/td>\n<\/tr>\n<\/tbody>\n<\/table>\n<\/div>\n<p>El Programa comprende dos niveles de formaci\u00f3n, el M\u00e1ster y el Doctorado, diferenciados por la amplitud y profundidad de los estudios. Siguiendo el Estatuto de la USP, el Programa de Post-Graduaci\u00f3n en Psicolog\u00eda Cl\u00ednica consta de un conjunto de actividades programadas, avanzadas e individualizadas, acompa\u00f1adas por orientador que sea portador, como m\u00ednimo, del t\u00edtulo de Doctor. Estas actividades incluyen y privilegian la ense\u00f1anza y la investigaci\u00f3n, buscando siempre la integraci\u00f3n del conocimiento. El Programa es entendido como un sistema de formaci\u00f3n intelectual y, al mismo tiempo, de producci\u00f3n de conocimiento en el \u00e1rea de la Psicolog\u00eda Cl\u00ednica.<\/p>\n<p><strong>Doctorado Directo<\/strong><\/p>\n<p>El estudiante regularmente matriculado en curso de Maestr\u00eda podr\u00e1 solicitar, con anuencia del orientador, el pasaje del Maestr\u00eda para el curso de Doctorado, si ha sido aprobado en el Examen de Calificaci\u00f3n del M\u00e1ster, en el cual la Comisi\u00f3n Examinadora, a trav\u00e9s de un dictamen circunstanciado, la pertinencia de la solicitud del paso de la Maestr\u00eda al Doctorado Directo.<\/p>\n<p>La solicitud deber\u00e1 enviarse a la CCP, en el plazo m\u00e1ximo de 60 (sesenta) d\u00edas, a partir de la fecha de la aprobaci\u00f3n en el examen de calificaci\u00f3n, acompa\u00f1ada de una justificaci\u00f3n detallada del orientador, del dictamen circunstanciado de la Comisi\u00f3n Examinadora, del proyecto de investigaci\u00f3n adecuado al nivel de Doctorado, del curr\u00edculo Lattes y del hist\u00f3rico escolar del candidato. Todos los documentos deben presentarse en 3 (tres) v\u00edas.<\/p>\n<p>La solicitud del candidato ser\u00e1 evaluada por una comisi\u00f3n juzgadora que estar\u00e1 constituida por tres examinadores, bajo la presidencia de un profesor orientador del Programa al que pertenece el alumno, y sin la participaci\u00f3n del orientador. El Presidente de la Comisi\u00f3n Examinadora, o\u00eddos los dem\u00e1s miembros, podr\u00e1 convocar al candidato para la acusaci\u00f3n.<\/p>\n<p>La Comisi\u00f3n Examinadora ser\u00e1 designada por la CCP, pudiendo el orientador sugerir los nombres de sus componentes.<\/p>\n<p>La Comisi\u00f3n evaluadora evaluar\u00e1 la capacitaci\u00f3n del alumno observando los siguientes \u00edtems:<\/p>\n<p>&#8211; Desempe\u00f1o acad\u00e9mico del alumno, que deber\u00e1 ser excelente;<\/p>\n<p>&#8211; Adecuaci\u00f3n del proyecto de Maestr\u00eda para el curso de Doctorado pretendido y<\/p>\n<p>&#8211; Curr\u00edculo Lattes, verific\u00e1ndose:<\/p>\n<p>a) demostraci\u00f3n de participaci\u00f3n del solicitante con el \u00e1rea de investigaci\u00f3n de su proyecto;<\/p>\n<p>b) evidencia de participaci\u00f3n del solicitante en reuniones cient\u00edficas, en las que haya divulgado los resultados de sus investigaciones;<\/p>\n<p>c) existencia de por lo menos dos art\u00edculos publicados y \/ o aceptados, despu\u00e9s de la matriculaci\u00f3n del candidato en el Programa, en peri\u00f3dico indexado y volcado al \u00e1rea de investigaci\u00f3n del candidato.<\/p>\n<p>Para la formalizaci\u00f3n de la aprobaci\u00f3n en el Doctorado Directo el candidato, adem\u00e1s de la aprobaci\u00f3n ante la segunda Comisi\u00f3n Examinadora deber\u00e1 presentar la aprobaci\u00f3n en la segunda lengua (Franc\u00e9s o Espa\u00f1ol o Alem\u00e1n o Italiano) hasta el plazo de 90 (noventa) d\u00edas a partir de la fecha de la aprobaci\u00f3n en el examen de la Comisi\u00f3n, conforme al art\u00edculo V-Lengua Extranjera de este Reglamento. En el caso de reprobaci\u00f3n el candidato tendr\u00e1 hasta 30 (treinta) d\u00edas para realizar nueva prueba de idiomas.<\/p>\n<p>El curso tiene una duraci\u00f3n de 55 (cincuenta y cinco) meses, las asignaturas se ofrecen semestralmente, en el per\u00edodo diurno (de las 8h a las 12h o de las 14h a las 18h) y no hay clases los s\u00e1bados. Para la conclusi\u00f3n de los cr\u00e9ditos el alumno necesita obtener 64 cr\u00e9ditos en disciplinas cursadas, hasta la fecha del dep\u00f3sito de la tesis, siendo obligatoria las disciplinas:<\/p>\n<p><strong>&#8220;Metodolog\u00eda de Investigaci\u00f3n en Psicolog\u00eda Cl\u00ednica&#8221;<\/strong><\/p>\n<p><strong>&#8220;Epistemolog\u00edas en Psicolog\u00eda Cl\u00ednica&#8221;.<\/strong><\/p>\n<p><strong>&#8220;Introducci\u00f3n al Postgrado: Ense\u00f1anza e Investigaci\u00f3n&#8221;<\/strong><\/p>\n<p><strong>&#8220;Pr\u00e1cticas de orientaci\u00f3n de proyectos&#8221;<\/strong><\/p>\n<p>En el curso de Doctorado Directo en Psicolog\u00eda Cl\u00ednica, <strong>junto con el dep\u00f3sito de la tesis, se exige la comprobaci\u00f3n de aceptaci\u00f3n de presentaci\u00f3n o publicaci\u00f3n de dos art\u00edculos<\/strong> en coautor\u00eda con el orientador, relacionado con la tesis, en revista nacional y \/ o internacional arbitrado.<\/p>\n<p><a href=\"http:\/\/www.teses.usp.br\/index.php?option=com_jumi&amp;fileid=9&amp;Itemid=159&amp;lang=es&amp;id=47133&amp;prog=47004&amp;exp=0\" target=\"_blank\" rel=\"noopener\">Consulta al Banco de Tesis y Disertaciones &#8211; Psicolog\u00eda Cl\u00ednica<\/a><\/p>\n","protected":false},"excerpt":{"rendered":"<p>El Programa comprende dos niveles de formaci\u00f3n, el M\u00e1ster y el Doctorado, diferenciados por la amplitud y profundidad de los estudios. Siguiendo el Estatuto de la USP, el Programa de Post-Graduaci\u00f3n en Psicolog\u00eda Cl\u00ednica consta de un conjunto de actividades programadas, avanzadas e individualizadas, acompa\u00f1adas por orientador que sea portador, como m\u00ednimo, del t\u00edtulo de [&hellip;]<\/p>\n","protected":false},"author":5,"featured_media":0,"parent":0,"menu_order":0,"comment_status":"closed","ping_status":"closed","template":"","meta":{"_acf_changed":false,"footnotes":""},"categories":[503,504],"tags":[],"class_list":["post-22129","page","type-page","status-publish","hentry","category-posgrado","category-programa-de-posgrado-psicologia-clinica"],"acf":[],"jetpack_sharing_enabled":true,"_links":{"self":[{"href":"https:\/\/www.ip.usp.br\/site\/wp-json\/wp\/v2\/pages\/22129","targetHints":{"allow":["GET"]}}],"collection":[{"href":"https:\/\/www.ip.usp.br\/site\/wp-json\/wp\/v2\/pages"}],"about":[{"href":"https:\/\/www.ip.usp.br\/site\/wp-json\/wp\/v2\/types\/page"}],"author":[{"embeddable":true,"href":"https:\/\/www.ip.usp.br\/site\/wp-json\/wp\/v2\/users\/5"}],"replies":[{"embeddable":true,"href":"https:\/\/www.ip.usp.br\/site\/wp-json\/wp\/v2\/comments?post=22129"}],"version-history":[{"count":5,"href":"https:\/\/www.ip.usp.br\/site\/wp-json\/wp\/v2\/pages\/22129\/revisions"}],"predecessor-version":[{"id":22498,"href":"https:\/\/www.ip.usp.br\/site\/wp-json\/wp\/v2\/pages\/22129\/revisions\/22498"}],"wp:attachment":[{"href":"https:\/\/www.ip.usp.br\/site\/wp-json\/wp\/v2\/media?parent=22129"}],"wp:term":[{"taxonomy":"category","embeddable":true,"href":"https:\/\/www.ip.usp.br\/site\/wp-json\/wp\/v2\/categories?post=22129"},{"taxonomy":"post_tag","embeddable":true,"href":"https:\/\/www.ip.usp.br\/site\/wp-json\/wp\/v2\/tags?post=22129"}],"curies":[{"name":"wp","href":"https:\/\/api.w.org\/{rel}","templated":true}]}}