{"id":22137,"date":"2018-08-29T10:39:31","date_gmt":"2018-08-29T13:39:31","guid":{"rendered":"https:\/\/www.ip.usp.br\/site\/?page_id=22137"},"modified":"2018-08-31T11:00:49","modified_gmt":"2018-08-31T14:00:49","slug":"maestria-y-doctorado-proyectos-interinstitucional-minter-dinter","status":"publish","type":"page","link":"https:\/\/www.ip.usp.br\/site\/maestria-y-doctorado-proyectos-interinstitucional-minter-dinter\/","title":{"rendered":"Maestr\u00eda y Doctorado proyectos interinstitucional (Minter\/Dinter )"},"content":{"rendered":"<div>\n<table style=\"border-collapse: collapse; width: 100%;\" border=\"0\">\n<tbody>\n<tr>\n<td style=\"width: 93.7455%;\"><\/td>\n<td style=\"width: 2.30239%;\"><a href=\"https:\/\/www.ip.usp.br\/site\/minterdinter-mestrado-e-doutorado-interinstitucional\/\"><img decoding=\"async\" class=\"alignnone size-full wp-image-19624\" src=\"https:\/\/www.ip.usp.br\/site\/wp-content\/uploads\/2018\/08\/br.gif\" alt=\"\" width=\"20\" height=\"14\" \/><\/a><\/td>\n<td style=\"width: 2.15732%;\"><a href=\"https:\/\/www.ip.usp.br\/site\/maestria-y-doctorado-proyectos-interinstitucional-minter-dinter\/\"><img decoding=\"async\" class=\"alignnone size-full wp-image-19623\" src=\"https:\/\/www.ip.usp.br\/site\/wp-content\/uploads\/2018\/08\/es.gif\" alt=\"\" width=\"20\" height=\"14\" \/><\/a><\/td>\n<td style=\"width: 1.79478%;\"><a href=\"https:\/\/www.ip.usp.br\/site\/minter-dinter\/\"><img decoding=\"async\" class=\"alignnone size-full wp-image-19626\" src=\"https:\/\/www.ip.usp.br\/site\/wp-content\/uploads\/2018\/08\/us.gif\" alt=\"\" width=\"20\" height=\"14\" \/><\/a><\/td>\n<\/tr>\n<\/tbody>\n<\/table>\n<\/div>\n<p><strong>Presentaci\u00f3n<\/strong><\/p>\n<p>Proyectos de M\u00e1ster y Doctorado interinstitucional (Minter y Dinter) tienen con el fin de permitir el uso de la competencia de los programas de posgrado evaluados con una calificaci\u00f3n mayor o igual a 5 y reconocido por el NEC \/ MEC para , sobre la base de formas bien estructuradas de asociaci\u00f3n cooperaci\u00f3n interinstitucional, facilitar la formaci\u00f3n de los maestros y los m\u00e9dicos fuera de los centros\/\u00e1reas m\u00e1s establecidas de la ense\u00f1anza y la investigaci\u00f3n.<\/p>\n<p>Los estudios de postgrado en Psicolog\u00eda Cl\u00ednica en el Instituto de Psicolog\u00eda de la Universidad de S\u00e3o Paulo, se presenta la posibilidad de recibir las solicitudes de Instituciones de Educaci\u00f3n Superior (IES) en el pa\u00eds, p\u00fablicos o privados, interesados \u200b\u200ben presentar propuestas que est\u00e1n de acuerdo con las reglas establecidas por la CAPES (coordinaci\u00f3n de Perfeccionamiento de Personal de Nivel Superior). La Universidad de S\u00e3o Paulo , que se caracteriza como instituci\u00f3n promotora , a trav\u00e9s de su Programa de Posgrado en Psicolog\u00eda Cl\u00ednica recibe propuestas para su posible Instituciones Receptor para la posterior celebraci\u00f3n de un acuerdo y la propuesta de proyecto de MINTER y DINTER antes de la CAPES .<\/p>\n<p><strong>Objetivos<\/strong><\/p>\n<p>a-) permitir a la formaci\u00f3n cualificada de los maestros y los m\u00e9dicos fuera de los centros consolidados de la ense\u00f1anza y la investigaci\u00f3n;<\/p>\n<p>b-) poner en pr\u00e1ctica la solidaridad en los centros acad\u00e9micos ya establecidos ense\u00f1anza y la investigaci\u00f3n , es la exploraci\u00f3n y la calificaci\u00f3n de su potencial de difusi\u00f3n del conocimiento cient\u00edfico en el pa\u00eds;<\/p>\n<p>c-) permiten la creaci\u00f3n y el fortalecimiento de la investigaci\u00f3n cient\u00edfica sobre temas relacionados con las necesidades regionales ;<\/p>\n<p>d-) facilitar la reducci\u00f3n de la desigualdad regional en la producci\u00f3n cient\u00edfica ;<\/p>\n<p>e-) contribuir al despertar de nuevas vocaciones para buscar en la recepci\u00f3n de las instituciones .<\/p>\n<p><strong>La elegibilidad de las instituciones participantes<\/strong><\/p>\n<p>En la selecci\u00f3n de propuestas MINTER\/DINTER , se establecen las siguientes reglas para la elegibilidad:<\/p>\n<p>a-) puede participar en la convocatoria las Instituciones de Educaci\u00f3n Superior (IES) p\u00fablicas , p\u00fablicas o privadas, estatales o federales , para asegurar la provisi\u00f3n de infraestructura para la ense\u00f1anza y la investigaci\u00f3n respalda la necesidad de que el programa MINTER \/ DINTER , apoyo administrativo, la vigilancia y el cuidado general de los estudiantes.<\/p>\n<p>b-) no puede presentar propuestas de Maestr\u00eda Profesional MINTER .<\/p>\n<p><strong>Caracter\u00edsticas de propuesta<\/strong><\/p>\n<p>Los proyectos deben contener :<\/p>\n<p>a-) Identificaci\u00f3n del programa Instituci\u00f3n de Educaci\u00f3n Superior (IES ) y que suplica : MINTER y \/ o DINTER ;<\/p>\n<p>b-) La identificaci\u00f3n del ( a) coordinador ( a) de la propuesta en la instituci\u00f3n receptora ;<\/p>\n<p>c-) Oficina del Provost (o equivalente) de la instituci\u00f3n indica que el receptor MINTER \/ DINTER en cuesti\u00f3n atiende a lo dispuesto en el Plan de Desarrollo Institucional ( PDI) . En el caso de la instituci\u00f3n receptora no tienes una IDP , describir, brevemente , la pertinencia y el impacto institucional MINTER \/ DINTER en la proposici\u00f3n ;<\/p>\n<p>d-) La identificaci\u00f3n de un profesor &#8211; doctor que recibe la instituci\u00f3n , con un poco de experiencia en la escuela de posgrado , que participan en la propuesta;<\/p>\n<p>e-) dise\u00f1o que contiene el \u00e1rea deseada concentraci\u00f3n , justificaci\u00f3n, los objetivos , las metas del plan acad\u00e9mico , la pertinencia y el impacto de la propuesta en los niveles regional y nacional;<\/p>\n<p>f-) una declaraci\u00f3n de que el Receptor Instituci\u00f3n se compromete a someterse a la selecci\u00f3n de candidatos se grad\u00faan de la USP en el mismo sistema de data a sus estudiantes .<\/p>\n<p><strong>Form<\/strong><\/p>\n<p>Se solicita que las instituciones que deseen presentar proyectos propuestos , llene el formulario en el enlace a continuaci\u00f3n y enviarlo al correo electr\u00f3nico pospsc@usp.br<\/p>\n<p>Forma de acceso &#8211; <a href=\"https:\/\/www.ip.usp.br\/site\/wp-content\/uploads\/2018\/08\/formulario_ESPANHOL.docx\" target=\"_blank\" rel=\"noopener\">haga clic aqu\u00ed<\/a><\/p>\n","protected":false},"excerpt":{"rendered":"<p>Presentaci\u00f3n Proyectos de M\u00e1ster y Doctorado interinstitucional (Minter y Dinter) tienen con el fin de permitir el uso de la competencia de los programas de posgrado evaluados con una calificaci\u00f3n mayor o igual a 5 y reconocido por el NEC \/ MEC para , sobre la base de formas bien estructuradas de asociaci\u00f3n cooperaci\u00f3n interinstitucional, [&hellip;]<\/p>\n","protected":false},"author":5,"featured_media":0,"parent":0,"menu_order":0,"comment_status":"closed","ping_status":"closed","template":"","meta":{"_acf_changed":false,"footnotes":""},"categories":[503,504],"tags":[],"class_list":["post-22137","page","type-page","status-publish","hentry","category-posgrado","category-programa-de-posgrado-psicologia-clinica"],"acf":[],"jetpack_sharing_enabled":true,"_links":{"self":[{"href":"https:\/\/www.ip.usp.br\/site\/wp-json\/wp\/v2\/pages\/22137","targetHints":{"allow":["GET"]}}],"collection":[{"href":"https:\/\/www.ip.usp.br\/site\/wp-json\/wp\/v2\/pages"}],"about":[{"href":"https:\/\/www.ip.usp.br\/site\/wp-json\/wp\/v2\/types\/page"}],"author":[{"embeddable":true,"href":"https:\/\/www.ip.usp.br\/site\/wp-json\/wp\/v2\/users\/5"}],"replies":[{"embeddable":true,"href":"https:\/\/www.ip.usp.br\/site\/wp-json\/wp\/v2\/comments?post=22137"}],"version-history":[{"count":5,"href":"https:\/\/www.ip.usp.br\/site\/wp-json\/wp\/v2\/pages\/22137\/revisions"}],"predecessor-version":[{"id":22501,"href":"https:\/\/www.ip.usp.br\/site\/wp-json\/wp\/v2\/pages\/22137\/revisions\/22501"}],"wp:attachment":[{"href":"https:\/\/www.ip.usp.br\/site\/wp-json\/wp\/v2\/media?parent=22137"}],"wp:term":[{"taxonomy":"category","embeddable":true,"href":"https:\/\/www.ip.usp.br\/site\/wp-json\/wp\/v2\/categories?post=22137"},{"taxonomy":"post_tag","embeddable":true,"href":"https:\/\/www.ip.usp.br\/site\/wp-json\/wp\/v2\/tags?post=22137"}],"curies":[{"name":"wp","href":"https:\/\/api.w.org\/{rel}","templated":true}]}}