{"id":22345,"date":"2018-08-30T15:02:00","date_gmt":"2018-08-30T18:02:00","guid":{"rendered":"https:\/\/www.ip.usp.br\/site\/?page_id=22345"},"modified":"2025-08-18T13:40:41","modified_gmt":"2025-08-18T16:40:41","slug":"atendimento-4","status":"publish","type":"page","link":"https:\/\/www.ip.usp.br\/site\/atendimento-4\/","title":{"rendered":"Atendimento"},"content":{"rendered":"<p>A Cl\u00ednica Psicol\u00f3gica Durval Marcondes integra o Centro Escola do Instituto de Psicologia (CEIP). \u00c9 um espa\u00e7o de ensino, pesquisa e extens\u00e3o universit\u00e1ria, e oferece atendimento psicol\u00f3gico \u00e0 comunidade em geral. Nossa equipe \u00e9 formada por psic\u00f3loga, t\u00e9cnica acad\u00eamica, coordena\u00e7\u00e3o, estudantes de gradua\u00e7\u00e3o e p\u00f3s-gradua\u00e7\u00e3o e docentes-supervisores.<\/p>\n<p>&nbsp;<\/p>\n<h4>ATENDIMENTO \u00c0 COMUNIDADE<\/h4>\n<p><span style=\"color: #ffffff;\">a<\/span><\/p>\n<p>A Cl\u00ednica Psicol\u00f3gica Durval Marcondes oferece atendimento continuado em psicoterapia. Os atendimentos s\u00e3o feitos por alunos pr\u00f3ximos nos \u00faltimos anos da gradua\u00e7\u00e3o, e tem dura\u00e7\u00e3o m\u00e9dia de um semestre a dois anos, com frequ\u00eancia semanal.<\/p>\n<p>Encerramos, temporariamente, as inscri\u00e7\u00f5es, pois as vagas disponibilizadas j\u00e1 foram preenchidas. A depender da necessidade de novas vagas, uma segunda abertura para pedidos pode ocorrer mais adiante no semestre.<\/p>\n<p>Acompanhem sempre novas informa\u00e7\u00f5es pelo nosso site <a href=\"https:\/\/www.ip.usp.br\/site\/atendimento-4\/\">https:\/\/www.ip.usp.br\/site\/atendimento-4\/<\/a><\/p>\n<p>&nbsp;<\/p>\n<p>Atualizado em 18.08.2025<\/p>\n","protected":false},"excerpt":{"rendered":"<p>A Cl\u00ednica Psicol\u00f3gica Durval Marcondes integra o Centro Escola do Instituto de Psicologia (CEIP). \u00c9 um espa\u00e7o de ensino, pesquisa e extens\u00e3o universit\u00e1ria, e oferece atendimento psicol\u00f3gico \u00e0 comunidade em geral. Nossa equipe \u00e9 formada por psic\u00f3loga, t\u00e9cnica acad\u00eamica, coordena\u00e7\u00e3o, estudantes de gradua\u00e7\u00e3o e p\u00f3s-gradua\u00e7\u00e3o e docentes-supervisores. &nbsp; ATENDIMENTO \u00c0 COMUNIDADE a A Cl\u00ednica Psicol\u00f3gica [&hellip;]<\/p>\n","protected":false},"author":5,"featured_media":0,"parent":0,"menu_order":0,"comment_status":"closed","ping_status":"closed","template":"","meta":{"_acf_changed":false,"footnotes":""},"categories":[479],"tags":[],"class_list":["post-22345","page","type-page","status-publish","hentry","category-clinica-psicologica-durval-marcondes"],"acf":[],"jetpack_sharing_enabled":true,"_links":{"self":[{"href":"https:\/\/www.ip.usp.br\/site\/wp-json\/wp\/v2\/pages\/22345","targetHints":{"allow":["GET"]}}],"collection":[{"href":"https:\/\/www.ip.usp.br\/site\/wp-json\/wp\/v2\/pages"}],"about":[{"href":"https:\/\/www.ip.usp.br\/site\/wp-json\/wp\/v2\/types\/page"}],"author":[{"embeddable":true,"href":"https:\/\/www.ip.usp.br\/site\/wp-json\/wp\/v2\/users\/5"}],"replies":[{"embeddable":true,"href":"https:\/\/www.ip.usp.br\/site\/wp-json\/wp\/v2\/comments?post=22345"}],"version-history":[{"count":32,"href":"https:\/\/www.ip.usp.br\/site\/wp-json\/wp\/v2\/pages\/22345\/revisions"}],"predecessor-version":[{"id":52726,"href":"https:\/\/www.ip.usp.br\/site\/wp-json\/wp\/v2\/pages\/22345\/revisions\/52726"}],"wp:attachment":[{"href":"https:\/\/www.ip.usp.br\/site\/wp-json\/wp\/v2\/media?parent=22345"}],"wp:term":[{"taxonomy":"category","embeddable":true,"href":"https:\/\/www.ip.usp.br\/site\/wp-json\/wp\/v2\/categories?post=22345"},{"taxonomy":"post_tag","embeddable":true,"href":"https:\/\/www.ip.usp.br\/site\/wp-json\/wp\/v2\/tags?post=22345"}],"curies":[{"name":"wp","href":"https:\/\/api.w.org\/{rel}","templated":true}]}}