{"id":22360,"date":"2018-08-30T15:37:47","date_gmt":"2018-08-30T18:37:47","guid":{"rendered":"https:\/\/www.ip.usp.br\/site\/?page_id=22360"},"modified":"2018-08-30T15:39:41","modified_gmt":"2018-08-30T18:39:41","slug":"auxilio-docente-usp","status":"publish","type":"page","link":"https:\/\/www.ip.usp.br\/site\/auxilio-docente-usp\/","title":{"rendered":"Auxilio Docente USP"},"content":{"rendered":"<p>A Universidade de S\u00e3o Paulo por meio da\u00a0<a href=\"http:\/\/www.usp.br\/ccint\" target=\"_blank\" rel=\"noopener\">CCINT<\/a>\u00a0disponibiliza o seguinte aux\u00edlio \u00e0 internacionaliza\u00e7\u00e3o:<\/p>\n<p><strong>Aux\u00edlio Iniciativa Docente USP<\/strong><br \/>\nDestinado\u00a0a docentes da Unidade em visitas ao exterior para acompanhar e\/ou verificar a implanta\u00e7\u00e3o de conv\u00eanios vigentes; e ou acompanhar a fase final de negocia\u00e7\u00e3o de conv\u00eanios de interc\u00e2mbio, envolvendo alunos da USP no exterior. Apoio complementar \u00e0 viagem sob a forma de di\u00e1rias ou passagem.<\/p>\n","protected":false},"excerpt":{"rendered":"<p>A Universidade de S\u00e3o Paulo por meio da\u00a0CCINT\u00a0disponibiliza o seguinte aux\u00edlio \u00e0 internacionaliza\u00e7\u00e3o: Aux\u00edlio Iniciativa Docente USP Destinado\u00a0a docentes da Unidade em visitas ao exterior para acompanhar e\/ou verificar a implanta\u00e7\u00e3o de conv\u00eanios vigentes; e ou acompanhar a fase final de negocia\u00e7\u00e3o de conv\u00eanios de interc\u00e2mbio, envolvendo alunos da USP no exterior. Apoio complementar \u00e0 [&hellip;]<\/p>\n","protected":false},"author":14,"featured_media":0,"parent":0,"menu_order":0,"comment_status":"closed","ping_status":"closed","template":"","meta":{"_acf_changed":false,"footnotes":""},"categories":[414],"tags":[],"class_list":["post-22360","page","type-page","status-publish","hentry","category-intercambio"],"acf":[],"jetpack_sharing_enabled":true,"_links":{"self":[{"href":"https:\/\/www.ip.usp.br\/site\/wp-json\/wp\/v2\/pages\/22360","targetHints":{"allow":["GET"]}}],"collection":[{"href":"https:\/\/www.ip.usp.br\/site\/wp-json\/wp\/v2\/pages"}],"about":[{"href":"https:\/\/www.ip.usp.br\/site\/wp-json\/wp\/v2\/types\/page"}],"author":[{"embeddable":true,"href":"https:\/\/www.ip.usp.br\/site\/wp-json\/wp\/v2\/users\/14"}],"replies":[{"embeddable":true,"href":"https:\/\/www.ip.usp.br\/site\/wp-json\/wp\/v2\/comments?post=22360"}],"version-history":[{"count":4,"href":"https:\/\/www.ip.usp.br\/site\/wp-json\/wp\/v2\/pages\/22360\/revisions"}],"predecessor-version":[{"id":22375,"href":"https:\/\/www.ip.usp.br\/site\/wp-json\/wp\/v2\/pages\/22360\/revisions\/22375"}],"wp:attachment":[{"href":"https:\/\/www.ip.usp.br\/site\/wp-json\/wp\/v2\/media?parent=22360"}],"wp:term":[{"taxonomy":"category","embeddable":true,"href":"https:\/\/www.ip.usp.br\/site\/wp-json\/wp\/v2\/categories?post=22360"},{"taxonomy":"post_tag","embeddable":true,"href":"https:\/\/www.ip.usp.br\/site\/wp-json\/wp\/v2\/tags?post=22360"}],"curies":[{"name":"wp","href":"https:\/\/api.w.org\/{rel}","templated":true}]}}