{"id":22361,"date":"2018-08-30T15:32:47","date_gmt":"2018-08-30T18:32:47","guid":{"rendered":"https:\/\/www.ip.usp.br\/site\/?page_id=22361"},"modified":"2018-08-30T15:40:11","modified_gmt":"2018-08-30T18:40:11","slug":"proceso-de-seleccion","status":"publish","type":"page","link":"https:\/\/www.ip.usp.br\/site\/proceso-de-seleccion\/","title":{"rendered":"Selecci\u00f3n y crit\u00e9rios para selecci\u00f3n"},"content":{"rendered":"<p>El proceso selectivo es realizado para Maestr\u00eda, Doctorado (para alumno portador del t\u00edtulo de Maestro por la USP o por ella reconocido) y Doctorado Directo. Los documentos para inscripci\u00f3n, el n\u00famero de vacantes disponibles, la relaci\u00f3n de orientadores, los \u00edtems de evaluaci\u00f3n de curr\u00edculo, la nota de cada \u00edtem y el promedio final de aprobaci\u00f3n, los temas y la bibliograf\u00eda indicados para el proceso selectivo, constar\u00e1n en un documento espec\u00edfico a ser divulgado en el Diario Oficial del Estado de S\u00e3o Paulo (DOE) y en el sitio <a href=\"https:\/\/www.ip.usp.br\">https:\/\/www.ip.usp.br\u00a0<\/a> y por medio de material impreso.<\/p>\n<p>El proceso selectivo para la Maestr\u00eda y el Doctorado se compone de ex\u00e1menes eliminatorios de aptitud en lengua extranjera; el memorial-curr\u00edculo, la prueba de conocimientos y la reflexi\u00f3n sobre el campo de la Psicolog\u00eda Cl\u00ednica y la Arg\u00fcci\u00f3n del Proyecto de Investigaci\u00f3n y Curr\u00edculo. La evaluaci\u00f3n ser\u00e1 hecha por Comisi\u00f3n Examinadora indicada por la CCP. En todas las pruebas el candidato deber\u00e1 obtener, como m\u00ednimo, el concepto C (nota 7,0 o 7,5 o 7,9).<\/p>\n<p>En la evaluaci\u00f3n de cada una de las pruebas (etapas) se utilizan criterios definidos por la CCP, buscando promover un proceso selectivo riguroso y justo en la selecci\u00f3n de los alumnos que formar\u00e1n parte del Programa. Es parte del horizonte educativo del Programa de Psicolog\u00eda Cl\u00ednica realizar la selecci\u00f3n teniendo como referencia el perfil de alumno que est\u00e9 en sinton\u00eda con la misi\u00f3n del Programa. El Programa de Posgrado en Psicolog\u00eda Cl\u00ednica pretende formar profesores-investigadores, que puedan insertarse en programas de postgrado en el pa\u00eds y en centros de investigaci\u00f3n en Brasil y en el exterior. Esto significa seleccionar candidatos que tengan recorridos implicados con la vida acad\u00e9mica y con posici\u00f3n investigadora ante los problemas planteados por la complejidad del ser humano para el campo de la Psicolog\u00eda Cl\u00ednica.<\/p>\n<p>Cada una de las etapas que componen el proceso selectivo busca evaluar un aspecto del perfil del alumno, como se describe a continuaci\u00f3n:<\/p>\n<p>1. <strong>Proficiencia en Idioma Extranjero<\/strong>: adem\u00e1s de esa prueba ser demandada por el regimiento de la Postgrado de la Universidad de S\u00e3o Paulo, el programa busca evaluar por medio de ella la capacidad del alumno de lectura del material bibliogr\u00e1fico de la referencia te\u00f3rica del candidato, as\u00ed como la posibilidad del candidato participar en congresos e intercambios internacionales y pasant\u00edas en el exterior.<\/p>\n<p>2.<strong> Memorial en Proyecto de Investigaci\u00f3n<\/strong>: pretende evaluar la trayectoria del candidato (recorrido profesional y acad\u00e9mico, asimilaci\u00f3n y destino de las experiencias profesionales y acad\u00e9micas, focos de reflexi\u00f3n e investigaci\u00f3n resultantes del recorrido acad\u00e9mico y profesional, iniciaci\u00f3n cient\u00edfica, participaci\u00f3n en grupos de investigaci\u00f3n, las encuestas realizadas, la experiencia profesional, la organizaci\u00f3n y la participaci\u00f3n en eventos, publicaciones, capacidad para organizar proyectos de investigaci\u00f3n adecuadamente, entre otros)<\/p>\n<p>3. <strong>Prueba de conocimientos y reflexi\u00f3n sobre el campo de la Psicolog\u00eda Cl\u00ednica<\/strong>: capacidad del candidato en problematizar y enfocar temas de investigaci\u00f3n, posibilidad de por en di\u00e1logo cuestiones de investigaci\u00f3n con la literatura del \u00e1rea, tematizaci\u00f3n de cuestiones metodol\u00f3gicas y epistemol\u00f3gicas, dominio de la referencia te\u00f3rica que basar\u00e1 la investigaci\u00f3n del candidato.<\/p>\n<p>4. <strong>Arg\u00fcedad del Proyecto de Investigaci\u00f3n y Curr\u00edculo<\/strong>: busca esclarecer y discutir aspectos del recorrido del candidato, buscando investigar su consistencia y disponibilidad e implicaci\u00f3n en realizar investigaciones y dedicarse al programa de postgrado de modo consistente al horizonte educativo del programa ; la argumentaci\u00f3n del proyecto de investigaci\u00f3n para enfocar relevancia del foco de investigaci\u00f3n en relaci\u00f3n al recorrido del candidato, contexto socio cultural y las l\u00edneas de investigaci\u00f3n del programa, evaluaci\u00f3n de la consistencia metodol\u00f3gica del proyecto; la posibilidad real del candidato de ser orientado en su proyecto de investigaci\u00f3n, aspecto pasible de ser evaluado por la capacidad del candidato en mantener dialogo reflexivo con la banca examinadora.<\/p>\n","protected":false},"excerpt":{"rendered":"<p>El proceso selectivo es realizado para Maestr\u00eda, Doctorado (para alumno portador del t\u00edtulo de Maestro por la USP o por ella reconocido) y Doctorado Directo. Los documentos para inscripci\u00f3n, el n\u00famero de vacantes disponibles, la relaci\u00f3n de orientadores, los \u00edtems de evaluaci\u00f3n de curr\u00edculo, la nota de cada \u00edtem y el promedio final de aprobaci\u00f3n, [&hellip;]<\/p>\n","protected":false},"author":5,"featured_media":0,"parent":0,"menu_order":0,"comment_status":"closed","ping_status":"closed","template":"","meta":{"_acf_changed":false,"footnotes":""},"categories":[503,504],"tags":[],"class_list":["post-22361","page","type-page","status-publish","hentry","category-posgrado","category-programa-de-posgrado-psicologia-clinica"],"acf":[],"jetpack_sharing_enabled":true,"_links":{"self":[{"href":"https:\/\/www.ip.usp.br\/site\/wp-json\/wp\/v2\/pages\/22361","targetHints":{"allow":["GET"]}}],"collection":[{"href":"https:\/\/www.ip.usp.br\/site\/wp-json\/wp\/v2\/pages"}],"about":[{"href":"https:\/\/www.ip.usp.br\/site\/wp-json\/wp\/v2\/types\/page"}],"author":[{"embeddable":true,"href":"https:\/\/www.ip.usp.br\/site\/wp-json\/wp\/v2\/users\/5"}],"replies":[{"embeddable":true,"href":"https:\/\/www.ip.usp.br\/site\/wp-json\/wp\/v2\/comments?post=22361"}],"version-history":[{"count":7,"href":"https:\/\/www.ip.usp.br\/site\/wp-json\/wp\/v2\/pages\/22361\/revisions"}],"predecessor-version":[{"id":22372,"href":"https:\/\/www.ip.usp.br\/site\/wp-json\/wp\/v2\/pages\/22361\/revisions\/22372"}],"wp:attachment":[{"href":"https:\/\/www.ip.usp.br\/site\/wp-json\/wp\/v2\/media?parent=22361"}],"wp:term":[{"taxonomy":"category","embeddable":true,"href":"https:\/\/www.ip.usp.br\/site\/wp-json\/wp\/v2\/categories?post=22361"},{"taxonomy":"post_tag","embeddable":true,"href":"https:\/\/www.ip.usp.br\/site\/wp-json\/wp\/v2\/tags?post=22361"}],"curies":[{"name":"wp","href":"https:\/\/api.w.org\/{rel}","templated":true}]}}