{"id":22391,"date":"2018-08-30T16:17:26","date_gmt":"2018-08-30T19:17:26","guid":{"rendered":"https:\/\/www.ip.usp.br\/site\/?page_id=22391"},"modified":"2018-08-30T16:17:26","modified_gmt":"2018-08-30T19:17:26","slug":"registro","status":"publish","type":"page","link":"https:\/\/www.ip.usp.br\/site\/registro\/","title":{"rendered":"Registro"},"content":{"rendered":"<div class=\"page960\">\n<div id=\"top\">\n<div id=\"restpage\">\n<div id=\"content_wrap\">\n<div id=\"component-1\">\n<div id=\"mainbody\">\n<div class=\"moduletable_add\">\n<p>El estudiante de Postgrado debe efectuar la matriculaci\u00f3n regularmente, en cada per\u00edodo lectivo, en las \u00e9pocas y plazos fijados por los \u00f3rganos centrales de la USP, en todas las fases de sus estudios, hasta la obtenci\u00f3n del t\u00edtulo de Maestro o de Doctor.<\/p>\n<p>No se permite la matriculaci\u00f3n simult\u00e1nea en m\u00e1s de un curso de Maestr\u00eda o de Doctorado en la Universidad de S\u00e3o Paulo.<\/p>\n<p>El alumno participante de convenio celebrado por la USP, actuando en actividades de Postgrado, por per\u00edodo igual o superior a tres meses, bajo supervisi\u00f3n de orientador acreditado en Programa de Postgrado de la USP, puede ser matriculado como alumno regular en el Programa o \u00e1rea de concentraci\u00f3n en la cual el orientador est\u00e1 acreditado.<\/p>\n<p>&#8211; La matr\u00edcula del alumno en el Post-Graduaci\u00f3n es efectuada por la PRPG y tendr\u00e1 validez durante el per\u00edodo de permanencia en la USP.<\/p>\n<p>&#8211; El estudiante en estas condiciones estar\u00e1 sujeto a las normas y reglamentos generales del Curso y Programa de origen.<\/p>\n<p>Presentar la siguiente documentaci\u00f3n:<\/p>\n<p>a. Formulario de matr\u00edcula firmado por el orientador (retirado despu\u00e9s de la aprobaci\u00f3n en la entrevista).<\/p>\n<p>b. Presentaci\u00f3n del Diploma de Graduaci\u00f3n y \/ o Ata de defensa del M\u00e1ster realizados hasta el d\u00eda 1 de febrero del a\u00f1o en que el candidato se inscribe. El incumplimiento de estos requisitos por el candidato implicar\u00e1 en no homologaci\u00f3n de su matr\u00edcula y p\u00e9rdida de la vacante.<\/p>\n<p>Matr\u00edcula por procuraci\u00f3n: Los formularios tienen que ser obligatoriamente firmados por el candidato o por su procurador. La demanda no necesita ser reconocida en la oficina, siempre que el procurador presente el RG original en el acto de la inscripci\u00f3n y la documentaci\u00f3n completa solicitada.<\/p>\n<p>* Si el dominio de visualizaci\u00f3n externa en portugu\u00e9s.<\/p>\n<\/div>\n<\/div>\n<\/div>\n<\/div>\n<\/div>\n<\/div>\n<\/div>\n","protected":false},"excerpt":{"rendered":"<p>El estudiante de Postgrado debe efectuar la matriculaci\u00f3n regularmente, en cada per\u00edodo lectivo, en las \u00e9pocas y plazos fijados por los \u00f3rganos centrales de la USP, en todas las fases de sus estudios, hasta la obtenci\u00f3n del t\u00edtulo de Maestro o de Doctor. No se permite la matriculaci\u00f3n simult\u00e1nea en m\u00e1s de un curso de [&hellip;]<\/p>\n","protected":false},"author":5,"featured_media":0,"parent":0,"menu_order":0,"comment_status":"closed","ping_status":"closed","template":"","meta":{"_acf_changed":false,"footnotes":""},"categories":[503,504],"tags":[],"class_list":["post-22391","page","type-page","status-publish","hentry","category-posgrado","category-programa-de-posgrado-psicologia-clinica"],"acf":[],"jetpack_sharing_enabled":true,"_links":{"self":[{"href":"https:\/\/www.ip.usp.br\/site\/wp-json\/wp\/v2\/pages\/22391","targetHints":{"allow":["GET"]}}],"collection":[{"href":"https:\/\/www.ip.usp.br\/site\/wp-json\/wp\/v2\/pages"}],"about":[{"href":"https:\/\/www.ip.usp.br\/site\/wp-json\/wp\/v2\/types\/page"}],"author":[{"embeddable":true,"href":"https:\/\/www.ip.usp.br\/site\/wp-json\/wp\/v2\/users\/5"}],"replies":[{"embeddable":true,"href":"https:\/\/www.ip.usp.br\/site\/wp-json\/wp\/v2\/comments?post=22391"}],"version-history":[{"count":1,"href":"https:\/\/www.ip.usp.br\/site\/wp-json\/wp\/v2\/pages\/22391\/revisions"}],"predecessor-version":[{"id":22392,"href":"https:\/\/www.ip.usp.br\/site\/wp-json\/wp\/v2\/pages\/22391\/revisions\/22392"}],"wp:attachment":[{"href":"https:\/\/www.ip.usp.br\/site\/wp-json\/wp\/v2\/media?parent=22391"}],"wp:term":[{"taxonomy":"category","embeddable":true,"href":"https:\/\/www.ip.usp.br\/site\/wp-json\/wp\/v2\/categories?post=22391"},{"taxonomy":"post_tag","embeddable":true,"href":"https:\/\/www.ip.usp.br\/site\/wp-json\/wp\/v2\/tags?post=22391"}],"curies":[{"name":"wp","href":"https:\/\/api.w.org\/{rel}","templated":true}]}}