{"id":22400,"date":"2018-08-30T16:45:22","date_gmt":"2018-08-30T19:45:22","guid":{"rendered":"https:\/\/www.ip.usp.br\/site\/?page_id=22400"},"modified":"2018-08-30T16:45:22","modified_gmt":"2018-08-30T19:45:22","slug":"inscricoes-para-intercambio","status":"publish","type":"page","link":"https:\/\/www.ip.usp.br\/site\/inscricoes-para-intercambio\/","title":{"rendered":"Inscri\u00e7\u00f5es para Interc\u00e2mbio"},"content":{"rendered":"<p><strong>COMO SE INSCREVER<\/strong><\/p>\n<p>Documentos necess\u00e1rios para a inscri\u00e7\u00e3o dos alunos de gradua\u00e7\u00e3o:<\/p>\n<p style=\"padding-left: 30px\">1. Formul\u00e1rio de inscri\u00e7\u00e3o <a href=\"https:\/\/www.ip.usp.br\/site\/wp-content\/uploads\/2018\/08\/Formul\u00e1rio_de_Inscri\u00e7\u00e3o.docx\">clique aqui<\/a><\/p>\n<p style=\"padding-left: 30px\">2. Carta de motiva\u00e7\u00e3o\u00a0<a href=\"https:\/\/www.ip.usp.br\/site\/wp-content\/uploads\/2018\/08\/Carta_de_motiva\u00e7\u00e3o.docx\">clique aqui<\/a><\/p>\n<p style=\"padding-left: 30px\">3. Carta de indica\u00e7\u00e3o de um docente\u00a0<a href=\"https:\/\/www.ip.usp.br\/site\/wp-content\/uploads\/2018\/08\/Carta_de_indica\u00e7\u00e3o.docx\">clique aqui<\/a><\/p>\n<p style=\"padding-left: 30px\">4. Plano de estudos\u00a0<a href=\"https:\/\/www.ip.usp.br\/site\/wp-content\/uploads\/2018\/08\/Plano_de_estudos.docx\">clique aqui<\/a><\/p>\n<p style=\"padding-left: 30px\">5. C\u00f3pia do certificado de profici\u00eancia na l\u00edngua do pa\u00eds de destino, de acordo com a exig\u00eancia da institui\u00e7\u00e3o de destino;<\/p>\n<p style=\"padding-left: 30px\">6. C\u00f3pia do Passaporte (identifica\u00e7\u00e3o e validade);<\/p>\n<p style=\"padding-left: 30px\">7. Hist\u00f3rico escolar \u201csujo\u201d atualizado e assinado pela Comiss\u00e3o de Gradua\u00e7\u00e3o (CG);<\/p>\n<p style=\"padding-left: 30px\">8. 1 (uma)\u00a0foto 3X4.<\/p>\n<div>\n<p>&nbsp;<\/p>\n<p><strong>Obs. : Todos os documentos (com exce\u00e7\u00e3o do formul\u00e1rio de inscri\u00e7\u00e3o) dever\u00e3o ser\u00a0<\/strong><strong>entregues em 2 (duas) vias: uma em portugu\u00eas e outra na l\u00edngua da institui\u00e7\u00e3o de destino.<\/strong><\/p>\n<\/div>\n","protected":false},"excerpt":{"rendered":"<p>COMO SE INSCREVER Documentos necess\u00e1rios para a inscri\u00e7\u00e3o dos alunos de gradua\u00e7\u00e3o: 1. Formul\u00e1rio de inscri\u00e7\u00e3o clique aqui 2. Carta de motiva\u00e7\u00e3o\u00a0clique aqui 3. Carta de indica\u00e7\u00e3o de um docente\u00a0clique aqui 4. Plano de estudos\u00a0clique aqui 5. C\u00f3pia do certificado de profici\u00eancia na l\u00edngua do pa\u00eds de destino, de acordo com a exig\u00eancia da institui\u00e7\u00e3o [&hellip;]<\/p>\n","protected":false},"author":14,"featured_media":0,"parent":0,"menu_order":0,"comment_status":"closed","ping_status":"closed","template":"","meta":{"_acf_changed":false,"footnotes":""},"categories":[414],"tags":[],"class_list":["post-22400","page","type-page","status-publish","hentry","category-intercambio"],"acf":[],"jetpack_sharing_enabled":true,"_links":{"self":[{"href":"https:\/\/www.ip.usp.br\/site\/wp-json\/wp\/v2\/pages\/22400","targetHints":{"allow":["GET"]}}],"collection":[{"href":"https:\/\/www.ip.usp.br\/site\/wp-json\/wp\/v2\/pages"}],"about":[{"href":"https:\/\/www.ip.usp.br\/site\/wp-json\/wp\/v2\/types\/page"}],"author":[{"embeddable":true,"href":"https:\/\/www.ip.usp.br\/site\/wp-json\/wp\/v2\/users\/14"}],"replies":[{"embeddable":true,"href":"https:\/\/www.ip.usp.br\/site\/wp-json\/wp\/v2\/comments?post=22400"}],"version-history":[{"count":1,"href":"https:\/\/www.ip.usp.br\/site\/wp-json\/wp\/v2\/pages\/22400\/revisions"}],"predecessor-version":[{"id":22411,"href":"https:\/\/www.ip.usp.br\/site\/wp-json\/wp\/v2\/pages\/22400\/revisions\/22411"}],"wp:attachment":[{"href":"https:\/\/www.ip.usp.br\/site\/wp-json\/wp\/v2\/media?parent=22400"}],"wp:term":[{"taxonomy":"category","embeddable":true,"href":"https:\/\/www.ip.usp.br\/site\/wp-json\/wp\/v2\/categories?post=22400"},{"taxonomy":"post_tag","embeddable":true,"href":"https:\/\/www.ip.usp.br\/site\/wp-json\/wp\/v2\/tags?post=22400"}],"curies":[{"name":"wp","href":"https:\/\/api.w.org\/{rel}","templated":true}]}}