{"id":22402,"date":"2018-08-30T16:41:08","date_gmt":"2018-08-30T19:41:08","guid":{"rendered":"https:\/\/www.ip.usp.br\/site\/?page_id=22402"},"modified":"2023-07-06T08:29:27","modified_gmt":"2023-07-06T11:29:27","slug":"laboratorios-89","status":"publish","type":"page","link":"https:\/\/www.ip.usp.br\/site\/laboratorios-89\/","title":{"rendered":"Laboratorios"},"content":{"rendered":"<div>\n<p>&nbsp;<\/p>\n<table style=\"border-collapse: collapse; width: 100%;\" border=\"0\">\n<tbody>\n<tr>\n<td style=\"width: 1288.83px;\"><\/td>\n<td style=\"width: 28.7188px;\"><a href=\"https:\/\/www.ip.usp.br\/site\/laboratorios-psc-2\/\"><img decoding=\"async\" class=\"alignnone wp-image-19624 size-full\" src=\"https:\/\/www.ip.usp.br\/site\/wp-content\/uploads\/2018\/08\/br.gif\" alt=\"\" width=\"20\" height=\"14\" \/><\/a><\/td>\n<td style=\"width: 26.7188px;\"><a href=\"https:\/\/www.ip.usp.br\/site\/laboratorios-89\/\"><img decoding=\"async\" class=\"alignnone size-full wp-image-19623\" src=\"https:\/\/www.ip.usp.br\/site\/wp-content\/uploads\/2018\/08\/es.gif\" alt=\"\" width=\"20\" height=\"14\" \/><\/a><\/td>\n<td style=\"width: 21.7344px;\"><a href=\"https:\/\/www.ip.usp.br\/site\/laboratoires\/\"><img decoding=\"async\" class=\"alignnone size-full wp-image-19626\" src=\"https:\/\/www.ip.usp.br\/site\/wp-content\/uploads\/2018\/08\/us.gif\" alt=\"\" width=\"20\" height=\"14\" \/><\/a><\/td>\n<\/tr>\n<\/tbody>\n<\/table>\n<\/div>\n<p>El Programa cuenta con 16 laboratorios que tienen por objeto el desarrollo de investigaciones en diferentes \u00e1reas de la Psicolog\u00eda Cl\u00ednica.<\/p>\n<p>&nbsp;<\/p>\n<p><a href=\"https:\/\/www.ip.usp.br\/site\/apresentacao-22\/\"><span style=\"font-weight: 400;\">CHRONOS \u2013 Centro Human\u00edstico de Recuperaci\u00f3n en Oncolog\u00eda y Salud<\/span><span style=\"font-weight: 400;\"><br \/>\n<\/span><\/a><span style=\"font-weight: 400;\">Coordinaci\u00f3n: Prof. Asociado Avelino Luiz Rodrigues y Profa. Asociada Elisa Maria Parahyba Campos Rodrigues<\/span><\/p>\n<p><a href=\"https:\/\/www.ip.usp.br\/site\/laboratorio-casal-e-familia-clinica-e-estudos-psicossociais-2\/\"><span style=\"font-weight: 400;\">LabCaFam \u2013 Laboratorio Pareja y Familia: Cl\u00ednica y Estudios Psicosociales<\/span><span style=\"font-weight: 400;\"><br \/>\n<\/span><\/a><span style=\"font-weight: 400;\">Coordinaci\u00f3n: Profesora Titular Isabel Cristina Gomes<\/span><\/p>\n<p><a href=\"https:\/\/www.ip.usp.br\/site\/apresentacao-23\/\"><span style=\"font-weight: 400;\">LAPECRI \u2013 Laboratorio de Investigaci\u00f3n sobre el Desarrollo Ps\u00edquico y la Creatividad en Diferentes Enfoques Psicoter\u00e1picos<\/span><span style=\"font-weight: 400;\"><br \/>\n<\/span><\/a><span style=\"font-weight: 400;\">Coordinaci\u00f3n: Profesora Asociada Ivonise Fernandes da Motta<\/span><\/p>\n<p><a href=\"https:\/\/www.ip.usp.br\/site\/lappes-laboratorio-de-investigacion-en-prevencion-educacion-y-salud\/\">LaPPES &#8211; Laboratorio de Investigaci\u00f3n en Prevenci\u00f3n, Educaci\u00f3n y Salud<\/a><br \/>\nCoordinaci\u00f3n: Profesora Asociada M\u00e1rcia Helena da Silva Melo<\/p>\n<p><a href=\"https:\/\/www.ip.usp.br\/site\/laboratorio-de-psicanalise-jacques-lacan-2\/\"><span style=\"font-weight: 400;\">Laboratorio de Psicoan\u00e1lisis \u201cJacques Lacan\u201d<\/span><span style=\"font-weight: 400;\"><br \/>\n<\/span><\/a><span style=\"font-weight: 400;\">Coordinaci\u00f3n: Profesor Titular Christian Ingo Lenz Dunker\u00a0<\/span><\/p>\n<p><a href=\"https:\/\/www.ip.usp.br\/site\/laboratorio-de-saude-mental-e-psicologia-clinica-social-2\/\"><span style=\"font-weight: 400;\">Laboratorio de Salud Mental y Psicolog\u00eda Cl\u00ednica Social<\/span><span style=\"font-weight: 400;\"><br \/>\n<\/span><\/a><span style=\"font-weight: 400;\">Coordinaci\u00f3n: Profesora Asociada Leila Salom\u00e3o La Plata Cury Tardivo y Profesora Asociada T\u00e2nia Vaisberg\u00a0<\/span><\/p>\n<p><a href=\"https:\/\/www.ip.usp.br\/site\/laboratorio-de-saude-mental-multimetodos-labsamm\/\"><span style=\"font-weight: 400;\">Laboratorio de Salud Mental Multim\u00e9todos \u2013 Labsamm<\/span><span style=\"font-weight: 400;\"><br \/>\n<\/span><\/a><span style=\"font-weight: 400;\">Coordinaci\u00f3n Prof. Asociado Andr\u00e9s Eduardo Aguirre Ant\u00fanez \u2013 USP y Giselle Pianowski \u2013 USF<\/span><\/p>\n<p><a href=\"https:\/\/www.ip.usp.br\/site\/laboratorio-de-terapia-comportamental-2\/\"><span style=\"font-weight: 400;\">Laboratorio de Terapia Conductual<\/span><\/a><br \/>\n<span style=\"font-weight: 400;\">Coordinaci\u00f3n: Profesora Dra. Claudia Kami Bastos Oshiro Clemente<\/span><\/p>\n<p><a href=\"https:\/\/www.ip.usp.br\/site\/laboratorio-disturbios-do-desenvolvimento-pdd\/\"><span style=\"font-weight: 400;\">LDD \u2013 Laboratorio Disturbios del Desarrollo<\/span><span style=\"font-weight: 400;\"><br \/>\n<\/span><\/a><span style=\"font-weight: 400;\">Coordinaci\u00f3n: Profesor Asociado Francisco Baptista Assump\u00e7\u00e3o Junior<\/span><\/p>\n<p><a href=\"https:\/\/www.ip.usp.br\/site\/laboratorio-interinstitucional-de-estudos-da-intersubjetividade-e-psicanalise-contemporanea-lipsic\/\"><span style=\"font-weight: 400;\">Laboratorio Interinstitucional de Estudios de Intersubjetividad y Psicoan\u00e1lisis Contempor\u00e1neo (LipSic)<\/span><\/a><br \/>\n<span style=\"font-weight: 400;\">Coordinaci\u00f3n: Profa. Dra. Marina Ferreira da Rosa Ribeiro, Prof. Dr. Pablo de Carvalho Godoy Castanho y Prof. Dr. Nelson Ernesto Coelho Junior<\/span><\/p>\n<p><a href=\"https:\/\/www.ip.usp.br\/site\/laboratorio-psicanalise-e-sociedade-2\/\"><span style=\"font-weight: 400;\">Laboratorio Psicoan\u00e1lisis, Sociedad y Pol\u00edtica (PSOPOL)<\/span><\/a><br \/>\n<span style=\"font-weight: 400;\">Coordinaci\u00f3n: Profesora Titular Miriam Debieux Rosa<\/span><\/p>\n<p><a href=\"https:\/\/www.ip.usp.br\/site\/laboratorio-sujeito-e-corpo-sucor-2\/\"><span style=\"font-weight: 400;\">SUCOR \u2013 Laboratorio Sujeto y Cuerpo<\/span><span style=\"font-weight: 400;\"><br \/>\n<\/span><\/a><span style=\"font-weight: 400;\">Coordinaci\u00f3n: Profesor Asociado Avelino Luiz Rodrigues<\/span><\/p>\n<p><a href=\"https:\/\/www.ip.usp.br\/site\/laboratorio-interunidades-de-teoria-social-filosofia-e-psicanalise-latesfip-2\/\"><span style=\"font-weight: 400;\">LATESFIP \u2013 Laboratorio INTERUNIDADES de Teor\u00eda Social, Filosof\u00eda y Psicoan\u00e1lisis<\/span><span style=\"font-weight: 400;\"><br \/>\n<\/span><\/a><span style=\"font-weight: 400;\">Coordinaci\u00f3n: Profesor Titular Christian Ingo Lenz Dunker y Profesor Asociado Vladimir Pinheiro Safatle (FFLCH)<\/span><\/p>\n<p><a href=\"https:\/\/www.ip.usp.br\/site\/laboratorio-de-pesquisas-e-intervencoes-psicanaliticas-psia\/\"><span style=\"font-weight: 400;\">psiA \u2013 Laboratorio de Investigaci\u00f3n e Intervenci\u00f3n en Psicoan\u00e1lisis<\/span><\/a><br \/>\n<span style=\"font-weight: 400;\">Coordinaci\u00f3n: Profesor Asociado Daniel Kupermann<\/span><\/p>\n<p><a href=\"https:\/\/www.ip.usp.br\/site\/nucleo-de-pesquisa-e-laboratorio-prosopon\/\"><span style=\"font-weight: 400;\">Centro de Investigaci\u00f3n y Laboratorio Prosopon<\/span><\/a><br \/>\n<span style=\"font-weight: 400;\">Coordinaci\u00f3n: Prof. Titular Gilberto Safra y Prof. Asociado Andr\u00e9s Eduardo Aguirre Ant\u00fanez<\/span><\/p>\n<p><a href=\"https:\/\/www.ip.usp.br\/site\/apresentacao-25\/\"><span style=\"font-weight: 400;\">LABPSI \u2013 Laboratorio de Investigaci\u00f3n \u201cPsicoan\u00e1lisis, Salud e Instituci\u00f3n\u201d<\/span><\/a><br \/>\n<span style=\"font-weight: 400;\">Coordinaci\u00f3n: Profa. Titular Maria L\u00edvia Tourinho Moretto<\/span><\/p>\n","protected":false},"excerpt":{"rendered":"<p>&nbsp; El Programa cuenta con 16 laboratorios que tienen por objeto el desarrollo de investigaciones en diferentes \u00e1reas de la Psicolog\u00eda Cl\u00ednica. &nbsp; CHRONOS \u2013 Centro Human\u00edstico de Recuperaci\u00f3n en Oncolog\u00eda y Salud Coordinaci\u00f3n: Prof. Asociado Avelino Luiz Rodrigues y Profa. Asociada Elisa Maria Parahyba Campos Rodrigues LabCaFam \u2013 Laboratorio Pareja y Familia: Cl\u00ednica y [&hellip;]<\/p>\n","protected":false},"author":5,"featured_media":0,"parent":0,"menu_order":0,"comment_status":"closed","ping_status":"closed","template":"","meta":{"_acf_changed":false,"footnotes":""},"categories":[524],"tags":[],"class_list":["post-22402","page","type-page","status-publish","hentry","category-departamento-de-psicologia-clinica-2"],"acf":[],"jetpack_sharing_enabled":true,"_links":{"self":[{"href":"https:\/\/www.ip.usp.br\/site\/wp-json\/wp\/v2\/pages\/22402","targetHints":{"allow":["GET"]}}],"collection":[{"href":"https:\/\/www.ip.usp.br\/site\/wp-json\/wp\/v2\/pages"}],"about":[{"href":"https:\/\/www.ip.usp.br\/site\/wp-json\/wp\/v2\/types\/page"}],"author":[{"embeddable":true,"href":"https:\/\/www.ip.usp.br\/site\/wp-json\/wp\/v2\/users\/5"}],"replies":[{"embeddable":true,"href":"https:\/\/www.ip.usp.br\/site\/wp-json\/wp\/v2\/comments?post=22402"}],"version-history":[{"count":26,"href":"https:\/\/www.ip.usp.br\/site\/wp-json\/wp\/v2\/pages\/22402\/revisions"}],"predecessor-version":[{"id":43587,"href":"https:\/\/www.ip.usp.br\/site\/wp-json\/wp\/v2\/pages\/22402\/revisions\/43587"}],"wp:attachment":[{"href":"https:\/\/www.ip.usp.br\/site\/wp-json\/wp\/v2\/media?parent=22402"}],"wp:term":[{"taxonomy":"category","embeddable":true,"href":"https:\/\/www.ip.usp.br\/site\/wp-json\/wp\/v2\/categories?post=22402"},{"taxonomy":"post_tag","embeddable":true,"href":"https:\/\/www.ip.usp.br\/site\/wp-json\/wp\/v2\/tags?post=22402"}],"curies":[{"name":"wp","href":"https:\/\/api.w.org\/{rel}","templated":true}]}}