{"id":22704,"date":"2018-08-31T17:01:34","date_gmt":"2018-08-31T20:01:34","guid":{"rendered":"https:\/\/www.ip.usp.br\/site\/?page_id=22704"},"modified":"2018-09-04T14:49:20","modified_gmt":"2018-09-04T17:49:20","slug":"arakcy-martins-rodrigues","status":"publish","type":"page","link":"https:\/\/www.ip.usp.br\/site\/arakcy-martins-rodrigues\/","title":{"rendered":"Arakcy Martins Rodrigues"},"content":{"rendered":"<p><strong><img decoding=\"async\" class=\"alignleft size-full wp-image-22709\" src=\"https:\/\/www.ip.usp.br\/site\/wp-content\/uploads\/2018\/08\/araksy.jpg\" alt=\"\" width=\"114\" height=\"153\" \/><\/strong><\/p>\n<p><a href=\"http:\/\/lattes.cnpq.br\/3638983433653136\"><em>Lattes<\/em><\/a><\/p>\n<p><em>Departamento de Psicologia Social<\/em><\/p>\n<p><strong>Linhas de pesquisa:\u00a0<\/strong>Psicologia do Trabalho e das Organiza\u00e7\u00f5es,\u00a0Processos Psicossociais B\u00e1sicos e o\u00a0comportamento da mulher em rela\u00e7\u00e3o ao trabalho nas diversas classes sociais.<\/p>\n<p>Graduou-se em Filosofia pela Universidade de S\u00e3o Paulo(1959) e doutorado em Sa\u00fade P\u00fablica pela Universidade de S\u00e3o Paulo(1973). Tem experi\u00eancia na \u00e1rea de Psicologia, com \u00eanfase em Psicologia Social. Atuando principalmente nos seguintes temas: mulheres, reprodu\u00e7\u00e3o humana, Psicologia.<\/p>\n<p>&nbsp;<\/p>\n","protected":false},"excerpt":{"rendered":"<p>Lattes Departamento de Psicologia Social Linhas de pesquisa:\u00a0Psicologia do Trabalho e das Organiza\u00e7\u00f5es,\u00a0Processos Psicossociais B\u00e1sicos e o\u00a0comportamento da mulher em rela\u00e7\u00e3o ao trabalho nas diversas classes sociais. Graduou-se em Filosofia pela Universidade de S\u00e3o Paulo(1959) e doutorado em Sa\u00fade P\u00fablica pela Universidade de S\u00e3o Paulo(1973). Tem experi\u00eancia na \u00e1rea de Psicologia, com \u00eanfase em Psicologia [&hellip;]<\/p>\n","protected":false},"author":2,"featured_media":0,"parent":0,"menu_order":0,"comment_status":"closed","ping_status":"closed","template":"","meta":{"_acf_changed":false,"footnotes":""},"categories":[464],"tags":[],"class_list":["post-22704","page","type-page","status-publish","hentry","category-colaboraram-conosco"],"acf":[],"jetpack_sharing_enabled":true,"_links":{"self":[{"href":"https:\/\/www.ip.usp.br\/site\/wp-json\/wp\/v2\/pages\/22704","targetHints":{"allow":["GET"]}}],"collection":[{"href":"https:\/\/www.ip.usp.br\/site\/wp-json\/wp\/v2\/pages"}],"about":[{"href":"https:\/\/www.ip.usp.br\/site\/wp-json\/wp\/v2\/types\/page"}],"author":[{"embeddable":true,"href":"https:\/\/www.ip.usp.br\/site\/wp-json\/wp\/v2\/users\/2"}],"replies":[{"embeddable":true,"href":"https:\/\/www.ip.usp.br\/site\/wp-json\/wp\/v2\/comments?post=22704"}],"version-history":[{"count":4,"href":"https:\/\/www.ip.usp.br\/site\/wp-json\/wp\/v2\/pages\/22704\/revisions"}],"predecessor-version":[{"id":23337,"href":"https:\/\/www.ip.usp.br\/site\/wp-json\/wp\/v2\/pages\/22704\/revisions\/23337"}],"wp:attachment":[{"href":"https:\/\/www.ip.usp.br\/site\/wp-json\/wp\/v2\/media?parent=22704"}],"wp:term":[{"taxonomy":"category","embeddable":true,"href":"https:\/\/www.ip.usp.br\/site\/wp-json\/wp\/v2\/categories?post=22704"},{"taxonomy":"post_tag","embeddable":true,"href":"https:\/\/www.ip.usp.br\/site\/wp-json\/wp\/v2\/tags?post=22704"}],"curies":[{"name":"wp","href":"https:\/\/api.w.org\/{rel}","templated":true}]}}