{"id":22713,"date":"2018-08-31T17:05:33","date_gmt":"2018-08-31T20:05:33","guid":{"rendered":"https:\/\/www.ip.usp.br\/site\/?page_id=22713"},"modified":"2018-09-04T14:49:24","modified_gmt":"2018-09-04T17:49:24","slug":"arno-engelmann","status":"publish","type":"page","link":"https:\/\/www.ip.usp.br\/site\/arno-engelmann\/","title":{"rendered":"Arno Engelmann"},"content":{"rendered":"<p><strong><img decoding=\"async\" class=\"alignleft size-full wp-image-22714\" src=\"https:\/\/www.ip.usp.br\/site\/wp-content\/uploads\/2018\/08\/arno_engelmann.gif\" alt=\"\" width=\"85\" height=\"117\" \/><\/strong><\/p>\n<p><a href=\"http:\/\/lattes.cnpq.br\/2049572034467058\"><em>Lattes<\/em><\/a><\/p>\n<p><em>Departamento de Psicologia Experimental<\/em><\/p>\n<p><strong>Linhas de Pesquisa:<\/strong>\u00a0Psicologia Social de Fen\u00f4menos Epistemologia. Organismo: Percep\u00e7\u00e3o e \u201cEmo\u00e7\u00e3o\u201d. Consci\u00eancia. Teste. Teorias dos escal\u00f5es de percepto e teoria da Gestalt.<\/p>\n<p>Para o professor a epistemologia de qualquer ci\u00eancia natural come\u00e7a sempre no indiv\u00edduo atrav\u00e9s da sua consci\u00eancia-imediata. Entretanto, qualquer ci\u00eancia de observa\u00e7\u00e3o, inclusive a psicologia experimental, precisa de um n\u00famero grande de observa\u00e7\u00f5es de animais e, no caso dele, de seres humanos.<\/p>\n<p>Organismo de um animal \u00e9 o local de um conjunto de processos que levam em conta a totalidade do animal. As pesquisas realizadas pelo professor utilizou seres humanos. Uma parte do organismo apresenta a consci\u00eancia-mediata-de-outros; outras partes do organismo n\u00e3o a apresentam. Ele realizou estudos experimentais tendo em vista a percep\u00e7\u00e3o e a \u201cemo\u00e7\u00e3o\u201d, ainda que, do meu ponto dele,\u00a0 esses dois termos seriam apenas duas maneiras diferentes de olhar trechos de um conjunto s\u00f3: a percep\u00e7\u00e3o do organismo.<\/p>\n<p>O desenvolvimento de seus estudos de \u201cemo\u00e7\u00e3o\u201d deu origem a um teste: a Lista de Estados de \u00c2nimo Presentes ou LEAP.<\/p>\n","protected":false},"excerpt":{"rendered":"<p>Lattes Departamento de Psicologia Experimental Linhas de Pesquisa:\u00a0Psicologia Social de Fen\u00f4menos Epistemologia. Organismo: Percep\u00e7\u00e3o e \u201cEmo\u00e7\u00e3o\u201d. Consci\u00eancia. Teste. Teorias dos escal\u00f5es de percepto e teoria da Gestalt. Para o professor a epistemologia de qualquer ci\u00eancia natural come\u00e7a sempre no indiv\u00edduo atrav\u00e9s da sua consci\u00eancia-imediata. Entretanto, qualquer ci\u00eancia de observa\u00e7\u00e3o, inclusive a psicologia experimental, precisa de [&hellip;]<\/p>\n","protected":false},"author":2,"featured_media":0,"parent":0,"menu_order":0,"comment_status":"closed","ping_status":"closed","template":"","meta":{"_acf_changed":false,"footnotes":""},"categories":[464],"tags":[],"class_list":["post-22713","page","type-page","status-publish","hentry","category-colaboraram-conosco"],"acf":[],"jetpack_sharing_enabled":true,"_links":{"self":[{"href":"https:\/\/www.ip.usp.br\/site\/wp-json\/wp\/v2\/pages\/22713","targetHints":{"allow":["GET"]}}],"collection":[{"href":"https:\/\/www.ip.usp.br\/site\/wp-json\/wp\/v2\/pages"}],"about":[{"href":"https:\/\/www.ip.usp.br\/site\/wp-json\/wp\/v2\/types\/page"}],"author":[{"embeddable":true,"href":"https:\/\/www.ip.usp.br\/site\/wp-json\/wp\/v2\/users\/2"}],"replies":[{"embeddable":true,"href":"https:\/\/www.ip.usp.br\/site\/wp-json\/wp\/v2\/comments?post=22713"}],"version-history":[{"count":3,"href":"https:\/\/www.ip.usp.br\/site\/wp-json\/wp\/v2\/pages\/22713\/revisions"}],"predecessor-version":[{"id":23338,"href":"https:\/\/www.ip.usp.br\/site\/wp-json\/wp\/v2\/pages\/22713\/revisions\/23338"}],"wp:attachment":[{"href":"https:\/\/www.ip.usp.br\/site\/wp-json\/wp\/v2\/media?parent=22713"}],"wp:term":[{"taxonomy":"category","embeddable":true,"href":"https:\/\/www.ip.usp.br\/site\/wp-json\/wp\/v2\/categories?post=22713"},{"taxonomy":"post_tag","embeddable":true,"href":"https:\/\/www.ip.usp.br\/site\/wp-json\/wp\/v2\/tags?post=22713"}],"curies":[{"name":"wp","href":"https:\/\/api.w.org\/{rel}","templated":true}]}}