{"id":22724,"date":"2018-09-03T09:34:11","date_gmt":"2018-09-03T12:34:11","guid":{"rendered":"https:\/\/www.ip.usp.br\/site\/?page_id=22724"},"modified":"2025-07-03T10:30:41","modified_gmt":"2025-07-03T13:30:41","slug":"producao-docente-3","status":"publish","type":"page","link":"https:\/\/www.ip.usp.br\/site\/producao-docente-3\/","title":{"rendered":"Produ\u00e7\u00e3o Docente"},"content":{"rendered":"<p><a href=\"http:\/\/dedalus.usp.br\/F\/RJLXH36YTA657EKP58A2XYPIXKLXUBBAV3HCURQIFLBA5T63CE-28632?func=find-c&amp;ccl_term=WAU+%3D+%28+Andr%C3%A9+Fraz%C3%A3o+Helene+%29&amp;local_base=IB&amp;x=44&amp;y=5\" target=\"_blank\" rel=\"noopener\">Andr\u00e9 Fraz\u00e3o Helene<\/a><br \/>\n<a href=\"http:\/\/dedalus.usp.br\/F\/RJLXH36YTA657EKP58A2XYPIXKLXUBBAV3HCURQIFLBA5T63CE-27332?func=find-c&amp;ccl_term=WAU+%3D+%28+Andr%C3%A9+F%C3%A1bio+Kohn+%29&amp;local_base=EPEL&amp;x=49&amp;y=14\" target=\"_blank\" rel=\"noopener\">Andr\u00e9 F\u00e1bio Kohn<\/a><br \/>\n<a href=\"http:\/\/dedalus.usp.br\/F\/FGMRMD5ENKF4VSIIU2SABPEP6PIFIYKIYR8IURJIPXNK437P59-43789?func=find-b&amp;request=CHRISTINA+JOSELEVITCH&amp;find_code=WAU&amp;adjacent=N&amp;local_base=USP01&amp;x=46&amp;y=4&amp;filter_code_1=WLN&amp;filter_request_1=&amp;filter_code_2=WYR&amp;filter_request_2=&amp;filter_code_3=WYR&amp;filter_request_3=&amp;filter_code_4=WMA&amp;filter_request_4=&amp;filter_code_5=WBA&amp;filter_request_5=\" target=\"_blank\" rel=\"noopener\">Christina Joselevitch<\/a><br \/>\n<a href=\"http:\/\/dedalus.usp.br\/F\/FGMRMD5ENKF4VSIIU2SABPEP6PIFIYKIYR8IURJIPXNK437P59-13715?func=find-b&amp;request=DANIELA+MARIA+OLIVEIRA+BONCI&amp;find_code=WAU&amp;adjacent=N&amp;local_base=USP01&amp;x=26&amp;y=16&amp;filter_code_1=WLN&amp;filter_request_1=&amp;filter_code_2=WYR&amp;filter_request_2=&amp;filter_code_3=WYR&amp;filter_request_3=&amp;filter_code_4=WMA&amp;filter_request_4=&amp;filter_code_5=WBA&amp;filter_request_5=\" target=\"_blank\" rel=\"noopener\">Daniela Maria Oliveira Bonci<\/a><br \/>\n<a href=\"http:\/\/dedalus.usp.br\/F\/FGMRMD5ENKF4VSIIU2SABPEP6PIFIYKIYR8IURJIPXNK437P59-55084?func=find-b&amp;request=DORA+SELMA+FIX+VENTURA&amp;find_code=WAU&amp;adjacent=N&amp;local_base=USP01&amp;x=41&amp;y=8&amp;filter_code_1=WLN&amp;filter_request_1=&amp;filter_code_2=WYR&amp;filter_request_2=&amp;filter_code_3=WYR&amp;filter_request_3=&amp;filter_code_4=WMA&amp;filter_request_4=&amp;filter_code_5=WBA&amp;filter_request_5=\" target=\"_blank\" rel=\"noopener\">Dora Selma Fix Ventura<\/a><br \/>\n<a href=\"http:\/\/dedalus.usp.br\/F\/RJLXH36YTA657EKP58A2XYPIXKLXUBBAV3HCURQIFLBA5T63CE-13782?func=find-c&amp;ccl_term=WAU+%3D+%28Eliane+Comoli%29&amp;adjacent=N&amp;local_base=FCLRP&amp;filter_code_1=WLN&amp;filter_request_1=&amp;filter_code_2=WYR&amp;filter_request_2=&amp;filter_code_3=WYR&amp;filter_request_3=&amp;filter_code_4=WMA&amp;filter_request_4=&amp;filter_code_5=WBA&amp;filter_request_5=&amp;x=39&amp;y=9\" target=\"_blank\" rel=\"noopener\">Eliane Comoli<\/a><br \/>\n<a href=\"http:\/\/dedalus.usp.br\/F\/RJLXH36YTA657EKP58A2XYPIXKLXUBBAV3HCURQIFLBA5T63CE-53941?func=find-c&amp;ccl_term=WAU+%3D+%28Felipe+Fregni+%29&amp;local_base=IP&amp;x=35&amp;y=5\" target=\"_blank\" rel=\"noopener\">Felipe Fregni<\/a><br \/>\n<a href=\"http:\/\/dedalus.usp.br\/F\/RJLXH36YTA657EKP58A2XYPIXKLXUBBAV3HCURQIFLBA5T63CE-61036?func=find-c&amp;ccl_term=WAU+%3D+%28+Elisabeth+Spinelli+Oliveira%29&amp;local_base=IP&amp;x=62&amp;y=11\" target=\"_blank\" rel=\"noopener\">Elisabeth Spinelli Oliveira<\/a><br \/>\n<a href=\"http:\/\/dedalus.usp.br\/F\/RJLXH36YTA657EKP58A2XYPIXKLXUBBAV3HCURQIFLBA5T63CE-19607?func=find-c&amp;ccl_term=WAU+%3D+%28Francisco+R%C3%B4mulo+Monte+Ferreira%29&amp;local_base=IP&amp;x=37&amp;y=6\" target=\"_blank\" rel=\"noopener\">Francisco R\u00f4mulo Monte Ferreira<\/a><br \/>\n<a href=\"http:\/\/dedalus.usp.br\/F\/RJLXH36YTA657EKP58A2XYPIXKLXUBBAV3HCURQIFLBA5T63CE-63723?func=find-c&amp;ccl_term=WAU+%3D+%28+Gilberto+Fernando+Xavier%29&amp;local_base=IP&amp;x=25&amp;y=7\" target=\"_blank\" rel=\"noopener\">Gilberto Fernando Xavier<\/a><br \/>\n<a href=\"http:\/\/dedalus.usp.br\/F\/RJLXH36YTA657EKP58A2XYPIXKLXUBBAV3HCURQIFLBA5T63CE-65148?func=find-c&amp;ccl_term=WAU+%3D+%28+Hamilton+Haddad+Junior%29&amp;local_base=IP&amp;x=37&amp;y=9\" target=\"_blank\" rel=\"noopener\">Hamilton Haddad Junior<\/a><br \/>\n<a href=\"http:\/\/dedalus.usp.br\/F\/RJLXH36YTA657EKP58A2XYPIXKLXUBBAV3HCURQIFLBA5T63CE-21909?func=find-c&amp;ccl_term=WAU+%3D+%28+Jackson+Cioni+Bittencourt%29&amp;local_base=IP&amp;x=16&amp;y=11\" target=\"_blank\" rel=\"noopener\">Jackson Cioni Bittencourt<\/a><br \/>\n<a href=\"http:\/\/buscatextual.cnpq.br\/buscatextual\/visualizacv.do?id=K4783066D2#ProducoesCientificas\" target=\"_blank\" rel=\"noopener\">Jo\u00e3o Palermo Netto<\/a><br \/>\n<a href=\"https:\/\/dedalus.usp.br\/F\/7KAN1Y8RYK22SCJ72QEG3FYY39SDY765K3BGXPLQTHA1U1A8PA-05558?ssl_flag=Y&amp;func=find-b&amp;request=LAERTE+FONSECA&amp;find_code=WAU&amp;local_base=USP01&amp;x=28&amp;y=2&amp;filter_code_1=WLN&amp;filter_request_1=&amp;filter_code_2=WYR&amp;filter_request_2=&amp;filter_code_3=WYR&amp;filter_request_3=&amp;filter_code_4=WMA&amp;filter_request_4=&amp;filter_code_5=WBA&amp;filter_request_5=\" target=\"_blank\" rel=\"noopener\">Laerte Fonseca<\/a><br \/>\n<a href=\"http:\/\/dedalus.usp.br\/F\/RJLXH36YTA657EKP58A2XYPIXKLXUBBAV3HCURQIFLBA5T63CE-75405?func=find-c&amp;ccl_term=WAU+%3D+%28Luiz+Augusto+Teixeira%29&amp;adjacent=N&amp;local_base=IP&amp;filter_code_1=WLN&amp;filter_request_1=&amp;filter_code_2=WYR&amp;filter_request_2=&amp;filter_code_3=WYR&amp;filter_request_3=&amp;filter_code_4=WMA&amp;filter_request_4=&amp;filter_code_5=WBA&amp;filter_request_5=&amp;x=36&amp;y=3\" target=\"_blank\" rel=\"noopener\">Luiz Augusto Teixeira<\/a><br \/>\n<a href=\"http:\/\/dedalus.usp.br\/F\/RJLXH36YTA657EKP58A2XYPIXKLXUBBAV3HCURQIFLBA5T63CE-26774?func=find-c&amp;ccl_term=WAU+%3D+%28+Luiz+Roberto+G.+Britto%29&amp;local_base=IP&amp;x=45&amp;y=8\" target=\"_blank\" rel=\"noopener\">Luiz Roberto G. Britto<\/a><br \/>\n<a href=\"http:\/\/lattes.cnpq.br\/6262673963010890\" target=\"_blank\" rel=\"noopener\">Luiz Silveira Menna Barretto<\/a><br \/>\n<a href=\"http:\/\/dedalus.usp.br\/F\/FGMRMD5ENKF4VSIIU2SABPEP6PIFIYKIYR8IURJIPXNK437P59-13702?func=find-b&amp;request=MARCELO+FERNANDES+DA+COSTA&amp;find_code=WAU&amp;adjacent=N&amp;local_base=IP&amp;x=51&amp;y=10&amp;filter_code_1=WLN&amp;filter_request_1=&amp;filter_code_2=WYR&amp;filter_request_2=&amp;filter_code_3=WYR&amp;filter_request_3=&amp;filter_code_4=WMA&amp;filter_request_4=&amp;filter_code_5=WBA&amp;filter_request_5=\" target=\"_blank\" rel=\"noopener\">Marcelo Fernandes da Costa<\/a><br \/>\n<a href=\"http:\/\/dedalus.usp.br\/F\/RJLXH36YTA657EKP58A2XYPIXKLXUBBAV3HCURQIFLBA5T63CE-86039?func=find-c&amp;ccl_term=WAU+%3D+%28+Maria+Elisa+Pimentel+Piemonte%29&amp;adjacent=N&amp;local_base=IP&amp;filter_code_1=WLN&amp;filter_request_1=&amp;filter_code_2=WYR&amp;filter_request_2=&amp;filter_code_3=WYR&amp;filter_request_3=&amp;filter_code_4=WMA&amp;filter_request_4=&amp;filter_code_5=WBA&amp;filter_request_5=&amp;x=27&amp;y=8\" target=\"_blank\" rel=\"noopener\">Maria Elisa Pimentel Piemonte<\/a><br \/>\n<a href=\"http:\/\/dedalus.usp.br\/F\/RJLXH36YTA657EKP58A2XYPIXKLXUBBAV3HCURQIFLBA5T63CE-31861?func=find-c&amp;ccl_term=WAU+%3D+%28+Maria+In%C3%AAs+Nogueira%29&amp;local_base=IP&amp;x=60&amp;y=7\" target=\"_blank\" rel=\"noopener\">Maria In\u00eas Nogueira<\/a><br \/>\n<a href=\"http:\/\/dedalus.usp.br\/F\/RJLXH36YTA657EKP58A2XYPIXKLXUBBAV3HCURQIFLBA5T63CE-02118?func=find-c&amp;ccl_term=WAU+%3D+%28+Maria+Martha+Bernardi%29&amp;local_base=IP&amp;x=0&amp;y=0\" target=\"_blank\" rel=\"noopener\">Maria Martha Bernardi<\/a><br \/>\n<a href=\"http:\/\/dedalus.usp.br\/F\/RJLXH36YTA657EKP58A2XYPIXKLXUBBAV3HCURQIFLBA5T63CE-19369?func=find-c&amp;ccl_term=WAU+%3D+%28Maria+Regina+Lopes+Sandoval%29&amp;adjacent=N&amp;local_base=IP&amp;filter_code_1=WLN&amp;filter_request_1=&amp;filter_code_2=WYR&amp;filter_request_2=&amp;filter_code_3=WYR&amp;filter_request_3=&amp;filter_code_4=WMA&amp;filter_request_4=&amp;filter_code_5=WBA&amp;filter_request_5=&amp;x=21&amp;y=12\" target=\"_blank\" rel=\"noopener\">Maria Regina L. Sandoval<\/a><br \/>\n<a href=\"http:\/\/dedalus.usp.br\/F\/RJLXH36YTA657EKP58A2XYPIXKLXUBBAV3HCURQIFLBA5T63CE-19865?func=find-c&amp;ccl_term=WAU+%3D+%28+Mario+Pedrazzoli+Neto%29&amp;local_base=IP&amp;x=0&amp;y=0\" target=\"_blank\" rel=\"noopener\">Mario Pedrazzoli Neto<\/a><br \/>\n<a href=\"http:\/\/dedalus.usp.br\/F\/RJLXH36YTA657EKP58A2XYPIXKLXUBBAV3HCURQIFLBA5T63CE-21867?func=find-c&amp;ccl_term=WAU+%3D+%28+Michele+Schultz+Ramos+de+Andrade%29&amp;local_base=IP&amp;x=20&amp;y=9\" target=\"_blank\" rel=\"noopener\">Michele Schultz Ramos de Andrade<\/a><br \/>\n<a href=\"http:\/\/dedalus.usp.br\/F\/FGMRMD5ENKF4VSIIU2SABPEP6PIFIYKIYR8IURJIPXNK437P59-74354?func=find-b&amp;request=MIRELLA+GUALTIERI&amp;find_code=WAU&amp;adjacent=N&amp;local_base=USP01&amp;x=49&amp;y=11&amp;filter_code_1=WLN&amp;filter_request_1=&amp;filter_code_2=WYR&amp;filter_request_2=&amp;filter_code_3=WYR&amp;filter_request_3=&amp;filter_code_4=WMA&amp;filter_request_4=&amp;filter_code_5=WBA&amp;filter_request_5=\" target=\"_blank\" rel=\"noopener\">Mirella Gualtieri<\/a><br \/>\n<a href=\"http:\/\/dedalus.usp.br\/F\/FGMRMD5ENKF4VSIIU2SABPEP6PIFIYKIYR8IURJIPXNK437P59-11634?func=find-b&amp;request=MIRIAM+GARCIA+MIJARES&amp;find_code=WAU&amp;adjacent=N&amp;local_base=USP01&amp;x=12&amp;y=3&amp;filter_code_1=WLN&amp;filter_request_1=&amp;filter_code_2=WYR&amp;filter_request_2=&amp;filter_code_3=WYR&amp;filter_request_3=&amp;filter_code_4=WMA&amp;filter_request_4=&amp;filter_code_5=WBA&amp;filter_request_5=\" target=\"_blank\" rel=\"noopener\">Miriam Garcia Mijares<\/a><br \/>\n<a href=\"http:\/\/dedalus.usp.br\/F\/RJLXH36YTA657EKP58A2XYPIXKLXUBBAV3HCURQIFLBA5T63CE-23659?func=find-c&amp;ccl_term=WAU+%3D+%28+Ronald+Ranvaud%29&amp;local_base=IP&amp;x=39&amp;y=12\" target=\"_blank\" rel=\"noopener\">Ronald Ranvaud<\/a><br \/>\n<a href=\"http:\/\/dedalus.usp.br\/F\/RJLXH36YTA657EKP58A2XYPIXKLXUBBAV3HCURQIFLBA5T63CE-25702?func=find-c&amp;ccl_term=WAU+%3D+%28+T%C3%A1ki+Cord%C3%A1s%29&amp;local_base=IP&amp;x=15&amp;y=5\" target=\"_blank\" rel=\"noopener\">T\u00e1ki Cord\u00e1s<\/a><\/p>\n","protected":false},"excerpt":{"rendered":"<p>Andr\u00e9 Fraz\u00e3o Helene Andr\u00e9 F\u00e1bio Kohn Christina Joselevitch Daniela Maria Oliveira Bonci Dora Selma Fix Ventura Eliane Comoli Felipe Fregni Elisabeth Spinelli Oliveira Francisco R\u00f4mulo Monte Ferreira Gilberto Fernando Xavier Hamilton Haddad Junior Jackson Cioni Bittencourt Jo\u00e3o Palermo Netto Laerte Fonseca Luiz Augusto Teixeira Luiz Roberto G. Britto Luiz Silveira Menna Barretto Marcelo Fernandes da [&hellip;]<\/p>\n","protected":false},"author":5,"featured_media":0,"parent":0,"menu_order":0,"comment_status":"closed","ping_status":"closed","template":"","meta":{"_acf_changed":false,"footnotes":""},"categories":[15,205],"tags":[],"class_list":["post-22724","page","type-page","status-publish","hentry","category-pos-graduacao","category-ensino-programa-neurociencias-e-comportamento"],"acf":[],"jetpack_sharing_enabled":true,"_links":{"self":[{"href":"https:\/\/www.ip.usp.br\/site\/wp-json\/wp\/v2\/pages\/22724","targetHints":{"allow":["GET"]}}],"collection":[{"href":"https:\/\/www.ip.usp.br\/site\/wp-json\/wp\/v2\/pages"}],"about":[{"href":"https:\/\/www.ip.usp.br\/site\/wp-json\/wp\/v2\/types\/page"}],"author":[{"embeddable":true,"href":"https:\/\/www.ip.usp.br\/site\/wp-json\/wp\/v2\/users\/5"}],"replies":[{"embeddable":true,"href":"https:\/\/www.ip.usp.br\/site\/wp-json\/wp\/v2\/comments?post=22724"}],"version-history":[{"count":8,"href":"https:\/\/www.ip.usp.br\/site\/wp-json\/wp\/v2\/pages\/22724\/revisions"}],"predecessor-version":[{"id":52450,"href":"https:\/\/www.ip.usp.br\/site\/wp-json\/wp\/v2\/pages\/22724\/revisions\/52450"}],"wp:attachment":[{"href":"https:\/\/www.ip.usp.br\/site\/wp-json\/wp\/v2\/media?parent=22724"}],"wp:term":[{"taxonomy":"category","embeddable":true,"href":"https:\/\/www.ip.usp.br\/site\/wp-json\/wp\/v2\/categories?post=22724"},{"taxonomy":"post_tag","embeddable":true,"href":"https:\/\/www.ip.usp.br\/site\/wp-json\/wp\/v2\/tags?post=22724"}],"curies":[{"name":"wp","href":"https:\/\/api.w.org\/{rel}","templated":true}]}}