{"id":22789,"date":"2018-09-03T14:11:48","date_gmt":"2018-09-03T17:11:48","guid":{"rendered":"https:\/\/www.ip.usp.br\/site\/?page_id=22789"},"modified":"2018-09-04T14:50:22","modified_gmt":"2018-09-04T17:50:22","slug":"claudio-jorge-willer","status":"publish","type":"page","link":"https:\/\/www.ip.usp.br\/site\/claudio-jorge-willer\/","title":{"rendered":"Claudio Jorge Willer"},"content":{"rendered":"<p><img decoding=\"async\" class=\"alignleft wp-image-22794\" src=\"https:\/\/www.ip.usp.br\/site\/wp-content\/uploads\/2018\/09\/claudio_willer.jpg\" alt=\"\" width=\"114\" height=\"112\" \/><em><a href=\"http:\/\/lattes.cnpq.br\/7948027913325556\">Lattes<\/a><\/em><\/p>\n<p>Graduou-se no Instituto de Psicologia da USP (1996) e em\u00a0Ci\u00eancias Sociais e Pol\u00edticas pela Funda\u00e7\u00e3o Escola de Sociologia e Pol\u00edtica de S\u00e3o Paulo (1963).\u00a0Realizou seu doutorado(2008) e p\u00f3s- doutorado(2011) em Letras pela Faculdade de Filosofia, Letras e Ci\u00eancias Humanas da USP. Atualmente \u00e9 professor aposentado do IPUSP.<\/p>\n<p><strong>Aulas ministradas:<\/strong><\/p>\n<p>Psicologia Geral<br \/>\nPsicologia Social<br \/>\nPsicologia Diferencial<\/p>\n","protected":false},"excerpt":{"rendered":"<p>Lattes Graduou-se no Instituto de Psicologia da USP (1996) e em\u00a0Ci\u00eancias Sociais e Pol\u00edticas pela Funda\u00e7\u00e3o Escola de Sociologia e Pol\u00edtica de S\u00e3o Paulo (1963).\u00a0Realizou seu doutorado(2008) e p\u00f3s- doutorado(2011) em Letras pela Faculdade de Filosofia, Letras e Ci\u00eancias Humanas da USP. Atualmente \u00e9 professor aposentado do IPUSP. Aulas ministradas: Psicologia Geral Psicologia Social Psicologia [&hellip;]<\/p>\n","protected":false},"author":2,"featured_media":0,"parent":0,"menu_order":0,"comment_status":"closed","ping_status":"closed","template":"","meta":{"_acf_changed":false,"footnotes":""},"categories":[464],"tags":[],"class_list":["post-22789","page","type-page","status-publish","hentry","category-colaboraram-conosco"],"acf":[],"jetpack_sharing_enabled":true,"_links":{"self":[{"href":"https:\/\/www.ip.usp.br\/site\/wp-json\/wp\/v2\/pages\/22789","targetHints":{"allow":["GET"]}}],"collection":[{"href":"https:\/\/www.ip.usp.br\/site\/wp-json\/wp\/v2\/pages"}],"about":[{"href":"https:\/\/www.ip.usp.br\/site\/wp-json\/wp\/v2\/types\/page"}],"author":[{"embeddable":true,"href":"https:\/\/www.ip.usp.br\/site\/wp-json\/wp\/v2\/users\/2"}],"replies":[{"embeddable":true,"href":"https:\/\/www.ip.usp.br\/site\/wp-json\/wp\/v2\/comments?post=22789"}],"version-history":[{"count":6,"href":"https:\/\/www.ip.usp.br\/site\/wp-json\/wp\/v2\/pages\/22789\/revisions"}],"predecessor-version":[{"id":23342,"href":"https:\/\/www.ip.usp.br\/site\/wp-json\/wp\/v2\/pages\/22789\/revisions\/23342"}],"wp:attachment":[{"href":"https:\/\/www.ip.usp.br\/site\/wp-json\/wp\/v2\/media?parent=22789"}],"wp:term":[{"taxonomy":"category","embeddable":true,"href":"https:\/\/www.ip.usp.br\/site\/wp-json\/wp\/v2\/categories?post=22789"},{"taxonomy":"post_tag","embeddable":true,"href":"https:\/\/www.ip.usp.br\/site\/wp-json\/wp\/v2\/tags?post=22789"}],"curies":[{"name":"wp","href":"https:\/\/api.w.org\/{rel}","templated":true}]}}