{"id":22860,"date":"2018-09-03T15:38:37","date_gmt":"2018-09-03T18:38:37","guid":{"rendered":"https:\/\/www.ip.usp.br\/site\/?page_id=22860"},"modified":"2018-09-03T15:43:03","modified_gmt":"2018-09-03T18:43:03","slug":"formularios-para-download","status":"publish","type":"page","link":"https:\/\/www.ip.usp.br\/site\/formularios-para-download\/","title":{"rendered":"Formul\u00e1rios para download e Links \u00dateis"},"content":{"rendered":"<ul>\n<li><a href=\"https:\/\/www.ip.usp.br\/site\/wp-content\/uploads\/2018\/09\/Formul\u00e1rio_de_Inscri\u00e7\u00e3o_Estrangeiros.docx\">Interc\u00e2mbio Alunos Estrangeiros<\/a><\/li>\n<li><a href=\"https:\/\/www.ip.usp.br\/site\/wp-content\/uploads\/2018\/09\/FormAcao2DocUSP2008.doc\">Aux\u00edlio Docentes USP<\/a><\/li>\n<li><a href=\"https:\/\/www.ip.usp.br\/site\/wp-content\/uploads\/2018\/09\/FormAcao1DocVisit2008.doc\">Aux\u00edlio Docentes Visitantes<\/a><\/li>\n<li><a href=\"https:\/\/www.ip.usp.br\/site\/wp-content\/uploads\/2018\/09\/conveniointercambioportugues2010.doc\">Minuta de Conv\u00eanio em Portugu\u00eas<\/a><\/li>\n<li><a href=\"https:\/\/www.ip.usp.br\/site\/wp-content\/uploads\/2018\/09\/conveniointercambioespanhol2010.doc\">Minuta de Conv\u00eanio em Espanhol<\/a><\/li>\n<li><a href=\"https:\/\/www.ip.usp.br\/site\/wp-content\/uploads\/2018\/09\/conveniointercambioingles2010.doc\">Minuta de Conv\u00eanio em Ingl\u00eas<\/a><\/li>\n<li><a href=\"https:\/\/www.ip.usp.br\/site\/wp-content\/uploads\/2018\/09\/conveniointercambiofrances2010.doc\">Minuta de Conv\u00eanio em Franc\u00eas<\/a><\/li>\n<\/ul>\n<h5><strong>Links \u00dateis<\/strong><\/h5>\n<ul style=\"list-style-type: square\">\n<li><a href=\"http:\/\/www.dpf.gov.br\/\" target=\"_blank\" rel=\"noopener\">Pol\u00edcia Federal<\/a><\/li>\n<li><a href=\"http:\/\/portal.mec.gov.br\/index.php?option=com_content&amp;view=article&amp;id=12270&amp;ativo=519&amp;Itemid=518\" target=\"_blank\" rel=\"noopener\">Celpe-Bras:\u00a0<strong>Certificado de Profici\u00eancia em L\u00edngua Portuguesa para Estrangeiros<\/strong><\/a><\/li>\n<li><a href=\"http:\/\/www.consulados.com.br\/paises\/\" target=\"_blank\" rel=\"noopener\">Consulados e Embaixadas de Todos os Pa\u00edses<\/a><\/li>\n<\/ul>\n","protected":false},"excerpt":{"rendered":"<p>Interc\u00e2mbio Alunos Estrangeiros Aux\u00edlio Docentes USP Aux\u00edlio Docentes Visitantes Minuta de Conv\u00eanio em Portugu\u00eas Minuta de Conv\u00eanio em Espanhol Minuta de Conv\u00eanio em Ingl\u00eas Minuta de Conv\u00eanio em Franc\u00eas Links \u00dateis Pol\u00edcia Federal Celpe-Bras:\u00a0Certificado de Profici\u00eancia em L\u00edngua Portuguesa para Estrangeiros Consulados e Embaixadas de Todos os Pa\u00edses<\/p>\n","protected":false},"author":14,"featured_media":0,"parent":0,"menu_order":0,"comment_status":"closed","ping_status":"closed","template":"","meta":{"_acf_changed":false,"footnotes":""},"categories":[414],"tags":[],"class_list":["post-22860","page","type-page","status-publish","hentry","category-intercambio"],"acf":[],"jetpack_sharing_enabled":true,"_links":{"self":[{"href":"https:\/\/www.ip.usp.br\/site\/wp-json\/wp\/v2\/pages\/22860","targetHints":{"allow":["GET"]}}],"collection":[{"href":"https:\/\/www.ip.usp.br\/site\/wp-json\/wp\/v2\/pages"}],"about":[{"href":"https:\/\/www.ip.usp.br\/site\/wp-json\/wp\/v2\/types\/page"}],"author":[{"embeddable":true,"href":"https:\/\/www.ip.usp.br\/site\/wp-json\/wp\/v2\/users\/14"}],"replies":[{"embeddable":true,"href":"https:\/\/www.ip.usp.br\/site\/wp-json\/wp\/v2\/comments?post=22860"}],"version-history":[{"count":3,"href":"https:\/\/www.ip.usp.br\/site\/wp-json\/wp\/v2\/pages\/22860\/revisions"}],"predecessor-version":[{"id":22878,"href":"https:\/\/www.ip.usp.br\/site\/wp-json\/wp\/v2\/pages\/22860\/revisions\/22878"}],"wp:attachment":[{"href":"https:\/\/www.ip.usp.br\/site\/wp-json\/wp\/v2\/media?parent=22860"}],"wp:term":[{"taxonomy":"category","embeddable":true,"href":"https:\/\/www.ip.usp.br\/site\/wp-json\/wp\/v2\/categories?post=22860"},{"taxonomy":"post_tag","embeddable":true,"href":"https:\/\/www.ip.usp.br\/site\/wp-json\/wp\/v2\/tags?post=22860"}],"curies":[{"name":"wp","href":"https:\/\/api.w.org\/{rel}","templated":true}]}}