{"id":22887,"date":"2018-09-03T16:02:47","date_gmt":"2018-09-03T19:02:47","guid":{"rendered":"https:\/\/www.ip.usp.br\/site\/?page_id=22887"},"modified":"2018-09-04T15:00:49","modified_gmt":"2018-09-04T18:00:49","slug":"margarida-hofmann-windholz","status":"publish","type":"page","link":"https:\/\/www.ip.usp.br\/site\/margarida-hofmann-windholz\/","title":{"rendered":"Margarida Hofmann Windholz"},"content":{"rendered":"<p><img decoding=\"async\" class=\"alignleft wp-image-22891\" src=\"https:\/\/www.ip.usp.br\/site\/wp-content\/uploads\/2018\/09\/Profa_Dra_Margarida_H._Windholz_comemora_seu_90\u00ba_Anivers\u00e1rio_.png\" alt=\"\" width=\"159\" height=\"146\" \/><\/p>\n<p><a href=\"http:\/\/lattes.cnpq.br\/3703281553650435\"><em>Lattes<\/em><\/a><\/p>\n<p><em>Departamento de Psicologia Experimental<\/em><\/p>\n<p>Margarida integrou a primeira turma de formandos do Curso de Psicologia da USP (1958-1961), na ent\u00e3o Faculdade de Filosofia, Ci\u00eancias e Letras (FFCL).\u00a0 Ela tamb\u00e9m foi pioneira em assentar as bases, motivar e difundir o estudo sistem\u00e1tico da observa\u00e7\u00e3o comportamental, no Brasil. Assim como, na aplica\u00e7\u00e3o da An\u00e1lise Comportamental em educa\u00e7\u00e3o especial, com seu alentado volume \u201cPasso a Passo: seu Caminho \u2013 Guia Curricular para o Ensino de Habilidades B\u00e1sicas\u201d, resultado de duas d\u00e9cadas de aplica\u00e7\u00e3o pr\u00e1tica, em duas escolas em que atuou: (1) a de orienta\u00e7\u00e3o infanto-juvenil do CIAM \u2013 Centro Israelita de Assist\u00eancia ao Menor e (2) a Carminha \u2013 Associa\u00e7\u00e3o para Reabilita\u00e7\u00e3o do Excepcional \u2013 CARE, fundada por ela e Celma Maria Vieira Cenamo, em 1972, que ensinava uma nova maneira de atuar com crian\u00e7as e jovens com desenvolvimento at\u00edpico. Na primeira, aplicava alguns princ\u00edpios da An\u00e1lise Experimental do Comportamento, j\u00e1 a segunda estava toda programada segundo os mesmos princ\u00edpios.<\/p>\n<p>Tamb\u00e9m foi a primeira pessoa a documentar o uso da AC com autistas no Brasil, em 1974-75. \u00c9 seu o 1\u00ba caso de autista descrito na literatura brasileira, em cap\u00edtulo que escreveu em Salom\u00e3o Schwartzman (1995). Um dos raros estudos longitudinais, acompanhando, por 20 anos, o tratamento de um autista.<\/p>\n<p>Ministrava cursos de Psicologia Experimental Aplicada: Observa\u00e7\u00e3o do Comportamento Humano; e de Modifica\u00e7\u00e3o do Comportamento Humano.<\/p>\n","protected":false},"excerpt":{"rendered":"<p>Lattes Departamento de Psicologia Experimental Margarida integrou a primeira turma de formandos do Curso de Psicologia da USP (1958-1961), na ent\u00e3o Faculdade de Filosofia, Ci\u00eancias e Letras (FFCL).\u00a0 Ela tamb\u00e9m foi pioneira em assentar as bases, motivar e difundir o estudo sistem\u00e1tico da observa\u00e7\u00e3o comportamental, no Brasil. Assim como, na aplica\u00e7\u00e3o da An\u00e1lise Comportamental em [&hellip;]<\/p>\n","protected":false},"author":2,"featured_media":0,"parent":0,"menu_order":0,"comment_status":"closed","ping_status":"closed","template":"","meta":{"_acf_changed":false,"footnotes":""},"categories":[464],"tags":[],"class_list":["post-22887","page","type-page","status-publish","hentry","category-colaboraram-conosco"],"acf":[],"jetpack_sharing_enabled":true,"_links":{"self":[{"href":"https:\/\/www.ip.usp.br\/site\/wp-json\/wp\/v2\/pages\/22887","targetHints":{"allow":["GET"]}}],"collection":[{"href":"https:\/\/www.ip.usp.br\/site\/wp-json\/wp\/v2\/pages"}],"about":[{"href":"https:\/\/www.ip.usp.br\/site\/wp-json\/wp\/v2\/types\/page"}],"author":[{"embeddable":true,"href":"https:\/\/www.ip.usp.br\/site\/wp-json\/wp\/v2\/users\/2"}],"replies":[{"embeddable":true,"href":"https:\/\/www.ip.usp.br\/site\/wp-json\/wp\/v2\/comments?post=22887"}],"version-history":[{"count":4,"href":"https:\/\/www.ip.usp.br\/site\/wp-json\/wp\/v2\/pages\/22887\/revisions"}],"predecessor-version":[{"id":23360,"href":"https:\/\/www.ip.usp.br\/site\/wp-json\/wp\/v2\/pages\/22887\/revisions\/23360"}],"wp:attachment":[{"href":"https:\/\/www.ip.usp.br\/site\/wp-json\/wp\/v2\/media?parent=22887"}],"wp:term":[{"taxonomy":"category","embeddable":true,"href":"https:\/\/www.ip.usp.br\/site\/wp-json\/wp\/v2\/categories?post=22887"},{"taxonomy":"post_tag","embeddable":true,"href":"https:\/\/www.ip.usp.br\/site\/wp-json\/wp\/v2\/tags?post=22887"}],"curies":[{"name":"wp","href":"https:\/\/api.w.org\/{rel}","templated":true}]}}