{"id":22909,"date":"2018-09-03T16:20:08","date_gmt":"2018-09-03T19:20:08","guid":{"rendered":"https:\/\/www.ip.usp.br\/site\/?page_id=22909"},"modified":"2018-09-04T15:01:54","modified_gmt":"2018-09-04T18:01:54","slug":"maria-amelia-nogueira-azevedo","status":"publish","type":"page","link":"https:\/\/www.ip.usp.br\/site\/maria-amelia-nogueira-azevedo\/","title":{"rendered":"Maria Am\u00e9lia Nogueira Azevedo"},"content":{"rendered":"<p><em>Departamento de Psicologia Cl\u00ednica \/ Departamento de Psicologia da Aprendizagem do Desenvolvimento e da Personalidade<\/em><\/p>\n<p><strong>Linhas de Pesquisa:\u00a0<\/strong>Viol\u00eancia Dom\u00e9stica contra Crian\u00e7as e Adolescentes. Leituriza\u00e7\u00e3o e Alfabetiza\u00e7\u00e3o. Psicologia Social.<\/p>\n","protected":false},"excerpt":{"rendered":"<p>Departamento de Psicologia Cl\u00ednica \/ Departamento de Psicologia da Aprendizagem do Desenvolvimento e da Personalidade Linhas de Pesquisa:\u00a0Viol\u00eancia Dom\u00e9stica contra Crian\u00e7as e Adolescentes. Leituriza\u00e7\u00e3o e Alfabetiza\u00e7\u00e3o. Psicologia Social.<\/p>\n","protected":false},"author":2,"featured_media":0,"parent":0,"menu_order":0,"comment_status":"closed","ping_status":"closed","template":"","meta":{"_acf_changed":false,"footnotes":""},"categories":[464],"tags":[],"class_list":["post-22909","page","type-page","status-publish","hentry","category-colaboraram-conosco"],"acf":[],"jetpack_sharing_enabled":true,"_links":{"self":[{"href":"https:\/\/www.ip.usp.br\/site\/wp-json\/wp\/v2\/pages\/22909","targetHints":{"allow":["GET"]}}],"collection":[{"href":"https:\/\/www.ip.usp.br\/site\/wp-json\/wp\/v2\/pages"}],"about":[{"href":"https:\/\/www.ip.usp.br\/site\/wp-json\/wp\/v2\/types\/page"}],"author":[{"embeddable":true,"href":"https:\/\/www.ip.usp.br\/site\/wp-json\/wp\/v2\/users\/2"}],"replies":[{"embeddable":true,"href":"https:\/\/www.ip.usp.br\/site\/wp-json\/wp\/v2\/comments?post=22909"}],"version-history":[{"count":2,"href":"https:\/\/www.ip.usp.br\/site\/wp-json\/wp\/v2\/pages\/22909\/revisions"}],"predecessor-version":[{"id":23362,"href":"https:\/\/www.ip.usp.br\/site\/wp-json\/wp\/v2\/pages\/22909\/revisions\/23362"}],"wp:attachment":[{"href":"https:\/\/www.ip.usp.br\/site\/wp-json\/wp\/v2\/media?parent=22909"}],"wp:term":[{"taxonomy":"category","embeddable":true,"href":"https:\/\/www.ip.usp.br\/site\/wp-json\/wp\/v2\/categories?post=22909"},{"taxonomy":"post_tag","embeddable":true,"href":"https:\/\/www.ip.usp.br\/site\/wp-json\/wp\/v2\/tags?post=22909"}],"curies":[{"name":"wp","href":"https:\/\/api.w.org\/{rel}","templated":true}]}}