{"id":22924,"date":"2018-09-03T16:31:57","date_gmt":"2018-09-03T19:31:57","guid":{"rendered":"https:\/\/www.ip.usp.br\/site\/?page_id=22924"},"modified":"2018-09-03T16:32:35","modified_gmt":"2018-09-03T19:32:35","slug":"fale-conosco-3","status":"publish","type":"page","link":"https:\/\/www.ip.usp.br\/site\/fale-conosco-3\/","title":{"rendered":"Fale Conosco"},"content":{"rendered":"<h4 style=\"text-align: justify\"><strong>Localiza\u00e7\u00e3o e Contato<\/strong><\/h4>\n<p>Av. Prof. Mello Moraes, 1721, bloco G, sala 20<br \/>\nCidade Universit\u00e1ria, S\u00e3o Paulo \u2013 SP,\u00a0CEP: 05508-030<br \/>\nTelefone: +55 (11) 3091-8236 \u00a0\u00a0<a href=\"mailto:ipccnint@usp.br\">ipccnint@usp.br<\/a><\/p>\n<h4 style=\"text-align: justify\"><strong>Atendimento<\/strong><\/h4>\n<p>De segunda a sexta-feira<br \/>\nDas 8h \u00e0s 12h e das 13h30 \u00e0s 17h<\/p>\n","protected":false},"excerpt":{"rendered":"<p>Localiza\u00e7\u00e3o e Contato Av. Prof. Mello Moraes, 1721, bloco G, sala 20 Cidade Universit\u00e1ria, S\u00e3o Paulo \u2013 SP,\u00a0CEP: 05508-030 Telefone: +55 (11) 3091-8236 \u00a0\u00a0ipccnint@usp.br Atendimento De segunda a sexta-feira Das 8h \u00e0s 12h e das 13h30 \u00e0s 17h<\/p>\n","protected":false},"author":14,"featured_media":0,"parent":0,"menu_order":0,"comment_status":"closed","ping_status":"closed","template":"","meta":{"_acf_changed":false,"footnotes":""},"categories":[414],"tags":[],"class_list":["post-22924","page","type-page","status-publish","hentry","category-intercambio"],"acf":[],"jetpack_sharing_enabled":true,"_links":{"self":[{"href":"https:\/\/www.ip.usp.br\/site\/wp-json\/wp\/v2\/pages\/22924","targetHints":{"allow":["GET"]}}],"collection":[{"href":"https:\/\/www.ip.usp.br\/site\/wp-json\/wp\/v2\/pages"}],"about":[{"href":"https:\/\/www.ip.usp.br\/site\/wp-json\/wp\/v2\/types\/page"}],"author":[{"embeddable":true,"href":"https:\/\/www.ip.usp.br\/site\/wp-json\/wp\/v2\/users\/14"}],"replies":[{"embeddable":true,"href":"https:\/\/www.ip.usp.br\/site\/wp-json\/wp\/v2\/comments?post=22924"}],"version-history":[{"count":3,"href":"https:\/\/www.ip.usp.br\/site\/wp-json\/wp\/v2\/pages\/22924\/revisions"}],"predecessor-version":[{"id":22929,"href":"https:\/\/www.ip.usp.br\/site\/wp-json\/wp\/v2\/pages\/22924\/revisions\/22929"}],"wp:attachment":[{"href":"https:\/\/www.ip.usp.br\/site\/wp-json\/wp\/v2\/media?parent=22924"}],"wp:term":[{"taxonomy":"category","embeddable":true,"href":"https:\/\/www.ip.usp.br\/site\/wp-json\/wp\/v2\/categories?post=22924"},{"taxonomy":"post_tag","embeddable":true,"href":"https:\/\/www.ip.usp.br\/site\/wp-json\/wp\/v2\/tags?post=22924"}],"curies":[{"name":"wp","href":"https:\/\/api.w.org\/{rel}","templated":true}]}}