{"id":23001,"date":"2018-09-04T09:34:17","date_gmt":"2018-09-04T12:34:17","guid":{"rendered":"https:\/\/www.ip.usp.br\/site\/?page_id=23001"},"modified":"2018-09-04T15:04:26","modified_gmt":"2018-09-04T18:04:26","slug":"norberto-abreu-e-silva-neto","status":"publish","type":"page","link":"https:\/\/www.ip.usp.br\/site\/norberto-abreu-e-silva-neto\/","title":{"rendered":"Norberto Abreu e Silva Neto"},"content":{"rendered":"<p><a href=\"http:\/\/lattes.cnpq.br\/2671800120196715\"><em>Lattes<\/em><\/a><\/p>\n<p><strong>Linhas de Pesquisa:<\/strong> hist\u00f3ria da psicologia, a filosofia de Wittgenstein, epistemologia da psicologia, cl\u00ednica e cultura. Tem artigos publicados sobre Wittgenstein na \u00c1ustria, Alemanha, Espanha, Portugal, e Brasil.<\/p>\n<p>Psic\u00f3logo, Bacharel, e Licenciado em Psicologia pela Universidade de S\u00e3o Paulo (1971). Mestrado em Psicologia Escolar pelo IP-USP (1977). Doutor em Psicologia pelo IP-USP (1986). Livre Docente em &#8220;Psicologia da Personalidade&#8221; junto ao Departamento de Aprendizagem, Desenvolvimento e Personalidade do IP-USP (1991). Professor do Instituto de Psicologia da USP (1972-1992). Foi Professor Titular do Departamento de Psicologia Cl\u00ednica da UnB (1996-2010). Trabalhou como Psicoterap\u00eauta em consult\u00f3rio particular, de 1972 a 1985, em S\u00e3o Paulo, Capital. Foi Membro do Conselho Federal de Psicologia (1979-1982). Foi Editor da Revista &#8220;Psicologia: Teoria e Pesquisa&#8221;, Coordenador do Programa de P\u00f3s-Gradua\u00e7\u00e3o em Psicologia do IP-UnB (2005-2008), e Diretor da Editora Universidade de Bras\u00edlia (2008-2010). \u00c9 Membro da Academia Paulista de Psicologia (Cadeira n. 06) E, Membro do GT de Hist\u00f3ria da Psicologia da ANPEPP.<\/p>\n<p>&nbsp;<\/p>\n","protected":false},"excerpt":{"rendered":"<p>Lattes Linhas de Pesquisa: hist\u00f3ria da psicologia, a filosofia de Wittgenstein, epistemologia da psicologia, cl\u00ednica e cultura. Tem artigos publicados sobre Wittgenstein na \u00c1ustria, Alemanha, Espanha, Portugal, e Brasil. Psic\u00f3logo, Bacharel, e Licenciado em Psicologia pela Universidade de S\u00e3o Paulo (1971). Mestrado em Psicologia Escolar pelo IP-USP (1977). Doutor em Psicologia pelo IP-USP (1986). Livre [&hellip;]<\/p>\n","protected":false},"author":2,"featured_media":0,"parent":0,"menu_order":0,"comment_status":"closed","ping_status":"closed","template":"","meta":{"_acf_changed":false,"footnotes":""},"categories":[464],"tags":[],"class_list":["post-23001","page","type-page","status-publish","hentry","category-colaboraram-conosco"],"acf":[],"jetpack_sharing_enabled":true,"_links":{"self":[{"href":"https:\/\/www.ip.usp.br\/site\/wp-json\/wp\/v2\/pages\/23001","targetHints":{"allow":["GET"]}}],"collection":[{"href":"https:\/\/www.ip.usp.br\/site\/wp-json\/wp\/v2\/pages"}],"about":[{"href":"https:\/\/www.ip.usp.br\/site\/wp-json\/wp\/v2\/types\/page"}],"author":[{"embeddable":true,"href":"https:\/\/www.ip.usp.br\/site\/wp-json\/wp\/v2\/users\/2"}],"replies":[{"embeddable":true,"href":"https:\/\/www.ip.usp.br\/site\/wp-json\/wp\/v2\/comments?post=23001"}],"version-history":[{"count":3,"href":"https:\/\/www.ip.usp.br\/site\/wp-json\/wp\/v2\/pages\/23001\/revisions"}],"predecessor-version":[{"id":23373,"href":"https:\/\/www.ip.usp.br\/site\/wp-json\/wp\/v2\/pages\/23001\/revisions\/23373"}],"wp:attachment":[{"href":"https:\/\/www.ip.usp.br\/site\/wp-json\/wp\/v2\/media?parent=23001"}],"wp:term":[{"taxonomy":"category","embeddable":true,"href":"https:\/\/www.ip.usp.br\/site\/wp-json\/wp\/v2\/categories?post=23001"},{"taxonomy":"post_tag","embeddable":true,"href":"https:\/\/www.ip.usp.br\/site\/wp-json\/wp\/v2\/tags?post=23001"}],"curies":[{"name":"wp","href":"https:\/\/api.w.org\/{rel}","templated":true}]}}