{"id":23011,"date":"2018-09-04T09:44:15","date_gmt":"2018-09-04T12:44:15","guid":{"rendered":"https:\/\/www.ip.usp.br\/site\/?page_id=23011"},"modified":"2018-09-04T14:17:51","modified_gmt":"2018-09-04T17:17:51","slug":"raquel-lea-rosemberg","status":"publish","type":"page","link":"https:\/\/www.ip.usp.br\/site\/raquel-lea-rosemberg\/","title":{"rendered":"Raquel Lea Rosemberg"},"content":{"rendered":"<div>\n<p><img decoding=\"async\" class=\"alignleft size-full wp-image-23009\" src=\"https:\/\/www.ip.usp.br\/site\/wp-content\/uploads\/2018\/09\/Raquel_Lea_Rosemberg.jpg\" alt=\"\" width=\"173\" height=\"180\" \/><em>Departamento de Psicologia da Aprendizagem, do Desenvolvimento e da Personalidade<\/em><\/p>\n<p>Dedicou-se \u00e0 vida acad\u00eamica, sempre na USP, onde realizou o curso de p\u00f3s-gradua\u00e7\u00e3o (1968\/1969). Doutorou-se em Psicologia pelo Instituto de Psicologia da USP, em 1973, defendendo a tese\u00a0Um Estudo da Percep\u00e7\u00e3o de Condi\u00e7\u00f5es Psicoter\u00e1picas em Grupos de Aconselhamento Psicol\u00f3gico.<br \/>\nSeu primeiro contato com Aconselhamento Psicol\u00f3gico foi durante a gradua\u00e7\u00e3o, com o Prof. Oswaldo de Barros\u00a0Santos. Provocada, desde ent\u00e3o, pela vis\u00e3o de\u00a0ser humano\u00a0no atendimento psicol\u00f3gico &#8211; por meio da Psicologia Humanista e da Abordagem Centrada na Pessoa, rec\u00e9m introduzida no Brasil -, criou com o Prof. Barros Santos, em 1969, o Servi\u00e7o de Aconselhamento Psicol\u00f3gico (SAP), que coincide com o per\u00edodo inicial do reconhecimento da profiss\u00e3o de psic\u00f3logo no Brasil, no delicado momento pol\u00edtico em que o pa\u00eds atravessava, em fun\u00e7\u00e3o do regime militar.<\/p>\n<p>Contratada como docente do Departamento de Psicologia Educacional da FFCL da USP em 1968, passou a integrar o Departamento de Psicologia da Aprendizagem, do Desenvolvimento e da Personalidade do Instituto de Psicologia da USP, criado em 1970. Neste per\u00edodo, desenvolveu trabalhos com superdotados e, a partir de 1974, dedicou-se especialmente ao atendimento psicoter\u00e1pico do idoso, tornando-se membro do Grupo de Planejamento e Coordena\u00e7\u00e3o do Centro de Gerontologia do Instituto Sedes Sapientiae. Em 1975, participou de uma experi\u00eancia em viv\u00eancia comunit\u00e1ria, pelo\u00a0Center for Studies of the Person\u00a0nos Estados Unidos, onde conheceu Carl Rogers. A partir de ent\u00e3o, o contato entre eles intensificou-se, com realiza\u00e7\u00e3o de workshops no Brasil e no mundo. Como incans\u00e1vel pesquisadora, tornou-se uma das respons\u00e1veis pelo desenvolvimento da ACP no Brasil. Em 1973, publicou\u00a0Psicologia dos Superdotados, de sua participa\u00e7\u00e3o efetiva com Rogers, surgiu\u00a0A Pessoa como Centro, em 1977 e, em 1987,\u00a0Aconselhamento Psicol\u00f3gico Centrado na Pessoa, com v\u00e1rios colaboradores do SAP-IPUSP, al\u00e9m da publica\u00e7\u00e3o de alguns artigos, como o aqui apresentado.<\/p>\n<p><strong>Refer\u00eancias:<\/strong><\/p>\n<p>Rogers, C. R., &amp; Rosenberg, R. L. (1977).\u00a0A pessoa como centro. S\u00e3o Paulo: E.P.U.<\/p>\n<p>Rosenberg, R. L. (1973).\u00a0Um estudo da percep\u00e7\u00e3o de condi\u00e7\u00f5es psicoter\u00e1picas em grupos de aconselhamento psicol\u00f3gico. Tese de Doutorado, Instituto de Psicologia, Universidade de S\u00e3o Paulo, S\u00e3o Paulo.<\/p>\n<p>Rosenberg, R. L. (1973).\u00a0Psicologia dos superdotados: identifica\u00e7\u00e3o, aconselhamento, orienta\u00e7\u00e3o. S\u00e3o Paulo: Jos\u00e9 Olympio.<\/p>\n<p>Rosenberg, R. L. (Org.). (1987). Aconselhamento psicol\u00f3gico centrado na pessoa. S\u00e3o Paulo: E.P.U.<\/p>\n<p>&nbsp;<\/p>\n<\/div>\n","protected":false},"excerpt":{"rendered":"<p>Departamento de Psicologia da Aprendizagem, do Desenvolvimento e da Personalidade Dedicou-se \u00e0 vida acad\u00eamica, sempre na USP, onde realizou o curso de p\u00f3s-gradua\u00e7\u00e3o (1968\/1969). Doutorou-se em Psicologia pelo Instituto de Psicologia da USP, em 1973, defendendo a tese\u00a0Um Estudo da Percep\u00e7\u00e3o de Condi\u00e7\u00f5es Psicoter\u00e1picas em Grupos de Aconselhamento Psicol\u00f3gico. Seu primeiro contato com Aconselhamento Psicol\u00f3gico [&hellip;]<\/p>\n","protected":false},"author":2,"featured_media":0,"parent":0,"menu_order":0,"comment_status":"closed","ping_status":"closed","template":"","meta":{"_acf_changed":false,"footnotes":""},"categories":[464],"tags":[],"class_list":["post-23011","page","type-page","status-publish","hentry","category-colaboraram-conosco"],"acf":[],"jetpack_sharing_enabled":true,"_links":{"self":[{"href":"https:\/\/www.ip.usp.br\/site\/wp-json\/wp\/v2\/pages\/23011","targetHints":{"allow":["GET"]}}],"collection":[{"href":"https:\/\/www.ip.usp.br\/site\/wp-json\/wp\/v2\/pages"}],"about":[{"href":"https:\/\/www.ip.usp.br\/site\/wp-json\/wp\/v2\/types\/page"}],"author":[{"embeddable":true,"href":"https:\/\/www.ip.usp.br\/site\/wp-json\/wp\/v2\/users\/2"}],"replies":[{"embeddable":true,"href":"https:\/\/www.ip.usp.br\/site\/wp-json\/wp\/v2\/comments?post=23011"}],"version-history":[{"count":4,"href":"https:\/\/www.ip.usp.br\/site\/wp-json\/wp\/v2\/pages\/23011\/revisions"}],"predecessor-version":[{"id":23296,"href":"https:\/\/www.ip.usp.br\/site\/wp-json\/wp\/v2\/pages\/23011\/revisions\/23296"}],"wp:attachment":[{"href":"https:\/\/www.ip.usp.br\/site\/wp-json\/wp\/v2\/media?parent=23011"}],"wp:term":[{"taxonomy":"category","embeddable":true,"href":"https:\/\/www.ip.usp.br\/site\/wp-json\/wp\/v2\/categories?post=23011"},{"taxonomy":"post_tag","embeddable":true,"href":"https:\/\/www.ip.usp.br\/site\/wp-json\/wp\/v2\/tags?post=23011"}],"curies":[{"name":"wp","href":"https:\/\/api.w.org\/{rel}","templated":true}]}}