{"id":23078,"date":"2018-09-04T10:43:46","date_gmt":"2018-09-04T13:43:46","guid":{"rendered":"https:\/\/www.ip.usp.br\/site\/?page_id=23078"},"modified":"2024-02-16T09:06:02","modified_gmt":"2024-02-16T12:06:02","slug":"walter-trinca","status":"publish","type":"page","link":"https:\/\/www.ip.usp.br\/site\/walter-trinca\/","title":{"rendered":"Walter Trinca"},"content":{"rendered":"<p><a href=\"http:\/\/lattes.cnpq.br\/1893053681983437\"><em>Lattes<\/em><\/a><\/p>\n<p><em>Departamento de Psicologia Cl\u00ednica<\/em><\/p>\n<p>Graduou-se em Psicologia pela Universidade de S\u00e3o Paulo em 1969. Desenvolveu seu mestrado em Psicologia Cl\u00ednica, sobre o tema \u201cInterpreta\u00e7\u00f5es de aspectos das teorias psicoter\u00e1picas de Freud e Rogers\u201d, obtendo o t\u00edtulo de mestre em 1970. Desenvolveu sua tese de doutorado, tamb\u00e9m na USP, sobre o tema \u201cO desenho livre como est\u00edmulo de apercep\u00e7\u00e3o tem\u00e1tica\u201d, obtendo o t\u00edtulo de doutor em 1973. Em 1982, foi aprovado em concurso de Livre-Doc\u00eancia no IPUSP com a tese \u201cFormas de pensamentos cl\u00ednicos em diagn\u00f3stico da personalidade\u201d. Em 1985, recebeu o t\u00edtulo de Professor Adjunto. Em 1988, tornou-se Professor Titular junto ao Departamento de Psicologia Cl\u00ednica do Instituto de Psicologia da USP, por concurso de t\u00edtulos e provas. Em 1984, foi qualificado como psicanalista pela Sociedade Brasileira de Psican\u00e1lise de S\u00e3o Paulo, da qual \u00e9 Membro Efetivo. \u00c9 Membro Efetivo da International Psychoanalytical Association. Em 1977 recebeu diploma do Conselho Federal de Psicologia por relevantes servi\u00e7os prestados \u00e0 classe dos psic\u00f3logos. Em<br \/>\n1978, recebeu diploma de \u201cHonra ao M\u00e9rito\u201d e, em 1979, Medalha \u201cCenten\u00e1rio da Psicologia Cient\u00edfica\u201d, ambos do Conselho Regional de Psicologia (6\u00aa Regi\u00e3o). \u00c9 Titular da Cadeira n\u00ba 40 da Academia Paulista de Psicologia. \u00c9 especialista em pesquisa, tendo orientado e supervisionado cerca de 80 projetos; entre os projetos pr\u00f3prios, contribuiu para a metodologia do diagn\u00f3stico psicol\u00f3gico, da psicoterapia e da psican\u00e1lise. Foi idealizador do Procedimento de Desenhos-Est\u00f3rias e do Procedimento de Desenhos de Fam\u00edlia com Est\u00f3rias, que contam com mais de 200 teses e disserta\u00e7\u00f5es realizadas a seu respeito ou com seu emprego (www.desenhos-estorias.com). Publicou<br \/>\nmais de 130 trabalhos cient\u00edficos em revistas especializadas, anais de congressos, cap\u00edtulos de livros e outros. Tem 23 livros publicados como autor ou organizador. Coordenou o Programa de P\u00f3s-Gradua\u00e7\u00e3o na \u00e1rea de Psicologia Cl\u00ednica de 1988 a 1992.<\/p>\n<p><strong>Linhas de pesquisas (principais):<\/strong><br \/>\n1. A organiza\u00e7\u00e3o do pensamento cl\u00ednico em psicodiagn\u00f3stico e em psicoterapia;<\/p>\n<p>2.Diagn\u00f3stico psicol\u00f3gico de tipo compreensivo;<\/p>\n<p>3. O ser interior e o self na Psican\u00e1lise Compreensiva;<\/p>\n<p>4. Fobia e p\u00e2nico em psican\u00e1lise;<\/p>\n<p>5. Psican\u00e1lise e expans\u00e3o de consci\u00eancia;<\/p>\n<p>6. Procedimento de Desenhos de Fam\u00edlia com Est\u00f3rias (DF-E);<\/p>\n<p>7.Procedimento de Desenhos-Est\u00f3rias (D-E).<\/p>\n<p><strong>Publica\u00e7\u00f5es selecionadas:<\/strong><br \/>\nTRINCA, W. (Org.) A organiza\u00e7\u00e3o do pensamento cl\u00ednico em psicoterapia. S\u00e3o Paulo: Vetor, 2023.<br \/>\nTRINCA, W. O \u00eaxtase das coisas: o destino imaterial do mundo real. S\u00e3o Paulo: Blucher, 2023.<br \/>\nTRINCA, W. Do niilismo ao amor \u00e0 vida: ser ou n\u00e3o ser. S\u00e3o Paulo: Blucher, 2022, 248 pp. [Tradu\u00e7\u00e3o em franc\u00eas: Du nihilisme \u00e0 l\u2019amour de la vie: \u00eatre ou ne pas \u00eatre. Trad. Pascal Reuillard. Paris : L\u2019Harmattan, 2022, 236 pp.].<br \/>\nTRINCA, W. (Org.) Formas l\u00fadicas de investiga\u00e7\u00e3o em psicologia: Procedimento de Desenhos-Est\u00f3rias e Procedimento de Desenhos de Fam\u00edlia com Est\u00f3rias. S\u00e3o Paulo: Vetor, 2020, 266 pp.<br \/>\nTRINCA, W. (Org.) Indagine psicodinamica della personalit\u00e0: Il Procedimento di Disegni-Storie e il Procedimento di Disegni di Famiglia com Storie. Trad. E. Marelli. Roma: Aracne Ed., 2015, 341 pp. [Tradu\u00e7\u00e3o em franc\u00eas: Investigation psychodynamique de la personnalit\u00e9 : Proc\u00e9d\u00e9 de Dessins-Histoires et Proc\u00e9d\u00e9 de Dessins de la Famille avec Histoires. Trad. Pascal Reuillard. Bruxelas: Mardaga, 2019, 371 pp.].<br \/>\nTRINCA, W. Uma imagem do mundo: realidade e imaterialidade. S\u00e3o Paulo. Blucher, 2019, 348 pp. {Tradu\u00e7\u00e3o em franc\u00eas: Une image du monde : r\u00e9alit\u00e9 et immat\u00e9rialit\u00e9. Trad. Pascal Reuillard. Paris: Publibook., 2022, 353 pp.].<br \/>\nTRINCA, W. As m\u00faltiplas faces do self. S\u00e3o Paulo: Vetor, 2016, 142 p. [Tradu\u00e7\u00e3o em franc\u00eas: Les multiples visages du self. Trad. Pascal Reuillard. Paris: L\u2019Harmattan, 2018, 183 pp. Tradu\u00e7\u00e3o em italiano: Le molteplici facce del self. Trad. E. Marelli. Roma: Aracne Ed., 2021, 180 pp.].<br \/>\nTRINCA, W. O ser interior na psican\u00e1lise: Fundamentos, modelos e processos. S\u00e3o Paulo (SP), Vetor, 378 pp, 2007 [Tradu\u00e7\u00e3o em franc\u00eas: L\u2019\u00eatre int\u00e9rieur dans la psychanalyse : fondements, mod\u00e8les, processus. Trad. Pascal Reuillard. Montr\u00e9al, Canad\u00e1, \u00c9d. Liber, 2011, 369 pp. Tradu\u00e7\u00e3o em italiano: L\u2019essere interiore nella psicanalisi: fondamenti, modelli e processi. Trad. L. Petronio e S. Grego. Roma: Aracne Ed., 2014, 473 pp.].<br \/>\nTRINCA, W. Psican\u00e1lise compreensiva: uma concep\u00e7\u00e3o de conjunto. S\u00e3o Paulo, Vetor, 2011, 434 pp. [Tradu\u00e7\u00e3o em franc\u00eas: Psychanalyse comprehensive : une conception d\u2019ensemble. Trad. Pascal Reuillard. Paris: L\u2019Harmattan, 2016, 312 p. Tradu\u00e7\u00e3o em italiano: Psicanalisi Comprensiva: una visione d\u2019insieme. Trad. L. Petronio. Roma: Aracne Ed., 2020, 356 p.].<br \/>\nTRINCA, W. Viagem ao cora\u00e7\u00e3o do mundo: a apreens\u00e3o da imaterialidade. S\u00e3o Paulo: Vetor, 2014, 176 pp. [Tradu\u00e7\u00e3o em franc\u00eas: Voyage au c\u0153ur du monde : l\u2019appr\u00e9hension de l\u2019immat\u00e9rialit\u00e9. Trad. Pascal Reuillard. Paris, Publibook, 2017, 161 pp.].<br \/>\nTRINCA, W. Formas compreensivas de investiga\u00e7\u00e3o psicol\u00f3gica: Procedimento de Desenhos-Est\u00f3rias e Procedimento de Desenhos de Fam\u00edlia com Est\u00f3rias. S\u00e3o Paulo, Vetor, 2013, 374 pp.<br \/>\nTRINCA, W. Procedimento de Desenhos-Est\u00f3rias: formas derivadas, desenvolvimentos e expans\u00f5es. S\u00e3o Paulo, Vetor, 2013, 367 pp.<br \/>\nTRINCA, W. A arte interior do psicanalista. 2. ed. S\u00e3o Paulo, Vetor, 2012, 186 p. e Tradu\u00e7\u00e3o em franc\u00eas: L\u2019Art int\u00e9rieur du psychanalyste. Trad. Pascal Reuillard. Paris: L\u2019Harmattan, 2019, 195 pp.<br \/>\nTRINCA, W. (Org.) Formas de investiga\u00e7\u00e3o cl\u00ednica em psicologia: Procedimento de Desenhos-Est\u00f3rias e Procedimento de Desenhos de Fam\u00edlia com Est\u00f3rias. S\u00e3o Paulo, Vetor, 1997, 292 pp.<br \/>\nTRINCA, W. O fil\u00f3sofo ou a procura do encanto da vida. S\u00e3o Paulo, Lemos, 1997, 263 pp,. [Tradu\u00e7\u00e3o em franc\u00eas: Le Philosophe ou \u00e0 la rencontre de l\u2019enchantement de la vie. Trad. Pascal Reuillard. Paris: Publibook, 2015, 355 pp.].<br \/>\nTRINCA, W. Psican\u00e1lise e transfigura\u00e7\u00e3o: A et\u00e9rea leveza da experi\u00eancia. 2\u00aa ed. S\u00e3o Paulo (SP), Vetor, 202 pp, 2006 [Tradu\u00e7\u00e3o em franc\u00eas: La l\u00e9g\u00e8ret\u00e9 \u00e9th\u00e9r\u00e9e de l\u2019exp\u00e9rience : psychanalyse et transfiguration. Paris, L\u2019Harmattan, 225 pp, 2013.].<br \/>\nTRINCA, W. Fobia e p\u00e2nico em psican\u00e1lise. S\u00e3o Paulo (SP), Vetor, 131 pp, 1997. [Tradu\u00e7\u00e3o em italiano: Fobia e panico in psicanalisi. Trad. L. Petronio e M. C. Fraga. Roma, It\u00e1lia, Aracne Ed., 2011, 80 pp.].<br \/>\nTRINCA, W. (Org.) Diagn\u00f3stico psicol\u00f3gico: A pr\u00e1tica cl\u00ednica. 2\u00aa ed. S\u00e3o Paulo: Vetor, 2022. 184 p.<br \/>\nTRINCA, W. O pensamento cl\u00ednico em diagn\u00f3stico da personalidade. 3. ed. S\u00e3o Paulo, Vetor, 2010, 230 pp.<br \/>\nTRINCA, W. O espa\u00e7o mental do homem novo. 2\u00aa ed. S\u00e3o Paulo (SP), Vetor, 2008,144 pp.<br \/>\nTRINCA, W. Psican\u00e1lise e expans\u00e3o de consci\u00eancia: apontamentos para o novo mil\u00eanio. S\u00e3o Paulo, Vetor, 1999, 148 pp.<br \/>\nTRINCA, W. Quase poesia. S\u00e3o Paulo, Vetor, 2010, 51 pp. (Novos Temas).<br \/>\nTRINCA, W. Investiga\u00e7\u00e3o cl\u00ednica da personalidade: O desenho livre como est\u00edmulo de apercep\u00e7\u00e3o tem\u00e1tica. 3\u00aa ed. S\u00e3o Paulo (SP) EPU, 2003, 154 pp.<br \/>\nTRINCA, W. A personalidade f\u00f3bica: uma aproxima\u00e7\u00e3o psicanal\u00edtica. 2. ed. S\u00e3o Paulo, Vetor, 2006, 148 pp.<br \/>\nTRINCA, W. Dreams, psychic mobility and inner being. Free Associations. Londres, 8 Part 4 (48), p. 562-575, 2001.<br \/>\nARCARO, N.T., HERZSBERG, E. &amp;amp; TRINCA, W. O psicodiagn\u00f3stico infantil no atendimento psicol\u00f3gico a popula\u00e7\u00f5es carentes. Revista Iberoamerica de Diagn\u00f3stico y Evaluaci\u00f3n Psicol\u00f3gica, Salamanca, v. 1, 1999, pp. 37-52 (psicodiagcrian.pdf).<br \/>\nTRINCA W. &amp;amp; BARONE, L. M. C. El procedimiento de los dibujos-historias en la evaluaci\u00f3n de las dificultades de aprendijzaje. In: BOSSA, N. A. y OLIVEIRA, V. B. (Org.). Evaluaci\u00f3n psicopedag\u00f3gica de 7 a 11 an\u00f5s: Evoluci\u00f3n, autonomia, comportamiento, relaciones. Madri: Narcea, 2001, v., pp. 43-74.<br \/>\nTRINCA, W. A pesquisa em psican\u00e1lise como uma seq\u00fc\u00eancia de movimentos criativos. Revista de Psicologia Hospitalar. S\u00e3o Paulo, 9 (1), p. 9-13, 1999.<br \/>\nTRINCA, W. Considera\u00e7\u00f5es sobre um modelo de pesquisa em psican\u00e1lise. Psych\u00ea Revista de Psican\u00e1lise. Centro de Estudos e Pesquisa em Psican\u00e1lise. S\u00e3o Paulo, 6 (10), p. 195-204, 2002.<br \/>\nTRINCA, W. A dimens\u00e3o do ser na vida mental. Revista Brasileira de Psican\u00e1lise. S\u00e3o Paulo: v. 57, n\u00ba 1, pp.117-130, 2023.<\/p>\n<p>&nbsp;<\/p>\n","protected":false},"excerpt":{"rendered":"<p>Lattes Departamento de Psicologia Cl\u00ednica Graduou-se em Psicologia pela Universidade de S\u00e3o Paulo em 1969. Desenvolveu seu mestrado em Psicologia Cl\u00ednica, sobre o tema \u201cInterpreta\u00e7\u00f5es de aspectos das teorias psicoter\u00e1picas de Freud e Rogers\u201d, obtendo o t\u00edtulo de mestre em 1970. Desenvolveu sua tese de doutorado, tamb\u00e9m na USP, sobre o tema \u201cO desenho livre [&hellip;]<\/p>\n","protected":false},"author":2,"featured_media":0,"parent":0,"menu_order":0,"comment_status":"closed","ping_status":"closed","template":"","meta":{"_acf_changed":false,"footnotes":""},"categories":[464],"tags":[],"class_list":["post-23078","page","type-page","status-publish","hentry","category-colaboraram-conosco"],"acf":[],"jetpack_sharing_enabled":true,"_links":{"self":[{"href":"https:\/\/www.ip.usp.br\/site\/wp-json\/wp\/v2\/pages\/23078","targetHints":{"allow":["GET"]}}],"collection":[{"href":"https:\/\/www.ip.usp.br\/site\/wp-json\/wp\/v2\/pages"}],"about":[{"href":"https:\/\/www.ip.usp.br\/site\/wp-json\/wp\/v2\/types\/page"}],"author":[{"embeddable":true,"href":"https:\/\/www.ip.usp.br\/site\/wp-json\/wp\/v2\/users\/2"}],"replies":[{"embeddable":true,"href":"https:\/\/www.ip.usp.br\/site\/wp-json\/wp\/v2\/comments?post=23078"}],"version-history":[{"count":10,"href":"https:\/\/www.ip.usp.br\/site\/wp-json\/wp\/v2\/pages\/23078\/revisions"}],"predecessor-version":[{"id":45531,"href":"https:\/\/www.ip.usp.br\/site\/wp-json\/wp\/v2\/pages\/23078\/revisions\/45531"}],"wp:attachment":[{"href":"https:\/\/www.ip.usp.br\/site\/wp-json\/wp\/v2\/media?parent=23078"}],"wp:term":[{"taxonomy":"category","embeddable":true,"href":"https:\/\/www.ip.usp.br\/site\/wp-json\/wp\/v2\/categories?post=23078"},{"taxonomy":"post_tag","embeddable":true,"href":"https:\/\/www.ip.usp.br\/site\/wp-json\/wp\/v2\/tags?post=23078"}],"curies":[{"name":"wp","href":"https:\/\/api.w.org\/{rel}","templated":true}]}}