{"id":23593,"date":"2018-09-05T11:39:58","date_gmt":"2018-09-05T14:39:58","guid":{"rendered":"https:\/\/www.ip.usp.br\/site\/?page_id=23593"},"modified":"2018-09-05T14:05:34","modified_gmt":"2018-09-05T17:05:34","slug":"avelino-ing","status":"publish","type":"page","link":"https:\/\/www.ip.usp.br\/site\/avelino-ing\/","title":{"rendered":"Avelino Luiz Rodrigues"},"content":{"rendered":"<table style=\"border-collapse: collapse;width: 100%\" border=\"0\">\n<tbody>\n<tr>\n<td style=\"width: 93.5332%\"><\/td>\n<td style=\"width: 1.98392%\"><a href=\"https:\/\/www.ip.usp.br\/site\/avelino-luiz-rodrigues\/\" rel=\"noopener\"><img decoding=\"async\" class=\"alignnone wp-image-19624 size-full\" src=\"https:\/\/www.ip.usp.br\/site\/wp-content\/uploads\/2018\/08\/br.gif\" alt=\"\" width=\"20\" height=\"14\" \/><\/a><\/td>\n<td style=\"width: 2.15732%\"><a href=\"https:\/\/www.ip.usp.br\/site\/avelino-luiz-rodrigues\/\"><img decoding=\"async\" class=\"alignnone size-full wp-image-19623\" src=\"https:\/\/www.ip.usp.br\/site\/wp-content\/uploads\/2018\/08\/es.gif\" alt=\"\" width=\"20\" height=\"14\" \/><\/a><\/td>\n<td style=\"width: 2.32556%\"><a href=\"https:\/\/www.ip.usp.br\/site\/avelino-ing\/\"><img decoding=\"async\" class=\"alignnone wp-image-19626\" src=\"https:\/\/www.ip.usp.br\/site\/wp-content\/uploads\/2018\/08\/us.gif\" alt=\"\" width=\"17\" height=\"12\" \/><\/a><\/td>\n<\/tr>\n<\/tbody>\n<\/table>\n<p>IPUSP Community &#8211; Docentes &#8211; Avelino Luiz Rodrigues<br \/>\n<a href=\"mailto:avelino_luiz@uol.com.br\">avelino_luiz@uol.com.br<\/a><\/p>\n<ul style=\"list-style-type: square\">\n<li>Professor Ph.D, Department of Clinical Psychology<\/li>\n<li>Doctoral Degree in Social Psychology, from the Social Psychology Post-Graduate Program at Pontif\u00edcia Universidade Cat\u00f3lica of S\u00e3o Paulo (1998)<\/li>\n<\/ul>\n<p><strong>Medical Degree, Psychiatry Specialist &#8211; Brazilian Medical Association \/ Brazilian Psychiatry Association<\/strong><br \/>\nThe Professor has been working for 30 years on research and lecture courses concerning the interaction between Mind-Body and Brain-Mind, on the following fields of study: Psychosomatics and Psychoneurology, which are regarded as fields of study that aim at an interface between Natural Sciences and Human Sciences and seek for the construction of a process that promotes a dialogue between the Health, Biological and Psychological Sciences of Psychodynamic Orientation.<\/p>\n<p>Within this perspective, Psychosomatics is regarded as a field of study which aims at an interface between the Humanistic and the Biological Perspectives. This is an approach which entails the observation and comprehension of the human being via a bio-psycho-social perspective. Amongst its main orientation guidelines is Interdisciplinarity- which is understood as a social process in which the approximation between possible disciplinary frontiers is sought. It aims at establishing a dialogue as well as developing an interdisciplinary language, which must be consensually built by the scientists and the study of the sociopsychosomatic connections between health and illness via a 2-fold vortex: Biology and Biography.<\/p>\n<p>The interventions- research and practices &#8211; related to the promotion of health services must be carried out through this perspective. In addition, Psychoneurology (a field focused on the brain\/mind interaction) proposes the investigation and intervention on the human being who suffers from lesional, functional or neurological pathologies. This vision implies that the human being is to be regarded as a subject and not only an object of nature. Thus, these pathologies, which are the object of investigation and intervention of this field, must be studied beyond the expression of neurologic deficit symptoms. Therefore, the psychic life of a subject is well considered. This means that the conscious and unconscious psyches are taken into account. In order to apprehend the concept of such an interface, adhering to interdisciplinarity is paramount.<\/p>\n<p><strong>Academic\/Professional Background<\/strong><br \/>\nUndergraduate degree in Medicine &#8211; Escola de Ci\u00eancias M\u00e9dicas de Volta Redonda (1975), Psychyatry Specialist Degree &#8211; Universidade do Estado do Rio de Janeiro (1978) , Psychosomatics Specialist Degree &#8211; Instituto Brasileiro de Estudos e Pesquisas de Gastroenterologia (1978) , Doctoral Degree in Psychology (Social Psychology) from Pontif\u00edcia Universidade Cat\u00f3lica de S\u00e3o Paulo (1998) and Specialization in Psychiatry &#8211; Hospital Pedro Alc\u00e2ntara (1975) . The Professor is currently a member of the Gastroenterology Institute of S\u00e3o Paulo*( Instituto de Gastroenterologia de S\u00e3o Paulo), holds a private practice, is a member of the Brazilian Psychiatry Association*( Associa\u00e7\u00e3o Brasileira de Psiquiatria), a member of the Brazilian Association of Psychosomatic Medicine* ( Associa\u00e7\u00e3o Brasileira de Medicina Psicossom\u00e1tica),a member of the Paulista Medical Association *(Associa\u00e7\u00e3o Paulista de Medicina) and a Faculty Professor at Universidade de S\u00e3o Paulo. The professor holds experience in the Medical field, particularly in Psychiatry and works mainly with the following topics: stress, burn-out, Medicine.<\/p>\n","protected":false},"excerpt":{"rendered":"<p>IPUSP Community &#8211; Docentes &#8211; Avelino Luiz Rodrigues avelino_luiz@uol.com.br Professor Ph.D, Department of Clinical Psychology Doctoral Degree in Social Psychology, from the Social Psychology Post-Graduate Program at Pontif\u00edcia Universidade Cat\u00f3lica of S\u00e3o Paulo (1998) Medical Degree, Psychiatry Specialist &#8211; Brazilian Medical Association \/ Brazilian Psychiatry Association The Professor has been working for 30 years on [&hellip;]<\/p>\n","protected":false},"author":14,"featured_media":0,"parent":0,"menu_order":0,"comment_status":"closed","ping_status":"closed","template":"","meta":{"_acf_changed":false,"footnotes":""},"categories":[523],"tags":[],"class_list":["post-23593","page","type-page","status-publish","hentry","category-department-of-clinical-psychology"],"acf":[],"jetpack_sharing_enabled":true,"_links":{"self":[{"href":"https:\/\/www.ip.usp.br\/site\/wp-json\/wp\/v2\/pages\/23593","targetHints":{"allow":["GET"]}}],"collection":[{"href":"https:\/\/www.ip.usp.br\/site\/wp-json\/wp\/v2\/pages"}],"about":[{"href":"https:\/\/www.ip.usp.br\/site\/wp-json\/wp\/v2\/types\/page"}],"author":[{"embeddable":true,"href":"https:\/\/www.ip.usp.br\/site\/wp-json\/wp\/v2\/users\/14"}],"replies":[{"embeddable":true,"href":"https:\/\/www.ip.usp.br\/site\/wp-json\/wp\/v2\/comments?post=23593"}],"version-history":[{"count":8,"href":"https:\/\/www.ip.usp.br\/site\/wp-json\/wp\/v2\/pages\/23593\/revisions"}],"predecessor-version":[{"id":23649,"href":"https:\/\/www.ip.usp.br\/site\/wp-json\/wp\/v2\/pages\/23593\/revisions\/23649"}],"wp:attachment":[{"href":"https:\/\/www.ip.usp.br\/site\/wp-json\/wp\/v2\/media?parent=23593"}],"wp:term":[{"taxonomy":"category","embeddable":true,"href":"https:\/\/www.ip.usp.br\/site\/wp-json\/wp\/v2\/categories?post=23593"},{"taxonomy":"post_tag","embeddable":true,"href":"https:\/\/www.ip.usp.br\/site\/wp-json\/wp\/v2\/tags?post=23593"}],"curies":[{"name":"wp","href":"https:\/\/api.w.org\/{rel}","templated":true}]}}