{"id":23634,"date":"2018-09-05T13:39:24","date_gmt":"2018-09-05T16:39:24","guid":{"rendered":"https:\/\/www.ip.usp.br\/site\/?page_id=23634"},"modified":"2018-09-05T14:06:53","modified_gmt":"2018-09-05T17:06:53","slug":"edwiges-ing","status":"publish","type":"page","link":"https:\/\/www.ip.usp.br\/site\/edwiges-ing\/","title":{"rendered":"Edwiges Ferreira de Mattos Silvares"},"content":{"rendered":"<table style=\"border-collapse: collapse;width: 100%\" border=\"0\">\n<tbody>\n<tr>\n<td style=\"width: 93.7455%\"><\/td>\n<td style=\"width: 2.09008%\"><a href=\"https:\/\/www.ip.usp.br\/site\/edwiges-ferreira-de-mattos-silvares\/\"><img decoding=\"async\" class=\"alignnone size-full wp-image-19624\" src=\"https:\/\/www.ip.usp.br\/site\/wp-content\/uploads\/2018\/08\/br.gif\" alt=\"\" width=\"20\" height=\"14\" \/><\/a><\/td>\n<td style=\"width: 2.15731%\"><a href=\"https:\/\/www.ip.usp.br\/site\/edwiges-ferreira-de-mattos-silvares\/\"><img decoding=\"async\" class=\"alignnone size-full wp-image-19623\" src=\"https:\/\/www.ip.usp.br\/site\/wp-content\/uploads\/2018\/08\/es.gif\" alt=\"\" width=\"20\" height=\"14\" \/><\/a><\/td>\n<td style=\"width: 2.0071%\"><a href=\"https:\/\/www.ip.usp.br\/site\/edwiges-ing\"><img decoding=\"async\" class=\"alignnone size-full wp-image-19626\" src=\"https:\/\/www.ip.usp.br\/site\/wp-content\/uploads\/2018\/08\/us.gif\" alt=\"\" width=\"20\" height=\"14\" \/><\/a><\/td>\n<\/tr>\n<\/tbody>\n<\/table>\n<p>IPUSP Community &#8211; Docentes &#8211; Edwiges Ferreira de Mattos Silvares<br \/>\n<a href=\"mailto:efdmsilv@usp.br\">efdmsilv@usp.br<\/a><\/p>\n<ul style=\"list-style-type: square\">\n<li>Professor Ph.D, Department of Clinical Psychology<\/li>\n<li>Master\u2019s Degree &#8211; Northeastern University, Boston, U.S.A. (1972)<\/li>\n<li>Doctoral Degree (1981) &#8211; Instituto de Psicologia, USP<\/li>\n<\/ul>\n<p><strong>Behaviorist Therapy, Communitarian and Preventive Psychology, Clinical Practice at the School-Clinics, Enuresis<\/strong><br \/>\nSince the beginning of my research at Universidade de S\u00e3o Paulo my main interest has been to work with the families who seek the School-Clinic at the Department of Clinical Psychology of IPUSP and other School-Clinics across the country. Thus, I have developed &#8211; with undergraduate and postgraduate students &#8211; various research projects on children\u2019s behavioral and socio-economical description at different higher education Psychology Institutions in several Brazilian states. Between 2003 and 2005, The data acquired from the first client-chart studies was confirmed by the data obtained from a single reception screening questionnaire: the child-behavior verification checklist (CBCL), which was used in five Brazilian school clinics.<\/p>\n<p>This work has allowed the possibility of setting behaviorist clinical strategies, which on the one hand caters for the students\u2019 qualification and on the other hand assures the best-quality clinical care for the children who seek the Brazilian Psychology school-clinics. Thus, our postgraduate students \u2018work deserve a mention. Their work, as well as ours, is a constitutive part of the Communitarian and Preventive Psychology Fields: Twenty Scientific Investigations have been defended (five Master\u2019s thesis and eight doctoral theses).<\/p>\n<p>Currently, after the creation of the national urine alarm at the Behaviorist Therapy Lab, I have developed research projects which aim at new forms of behaviorist psychological treatment at the school-clinics to cater for a complaint: monosymptomatic nocturnal enuresis. Countless research studies on this area (in coauhorship of students and colleagues) have been published, aside from four dissertations.<\/p>\n<p>Two books on this approach stand out, one edited by me and published by Papirus (Estudos de caso em Psicologia Clinica comportamental infantil, which is on its third edition already) and another one which I\u2019ve written in coauthorship with Dra. Maura Nunes Alves Gongora, published by Edicon (Psicologia Cl\u00ednica Comportamental: a inser\u00e7\u00e3o da entrevista com adultos e com crian\u00e7as) . I have organized yet another book which is to be published this year by Editora Al\u00ednea (Atendimento psicol\u00f3gico em clinicas-escola).<\/p>\n<p><strong>Academic\/Professional Background<\/strong><br \/>\nUndergraduate Degree in Psychology &#8211; Universidade de S\u00e3o Paulo (1969); Master\u2019s Degree in Experimental Psychology &#8211; Northeastern University (1974);Doctoral Degree in Psychology (Experimental Psychology) &#8211; Universidade de S\u00e3o Paulo (1981). The professor is currently an academic supervisor at Universidade de S\u00e3o Paulo where she holds the post of Full Professor and vice-director of the Psychology Institute. The Professor is also an Academic Supervisor for Master\u2019s and Doctoral Programs at Universidade Federal de S\u00e3o Paulo. She is an experienced professional on the Psychology field , particularly in Psychological Treatment and Prevention and has worked mainly on the following areas: school-clinics, behavioral evaluation, psychology clinical practice, enuresis and child behavior.<\/p>\n","protected":false},"excerpt":{"rendered":"<p>IPUSP Community &#8211; Docentes &#8211; Edwiges Ferreira de Mattos Silvares efdmsilv@usp.br Professor Ph.D, Department of Clinical Psychology Master\u2019s Degree &#8211; Northeastern University, Boston, U.S.A. (1972) Doctoral Degree (1981) &#8211; Instituto de Psicologia, USP Behaviorist Therapy, Communitarian and Preventive Psychology, Clinical Practice at the School-Clinics, Enuresis Since the beginning of my research at Universidade de S\u00e3o [&hellip;]<\/p>\n","protected":false},"author":14,"featured_media":0,"parent":0,"menu_order":0,"comment_status":"closed","ping_status":"closed","template":"","meta":{"_acf_changed":false,"footnotes":""},"categories":[523],"tags":[],"class_list":["post-23634","page","type-page","status-publish","hentry","category-department-of-clinical-psychology"],"acf":[],"jetpack_sharing_enabled":true,"_links":{"self":[{"href":"https:\/\/www.ip.usp.br\/site\/wp-json\/wp\/v2\/pages\/23634","targetHints":{"allow":["GET"]}}],"collection":[{"href":"https:\/\/www.ip.usp.br\/site\/wp-json\/wp\/v2\/pages"}],"about":[{"href":"https:\/\/www.ip.usp.br\/site\/wp-json\/wp\/v2\/types\/page"}],"author":[{"embeddable":true,"href":"https:\/\/www.ip.usp.br\/site\/wp-json\/wp\/v2\/users\/14"}],"replies":[{"embeddable":true,"href":"https:\/\/www.ip.usp.br\/site\/wp-json\/wp\/v2\/comments?post=23634"}],"version-history":[{"count":2,"href":"https:\/\/www.ip.usp.br\/site\/wp-json\/wp\/v2\/pages\/23634\/revisions"}],"predecessor-version":[{"id":23650,"href":"https:\/\/www.ip.usp.br\/site\/wp-json\/wp\/v2\/pages\/23634\/revisions\/23650"}],"wp:attachment":[{"href":"https:\/\/www.ip.usp.br\/site\/wp-json\/wp\/v2\/media?parent=23634"}],"wp:term":[{"taxonomy":"category","embeddable":true,"href":"https:\/\/www.ip.usp.br\/site\/wp-json\/wp\/v2\/categories?post=23634"},{"taxonomy":"post_tag","embeddable":true,"href":"https:\/\/www.ip.usp.br\/site\/wp-json\/wp\/v2\/tags?post=23634"}],"curies":[{"name":"wp","href":"https:\/\/api.w.org\/{rel}","templated":true}]}}