{"id":23652,"date":"2018-09-05T14:11:58","date_gmt":"2018-09-05T17:11:58","guid":{"rendered":"https:\/\/www.ip.usp.br\/site\/?page_id=23652"},"modified":"2018-09-05T14:11:58","modified_gmt":"2018-09-05T17:11:58","slug":"eva-maria-ing","status":"publish","type":"page","link":"https:\/\/www.ip.usp.br\/site\/eva-maria-ing\/","title":{"rendered":"Eva Maria Migliavacca"},"content":{"rendered":"<table style=\"border-collapse: collapse;width: 100%\" border=\"0\">\n<tbody>\n<tr>\n<td style=\"width: 93.7455%\"><\/td>\n<td style=\"width: 2.09008%\"><a href=\"https:\/\/www.ip.usp.br\/site\/eva-maria-migliavacca\/\"><img decoding=\"async\" class=\"alignnone wp-image-19624\" src=\"https:\/\/www.ip.usp.br\/site\/wp-content\/uploads\/2018\/08\/br.gif\" alt=\"\" width=\"20\" height=\"14\" \/><\/a><\/td>\n<td style=\"width: 2.15731%\"><a href=\"https:\/\/www.ip.usp.br\/site\/eva-maria-migliavacca\/\"><img decoding=\"async\" class=\"alignnone size-full wp-image-19623\" src=\"https:\/\/www.ip.usp.br\/site\/wp-content\/uploads\/2018\/08\/es.gif\" alt=\"\" width=\"20\" height=\"14\" \/><\/a><\/td>\n<td style=\"width: 2.0071%\"><a href=\"https:\/\/www.ip.usp.br\/site\/eva-maria-ing\"><img decoding=\"async\" class=\"alignnone size-full wp-image-19626\" src=\"https:\/\/www.ip.usp.br\/site\/wp-content\/uploads\/2018\/08\/us.gif\" alt=\"\" width=\"20\" height=\"14\" \/><\/a><\/td>\n<\/tr>\n<\/tbody>\n<\/table>\n<p>IPUSP Community &#8211; Docentes &#8211; Eva Maria Migliavacca<br \/>\n<a href=\"mailto:emiglia@usp.br\">emiglia@usp.br<\/a><\/p>\n<ul style=\"list-style-type: square\">\n<li>Associate Professor, Department of Clinical Psychology, Faculty Member, Psychology Institute, USP(2004)<\/li>\n<li>Professor Ph.D, Department of Clinical Psychology, USP (1992)<\/li>\n<\/ul>\n<p><strong>Individual Psychotherapy and Psychological Diagnosis<\/strong><br \/>\nMy theoretical referential for research, lectures, studies and clinical practice is Psychoanalysis. Within the University scenario, I have developed activities which encompass children, adolescents and adults \u2018psychotherapy and psychological diagnosis. Meanwhile, I have considered the contributions in other cultural areas of research, enriching and broadening, through interdisciplinarity both our speculations and practices. One of my fields of study and investigation is Greek Mythology, a source of knowledge concerning the human nature. Thus, it is my intention that the clinical research is able to benefit from broader sources, historically legitimated by contemporary science.<\/p>\n<p><strong>Academic\/Professional Background<\/strong><br \/>\nBachelors Degree in Psychology &#8211; Instituto de Psicologia da Universidade de S\u00e3o Paulo (1978), Undergraduate Degree in Psychology &#8211; \u00adInstituto de Psicologia da Universidade de S\u00e3o Paulo (1979), Master\u2019s Degree in Clinical Psychology &#8211; Instituto de Psicologia da Universidade de S\u00e3o Paulo (1987), Doctoral Degree in Clinical Psychology &#8211; Instituto de Psicologia da Universidade de S\u00e3o Paulo (1992) and Associate Professor in Clinical Psychology &#8211; Instituto de Psicologia da Universidade de S\u00e3o Paulo (2004). Currently holds an Associate Professor position at Universidade de S\u00e3o Paulo. Area of experience: Psychology, with emphasis on the following areas: Psychoanalysis, Clinical Psychology, Psychological Diagnosis, Mythology and Greek Tragedy.<\/p>\n","protected":false},"excerpt":{"rendered":"<p>IPUSP Community &#8211; Docentes &#8211; Eva Maria Migliavacca emiglia@usp.br Associate Professor, Department of Clinical Psychology, Faculty Member, Psychology Institute, USP(2004) Professor Ph.D, Department of Clinical Psychology, USP (1992) Individual Psychotherapy and Psychological Diagnosis My theoretical referential for research, lectures, studies and clinical practice is Psychoanalysis. Within the University scenario, I have developed activities which encompass [&hellip;]<\/p>\n","protected":false},"author":14,"featured_media":0,"parent":0,"menu_order":0,"comment_status":"closed","ping_status":"closed","template":"","meta":{"_acf_changed":false,"footnotes":""},"categories":[523],"tags":[],"class_list":["post-23652","page","type-page","status-publish","hentry","category-department-of-clinical-psychology"],"acf":[],"jetpack_sharing_enabled":true,"_links":{"self":[{"href":"https:\/\/www.ip.usp.br\/site\/wp-json\/wp\/v2\/pages\/23652","targetHints":{"allow":["GET"]}}],"collection":[{"href":"https:\/\/www.ip.usp.br\/site\/wp-json\/wp\/v2\/pages"}],"about":[{"href":"https:\/\/www.ip.usp.br\/site\/wp-json\/wp\/v2\/types\/page"}],"author":[{"embeddable":true,"href":"https:\/\/www.ip.usp.br\/site\/wp-json\/wp\/v2\/users\/14"}],"replies":[{"embeddable":true,"href":"https:\/\/www.ip.usp.br\/site\/wp-json\/wp\/v2\/comments?post=23652"}],"version-history":[{"count":1,"href":"https:\/\/www.ip.usp.br\/site\/wp-json\/wp\/v2\/pages\/23652\/revisions"}],"predecessor-version":[{"id":23653,"href":"https:\/\/www.ip.usp.br\/site\/wp-json\/wp\/v2\/pages\/23652\/revisions\/23653"}],"wp:attachment":[{"href":"https:\/\/www.ip.usp.br\/site\/wp-json\/wp\/v2\/media?parent=23652"}],"wp:term":[{"taxonomy":"category","embeddable":true,"href":"https:\/\/www.ip.usp.br\/site\/wp-json\/wp\/v2\/categories?post=23652"},{"taxonomy":"post_tag","embeddable":true,"href":"https:\/\/www.ip.usp.br\/site\/wp-json\/wp\/v2\/tags?post=23652"}],"curies":[{"name":"wp","href":"https:\/\/api.w.org\/{rel}","templated":true}]}}