{"id":23661,"date":"2018-09-05T14:26:47","date_gmt":"2018-09-05T17:26:47","guid":{"rendered":"https:\/\/www.ip.usp.br\/site\/?page_id=23661"},"modified":"2018-09-05T14:29:25","modified_gmt":"2018-09-05T17:29:25","slug":"helena-ing","status":"publish","type":"page","link":"https:\/\/www.ip.usp.br\/site\/helena-ing\/","title":{"rendered":"Helena Maria Sampaio Bicalho"},"content":{"rendered":"<table style=\"border-collapse: collapse;width: 100%\" border=\"0\">\n<tbody>\n<tr>\n<td style=\"width: 93.7455%\"><\/td>\n<td style=\"width: 2.09008%\"><a href=\"https:\/\/www.ip.usp.br\/site\/helena-maria-sampaio-bicalho\/\"><img decoding=\"async\" class=\"alignnone size-full wp-image-19624\" src=\"https:\/\/www.ip.usp.br\/site\/wp-content\/uploads\/2018\/08\/br.gif\" alt=\"\" width=\"20\" height=\"14\" \/><\/a><\/td>\n<td style=\"width: 2.15731%\"><a href=\"https:\/\/www.ip.usp.br\/site\/helena-maria-sampaio-bicalho\/\"><img decoding=\"async\" class=\"alignnone wp-image-19623\" src=\"https:\/\/www.ip.usp.br\/site\/wp-content\/uploads\/2018\/08\/es.gif\" alt=\"\" width=\"20\" height=\"14\" \/><\/a><\/td>\n<td style=\"width: 2.0071%\"><a href=\"https:\/\/www.ip.usp.br\/site\/helena-ing\"><img decoding=\"async\" class=\"alignnone size-full wp-image-19626\" src=\"https:\/\/www.ip.usp.br\/site\/wp-content\/uploads\/2018\/08\/us.gif\" alt=\"\" width=\"20\" height=\"14\" \/><\/a><\/td>\n<\/tr>\n<\/tbody>\n<\/table>\n<p>IPUSP Community &#8211; Docentes &#8211; Helena Maria Sampaio Bicalho<br \/>\n<a href=\"mailto:hbicalho@usp.br\">hbicalho@usp.br<\/a><\/p>\n<ul style=\"list-style-type: square\">\n<li>Doctoral Degree, Psychology Institute, USP (1990)<\/li>\n<\/ul>\n<p><strong>The Real within the Psychoanalytic Clinic: contributions to the Logics formalization for the investigations of the anguish in the direction of treatment*<\/strong><br \/>\nThis project aims at investigating the Real at stake in the psychoanalytic experience from the incidence of the anguish in the direction of treatment. Lacan\u2019s thesis \u201cThe anguish is not without having an object\u201d undergoes a change from his 10th Seminar \u201cThe Anguish\u201d onwards up to his \u201cRSI\u201d Seminar. This project investigates the formalization in Logics present in this shift of paradigms, and its consequences in the psychoanalytic clinic.<\/p>\n<p><strong>Selected Publications<strong><br \/>\n<\/strong><\/strong>Contribui\u00e7\u00f5es da Psican\u00e1lise para o estudo da gagueira\u201d I Ciclo de Palestras sobre Flu\u00eancia e seus Transtornos: \u201cGagueira e Multidisciplinaridade\u201d. Sociedade Brasileira de Fonoaudiologia. PUC-SP, November\/2005, S\u00e3o Paulo.<\/p>\n<p>Ang\u00fastia e Fantasia. V F\u00f3rum Nacional da AFCL e III Encontro da EPFCL \u2013 Brasil, Associa\u00e7\u00e3o F\u00f3runs do Campo Lacaniano e Escola de Psican\u00e1lise do F\u00f3runs do Campo Lacaniano. November\/2004, S\u00e3o Paulo.<\/p>\n<p>Ang\u00fastia e posi\u00e7\u00e3o feminina na dire\u00e7\u00e3o da an\u00e1lise, em um caso de histeria. Escola de Psican\u00e1lise do Campo Lacaniano. September\/2004, S\u00e3o Paulo.<\/p>\n<p>A Psicose no ensino de Lacan. Semin\u00e1rio do Campo Lacaniano. Escola de Psican\u00e1lise do Campo Lacaniano \u2013 F\u00f3rum S\u00e3o Paulo. August\/2004, Ribeir\u00e3o Preto \u2013 SP.<\/p>\n<p>Ang\u00fastia e Fen\u00f4menos Elementares na psicose. Escola de Psican\u00e1lise do Campo Lacaniano. August\/2004, S\u00e3o Paulo.<\/p>\n<p>BICALHO, H. Um desdobramento do conceito de letra no ensino de Lacan. In: JORNADAS DE LA FRONTERA. Atas. Foz de Igua\u00e7u, Escola Brasileira de Psican\u00e1lise\/Escuela de Orientaci\u00f3n Lacaniana, 1997. p.14-6.<\/p>\n<p>BICALHO, H.; NOGUEIRA, L.C.; ABE, J.M. Deux versants: le signifiant et l&#8217;objeta. In: RENCONTRE INTERNATIONALE DU CHAMP FREUDIEN, 8. Paris , 1994. Paris, Eolia, 1994. p.277-80. (A translation can be found on the Revista Psicologia USP , volume 15, n\u00famero 1\/2, 2004, p. 339-342)<\/p>\n<p>BICALHO, H.; ABE, J.M. As estrat\u00e9gias da transfer\u00eancia: suas incid\u00eancias na dire\u00e7\u00e3o da an\u00e1lise com crian\u00e7as. In: ENCONTRO LATINO-AMERICANO DE PSICAN\u00c1LISE COM CRIAN\u00c7AS PARA INSTITUI\u00c7\u00d5ES DO CAMPO FREUDIANO: AS ESTRAT\u00c9GIAS DA TRANSFER\u00caNCIA EM PSICAN\u00c1LISE COM CRIAN\u00c7AS , 4., S\u00e3o Paulo, 1991. Annals. S\u00e3o Paulo, s.ed., 1991. p. 133-45.<\/p>\n","protected":false},"excerpt":{"rendered":"<p>IPUSP Community &#8211; Docentes &#8211; Helena Maria Sampaio Bicalho hbicalho@usp.br Doctoral Degree, Psychology Institute, USP (1990) The Real within the Psychoanalytic Clinic: contributions to the Logics formalization for the investigations of the anguish in the direction of treatment* This project aims at investigating the Real at stake in the psychoanalytic experience from the incidence of [&hellip;]<\/p>\n","protected":false},"author":14,"featured_media":0,"parent":0,"menu_order":0,"comment_status":"closed","ping_status":"closed","template":"","meta":{"_acf_changed":false,"footnotes":""},"categories":[523],"tags":[],"class_list":["post-23661","page","type-page","status-publish","hentry","category-department-of-clinical-psychology"],"acf":[],"jetpack_sharing_enabled":true,"_links":{"self":[{"href":"https:\/\/www.ip.usp.br\/site\/wp-json\/wp\/v2\/pages\/23661","targetHints":{"allow":["GET"]}}],"collection":[{"href":"https:\/\/www.ip.usp.br\/site\/wp-json\/wp\/v2\/pages"}],"about":[{"href":"https:\/\/www.ip.usp.br\/site\/wp-json\/wp\/v2\/types\/page"}],"author":[{"embeddable":true,"href":"https:\/\/www.ip.usp.br\/site\/wp-json\/wp\/v2\/users\/14"}],"replies":[{"embeddable":true,"href":"https:\/\/www.ip.usp.br\/site\/wp-json\/wp\/v2\/comments?post=23661"}],"version-history":[{"count":1,"href":"https:\/\/www.ip.usp.br\/site\/wp-json\/wp\/v2\/pages\/23661\/revisions"}],"predecessor-version":[{"id":23662,"href":"https:\/\/www.ip.usp.br\/site\/wp-json\/wp\/v2\/pages\/23661\/revisions\/23662"}],"wp:attachment":[{"href":"https:\/\/www.ip.usp.br\/site\/wp-json\/wp\/v2\/media?parent=23661"}],"wp:term":[{"taxonomy":"category","embeddable":true,"href":"https:\/\/www.ip.usp.br\/site\/wp-json\/wp\/v2\/categories?post=23661"},{"taxonomy":"post_tag","embeddable":true,"href":"https:\/\/www.ip.usp.br\/site\/wp-json\/wp\/v2\/tags?post=23661"}],"curies":[{"name":"wp","href":"https:\/\/api.w.org\/{rel}","templated":true}]}}