{"id":23668,"date":"2018-09-05T14:40:49","date_gmt":"2018-09-05T17:40:49","guid":{"rendered":"https:\/\/www.ip.usp.br\/site\/?page_id=23668"},"modified":"2018-09-05T14:40:49","modified_gmt":"2018-09-05T17:40:49","slug":"isabel-ing","status":"publish","type":"page","link":"https:\/\/www.ip.usp.br\/site\/isabel-ing\/","title":{"rendered":"Isabel Cristina Gomes"},"content":{"rendered":"<table style=\"border-collapse: collapse;width: 100%\" border=\"0\">\n<tbody>\n<tr>\n<td style=\"width: 93.7455%\"><\/td>\n<td style=\"width: 2.09008%\"><a href=\"https:\/\/www.ip.usp.br\/site\/isabel-cristina-gomes\/\"><img decoding=\"async\" class=\"alignnone size-full wp-image-19624\" src=\"https:\/\/www.ip.usp.br\/site\/wp-content\/uploads\/2018\/08\/br.gif\" alt=\"\" width=\"20\" height=\"14\" \/><\/a><\/td>\n<td style=\"width: 2.15731%\"><a href=\"https:\/\/www.ip.usp.br\/site\/isabel-cristina-gomes\/\"><img decoding=\"async\" class=\"alignnone size-full wp-image-19623\" src=\"https:\/\/www.ip.usp.br\/site\/wp-content\/uploads\/2018\/08\/es.gif\" alt=\"\" width=\"20\" height=\"14\" \/><\/a><\/td>\n<td style=\"width: 2.0071%\"><a href=\"https:\/\/www.ip.usp.br\/site\/isabel-ing\"><img decoding=\"async\" class=\"alignnone size-full wp-image-19626\" src=\"https:\/\/www.ip.usp.br\/site\/wp-content\/uploads\/2018\/08\/us.gif\" alt=\"\" width=\"20\" height=\"14\" \/><\/a><\/td>\n<\/tr>\n<\/tbody>\n<\/table>\n<p>IPUSP Community &#8211; Docentes &#8211; Isabel Cristina Gomes<br \/>\n<a href=\"mailto:isagomes@usp.br\">isagomes@usp.br<\/a><\/p>\n<ul style=\"list-style-type: square\">\n<li>Associate Professor, Department of Clinical Psychology<\/li>\n<li>Doctoral Degree, Psychology Institute, USP (1998)<\/li>\n<\/ul>\n<p><strong>Family and Couple: From Diagnosis to Treatment<\/strong><br \/>\nThe areas of psychological diagnosis and treatment have always called my attention. Over the past years I have dedicated myself to the study of family diagnosis. I have also used the psychoanalytic psychotherapy referential with couples and families as a form of intervention and clinical research with this population; In addition, I have focused on the qualification of Undergraduate students in this form of clinical practice.<\/p>\n<p>Besides carrying out research on the influence of the couple\u2019s dynamics in the development of a child\u2019s symptom, we have been looking for an interface between Family and Couple Psychoanalysis and Psychosocial Studies with the intent of broadening the comprehension of the changes that have occurred from the traditional family model to the contemporary family model and the interconnections with the development of family symptoms. Thus, we also focus in a more profound study of the new family, marital and parental configurations and the relations amongst them.<\/p>\n<p><strong>Academic\/Professional Background<\/strong><br \/>\nUndergraduate Degree &#8211; Universidade de S\u00e3o Paulo (1980), Master\u2019s Degree in Social Psychology &#8211; Universidade de S\u00e3o Paulo (1990), Doctoral Degree in Social Psychology &#8211; Universidade de S\u00e3o Paulo (1996) and Faculty habilitation in Clinical Psychology &#8211; Universidade de S\u00e3o Paulo (2006). Currently holds the post of Associate Professor at Universidade de S\u00e3o Paulo. Area of experience: Psychology with emphasis in Psychological treatment and Prevention. The Professor works mainly on the following areas: Couples, psychoanalytic psychotherapy with couples, symptom, and family.<\/p>\n","protected":false},"excerpt":{"rendered":"<p>IPUSP Community &#8211; Docentes &#8211; Isabel Cristina Gomes isagomes@usp.br Associate Professor, Department of Clinical Psychology Doctoral Degree, Psychology Institute, USP (1998) Family and Couple: From Diagnosis to Treatment The areas of psychological diagnosis and treatment have always called my attention. Over the past years I have dedicated myself to the study of family diagnosis. I [&hellip;]<\/p>\n","protected":false},"author":14,"featured_media":0,"parent":0,"menu_order":0,"comment_status":"closed","ping_status":"closed","template":"","meta":{"_acf_changed":false,"footnotes":""},"categories":[523],"tags":[],"class_list":["post-23668","page","type-page","status-publish","hentry","category-department-of-clinical-psychology"],"acf":[],"jetpack_sharing_enabled":true,"_links":{"self":[{"href":"https:\/\/www.ip.usp.br\/site\/wp-json\/wp\/v2\/pages\/23668","targetHints":{"allow":["GET"]}}],"collection":[{"href":"https:\/\/www.ip.usp.br\/site\/wp-json\/wp\/v2\/pages"}],"about":[{"href":"https:\/\/www.ip.usp.br\/site\/wp-json\/wp\/v2\/types\/page"}],"author":[{"embeddable":true,"href":"https:\/\/www.ip.usp.br\/site\/wp-json\/wp\/v2\/users\/14"}],"replies":[{"embeddable":true,"href":"https:\/\/www.ip.usp.br\/site\/wp-json\/wp\/v2\/comments?post=23668"}],"version-history":[{"count":1,"href":"https:\/\/www.ip.usp.br\/site\/wp-json\/wp\/v2\/pages\/23668\/revisions"}],"predecessor-version":[{"id":23670,"href":"https:\/\/www.ip.usp.br\/site\/wp-json\/wp\/v2\/pages\/23668\/revisions\/23670"}],"wp:attachment":[{"href":"https:\/\/www.ip.usp.br\/site\/wp-json\/wp\/v2\/media?parent=23668"}],"wp:term":[{"taxonomy":"category","embeddable":true,"href":"https:\/\/www.ip.usp.br\/site\/wp-json\/wp\/v2\/categories?post=23668"},{"taxonomy":"post_tag","embeddable":true,"href":"https:\/\/www.ip.usp.br\/site\/wp-json\/wp\/v2\/tags?post=23668"}],"curies":[{"name":"wp","href":"https:\/\/api.w.org\/{rel}","templated":true}]}}