{"id":23674,"date":"2018-09-05T14:47:58","date_gmt":"2018-09-05T17:47:58","guid":{"rendered":"https:\/\/www.ip.usp.br\/site\/?page_id=23674"},"modified":"2018-09-05T14:47:58","modified_gmt":"2018-09-05T17:47:58","slug":"ivonise-ing","status":"publish","type":"page","link":"https:\/\/www.ip.usp.br\/site\/ivonise-ing\/","title":{"rendered":"Ivonise Fernandes da Motta"},"content":{"rendered":"<table style=\"border-collapse: collapse;width: 100%\" border=\"0\">\n<tbody>\n<tr>\n<td style=\"width: 93.7455%\"><\/td>\n<td style=\"width: 2.09008%\"><a href=\"https:\/\/www.ip.usp.br\/site\/ivonise-fernandes-da-motta\/\"><img decoding=\"async\" class=\"alignnone size-full wp-image-19624\" src=\"https:\/\/www.ip.usp.br\/site\/wp-content\/uploads\/2018\/08\/br.gif\" alt=\"\" width=\"20\" height=\"14\" \/><\/a><\/td>\n<td style=\"width: 2.15731%\"><a href=\"https:\/\/www.ip.usp.br\/site\/ivonise-fernandes-da-motta\/\"><img decoding=\"async\" class=\"alignnone size-full wp-image-19623\" src=\"https:\/\/www.ip.usp.br\/site\/wp-content\/uploads\/2018\/08\/es.gif\" alt=\"\" width=\"20\" height=\"14\" \/><\/a><\/td>\n<td style=\"width: 2.0071%\"><a href=\"https:\/\/www.ip.usp.br\/site\/ivonise-ing\"><img decoding=\"async\" class=\"alignnone size-full wp-image-19626\" src=\"https:\/\/www.ip.usp.br\/site\/wp-content\/uploads\/2018\/08\/us.gif\" alt=\"\" width=\"20\" height=\"14\" \/><\/a><\/td>\n<\/tr>\n<\/tbody>\n<\/table>\n<p>IPUSP Community &#8211; Docentes &#8211; Ivonise Fernandes da Motta<br \/>\n<a href=\"mailto:ivonise@usp.br\">ivonise@usp.br<\/a><\/p>\n<ul style=\"list-style-type: square\">\n<li>Professor Ph.D, Department of Clinical Psychology<\/li>\n<li>Doctoral Degree, Psychology Institute, USP (1992)<\/li>\n<\/ul>\n<p><strong>Preventive Clinical Psychology<\/strong><br \/>\nMy current line of research is Clinical Psychoanalytic Psychotherapy and its relation with one\u2019s psychic development. Broadening the knowledge of the successive and gradative steps which lie within the path from the state of psychic non-integration to psychic integration is a significant endeavor for those who dedicate themselves to daily psychotherapeutic work.<\/p>\n<p>The possibility of expanding and broadening the knowledge of one\u2019s psychic development may present us with new possibilities of psychotherapeutic intervention on developing children and adolescents, or on adults who seek for a psychic change. The current psychotherapeutic clinic\u2019s demands press for innovations which can encompass both the long-term psychoanalytic treatment and the shortened psychotherapies. It is my goal to continue working on this research perspective.<\/p>\n<p><strong>Academic\/Professional Background<\/strong><br \/>\nUndergraduate Degree in Psychology &#8211; Universidade de S\u00e3o Paulo (1976) , Master\u2019s Degree in Clinical Psychology &#8211; Universidade de S\u00e3o Paulo (1984) and Doctoral Degree in Clinical Psychology &#8211; Universidade de S\u00e3o Paulo (1992) . Currently holds the position of Professor Ph.D at Universidade de S\u00e3o Paulo and is a member of the N\u00facleo de Estudos da Subjetividade at Centro Universit\u00e1rio FIEO. Area of experience: Psychology with emphasis on Psychological Treatment and Prevention.<\/p>\n","protected":false},"excerpt":{"rendered":"<p>IPUSP Community &#8211; Docentes &#8211; Ivonise Fernandes da Motta ivonise@usp.br Professor Ph.D, Department of Clinical Psychology Doctoral Degree, Psychology Institute, USP (1992) Preventive Clinical Psychology My current line of research is Clinical Psychoanalytic Psychotherapy and its relation with one\u2019s psychic development. Broadening the knowledge of the successive and gradative steps which lie within the path [&hellip;]<\/p>\n","protected":false},"author":14,"featured_media":0,"parent":0,"menu_order":0,"comment_status":"closed","ping_status":"closed","template":"","meta":{"_acf_changed":false,"footnotes":""},"categories":[523],"tags":[],"class_list":["post-23674","page","type-page","status-publish","hentry","category-department-of-clinical-psychology"],"acf":[],"jetpack_sharing_enabled":true,"_links":{"self":[{"href":"https:\/\/www.ip.usp.br\/site\/wp-json\/wp\/v2\/pages\/23674","targetHints":{"allow":["GET"]}}],"collection":[{"href":"https:\/\/www.ip.usp.br\/site\/wp-json\/wp\/v2\/pages"}],"about":[{"href":"https:\/\/www.ip.usp.br\/site\/wp-json\/wp\/v2\/types\/page"}],"author":[{"embeddable":true,"href":"https:\/\/www.ip.usp.br\/site\/wp-json\/wp\/v2\/users\/14"}],"replies":[{"embeddable":true,"href":"https:\/\/www.ip.usp.br\/site\/wp-json\/wp\/v2\/comments?post=23674"}],"version-history":[{"count":1,"href":"https:\/\/www.ip.usp.br\/site\/wp-json\/wp\/v2\/pages\/23674\/revisions"}],"predecessor-version":[{"id":23676,"href":"https:\/\/www.ip.usp.br\/site\/wp-json\/wp\/v2\/pages\/23674\/revisions\/23676"}],"wp:attachment":[{"href":"https:\/\/www.ip.usp.br\/site\/wp-json\/wp\/v2\/media?parent=23674"}],"wp:term":[{"taxonomy":"category","embeddable":true,"href":"https:\/\/www.ip.usp.br\/site\/wp-json\/wp\/v2\/categories?post=23674"},{"taxonomy":"post_tag","embeddable":true,"href":"https:\/\/www.ip.usp.br\/site\/wp-json\/wp\/v2\/tags?post=23674"}],"curies":[{"name":"wp","href":"https:\/\/api.w.org\/{rel}","templated":true}]}}