{"id":23677,"date":"2018-09-05T15:04:12","date_gmt":"2018-09-05T18:04:12","guid":{"rendered":"https:\/\/www.ip.usp.br\/site\/?page_id=23677"},"modified":"2018-09-05T15:04:12","modified_gmt":"2018-09-05T18:04:12","slug":"jose-ing","status":"publish","type":"page","link":"https:\/\/www.ip.usp.br\/site\/jose-ing\/","title":{"rendered":"Jos\u00e9 Tolentino Rosa"},"content":{"rendered":"<table style=\"border-collapse: collapse;width: 100%\" border=\"0\">\n<tbody>\n<tr>\n<td style=\"width: 93.7455%\"><\/td>\n<td style=\"width: 2.09008%\"><a href=\"https:\/\/www.ip.usp.br\/site\/jose-tolentino-rosa\/\"><img decoding=\"async\" class=\"alignnone size-full wp-image-19624\" src=\"https:\/\/www.ip.usp.br\/site\/wp-content\/uploads\/2018\/08\/br.gif\" alt=\"\" width=\"20\" height=\"14\" \/><\/a><\/td>\n<td style=\"width: 2.15731%\"><a href=\"https:\/\/www.ip.usp.br\/site\/jose-tolentino-rosa\/\"><img decoding=\"async\" class=\"alignnone size-full wp-image-19623\" src=\"https:\/\/www.ip.usp.br\/site\/wp-content\/uploads\/2018\/08\/es.gif\" alt=\"\" width=\"20\" height=\"14\" \/><\/a><\/td>\n<td style=\"width: 2.0071%\"><a href=\"https:\/\/www.ip.usp.br\/site\/jose-ing\"><img decoding=\"async\" class=\"alignnone size-full wp-image-19626\" src=\"https:\/\/www.ip.usp.br\/site\/wp-content\/uploads\/2018\/08\/us.gif\" alt=\"\" width=\"20\" height=\"14\" \/><\/a><\/td>\n<\/tr>\n<\/tbody>\n<\/table>\n<p>IPUSP Community &#8211; Docentes &#8211; Jos\u00e9 Tolentino Rosa<br \/>\n<a href=\"mailto:jtolenti@usp.br\">jtolenti@usp.br<\/a><\/p>\n<ul style=\"list-style-type: square\">\n<li>Professor Ph.D \u2013Department of Clinical Psychology<\/li>\n<li>Doctoral Degree in Developmental, School and Learning Psychology &#8211; IPUSP (1979)<\/li>\n<li>Master\u2019s Degree in Developmental, School and Learning Psychology &#8211; IPUSP (1976)<\/li>\n<li>Psychologist, Psychology Institute, USP (1973)<\/li>\n<li>Licensed in Psychology &#8211; Education College &#8211; USP (1972)<\/li>\n<li>Bachelors Degree in Psychology, Psychology Institute, USP (1972)<\/li>\n<\/ul>\n<p><strong>Investigations in Psychoanalysis<\/strong><br \/>\nPsychoanalysis aims at encouraging men to become more humanized by accepting the human suffering that is unavoidable, and to struggle bravely against adverse situations which may have to undergo change in order to mitigate the human suffering. My investigations encompass the theoretical studies of topics such as: metapsychology; the psychoanalytic method; the hurtles and challenges of the clinical practice in the social, institutional and private fields; outlining the interfaces between the psychoanalytic field and other fields; psychoanalytic theory; psychoanalytic psychopathology; the history of psychoanalysis and psychoanalysis on the social field. The investigations also aim at questioning and reflecting upon what sort of action is necessary for a psychologist to meet the needs of the Brazilian population.<\/p>\n<p>I have worked on the Prevention of Mental Disorders with students from the Psychology and Medicine Colleges &#8211; notably at the Universidade Metodista de S\u00e3o Bernardo do Campo \u2013 using Ryad Simon\u2019s Operationalized Diagnostic Scale, preventive diagnostic methods and brief-psychotherapy operationalized techniques. For many years I have investigated transferencial and countertransferenial phenomenas, particularly with patients who are hard to access and suffer from somatoform disorders (psychosomatic).<\/p>\n<p>Since 1996, I have worked as an academic supervisor for the Psychoanalytic Psychotherapy Specialist Degree Program (CEPSI) first-year students. This is a Latu-Sensu Post-Graduate Program created and coordinated by Ryad Simon for many years. Twenty faculty members are connected to this program, including USP colleagues and member of the Brazilian Society of Psychoanalysis in S\u00e3o Paulo*(Sociedade Brasileira de Psican\u00e1lise de S\u00e3o Paulo).<\/p>\n<p><strong>Academic\/Professional Background<\/strong><br \/>\nI am currently a Professor Ph.D at the Department of Psychology \u2013 USP. My main area of experience is Psychology, with emphasis in Therapeutic Intervention. I work mainly on the following areas: Psychoanalysis, Health Psychology, Psychoanalytic Psychotherapy, Clinical Psychology and Projective Tests.<\/p>\n<p>Undergraduate Degree in Psychology, Psychology Institute- Universidade de S\u00e3o Paulo (1973); Master\u2019s Degree in Learning, School and Developmental Psychology, Psychology Institute, USP (1976); Doctoral Degree in Developmental, School and Learning Psychology &#8211; IPUSP (1979).I was the editor for the Mudan\u00e7as em Psicologia da Sa\u00fade periodical for 15 years at Universidade Metodista de S\u00e3o Paulo (1973-1998), and is the current Executive Secretary for Boletim de Psicologia, an official organ of the S\u00e3o Paulo Psychology Association* (Associa\u00e7\u00e3o de Psicologia de S\u00e3o Paulo);I am also a member of : the directors board at ABECIPsi \u2013 Brazilian Association of Scientific Psychology Editors* (Associa\u00e7\u00e3o Brasileira de Editores Cient\u00edficos de Psicologia); the Psychoanalytic Psychotherapy Association \u2013 S\u00e3o Paulo* (Associa\u00e7\u00e3o de Psicoterapia Psicanal\u00edtica -S\u00e3o Paulo); Division 39\u2013 Psychoanalysis &#8211; American Psychological Association (2000) and the directors\u2019 board at ABRAP \u2013 Brazilian Psychotherapy Association* (Associa\u00e7\u00e3o Brasileira de Psicoterapia).<\/p>\n<p>I held the position of Professor Ph.D for the Post-Graduate Program in Health Psychology at Universidade Metodista de S\u00e3o Paulo, on the Clinical Psychology field. During this period I published (with the collaboration of colleagues) articles and book chapters on the unconscious fantasies, using the English-School\u2019s (H. Phillipson) object relation techniques. These were years dedicated to the research of Psychoanalytic Psychology and Psychosomatics, as a science which studies intersubjective phenomenas via an object-relation psychoanalytic theory perspective. The scientific findings are a result of the careful observation of clinical facts and their social, moral and ethical implications. One\u2019s personal analysis, theoretical studies and clinical supervision provides the necessary investigative material for scientific publications in Clinical Psychology.<\/p>\n<p>Amongst the Professors awards are: 2006 &#8211; the Maur\u00edcio de Nassau Commendation, in the city of Recife, for the significant services rendered in the qualification of Brazilian Psychologists; 2010 &#8211; Rotary Club S\u00e3o Caetano do Sul and Rotary Club S\u00e3o Caetano do Sul-Oeste \u2013 Professional Meritorious Recognition Diploma for the services rendered as a Clinical Psychologist (XI Encontro de Valoriza\u00e7\u00e3o das Ocupa\u00e7\u00f5es \u00dateis e F\u00f3rum de Servi\u00e7os Profissionais); 2011 \u2013 tribute plate from the Psychology Regional Council \u2013SP, for the contributions given to the development of Psychology in the ABC region. This event also held a book release which was coordinated and rendered by the ABC\u00b4s Psychology staff: Cl\u00ednica Psicanal\u00edtica de Crian\u00e7as, by Carlos Blinder, Joseph Knobel-Freud e Maria Luisa Siquier (former-Ocampo), whom are psychoanalysts from Barcelona, Spain.<\/p>\n","protected":false},"excerpt":{"rendered":"<p>IPUSP Community &#8211; Docentes &#8211; Jos\u00e9 Tolentino Rosa jtolenti@usp.br Professor Ph.D \u2013Department of Clinical Psychology Doctoral Degree in Developmental, School and Learning Psychology &#8211; IPUSP (1979) Master\u2019s Degree in Developmental, School and Learning Psychology &#8211; IPUSP (1976) Psychologist, Psychology Institute, USP (1973) Licensed in Psychology &#8211; Education College &#8211; USP (1972) Bachelors Degree in Psychology, [&hellip;]<\/p>\n","protected":false},"author":14,"featured_media":0,"parent":0,"menu_order":0,"comment_status":"closed","ping_status":"closed","template":"","meta":{"_acf_changed":false,"footnotes":""},"categories":[523],"tags":[],"class_list":["post-23677","page","type-page","status-publish","hentry","category-department-of-clinical-psychology"],"acf":[],"jetpack_sharing_enabled":true,"_links":{"self":[{"href":"https:\/\/www.ip.usp.br\/site\/wp-json\/wp\/v2\/pages\/23677","targetHints":{"allow":["GET"]}}],"collection":[{"href":"https:\/\/www.ip.usp.br\/site\/wp-json\/wp\/v2\/pages"}],"about":[{"href":"https:\/\/www.ip.usp.br\/site\/wp-json\/wp\/v2\/types\/page"}],"author":[{"embeddable":true,"href":"https:\/\/www.ip.usp.br\/site\/wp-json\/wp\/v2\/users\/14"}],"replies":[{"embeddable":true,"href":"https:\/\/www.ip.usp.br\/site\/wp-json\/wp\/v2\/comments?post=23677"}],"version-history":[{"count":1,"href":"https:\/\/www.ip.usp.br\/site\/wp-json\/wp\/v2\/pages\/23677\/revisions"}],"predecessor-version":[{"id":23681,"href":"https:\/\/www.ip.usp.br\/site\/wp-json\/wp\/v2\/pages\/23677\/revisions\/23681"}],"wp:attachment":[{"href":"https:\/\/www.ip.usp.br\/site\/wp-json\/wp\/v2\/media?parent=23677"}],"wp:term":[{"taxonomy":"category","embeddable":true,"href":"https:\/\/www.ip.usp.br\/site\/wp-json\/wp\/v2\/categories?post=23677"},{"taxonomy":"post_tag","embeddable":true,"href":"https:\/\/www.ip.usp.br\/site\/wp-json\/wp\/v2\/tags?post=23677"}],"curies":[{"name":"wp","href":"https:\/\/api.w.org\/{rel}","templated":true}]}}