{"id":23688,"date":"2018-09-05T16:07:38","date_gmt":"2018-09-05T19:07:38","guid":{"rendered":"https:\/\/www.ip.usp.br\/site\/?page_id=23688"},"modified":"2018-09-05T16:07:38","modified_gmt":"2018-09-05T19:07:38","slug":"lilian-ing","status":"publish","type":"page","link":"https:\/\/www.ip.usp.br\/site\/lilian-ing\/","title":{"rendered":"Lilian Meyer Fraz\u00e3o"},"content":{"rendered":"<table style=\"border-collapse: collapse;width: 100%\" border=\"0\">\n<tbody>\n<tr>\n<td style=\"width: 93.7455%\"><\/td>\n<td style=\"width: 2.09008%\"><a href=\"https:\/\/www.ip.usp.br\/site\/lilian-meyer-frazao\/\"><img decoding=\"async\" class=\"alignnone size-full wp-image-19624\" src=\"https:\/\/www.ip.usp.br\/site\/wp-content\/uploads\/2018\/08\/br.gif\" alt=\"\" width=\"20\" height=\"14\" \/><\/a><\/td>\n<td style=\"width: 2.15731%\"><a href=\"https:\/\/www.ip.usp.br\/site\/lilian-meyer-frazao\/\"><img decoding=\"async\" class=\"alignnone size-full wp-image-19623\" src=\"https:\/\/www.ip.usp.br\/site\/wp-content\/uploads\/2018\/08\/es.gif\" alt=\"\" width=\"20\" height=\"14\" \/><\/a><\/td>\n<td style=\"width: 2.0071%\"><a href=\"https:\/\/www.ip.usp.br\/site\/lilian-ing\"><img decoding=\"async\" class=\"alignnone size-full wp-image-19626\" src=\"https:\/\/www.ip.usp.br\/site\/wp-content\/uploads\/2018\/08\/us.gif\" alt=\"\" width=\"20\" height=\"14\" \/><\/a><\/td>\n<\/tr>\n<\/tbody>\n<\/table>\n<p>IPUSP Community &#8211; Docentes &#8211; Lilian Meyer Fraz\u00e3o<br \/>\n<a href=\"mailto:lilian.frazao@uol.com.br\">lilian.frazao@uol.com.br<\/a><\/p>\n<ul style=\"list-style-type: square\">\n<li>Assistant Professor, Department of Clinical Psychology<\/li>\n<li>Master\u2019s Degree, Psychology Institute, (1983)<\/li>\n<\/ul>\n<p><strong>1 \u2013 New Configurations of the Feminine<\/strong><br \/>\nSignificant changes may be noticed in the contemporary world regarding the gender-based relations as to how masculinity and femininity are being experienced. Given that, it is vital that new theoretical and epistemological perspectives be sought.<\/p>\n<p>Gestalt therapy\u2019s commitment to the \u201chuman-being-in-the-world\u201d offers us the necessary grounds for fruitful debate, discussion and the elaboration of investigations which may facilitate the comprehension of the new processes of subjectivation configured in the current gender-based relations.<\/p>\n<p><strong>Selected Publications<\/strong><br \/>\nFRAZ\u00c3O, L.M. E ROCHA, S.L.C.O. (orgs) &#8211; Gestalt e G\u00eanero: Configura\u00e7\u00f5es do masculino e feminino na contemporaneidade. Livro Pleno, SP, 2005.<\/p>\n<p>FRAZ\u00c3O, L.M. \u2013 Aliena\u00e7\u00e3o e Resgate do Feminino. In Fraz\u00e3o, L.M. e Rocha, S.L.C.O. (orgs), Gestalt e G\u00eanero: Configura\u00e7\u00f5es do masculino e feminino na contemporaneidade. Livro Pleno, SP, p. 25-34, 2005.<\/p>\n<p><strong>2- Gestalt-therapy and Gestalt-Psychology<\/strong><br \/>\nGestalt-therapy is based on some of the basic concepts of Gestalt-Psychology, particularly the new scientific paradigm it proposes. Still, it is necessary to research, differentiate and examine the extension and importance Gestalt-Psychology bears on Gestalt-Therapy (its implications and range of influence).<\/p>\n","protected":false},"excerpt":{"rendered":"<p>IPUSP Community &#8211; Docentes &#8211; Lilian Meyer Fraz\u00e3o lilian.frazao@uol.com.br Assistant Professor, Department of Clinical Psychology Master\u2019s Degree, Psychology Institute, (1983) 1 \u2013 New Configurations of the Feminine Significant changes may be noticed in the contemporary world regarding the gender-based relations as to how masculinity and femininity are being experienced. Given that, it is vital that [&hellip;]<\/p>\n","protected":false},"author":14,"featured_media":0,"parent":0,"menu_order":0,"comment_status":"closed","ping_status":"closed","template":"","meta":{"_acf_changed":false,"footnotes":""},"categories":[523],"tags":[],"class_list":["post-23688","page","type-page","status-publish","hentry","category-department-of-clinical-psychology"],"acf":[],"jetpack_sharing_enabled":true,"_links":{"self":[{"href":"https:\/\/www.ip.usp.br\/site\/wp-json\/wp\/v2\/pages\/23688","targetHints":{"allow":["GET"]}}],"collection":[{"href":"https:\/\/www.ip.usp.br\/site\/wp-json\/wp\/v2\/pages"}],"about":[{"href":"https:\/\/www.ip.usp.br\/site\/wp-json\/wp\/v2\/types\/page"}],"author":[{"embeddable":true,"href":"https:\/\/www.ip.usp.br\/site\/wp-json\/wp\/v2\/users\/14"}],"replies":[{"embeddable":true,"href":"https:\/\/www.ip.usp.br\/site\/wp-json\/wp\/v2\/comments?post=23688"}],"version-history":[{"count":1,"href":"https:\/\/www.ip.usp.br\/site\/wp-json\/wp\/v2\/pages\/23688\/revisions"}],"predecessor-version":[{"id":23692,"href":"https:\/\/www.ip.usp.br\/site\/wp-json\/wp\/v2\/pages\/23688\/revisions\/23692"}],"wp:attachment":[{"href":"https:\/\/www.ip.usp.br\/site\/wp-json\/wp\/v2\/media?parent=23688"}],"wp:term":[{"taxonomy":"category","embeddable":true,"href":"https:\/\/www.ip.usp.br\/site\/wp-json\/wp\/v2\/categories?post=23688"},{"taxonomy":"post_tag","embeddable":true,"href":"https:\/\/www.ip.usp.br\/site\/wp-json\/wp\/v2\/tags?post=23688"}],"curies":[{"name":"wp","href":"https:\/\/api.w.org\/{rel}","templated":true}]}}