{"id":23695,"date":"2018-09-05T16:20:40","date_gmt":"2018-09-05T19:20:40","guid":{"rendered":"https:\/\/www.ip.usp.br\/site\/?page_id=23695"},"modified":"2018-09-05T16:20:40","modified_gmt":"2018-09-05T19:20:40","slug":"abigail-ing","status":"publish","type":"page","link":"https:\/\/www.ip.usp.br\/site\/abigail-ing\/","title":{"rendered":"Maria Abigail de Souza"},"content":{"rendered":"<table style=\"border-collapse: collapse;width: 100%\" border=\"0\">\n<tbody>\n<tr>\n<td style=\"width: 93.7455%\"><\/td>\n<td style=\"width: 2.09008%\"><a href=\"https:\/\/www.ip.usp.br\/site\/maria-abigail-de-souza\/\"><img decoding=\"async\" class=\"alignnone size-full wp-image-19624\" src=\"https:\/\/www.ip.usp.br\/site\/wp-content\/uploads\/2018\/08\/br.gif\" alt=\"\" width=\"20\" height=\"14\" \/><\/a><\/td>\n<td style=\"width: 2.15731%\"><a href=\"https:\/\/www.ip.usp.br\/site\/maria-abigail-de-souza\/\"><img decoding=\"async\" class=\"alignnone size-full wp-image-19623\" src=\"https:\/\/www.ip.usp.br\/site\/wp-content\/uploads\/2018\/08\/es.gif\" alt=\"\" width=\"20\" height=\"14\" \/><\/a><\/td>\n<td style=\"width: 2.0071%\"><a href=\"https:\/\/www.ip.usp.br\/site\/abigail-ing\"><img decoding=\"async\" class=\"alignnone size-full wp-image-19626\" src=\"https:\/\/www.ip.usp.br\/site\/wp-content\/uploads\/2018\/08\/us.gif\" alt=\"\" width=\"20\" height=\"14\" \/><\/a><\/td>\n<\/tr>\n<\/tbody>\n<\/table>\n<p>IPUSP Community &#8211; Docentes &#8211; Maria Abigail de Souza<br \/>\n<a href=\"mailto:abigail@usp.br\">abigail@usp.br<\/a><\/p>\n<ul style=\"list-style-type: square\">\n<li>Department of Clinical Psychology. Master\u2019s Degree ISOP \/ Funda\u00e7\u00e3o Get\u00falio Vargas, Rio de Janeiro (1984)<\/li>\n<li>Doctoral Degree, Psychology Institute,USP (1995)<\/li>\n<li>Associate Professor, Psychology Institute, USP (2006)<\/li>\n<li>Professor Ph.D , Psychology Institute, USP (2010)<\/li>\n<\/ul>\n<p><strong>Psychological Diagnosis and Preventive Psychotherapy Intervention<\/strong><br \/>\nDrug-addiction is the central theme of my research which has been developed since 1988 on the Psychological Diagnosis area. I have used the Rorschach Method along with interviews and have integrated a multidisciplinary team at the mental health institutions. Since 1991, along with the Diagnostic services I have added Psychotherapy treatment for drug addicts at the IPUSP Psychology Clinic, with a view to rendering services to the community as well as developing research.<\/p>\n<p>Throughout this work I have tried to investigate which strategies and techniques would be more adequate to meet the psychotherapy treatment for drug addicts\u2019 necessity. I have attempted to observe which elements from this experience contributed to post-preventive care. Since 1995, I have focused on preventive care and psychological assistance to aggressive children from 8 to 12 years old of satisfactory intellectual potential. The choice of this group came from the observations and conclusions from our studies with drug addicts, which revealed that these individuals were frequently aggressive children (just as the children who we are treating are). Much as these children are intellectually gifted, they don\u2019t perform well at school.<\/p>\n<p>Regarding Students\u2019 qualification, I am responsible for the disciplines related to the Rorschach Method for Undergraduate students since 1988 and for Post-Graduate students since 1997.I have also been part of the Clinical Consultation Team: Psychodiagnosis and Psychotherapy, since 1992.<\/p>\n<p><strong>Academic\/Professional Background<\/strong><br \/>\nUndergraduate Degree in Psychology &#8211; Centro de Ensino Unificado de Bras\u00edlia (1975); Undergraduate Degree in Languages &#8211; Universidade de Bras\u00edlia (1975); Master\u2019s Degree in Psychology &#8211; Funda\u00e7\u00e3o Get\u00falio Vargas &#8211; RJ (1984); Doctoral Degree in Clinical Psychology &#8211; Universidade de S\u00e3o Paulo (1995) and Associate Professor Habilitation -Universidade de S\u00e3o Paulo (2006). Currently holds the post of Associate Professor at Universidade de S\u00e3o Paulo.<\/p>\n<p>Area of experience: Psychology with emphasis in Psychodiagnosis using the Rorschach Method; Aggressive children and young drug addicts\u2019 Psychotherapy. Thus, the following areas are part of the Professors\u2019 research activity: the projective Rorschach Method, Psychotherapeutic intervention with aggressive children within the school setting &#8211; in order to prevent them from becoming future drug addicts.<\/p>\n","protected":false},"excerpt":{"rendered":"<p>IPUSP Community &#8211; Docentes &#8211; Maria Abigail de Souza abigail@usp.br Department of Clinical Psychology. Master\u2019s Degree ISOP \/ Funda\u00e7\u00e3o Get\u00falio Vargas, Rio de Janeiro (1984) Doctoral Degree, Psychology Institute,USP (1995) Associate Professor, Psychology Institute, USP (2006) Professor Ph.D , Psychology Institute, USP (2010) Psychological Diagnosis and Preventive Psychotherapy Intervention Drug-addiction is the central theme of [&hellip;]<\/p>\n","protected":false},"author":14,"featured_media":0,"parent":0,"menu_order":0,"comment_status":"closed","ping_status":"closed","template":"","meta":{"_acf_changed":false,"footnotes":""},"categories":[523],"tags":[],"class_list":["post-23695","page","type-page","status-publish","hentry","category-department-of-clinical-psychology"],"acf":[],"jetpack_sharing_enabled":true,"_links":{"self":[{"href":"https:\/\/www.ip.usp.br\/site\/wp-json\/wp\/v2\/pages\/23695","targetHints":{"allow":["GET"]}}],"collection":[{"href":"https:\/\/www.ip.usp.br\/site\/wp-json\/wp\/v2\/pages"}],"about":[{"href":"https:\/\/www.ip.usp.br\/site\/wp-json\/wp\/v2\/types\/page"}],"author":[{"embeddable":true,"href":"https:\/\/www.ip.usp.br\/site\/wp-json\/wp\/v2\/users\/14"}],"replies":[{"embeddable":true,"href":"https:\/\/www.ip.usp.br\/site\/wp-json\/wp\/v2\/comments?post=23695"}],"version-history":[{"count":1,"href":"https:\/\/www.ip.usp.br\/site\/wp-json\/wp\/v2\/pages\/23695\/revisions"}],"predecessor-version":[{"id":23699,"href":"https:\/\/www.ip.usp.br\/site\/wp-json\/wp\/v2\/pages\/23695\/revisions\/23699"}],"wp:attachment":[{"href":"https:\/\/www.ip.usp.br\/site\/wp-json\/wp\/v2\/media?parent=23695"}],"wp:term":[{"taxonomy":"category","embeddable":true,"href":"https:\/\/www.ip.usp.br\/site\/wp-json\/wp\/v2\/categories?post=23695"},{"taxonomy":"post_tag","embeddable":true,"href":"https:\/\/www.ip.usp.br\/site\/wp-json\/wp\/v2\/tags?post=23695"}],"curies":[{"name":"wp","href":"https:\/\/api.w.org\/{rel}","templated":true}]}}