{"id":23701,"date":"2018-09-05T16:25:40","date_gmt":"2018-09-05T19:25:40","guid":{"rendered":"https:\/\/www.ip.usp.br\/site\/?page_id=23701"},"modified":"2018-09-05T16:25:40","modified_gmt":"2018-09-05T19:25:40","slug":"livia-ing","status":"publish","type":"page","link":"https:\/\/www.ip.usp.br\/site\/livia-ing\/","title":{"rendered":"Maria Livia Tourinho Moretto"},"content":{"rendered":"<table style=\"border-collapse: collapse;width: 100%\" border=\"0\">\n<tbody>\n<tr>\n<td style=\"width: 93.7455%\"><\/td>\n<td style=\"width: 2.09008%\"><a href=\"https:\/\/www.ip.usp.br\/site\/maria-livia-tourinho-moretto-2\/\"><img decoding=\"async\" class=\"alignnone size-full wp-image-19624\" src=\"https:\/\/www.ip.usp.br\/site\/wp-content\/uploads\/2018\/08\/br.gif\" alt=\"\" width=\"20\" height=\"14\" \/><\/a><\/td>\n<td style=\"width: 2.15731%\"><a href=\"https:\/\/www.ip.usp.br\/site\/maria-livia-tourinho-moretto-2\/\"><img decoding=\"async\" class=\"alignnone size-full wp-image-19623\" src=\"https:\/\/www.ip.usp.br\/site\/wp-content\/uploads\/2018\/08\/es.gif\" alt=\"\" width=\"20\" height=\"14\" \/><\/a><\/td>\n<td style=\"width: 2.0071%\"><a href=\"https:\/\/www.ip.usp.br\/site\/livia-ing\"><img decoding=\"async\" class=\"alignnone size-full wp-image-19626\" src=\"https:\/\/www.ip.usp.br\/site\/wp-content\/uploads\/2018\/08\/us.gif\" alt=\"\" width=\"20\" height=\"14\" \/><\/a><\/td>\n<\/tr>\n<\/tbody>\n<\/table>\n<p>IPUSP Community &#8211; Docentes &#8211; Maria Livia Tourinho Moretto<br \/>\n<a href=\"mailto:liviamoretto@usp.br\">liviamoretto@usp.br<\/a><\/p>\n<p><strong>Line of Research<\/strong><br \/>\nClinical practices: Foundation, Procedures and Interlocutions: This research takes into account various clinical practices and their different listening techniques, forms of attention and intervention. It aims at developing critical and interdisciplinary studies which may generate different treatment and diagnostic-clinical modalities for psychic, personality and behavioral problems. To reach this goal, we consider the setbacks and challenges of the clinical practice in the social, institutional and private settings. We aim at providing health prevention and rehabilitation services. Moreover, we seek to build and validate instruments and methods of evaluation as well as critical studies of the instruments and methods of psychological evaluation. This research seeks to question and reflect upon the role of the professional while dealing with the Brazilian population\u2019s demand.<\/p>\n<p><strong>Academic\/Professional Background<\/strong><br \/>\nProfessor Ph.D, Psychology Institute \u2013 Department of Clinical Psychology, Universidade de S\u00e3o Paulo. The Professor has worked as a Psychologist at the Psychology Division of Instituto Central do Hospital das Cl\u00ednicas da Faculdade de Medicina &#8211; Universidade de S\u00e3o Paulo (1989-2011). Held the post of Adjunct Professor for the Psychology Undergraduate Program at Universidade Presbiteriana Mackenzie (2004-2011) and was also a Professor at the Universidade S\u00e3o Marcos\u2019 Psychology Master\u2019s Program (2001-2010). Doctoral Degree in Clinical Psychology, Universidade de S\u00e3o Paulo (2006). Master\u2019s Degree in Clinical Psychology, PUC-SP (1996). Specialist Degree in Hospital Psychology, Psychiatry Institute &#8211; Hospital das Cl\u00ednicas da Faculdade de Medicina da USP (1989). Undergraduate Degree in Psychology, Universidade Federal da Bahia (UFBA) (1987). Author of \u201cO que pode um analista no hospital?\u201d, edited by Casa do Psic\u00f3logo. Area of experience: Psychology with emphasis on Psychological Treatment and Prevention. The professors\u2019 work focuses mainly on the following areas: Hospital Psychology, Health Psychology, Psychoanalysis, the Body, Liver Transplant and Modern Times.<\/p>\n","protected":false},"excerpt":{"rendered":"<p>IPUSP Community &#8211; Docentes &#8211; Maria Livia Tourinho Moretto liviamoretto@usp.br Line of Research Clinical practices: Foundation, Procedures and Interlocutions: This research takes into account various clinical practices and their different listening techniques, forms of attention and intervention. It aims at developing critical and interdisciplinary studies which may generate different treatment and diagnostic-clinical modalities for psychic, [&hellip;]<\/p>\n","protected":false},"author":14,"featured_media":0,"parent":0,"menu_order":0,"comment_status":"closed","ping_status":"closed","template":"","meta":{"_acf_changed":false,"footnotes":""},"categories":[523],"tags":[],"class_list":["post-23701","page","type-page","status-publish","hentry","category-department-of-clinical-psychology"],"acf":[],"jetpack_sharing_enabled":true,"_links":{"self":[{"href":"https:\/\/www.ip.usp.br\/site\/wp-json\/wp\/v2\/pages\/23701","targetHints":{"allow":["GET"]}}],"collection":[{"href":"https:\/\/www.ip.usp.br\/site\/wp-json\/wp\/v2\/pages"}],"about":[{"href":"https:\/\/www.ip.usp.br\/site\/wp-json\/wp\/v2\/types\/page"}],"author":[{"embeddable":true,"href":"https:\/\/www.ip.usp.br\/site\/wp-json\/wp\/v2\/users\/14"}],"replies":[{"embeddable":true,"href":"https:\/\/www.ip.usp.br\/site\/wp-json\/wp\/v2\/comments?post=23701"}],"version-history":[{"count":1,"href":"https:\/\/www.ip.usp.br\/site\/wp-json\/wp\/v2\/pages\/23701\/revisions"}],"predecessor-version":[{"id":23705,"href":"https:\/\/www.ip.usp.br\/site\/wp-json\/wp\/v2\/pages\/23701\/revisions\/23705"}],"wp:attachment":[{"href":"https:\/\/www.ip.usp.br\/site\/wp-json\/wp\/v2\/media?parent=23701"}],"wp:term":[{"taxonomy":"category","embeddable":true,"href":"https:\/\/www.ip.usp.br\/site\/wp-json\/wp\/v2\/categories?post=23701"},{"taxonomy":"post_tag","embeddable":true,"href":"https:\/\/www.ip.usp.br\/site\/wp-json\/wp\/v2\/tags?post=23701"}],"curies":[{"name":"wp","href":"https:\/\/api.w.org\/{rel}","templated":true}]}}