{"id":23926,"date":"2018-09-06T15:43:00","date_gmt":"2018-09-06T18:43:00","guid":{"rendered":"https:\/\/www.ip.usp.br\/site\/?page_id=23926"},"modified":"2018-09-10T10:29:05","modified_gmt":"2018-09-10T13:29:05","slug":"23926-2","status":"publish","type":"page","link":"https:\/\/www.ip.usp.br\/site\/23926-2\/","title":{"rendered":"2008 &#8211; Volume 1 &#8211; N\u00famero 1"},"content":{"rendered":"<table style=\"border-collapse: collapse; width: 100%;\" border=\"0\">\n<tbody>\n<tr>\n<td style=\"width: 28.1269%;\"><img decoding=\"async\" class=\"alignnone wp-image-23906 size-full\" src=\"https:\/\/www.ip.usp.br\/site\/wp-content\/uploads\/2018\/09\/logo.png\" alt=\"\" width=\"100\" height=\"182\" \/><\/td>\n<td style=\"width: 71.8999%;\">\n<p style=\"text-align: right;\">Revista completa\u00a0<a href=\"https:\/\/www.ip.usp.br\/site\/wp-content\/uploads\/2018\/09\/Vol1_n1_rev_transformacoes.pdf\" target=\"_blank\" rel=\"noopener\"><img decoding=\"async\" class=\"alignnone wp-image-23908 size-full\" src=\"https:\/\/www.ip.usp.br\/site\/wp-content\/uploads\/2018\/09\/pdf_icon2.png\" alt=\"\" width=\"50\" height=\"16\" \/><\/a><\/p>\n<p><strong>Editorial<\/strong><\/p>\n<p><strong>Artigos Originais<\/strong><\/p>\n<p>No avesso do div\u00e3: do n\u00e3o olhar ao olhar na cl\u00ednica do autismo<br \/>\nCarolina Cardoso Tiussi, Maria Cristina Machado Kupfer<\/p>\n<p>O trabalho numa experi\u00eancia autogestion\u00e1ria: apontamentos sobre<br \/>\numa interven\u00e7\u00e3o em Psicologia<br \/>\nTha\u00edsa Ang\u00e9lica D\u00e9o da Silva, Cassiano Ricardo Rumin<\/p>\n<p>Estudo da constru\u00e7\u00e3o enquanto ato discursivo no contexto<br \/>\nda cl\u00ednica psicanal\u00edtica<br \/>\nWilson de Albuquerque Cavalcanti Franco<\/p>\n<p>O artesanato quilombola \u00e9 arte afro-brasileira?<br \/>\nUma pesquisa no Quilombo do Campinho da Independ\u00eancia em Paraty<br \/>\nIsabel Tatit<\/p>\n<p>Que cl\u00ednica \u00e9 poss\u00edvel dentro de uma cl\u00ednica escola?<br \/>\nMar\u00eda Antonieta Pezo del Pino<\/p>\n<p>Entre o fatalismo e a esperan\u00e7a: o fazer do psic\u00f3logo escolar \u00e0 luz da<br \/>\nteoria hist\u00f3rico-cultural<br \/>\nDiogo de Oliveira Boccardi<\/p>\n<p><strong>Resenha<\/strong><\/p>\n<p><strong>O que nos faz humanos \u2013 genes, natureza e experi\u00eancia<\/strong><br \/>\nIsabella Bertelli<\/p>\n<p><strong>Tradu\u00e7\u00e3o<\/strong><\/p>\n<p>A Atitude dos pais a respeito da masturba\u00e7\u00e3o infantil<br \/>\nDaniel Camparo Avila, Paulo Albertini<\/p>\n<p><strong>Depoimento<\/strong><\/p>\n<p><strong>Pesquisa e forma\u00e7\u00e3o universit\u00e1ria \u2013 um olhar de aluna da primeira<\/strong><br \/>\n<strong>turma de Psicologia da USP<\/strong><br \/>\nDora Fix Ventura<\/td>\n<\/tr>\n<\/tbody>\n<\/table>\n<p>&nbsp;<\/p>\n","protected":false},"excerpt":{"rendered":"<p>Revista completa\u00a0 Editorial Artigos Originais No avesso do div\u00e3: do n\u00e3o olhar ao olhar na cl\u00ednica do autismo Carolina Cardoso Tiussi, Maria Cristina Machado Kupfer O trabalho numa experi\u00eancia autogestion\u00e1ria: apontamentos sobre uma interven\u00e7\u00e3o em Psicologia Tha\u00edsa Ang\u00e9lica D\u00e9o da Silva, Cassiano Ricardo Rumin Estudo da constru\u00e7\u00e3o enquanto ato discursivo no contexto da cl\u00ednica psicanal\u00edtica [&hellip;]<\/p>\n","protected":false},"author":5,"featured_media":0,"parent":0,"menu_order":0,"comment_status":"closed","ping_status":"closed","template":"","meta":{"_acf_changed":false,"footnotes":""},"categories":[13,279],"tags":[],"class_list":["post-23926","page","type-page","status-publish","hentry","category-publicacoes","category-revista-transformacoes"],"acf":[],"jetpack_sharing_enabled":true,"_links":{"self":[{"href":"https:\/\/www.ip.usp.br\/site\/wp-json\/wp\/v2\/pages\/23926","targetHints":{"allow":["GET"]}}],"collection":[{"href":"https:\/\/www.ip.usp.br\/site\/wp-json\/wp\/v2\/pages"}],"about":[{"href":"https:\/\/www.ip.usp.br\/site\/wp-json\/wp\/v2\/types\/page"}],"author":[{"embeddable":true,"href":"https:\/\/www.ip.usp.br\/site\/wp-json\/wp\/v2\/users\/5"}],"replies":[{"embeddable":true,"href":"https:\/\/www.ip.usp.br\/site\/wp-json\/wp\/v2\/comments?post=23926"}],"version-history":[{"count":7,"href":"https:\/\/www.ip.usp.br\/site\/wp-json\/wp\/v2\/pages\/23926\/revisions"}],"predecessor-version":[{"id":23953,"href":"https:\/\/www.ip.usp.br\/site\/wp-json\/wp\/v2\/pages\/23926\/revisions\/23953"}],"wp:attachment":[{"href":"https:\/\/www.ip.usp.br\/site\/wp-json\/wp\/v2\/media?parent=23926"}],"wp:term":[{"taxonomy":"category","embeddable":true,"href":"https:\/\/www.ip.usp.br\/site\/wp-json\/wp\/v2\/categories?post=23926"},{"taxonomy":"post_tag","embeddable":true,"href":"https:\/\/www.ip.usp.br\/site\/wp-json\/wp\/v2\/tags?post=23926"}],"curies":[{"name":"wp","href":"https:\/\/api.w.org\/{rel}","templated":true}]}}