{"id":24417,"date":"2018-09-12T10:00:11","date_gmt":"2018-09-12T13:00:11","guid":{"rendered":"https:\/\/www.ip.usp.br\/site\/?page_id=24417"},"modified":"2026-02-20T13:51:27","modified_gmt":"2026-02-20T16:51:27","slug":"reunioes-ccex","status":"publish","type":"page","link":"https:\/\/www.ip.usp.br\/site\/reunioes-ccex\/","title":{"rendered":"Reuni\u00f5es"},"content":{"rendered":"<h3>Calend\u00e1rio de Reuni\u00f5es CCEx &#8211; 2026<\/h3>\n<p style=\"font-weight: 400;\"><strong>Local:\u00a0 sala 18 do bloco G.<\/strong><\/p>\n<p>&nbsp;<\/p>\n<table style=\"width: 18.5208%; height: 179px;\">\n<tbody>\n<tr style=\"height: 39px;\">\n<td style=\"width: 100%; text-align: center; border-style: solid; border-color: #e3dcdc; height: 39px;\"><strong>Dia<\/strong><\/td>\n<\/tr>\n<tr style=\"height: 14px;\">\n<td style=\"width: 100%; text-align: center; border-style: solid; border-color: #e3dcdc;\" width=\"64\" height=\"19\">09 de Mar\u00e7o<\/td>\n<\/tr>\n<tr style=\"height: 14px;\">\n<td style=\"width: 100%; text-align: center; border-style: solid; border-color: #e3dcdc;\" height=\"19\">13 de Abril<\/td>\n<\/tr>\n<tr style=\"height: 14px;\">\n<td style=\"width: 100%; text-align: center; border-style: solid; border-color: #e3dcdc;\" height=\"19\">11 de Maio<\/td>\n<\/tr>\n<tr style=\"height: 14px;\">\n<td style=\"width: 100%; text-align: center; border-style: solid; border-color: #e3dcdc;\" height=\"19\">08 de Junho<\/td>\n<\/tr>\n<tr style=\"height: 14px;\">\n<td style=\"width: 100%; text-align: center; border-style: solid; border-color: #e3dcdc;\" height=\"19\">13 de Julho<\/td>\n<\/tr>\n<tr style=\"height: 14px;\">\n<td style=\"width: 100%; text-align: center; border-style: solid; border-color: #e3dcdc;\" height=\"19\">10 de Agosto<\/td>\n<\/tr>\n<tr style=\"height: 14px;\">\n<td style=\"width: 100%; text-align: center; border-style: solid; border-color: #e3dcdc;\" height=\"19\">21 de Setembro<\/td>\n<\/tr>\n<tr style=\"height: 14px;\">\n<td style=\"width: 100%; text-align: center; border-style: solid; border-color: #e3dcdc;\" height=\"19\">19 de Outubro<\/td>\n<\/tr>\n<tr style=\"height: 14px;\">\n<td style=\"width: 100%; text-align: center; border-style: solid; border-color: #e3dcdc;\" height=\"19\">16 de Novembro<\/td>\n<\/tr>\n<tr style=\"height: 14px;\">\n<td style=\"width: 100%; text-align: center; border-style: solid; border-color: #e3dcdc;\" height=\"19\">14 de Dezembro<\/td>\n<\/tr>\n<\/tbody>\n<\/table>\n","protected":false},"excerpt":{"rendered":"<p>Calend\u00e1rio de Reuni\u00f5es CCEx &#8211; 2026 Local:\u00a0 sala 18 do bloco G. &nbsp; Dia 09 de Mar\u00e7o 13 de Abril 11 de Maio 08 de Junho 13 de Julho 10 de Agosto 21 de Setembro 19 de Outubro 16 de Novembro 14 de Dezembro<\/p>\n","protected":false},"author":5,"featured_media":0,"parent":0,"menu_order":0,"comment_status":"closed","ping_status":"closed","template":"","meta":{"_acf_changed":false,"footnotes":""},"categories":[453,415],"tags":[],"class_list":["post-24417","page","type-page","status-publish","hentry","category-colegiados","category-cultura-e-extensao"],"acf":[],"jetpack_sharing_enabled":true,"_links":{"self":[{"href":"https:\/\/www.ip.usp.br\/site\/wp-json\/wp\/v2\/pages\/24417","targetHints":{"allow":["GET"]}}],"collection":[{"href":"https:\/\/www.ip.usp.br\/site\/wp-json\/wp\/v2\/pages"}],"about":[{"href":"https:\/\/www.ip.usp.br\/site\/wp-json\/wp\/v2\/types\/page"}],"author":[{"embeddable":true,"href":"https:\/\/www.ip.usp.br\/site\/wp-json\/wp\/v2\/users\/5"}],"replies":[{"embeddable":true,"href":"https:\/\/www.ip.usp.br\/site\/wp-json\/wp\/v2\/comments?post=24417"}],"version-history":[{"count":21,"href":"https:\/\/www.ip.usp.br\/site\/wp-json\/wp\/v2\/pages\/24417\/revisions"}],"predecessor-version":[{"id":54470,"href":"https:\/\/www.ip.usp.br\/site\/wp-json\/wp\/v2\/pages\/24417\/revisions\/54470"}],"wp:attachment":[{"href":"https:\/\/www.ip.usp.br\/site\/wp-json\/wp\/v2\/media?parent=24417"}],"wp:term":[{"taxonomy":"category","embeddable":true,"href":"https:\/\/www.ip.usp.br\/site\/wp-json\/wp\/v2\/categories?post=24417"},{"taxonomy":"post_tag","embeddable":true,"href":"https:\/\/www.ip.usp.br\/site\/wp-json\/wp\/v2\/tags?post=24417"}],"curies":[{"name":"wp","href":"https:\/\/api.w.org\/{rel}","templated":true}]}}