{"id":24489,"date":"2018-09-12T14:27:03","date_gmt":"2018-09-12T17:27:03","guid":{"rendered":"https:\/\/www.ip.usp.br\/site\/?page_id=24489"},"modified":"2018-09-12T14:27:35","modified_gmt":"2018-09-12T17:27:35","slug":"editorial-v5n1","status":"publish","type":"page","link":"https:\/\/www.ip.usp.br\/site\/editorial-v5n1\/","title":{"rendered":"Editorial &#8211; V5N1"},"content":{"rendered":"<h3>Editorial<\/h3>\n<hr \/>\n<p>N\u00e3o foi f\u00e1cil&#8230; Quase cinco anos separam a chamada de artigos para a 6\u00aa edi\u00e7\u00e3o da Revista TransForma\u00e7\u00f5es em Psicologia da finaliza\u00e7\u00e3o da pr\u00f3pria publica\u00e7\u00e3o. Faz-se necess\u00e1rio justificar tal aus\u00eancia no intuito tamb\u00e9m de expor as dificuldades que encontramos para o fim comprovar que, apesar do longo e tortuoso caminho, trata-se de uma vit\u00f3ria.<\/p>\n<p>Durante boa parte deste per\u00edodo, a revista funcionou com uma grande rotatividade da Comiss\u00e3o Executiva que, a cada novo grupo, precisava aprender e apreender o processo de trabalho da revista em todas as suas particularidades. Al\u00e9m disso, o pr\u00f3prio Corpo Editorial estava em fase de ajuste na nova fun\u00e7\u00e3o, tendo que se organizar dentro do que j\u00e1 fora feito e do que estava por vir. Desta forma, foi um longo percurso de constru\u00e7\u00e3o do trabalho e do seu pr\u00f3prio construir.<\/p>\n<p>Por outro lado, desde o princ\u00edpio, a TransForma\u00e7\u00f5es firmou-se como uma revista exclusivamente estudantil. Pudemos, ao longo do tempo, contar com algum apoio institucional. Contudo, a falta de repasse de verbas faz com que o todo o trabalho editorial de revis\u00e3o seja feito pelos pr\u00f3prios alunos que, claro, se dedicam tamb\u00e9m a todas as suas outras atividades. Assim, a disponibilidade para a Revista n\u00e3o \u00e9, nem de longe, a ideal, embora seja sem d\u00favidas a maior poss\u00edvel. O fato de ser uma atividade extracurricular que imp\u00f5e este grande volume de tarefas \u00e9 um impasse para muitos interessados em come\u00e7ar ou continuar o projeto, e a rotatividade foi um obst\u00e1culo, como j\u00e1 dito.<\/p>\n<p>Nisto, gostar\u00edamos de ressaltar a ineg\u00e1vel ajuda dada pela Biblioteca Dante Moreira Leite do Instituto de Psicologia, especialmente nas figuras da Ang\u00e9lica Padovani, Imaculada Concei\u00e7\u00e3o Sampaio e Teresa Cristina de O. Peres. Sem este apoio e abertura para nossas necessidades, talvez n\u00e3o tiv\u00e9ssemos conseguido.<\/p>\n<p>Mais uma vez, o caminho foi longo e tortuoso. Apesar de todas as dificuldades, contudo, continuamos seguindo em frente, insistindo em nosso objetivo. Finalmente, agora, entregamos mais uma edi\u00e7\u00e3o, esta edi\u00e7\u00e3o; uma vit\u00f3ria, fruto de trabalho \u00e1rduo e dedicado de alunos de gradua\u00e7\u00e3o e p\u00f3s-gradua\u00e7\u00e3o e da cren\u00e7a destes mesmos alunos num projeto TransFormador de Revista Cient\u00edfica Estudantil.<\/p>\n<p>Comiss\u00e3o Executiva da Revista TransForma\u00e7\u00f5es<\/p>\n","protected":false},"excerpt":{"rendered":"<p>Editorial N\u00e3o foi f\u00e1cil&#8230; Quase cinco anos separam a chamada de artigos para a 6\u00aa edi\u00e7\u00e3o da Revista TransForma\u00e7\u00f5es em Psicologia da finaliza\u00e7\u00e3o da pr\u00f3pria publica\u00e7\u00e3o. Faz-se necess\u00e1rio justificar tal aus\u00eancia no intuito tamb\u00e9m de expor as dificuldades que encontramos para o fim comprovar que, apesar do longo e tortuoso caminho, trata-se de uma vit\u00f3ria. [&hellip;]<\/p>\n","protected":false},"author":5,"featured_media":0,"parent":0,"menu_order":0,"comment_status":"closed","ping_status":"closed","template":"","meta":{"_acf_changed":false,"footnotes":""},"categories":[13,279],"tags":[],"class_list":["post-24489","page","type-page","status-publish","hentry","category-publicacoes","category-revista-transformacoes"],"acf":[],"jetpack_sharing_enabled":true,"_links":{"self":[{"href":"https:\/\/www.ip.usp.br\/site\/wp-json\/wp\/v2\/pages\/24489","targetHints":{"allow":["GET"]}}],"collection":[{"href":"https:\/\/www.ip.usp.br\/site\/wp-json\/wp\/v2\/pages"}],"about":[{"href":"https:\/\/www.ip.usp.br\/site\/wp-json\/wp\/v2\/types\/page"}],"author":[{"embeddable":true,"href":"https:\/\/www.ip.usp.br\/site\/wp-json\/wp\/v2\/users\/5"}],"replies":[{"embeddable":true,"href":"https:\/\/www.ip.usp.br\/site\/wp-json\/wp\/v2\/comments?post=24489"}],"version-history":[{"count":1,"href":"https:\/\/www.ip.usp.br\/site\/wp-json\/wp\/v2\/pages\/24489\/revisions"}],"predecessor-version":[{"id":24490,"href":"https:\/\/www.ip.usp.br\/site\/wp-json\/wp\/v2\/pages\/24489\/revisions\/24490"}],"wp:attachment":[{"href":"https:\/\/www.ip.usp.br\/site\/wp-json\/wp\/v2\/media?parent=24489"}],"wp:term":[{"taxonomy":"category","embeddable":true,"href":"https:\/\/www.ip.usp.br\/site\/wp-json\/wp\/v2\/categories?post=24489"},{"taxonomy":"post_tag","embeddable":true,"href":"https:\/\/www.ip.usp.br\/site\/wp-json\/wp\/v2\/tags?post=24489"}],"curies":[{"name":"wp","href":"https:\/\/api.w.org\/{rel}","templated":true}]}}