{"id":25088,"date":"2018-09-21T07:44:26","date_gmt":"2018-09-21T10:44:26","guid":{"rendered":"https:\/\/www.ip.usp.br\/site\/?page_id=25088"},"modified":"2025-04-22T17:32:28","modified_gmt":"2025-04-22T20:32:28","slug":"equipe-ssu","status":"publish","type":"page","link":"https:\/\/www.ip.usp.br\/site\/equipe-ssu\/","title":{"rendered":"Equipe"},"content":{"rendered":"<table style=\"border-collapse: collapse; width: 100%;\">\n<tbody>\n<tr>\n<td style=\"width: 1.23522%; vertical-align: top;\">\n<h5><\/h5>\n<\/td>\n<td style=\"width: 31.208%; vertical-align: top; text-align: center;\">\n<h5><a href=\"https:\/\/www.ip.usp.br\/site\/wp-content\/uploads\/2023\/10\/SelfieGamesf-scaled.jpg\"><img decoding=\"async\" class=\"alignnone wp-image-44522 size-thumbnail\" src=\"https:\/\/www.ip.usp.br\/site\/wp-content\/uploads\/2023\/10\/SelfieGamesf-150x150.jpg\" alt=\"\" width=\"150\" height=\"150\" srcset=\"https:\/\/www.ip.usp.br\/site\/wp-content\/uploads\/2023\/10\/SelfieGamesf-150x150.jpg 150w, https:\/\/www.ip.usp.br\/site\/wp-content\/uploads\/2023\/10\/SelfieGamesf-300x300.jpg 300w, https:\/\/www.ip.usp.br\/site\/wp-content\/uploads\/2023\/10\/SelfieGamesf-1024x1024.jpg 1024w, https:\/\/www.ip.usp.br\/site\/wp-content\/uploads\/2023\/10\/SelfieGamesf-768x768.jpg 768w, https:\/\/www.ip.usp.br\/site\/wp-content\/uploads\/2023\/10\/SelfieGamesf-1536x1536.jpg 1536w, https:\/\/www.ip.usp.br\/site\/wp-content\/uploads\/2023\/10\/SelfieGamesf-2048x2048.jpg 2048w\" sizes=\"(max-width: 150px) 100vw, 150px\" \/><\/a><\/h5>\n<h5><span style=\"color: #333399;\">Rodrigo Marinangeli de Vasconcellos<\/span><br \/>\n<em>T\u00e9cnico em Inform\u00e1tica<\/em><br \/>\n(11) 3091-8613 |<a href=\"https:\/\/wa.me\/+551130918613\"><img decoding=\"async\" class=\"wp-image-51249 aligncenter\" src=\"https:\/\/www.ip.usp.br\/site\/wp-content\/uploads\/2025\/04\/whatsapp-logo-300x300.png\" alt=\"\" width=\"27\" height=\"27\" srcset=\"https:\/\/www.ip.usp.br\/site\/wp-content\/uploads\/2025\/04\/whatsapp-logo-300x300.png 300w, https:\/\/www.ip.usp.br\/site\/wp-content\/uploads\/2025\/04\/whatsapp-logo-150x150.png 150w, https:\/\/www.ip.usp.br\/site\/wp-content\/uploads\/2025\/04\/whatsapp-logo-768x768.png 768w, https:\/\/www.ip.usp.br\/site\/wp-content\/uploads\/2025\/04\/whatsapp-logo.png 800w\" sizes=\"(max-width: 27px) 100vw, 27px\" \/><\/a><a href=\"mailto:rodrigo.vasconcellos@usp.br\">rodrigo.vasconcellos@usp.br<\/a><\/h5>\n<\/td>\n<td style=\"width: 0.908265%; vertical-align: top; text-align: center;\"><\/td>\n<td style=\"width: 32.534%; vertical-align: top; text-align: center;\">\n<h5><img decoding=\"async\" class=\"alignnone wp-image-39712 size-thumbnail\" src=\"https:\/\/www.ip.usp.br\/site\/wp-content\/uploads\/2022\/07\/Gilberto-Carvalho-150x150.jpg\" alt=\"\" width=\"150\" height=\"150\" srcset=\"https:\/\/www.ip.usp.br\/site\/wp-content\/uploads\/2022\/07\/Gilberto-Carvalho-150x150.jpg 150w, https:\/\/www.ip.usp.br\/site\/wp-content\/uploads\/2022\/07\/Gilberto-Carvalho-300x300.jpg 300w, https:\/\/www.ip.usp.br\/site\/wp-content\/uploads\/2022\/07\/Gilberto-Carvalho-1024x1024.jpg 1024w, https:\/\/www.ip.usp.br\/site\/wp-content\/uploads\/2022\/07\/Gilberto-Carvalho-768x768.jpg 768w, https:\/\/www.ip.usp.br\/site\/wp-content\/uploads\/2022\/07\/Gilberto-Carvalho-1536x1536.jpg 1536w, https:\/\/www.ip.usp.br\/site\/wp-content\/uploads\/2022\/07\/Gilberto-Carvalho.jpg 1664w\" sizes=\"(max-width: 150px) 100vw, 150px\" \/><\/h5>\n<h5><span style=\"color: #333399;\">Gilberto Carvalho<br \/>\n<\/span><em>Secret\u00e1rio<\/em><br \/>\n(11) 3091-9064<br \/>\n<a href=\"mailto:coordep@usp.br\">coordep@usp.br<\/a><\/h5>\n<\/td>\n<td style=\"width: 0.908265%; vertical-align: top; text-align: center;\"><\/td>\n<td style=\"width: 31.98%; vertical-align: top; text-align: center;\">\n<h5><img loading=\"lazy\" decoding=\"async\" class=\"alignnone wp-image-37368 size-thumbnail\" src=\"https:\/\/www.ip.usp.br\/site\/wp-content\/uploads\/2021\/12\/OtacilioGustavoMonezzi-150x150.jpg\" alt=\"\" width=\"150\" height=\"150\" srcset=\"https:\/\/www.ip.usp.br\/site\/wp-content\/uploads\/2021\/12\/OtacilioGustavoMonezzi-150x150.jpg 150w, https:\/\/www.ip.usp.br\/site\/wp-content\/uploads\/2021\/12\/OtacilioGustavoMonezzi-300x300.jpg 300w, https:\/\/www.ip.usp.br\/site\/wp-content\/uploads\/2021\/12\/OtacilioGustavoMonezzi-1024x1024.jpg 1024w, https:\/\/www.ip.usp.br\/site\/wp-content\/uploads\/2021\/12\/OtacilioGustavoMonezzi-768x768.jpg 768w, https:\/\/www.ip.usp.br\/site\/wp-content\/uploads\/2021\/12\/OtacilioGustavoMonezzi.jpg 1492w\" sizes=\"(max-width: 150px) 100vw, 150px\" \/><\/h5>\n<h5><span style=\"color: #333399;\">Otac\u00edlio Gustavo Monezzi<\/span><br \/>\n<em>Auxiliar Administrativo<br \/>\n<\/em>(11) 3091-9064<br \/>\n<a href=\"mailto:gustavomonezzi@usp.br\">gustavomonezzi@usp.br<\/a><\/h5>\n<\/td>\n<td style=\"width: 2.00722%; vertical-align: top;\">\n<h5><\/h5>\n<\/td>\n<\/tr>\n<\/tbody>\n<\/table>\n","protected":false},"excerpt":{"rendered":"<p>Rodrigo Marinangeli de Vasconcellos T\u00e9cnico em Inform\u00e1tica (11) 3091-8613 |rodrigo.vasconcellos@usp.br Gilberto Carvalho Secret\u00e1rio (11) 3091-9064 coordep@usp.br Otac\u00edlio Gustavo Monezzi Auxiliar Administrativo (11) 3091-9064 gustavomonezzi@usp.br<\/p>\n","protected":false},"author":4,"featured_media":0,"parent":0,"menu_order":0,"comment_status":"closed","ping_status":"closed","template":"","meta":{"_acf_changed":false,"footnotes":""},"categories":[496],"tags":[],"class_list":["post-25088","page","type-page","status-publish","hentry","category-informatica"],"acf":[],"jetpack_sharing_enabled":true,"_links":{"self":[{"href":"https:\/\/www.ip.usp.br\/site\/wp-json\/wp\/v2\/pages\/25088","targetHints":{"allow":["GET"]}}],"collection":[{"href":"https:\/\/www.ip.usp.br\/site\/wp-json\/wp\/v2\/pages"}],"about":[{"href":"https:\/\/www.ip.usp.br\/site\/wp-json\/wp\/v2\/types\/page"}],"author":[{"embeddable":true,"href":"https:\/\/www.ip.usp.br\/site\/wp-json\/wp\/v2\/users\/4"}],"replies":[{"embeddable":true,"href":"https:\/\/www.ip.usp.br\/site\/wp-json\/wp\/v2\/comments?post=25088"}],"version-history":[{"count":25,"href":"https:\/\/www.ip.usp.br\/site\/wp-json\/wp\/v2\/pages\/25088\/revisions"}],"predecessor-version":[{"id":51251,"href":"https:\/\/www.ip.usp.br\/site\/wp-json\/wp\/v2\/pages\/25088\/revisions\/51251"}],"wp:attachment":[{"href":"https:\/\/www.ip.usp.br\/site\/wp-json\/wp\/v2\/media?parent=25088"}],"wp:term":[{"taxonomy":"category","embeddable":true,"href":"https:\/\/www.ip.usp.br\/site\/wp-json\/wp\/v2\/categories?post=25088"},{"taxonomy":"post_tag","embeddable":true,"href":"https:\/\/www.ip.usp.br\/site\/wp-json\/wp\/v2\/tags?post=25088"}],"curies":[{"name":"wp","href":"https:\/\/api.w.org\/{rel}","templated":true}]}}