{"id":25261,"date":"2018-09-25T15:07:07","date_gmt":"2018-09-25T18:07:07","guid":{"rendered":"https:\/\/www.ip.usp.br\/site\/?page_id=25261"},"modified":"2018-09-25T15:07:49","modified_gmt":"2018-09-25T18:07:49","slug":"alumni-leeeis","status":"publish","type":"page","link":"https:\/\/www.ip.usp.br\/site\/alumni-leeeis\/","title":{"rendered":"Alumni &#8211; LEEEIS"},"content":{"rendered":"<p><strong>Doutorado<\/strong><\/p>\n<p><strong>\u00a0<\/strong><\/p>\n<p><a href=\"https:\/\/scholar.google.com\/citations?user=QIGnp42_nssC&amp;hl=fr\">Boris Yagound<\/a>. Conflits, coop\u00e9ration et syst\u00e8mes de reconnaissance chez les fourmis du complexe d\u2019esp\u00e8ces <em>Neoponera apicalis<\/em>. 2014.<\/p>\n<p><a href=\"https:\/\/scholar.google.com\/citations?user=iNii33IAAAAJ&amp;hl=fr\">Pierre Blacher<\/a>. Coop\u00e9ration, Conflits et D\u00e9cisions Reproductives Individuelles dans les Soci\u00e9t\u00e9s Annuelles de Bourdons (<em>Bombus terrestris<\/em>). 2014.<\/p>\n<p><strong>\u00a0<\/strong><\/p>\n<p><strong>Mestrado<\/strong><\/p>\n<p><strong>\u00a0<\/strong><\/p>\n<p>Romane Vignon. Strat\u00e9gies d&#8217;exploitation du milieu chez la fourmi <em>Neoponera verenae<\/em>: Fourragement et Dynamique Spatiale. 2018. Disserta\u00e7\u00e3o (Mestrado em Master 2 \u00c9thologie Exp\u00e9rimentale et Compar\u00e9e) &#8211; Universit\u00e9 Paris 13 (Paris-Nord) &#8211; Campus de Villetaneuse, Universit\u00e9 Paris 13. Orientador: Nicolas G\u00e9rard Ch\u00e2line.<\/p>\n<p><a href=\"https:\/\/www.researchgate.net\/profile\/Lucia_Neco\">L\u00facia Carvalho Neco<\/a>. <a href=\"http:\/\/www.teses.usp.br\/teses\/disponiveis\/47\/47132\/tde-18042018-153901\/fr.php\">Social Terminology and the Development of a Metric of Sociality: Social Networks in Spiders<\/a>. 2017.<\/p>\n<p>Romain Honorio. R\u00f4le de l&#8217;h\u00e9t\u00e9rog\u00e9n\u00e9it\u00e9 initiale dans la mise en place et le maintien des hi\u00e9rarchies de reproduction chez <em>Neoponera apicalis<\/em>. 2017.<\/p>\n<p>Lucille Dumontier. Composante cognitive socio-spatiale de la d\u00e9rive ouvri\u00e8re chez le bourdon terrestre <em>Bombus terrestris<\/em>. 2017.<\/p>\n<p>Chlo\u00e9 Leservoisier. Composante cognitive \u00ab socio-spatiale \u00bb de la d\u00e9rive ouvri\u00e8re chez le bourdon terrestre <em>Bombus terrestris<\/em>. 2017.<\/p>\n<p>Guillaume Bourdon. Implication des amines biog\u00e8nes dans la mise en place de la hi\u00e9rarchie reproductrice : Effets de l\u2019octopamine sur les comportements sociaux et la locomotion volontaire chez <em>Neoponera apicalis<\/em>. 2017<\/p>\n<p>Raquel Luiza de Carvalho. Compostos qu\u00edmicos das gl\u00e2ndulas abdominais e pigidiais de besouros rola-bosta: repel\u00eancia sobre o recrutamento de formigas urbanas. 2016.<\/p>\n<p>Alexis Louis. Impact des signaux de fertilit\u00e9 dans la mise en place des hi\u00e9rarchies au sein du complexe d\u2019esp\u00e8ces <em>Neoponera apicalis<\/em>. 2016.<\/p>\n<p>Am\u00e9lie Faure. Composantes cognitives de la d\u00e9rive ouvri\u00e8re chez le bourdon terrestre <em>Bombus terrestris<\/em>. 2016.<\/p>\n<p>Janiele Pereira da Silva. <a href=\"http:\/\/www.teses.usp.br\/teses\/disponiveis\/47\/47132\/tde-06022018-104130\/fr.php\">Estrategias de forrageamento e reconhecimento em <em>Pachycondyla striata.<\/em><\/a> 2015.<\/p>\n<p>Cynthia Adanh Senouvo. Composantes cognitives de la d\u00e9rive des ouvri\u00e8res chez <em>Bombus terrestris<\/em>. 2015.<\/p>\n<p>R\u00e9mi Gouttefarde. Identification des m\u00e9canismes impliqu\u00e9s dans le processus d\u2019\u00e9tablissement des hi\u00e9rarchies de dominance chez la fourmi <em>Neoponera apicalis<\/em> (Ponerinae). 2014.<\/p>\n<p>&nbsp;<\/p>\n<p><strong>Inicia\u00e7\u00e3o cientifica e TCC<\/strong><\/p>\n<p>&nbsp;<\/p>\n<p>Iasmim Go\u00e9s Frossard. Reconhecimento de companheiras e n\u00e3o companheiras de ninho na formiga poneromorfa <em>Neoponera verenae<\/em>. 2017.<\/p>\n<p>Thais da Matta Alves. RECONHECIMENTO SOCIAL E VARIA\u00c7\u00c3O DA RESPOSTA AGRESSIVA EM <em>NEOPONERA VERENAE<\/em> MORFOESP\u00c9CIE 2 (HYMENOPTERA: FORMICIDAE, FOREL 1922). 2016.<\/p>\n<p>G\u00e9ssica Cristina Lemos. RECONHECIMENTO SOCIAL E VARIA\u00c7\u00c3O DA RESPOSTA AGRESSIVA EM <em>NEOPONERA VERENAE<\/em> MORFOESP\u00c9CIE 2 (HYMENOPTERA: FORMICIDAE, FOREL 1922). 2016.<\/p>\n<p>Henrique Lanhoso Americano. Compara\u00e7\u00e3o da composi\u00e7\u00e3o e das rela\u00e7\u00f5es de domin\u00e2ncia entre as comunidades de formigas de ambientes perturbados e conservados na Cidade Universit\u00e1ria. 2016.<\/p>\n<p>Gabriela Verruck de Moraes. Mecanismos associados \u00e0 flexibilidade comportamental em formigas Ponerinae. 2016.<\/p>\n<p>Igor Marques dos Santos. Socialidade e desenvolvimento em <em>Anelosimus eximius<\/em>. 2016.<\/p>\n<p>Camila Massari Castro. Mecanismos associados \u00e0 flexibilidade comportamental em formigas Ponerinae. 2016.<\/p>\n<p>Fabio Akio Kishimoto. Reconhecimento social em formigas: mecanismos de modula\u00e7\u00e3o das respostas agressivas. 2015.<\/p>\n<p>&nbsp;<\/p>\n","protected":false},"excerpt":{"rendered":"<p>Doutorado \u00a0 Boris Yagound. Conflits, coop\u00e9ration et syst\u00e8mes de reconnaissance chez les fourmis du complexe d\u2019esp\u00e8ces Neoponera apicalis. 2014. Pierre Blacher. Coop\u00e9ration, Conflits et D\u00e9cisions Reproductives Individuelles dans les Soci\u00e9t\u00e9s Annuelles de Bourdons (Bombus terrestris). 2014. \u00a0 Mestrado \u00a0 Romane Vignon. Strat\u00e9gies d&#8217;exploitation du milieu chez la fourmi Neoponera verenae: Fourragement et Dynamique Spatiale. 2018. [&hellip;]<\/p>\n","protected":false},"author":5,"featured_media":0,"parent":0,"menu_order":0,"comment_status":"closed","ping_status":"closed","template":"","meta":{"_acf_changed":false,"footnotes":""},"categories":[401],"tags":[],"class_list":["post-25261","page","type-page","status-publish","hentry","category-laboratorios-2"],"acf":[],"jetpack_sharing_enabled":true,"_links":{"self":[{"href":"https:\/\/www.ip.usp.br\/site\/wp-json\/wp\/v2\/pages\/25261","targetHints":{"allow":["GET"]}}],"collection":[{"href":"https:\/\/www.ip.usp.br\/site\/wp-json\/wp\/v2\/pages"}],"about":[{"href":"https:\/\/www.ip.usp.br\/site\/wp-json\/wp\/v2\/types\/page"}],"author":[{"embeddable":true,"href":"https:\/\/www.ip.usp.br\/site\/wp-json\/wp\/v2\/users\/5"}],"replies":[{"embeddable":true,"href":"https:\/\/www.ip.usp.br\/site\/wp-json\/wp\/v2\/comments?post=25261"}],"version-history":[{"count":2,"href":"https:\/\/www.ip.usp.br\/site\/wp-json\/wp\/v2\/pages\/25261\/revisions"}],"predecessor-version":[{"id":25263,"href":"https:\/\/www.ip.usp.br\/site\/wp-json\/wp\/v2\/pages\/25261\/revisions\/25263"}],"wp:attachment":[{"href":"https:\/\/www.ip.usp.br\/site\/wp-json\/wp\/v2\/media?parent=25261"}],"wp:term":[{"taxonomy":"category","embeddable":true,"href":"https:\/\/www.ip.usp.br\/site\/wp-json\/wp\/v2\/categories?post=25261"},{"taxonomy":"post_tag","embeddable":true,"href":"https:\/\/www.ip.usp.br\/site\/wp-json\/wp\/v2\/tags?post=25261"}],"curies":[{"name":"wp","href":"https:\/\/api.w.org\/{rel}","templated":true}]}}