{"id":26973,"date":"2018-10-24T08:51:37","date_gmt":"2018-10-24T11:51:37","guid":{"rendered":"https:\/\/www.ip.usp.br\/site\/?page_id=26973"},"modified":"2018-10-24T09:06:08","modified_gmt":"2018-10-24T12:06:08","slug":"classificados-26o-siicusp","status":"publish","type":"page","link":"https:\/\/www.ip.usp.br\/site\/classificados-26o-siicusp\/","title":{"rendered":"Classificados &#8211; 26\u00ba SIICUSP"},"content":{"rendered":"<p>&nbsp;<\/p>\n<h3>Classificados para a 2\u00aa fase &#8211; Etapa Internacional do SIICUSP 2018<\/h3>\n<p>&nbsp;<\/p>\n<p><strong>Per\u00edodo<\/strong>: 22 e 23 de novembro de 2018<\/p>\n<p><strong>Local<\/strong>: Centro de Difus\u00e3o Internacional, na Cidade Universit\u00e1ria &#8211; Av. Prof. L\u00facio Martins Rodrigues, 310 &#8211; Bloco A &#8211; CEP: 05508-020 &#8211; S\u00e3o Paulo &#8211; SP.<\/p>\n<p>Nesta ocasi\u00e3o o trabalho dever\u00e1 ser apresentado em formato de p\u00f4ster na l\u00edngua inglesa.<\/p>\n<p>Aten\u00e7\u00e3o \u00e0s orienta\u00e7\u00f5es sobre a inscri\u00e7\u00e3o na 2\u00aa fase: <a href=\"http:\/\/siicusp.prp.usp.br\/pt\/home\/\" target=\"_blank\" rel=\"noopener\">http:\/\/siicusp.prp.usp.br\/pt\/home\/<\/a><\/p>\n<p>&nbsp;<\/p>\n<table style=\"font-weight: 400; width: 1038px; height: 624px;\" width=\"952\">\n<tbody>\n<tr style=\"height: 24px;\">\n<td style=\"width: 119px; border-style: solid; border-color: #9c9c9c; height: 24px;\">Classifica\u00e7\u00e3o<\/td>\n<td style=\"width: 386px; border-style: solid; border-color: #9c9c9c; height: 24px;\">T\u00edtulo em Portugu\u00eas<\/td>\n<td style=\"width: 203px; border-style: solid; border-color: #9c9c9c; height: 24px;\">Autor<\/td>\n<td style=\"width: 302px; border-style: solid; border-color: #9c9c9c; height: 24px;\">Orientador<\/td>\n<\/tr>\n<tr style=\"height: 48px;\">\n<td style=\"width: 119px; border-style: solid; border-color: #9c9c9c; text-align: center; height: 48px;\">1\u00ba<\/td>\n<td style=\"width: 386px; border-style: solid; border-color: #9c9c9c; height: 48px;\">O rompimento entre Freud e Rank: Aspectos hist\u00f3ricos e te\u00f3ricos<\/td>\n<td style=\"width: 203px; border-style: solid; border-color: #9c9c9c; height: 48px;\">Ana Laura Ribeiro Azevedo<\/td>\n<td style=\"width: 302px; border-style: solid; border-color: #9c9c9c; height: 48px;\">Profa. Dra. Ana Maria Loffredo &#8211; PSA<\/td>\n<\/tr>\n<tr style=\"height: 48px;\">\n<td style=\"width: 119px; border-style: solid; border-color: #9c9c9c; text-align: center; height: 48px;\">2\u00ba<\/td>\n<td style=\"width: 386px; border-style: solid; border-color: #9c9c9c; height: 48px;\">O paradoxo em ser \u201c quase da fam\u00edlia\u201d: Um estudo psicanal\u00edtico da bab\u00e1 suficientemente boa\u201d<\/td>\n<td style=\"width: 203px; border-style: solid; border-color: #9c9c9c; height: 48px;\">Julia Demetrio Salgado<\/td>\n<td style=\"width: 302px; border-style: solid; border-color: #9c9c9c; height: 48px;\">Profa. Dra. Marina Ferreira da Rosa Ribeiro &#8211; PSC<\/td>\n<\/tr>\n<tr style=\"height: 48px;\">\n<td style=\"width: 119px; border-style: solid; border-color: #9c9c9c; text-align: center; height: 48px;\">3\u00ba<\/td>\n<td style=\"width: 386px; border-style: solid; border-color: #9c9c9c; height: 48px;\">A compreens\u00e3o de texto em crian\u00e7as do ensino fundamental por meio do reconto do trabalho<\/td>\n<td style=\"width: 203px; border-style: solid; border-color: #9c9c9c; height: 48px;\">Juliana Puglia Higa de Lima<\/td>\n<td style=\"width: 302px; border-style: solid; border-color: #9c9c9c; height: 48px;\">Profa. Dra. Fraulein Vidigal de Paula\u00a0\u00a0&#8211; PSA<\/td>\n<\/tr>\n<tr style=\"height: 48px;\">\n<td style=\"width: 119px; border-style: solid; border-color: #9c9c9c; text-align: center; height: 48px;\">4\u00ba<\/td>\n<td style=\"width: 386px; border-style: solid; border-color: #9c9c9c; height: 48px;\">Reflex\u00f5es sobre uma experi\u00eancia pr\u00e1tica dentro de um projeto de triagem de referencial psicanal\u00edtico<\/td>\n<td style=\"width: 203px; border-style: solid; border-color: #9c9c9c; height: 48px;\">Pedro S\u00f3glia Busatto<\/td>\n<td style=\"width: 302px; border-style: solid; border-color: #9c9c9c; height: 48px;\">Profa Dra. Maria Livia Tourinho Moretto\u00a0\u00a0&#8211; PSC<\/td>\n<\/tr>\n<tr style=\"height: 48px;\">\n<td style=\"width: 119px; border-style: solid; border-color: #9c9c9c; text-align: center; height: 48px;\">5\u00ba<\/td>\n<td style=\"width: 386px; border-style: solid; border-color: #9c9c9c; height: 48px;\">Materialismo e Superveni\u00eancia: entre Lacan e Neuroci\u00eancias<\/td>\n<td style=\"width: 203px; border-style: solid; border-color: #9c9c9c; height: 48px;\">Augusto Lima Ismerim Nascimento<\/td>\n<td style=\"width: 302px; border-style: solid; border-color: #9c9c9c; height: 48px;\">Prof. Dr. Christian Ingo Lenz Dunker &#8211; PSC<\/td>\n<\/tr>\n<tr style=\"height: 72px;\">\n<td style=\"width: 119px; border-style: solid; border-color: #9c9c9c; text-align: center; height: 72px;\">6\u00ba<\/td>\n<td style=\"width: 386px; border-style: solid; border-color: #9c9c9c; height: 72px;\">Tentaram nos Enterrar, mas somos sementes: Estudo de Caso sobre mem\u00f3rias coletivas e enfrentamento popular da viol\u00eancia urbana na periferia de S\u00e3o Paulo<\/td>\n<td style=\"width: 203px; border-style: solid; border-color: #9c9c9c; height: 72px;\">Diego da Silva Placido<\/td>\n<td style=\"width: 302px; border-style: solid; border-color: #9c9c9c; height: 72px;\">Prof. Dr. Luis Guilherme Gale\u00e3o da Silva\u00a0\u00a0&#8211;\u00a0\u00a0PST<\/td>\n<\/tr>\n<tr style=\"height: 48px;\">\n<td style=\"width: 119px; border-style: solid; border-color: #9c9c9c; text-align: center; height: 48px;\">7\u00ba<\/td>\n<td style=\"width: 386px; border-style: solid; border-color: #9c9c9c; height: 48px;\">Aplica\u00e7\u00e3o e An\u00e1lise de um programa de interven\u00e7\u00e3o sobre as fun\u00e7\u00f5es executivas em crian\u00e7a<\/td>\n<td style=\"width: 203px; border-style: solid; border-color: #9c9c9c; height: 48px;\">Luciano Pereira e Daniela Marques Farina<\/td>\n<td style=\"width: 302px; border-style: solid; border-color: #9c9c9c; height: 48px;\">Profa. Dra. Maria Isabel da Silva Leme &#8211;\u00a0 PSA<\/td>\n<\/tr>\n<tr style=\"height: 48px;\">\n<td style=\"width: 119px; border-style: solid; border-color: #9c9c9c; text-align: center; height: 48px;\">8\u00ba<\/td>\n<td style=\"width: 386px; border-style: solid; border-color: #9c9c9c; height: 48px;\">Avalia\u00e7\u00e3o longitudinal de fun\u00e7\u00f5es executivas em crian\u00e7as<\/td>\n<td style=\"width: 203px; border-style: solid; border-color: #9c9c9c; height: 48px;\">Daniela Marques Farina e Luciano Pereira<\/td>\n<td style=\"width: 302px; border-style: solid; border-color: #9c9c9c; height: 48px;\">Profa. Dra. Maria Isabel da Silva Leme &#8211;\u00a0 PSA<\/td>\n<\/tr>\n<tr style=\"height: 72px;\">\n<td style=\"width: 119px; border-style: solid; border-color: #9c9c9c; text-align: center; height: 72px;\">9\u00ba<\/td>\n<td style=\"width: 386px; border-style: solid; border-color: #9c9c9c; height: 72px;\">Estudo da morfologia retiniana e gen\u00e9tica de opsinas do bentevizinho-de-asa ferrug\u00ednea (Myiozetetes cayanensis, Tyrannidae)<\/td>\n<td style=\"width: 203px; border-style: solid; border-color: #9c9c9c; height: 72px;\">Maria Julia Vilani Naman<\/td>\n<td style=\"width: 302px; border-style: solid; border-color: #9c9c9c; height: 72px;\">Profa. Dra. Daniela Maria Oliveira Bonci \u2013 PSE<\/td>\n<\/tr>\n<tr style=\"height: 72px;\">\n<td style=\"width: 119px; border-style: solid; border-color: #9c9c9c; text-align: center; height: 72px;\">10\u00ba<\/td>\n<td style=\"width: 386px; border-style: solid; border-color: #9c9c9c; height: 72px;\">Arqu\u00e9tipos da Ecologia do Ser: Contribui\u00e7\u00f5es da Eco Arte Perform\u00e1tica para a Psicologia Socioambiental: O elemento Terra<\/td>\n<td style=\"width: 203px; border-style: solid; border-color: #9c9c9c; height: 72px;\">Roberta Lia de Morais Campos<\/td>\n<td style=\"width: 302px; border-style: solid; border-color: #9c9c9c; height: 72px;\">Profa. Dra. Sandra Maria Patr\u00edcio Ribeiro &#8211;\u00a0\u00a0PST<\/td>\n<\/tr>\n<tr style=\"height: 48px;\">\n<td style=\"width: 119px; border-style: solid; border-color: #9c9c9c; text-align: center; height: 48px;\">11\u00ba<\/td>\n<td style=\"width: 386px; border-style: solid; border-color: #9c9c9c; height: 48px;\">Crit\u00e9rios de Julgamentos sobre o Machucar: Uma An\u00e1lise do Dom\u00ednio Social<\/td>\n<td style=\"width: 203px; border-style: solid; border-color: #9c9c9c; height: 48px;\">Paulo Yoo Chul Choi<\/td>\n<td style=\"width: 302px; border-style: solid; border-color: #9c9c9c; height: 48px;\">Profa Dra. Luciana Maria Caetano &#8211; PSA<\/td>\n<\/tr>\n<\/tbody>\n<\/table>\n","protected":false},"excerpt":{"rendered":"<p>&nbsp; Classificados para a 2\u00aa fase &#8211; Etapa Internacional do SIICUSP 2018 &nbsp; Per\u00edodo: 22 e 23 de novembro de 2018 Local: Centro de Difus\u00e3o Internacional, na Cidade Universit\u00e1ria &#8211; Av. Prof. L\u00facio Martins Rodrigues, 310 &#8211; Bloco A &#8211; CEP: 05508-020 &#8211; S\u00e3o Paulo &#8211; SP. Nesta ocasi\u00e3o o trabalho dever\u00e1 ser apresentado em [&hellip;]<\/p>\n","protected":false},"author":5,"featured_media":0,"parent":0,"menu_order":0,"comment_status":"closed","ping_status":"closed","template":"","meta":{"_acf_changed":false,"footnotes":""},"categories":[515],"tags":[],"class_list":["post-26973","page","type-page","status-publish","hentry","category-pesquisa"],"acf":[],"jetpack_sharing_enabled":true,"_links":{"self":[{"href":"https:\/\/www.ip.usp.br\/site\/wp-json\/wp\/v2\/pages\/26973","targetHints":{"allow":["GET"]}}],"collection":[{"href":"https:\/\/www.ip.usp.br\/site\/wp-json\/wp\/v2\/pages"}],"about":[{"href":"https:\/\/www.ip.usp.br\/site\/wp-json\/wp\/v2\/types\/page"}],"author":[{"embeddable":true,"href":"https:\/\/www.ip.usp.br\/site\/wp-json\/wp\/v2\/users\/5"}],"replies":[{"embeddable":true,"href":"https:\/\/www.ip.usp.br\/site\/wp-json\/wp\/v2\/comments?post=26973"}],"version-history":[{"count":8,"href":"https:\/\/www.ip.usp.br\/site\/wp-json\/wp\/v2\/pages\/26973\/revisions"}],"predecessor-version":[{"id":26981,"href":"https:\/\/www.ip.usp.br\/site\/wp-json\/wp\/v2\/pages\/26973\/revisions\/26981"}],"wp:attachment":[{"href":"https:\/\/www.ip.usp.br\/site\/wp-json\/wp\/v2\/media?parent=26973"}],"wp:term":[{"taxonomy":"category","embeddable":true,"href":"https:\/\/www.ip.usp.br\/site\/wp-json\/wp\/v2\/categories?post=26973"},{"taxonomy":"post_tag","embeddable":true,"href":"https:\/\/www.ip.usp.br\/site\/wp-json\/wp\/v2\/tags?post=26973"}],"curies":[{"name":"wp","href":"https:\/\/api.w.org\/{rel}","templated":true}]}}