{"id":2815,"date":"2010-06-16T17:48:23","date_gmt":"2010-06-16T17:48:23","guid":{"rendered":"https:\/\/www.ip.usp.br\/site\/?p=2815"},"modified":"2025-03-28T11:34:34","modified_gmt":"2025-03-28T14:34:34","slug":"indice-alfabetico-gh-2","status":"publish","type":"page","link":"https:\/\/www.ip.usp.br\/site\/indice-alfabetico-gh-2\/","title":{"rendered":"GH"},"content":{"rendered":"<div>\n<hr \/>\n<p style=\"text-align: center;font-weight: 400\"><a style=\"padding: 6px 15px 6px 15px\" href=\"https:\/\/www.ip.usp.br\/site\/ab\/\">AB<\/a><span style=\"color: #808080\">|<\/span><a style=\"padding: 6px 15px 6px 15px\" href=\"https:\/\/www.ip.usp.br\/site\/indice-alfabetico-cd-2\/\">CD<\/a><span style=\"color: #808080\">|<\/span><a style=\"padding: 6px 15px 6px 15px\" href=\"https:\/\/www.ip.usp.br\/site\/indice-alfabetico-ef-2\/\">EF<\/a><span style=\"color: #808080\">|<\/span><a style=\"padding: 6px 15px 6px 15px\" href=\"https:\/\/www.ip.usp.br\/site\/indice-alfabetico-gh-2\/\">GH<\/a><span style=\"color: #808080\">|<\/span><a style=\"padding: 6px 15px 6px 15px\" href=\"https:\/\/www.ip.usp.br\/site\/indice-alfabetico-ij-2\/\">IJ<\/a><span style=\"color: #808080\">|<\/span><a style=\"padding: 6px 15px 6px 15px\" href=\"https:\/\/www.ip.usp.br\/site\/indice-alfabetico-kl-2\/\">KL<\/a><span style=\"color: #808080\">|<\/span><a style=\"padding: 6px 15px 6px 15px\" href=\"https:\/\/www.ip.usp.br\/site\/indice-alfabetico-m-2\/\">M<\/a><span style=\"color: #808080\">|<\/span><a style=\"padding: 6px 15px 6px 15px\" href=\"https:\/\/www.ip.usp.br\/site\/indice-alfabetico-nop-2\/\">NOP<\/a><span style=\"color: #808080\">|<\/span><a style=\"padding: 6px 15px 6px 15px\" href=\"https:\/\/www.ip.usp.br\/site\/indice-alfabetico-qr\/\">QR<\/a><span style=\"color: #808080\">|<\/span><a style=\"padding: 6px 15px 6px 15px\" href=\"https:\/\/www.ip.usp.br\/site\/indice-alfabetico-st\/\">ST<\/a><span style=\"color: #808080\">|<\/span><a style=\"padding: 6px 15px 6px 15px\" href=\"https:\/\/www.ip.usp.br\/site\/indice-alfabetico-uvwxyz-3\/\">UVWXYZ<\/a><\/p>\n<\/div>\n<div>\n<hr \/>\n<\/div>\n<div>\n<table style=\"border-collapse: collapse;width: 100%\">\n<tbody>\n<tr>\n<td style=\"width: 1.23522%;vertical-align: top\">\n<h5><\/h5>\n<\/td>\n<td style=\"width: 31.208%;text-align: center;vertical-align: bottom\">\n<h5><\/h5>\n<h5><span style=\"color: #333399\">Gabriel da Silva Sim\u00f5es<br \/>\n<\/span>T\u00e9cnico Administrativo<br \/>\n<a href=\"https:\/\/www.ip.usp.br\/site\/servico-de-materiais\/\">Servi\u00e7o de Materiais<\/a><br \/>\nBloco G, sala 30<br \/>\n<a href=\"mailto:svmatpsico.47@usp.br\">svmatpsico.47@usp.br<\/a><\/h5>\n<\/td>\n<td style=\"width: 0.908265%;vertical-align: bottom;text-align: center\"><\/td>\n<td style=\"width: 32.534%;vertical-align: bottom;text-align: center\">\n<h5><img decoding=\"async\" class=\"alignnone wp-image-37328 size-thumbnail\" src=\"https:\/\/www.ip.usp.br\/site\/wp-content\/uploads\/2021\/12\/GERSONMERCES-150x150.jpg\" alt=\"\" width=\"150\" height=\"150\" srcset=\"https:\/\/www.ip.usp.br\/site\/wp-content\/uploads\/2021\/12\/GERSONMERCES-150x150.jpg 150w, https:\/\/www.ip.usp.br\/site\/wp-content\/uploads\/2021\/12\/GERSONMERCES-300x300.jpg 300w, https:\/\/www.ip.usp.br\/site\/wp-content\/uploads\/2021\/12\/GERSONMERCES-1022x1024.jpg 1022w, https:\/\/www.ip.usp.br\/site\/wp-content\/uploads\/2021\/12\/GERSONMERCES-768x770.jpg 768w, https:\/\/www.ip.usp.br\/site\/wp-content\/uploads\/2021\/12\/GERSONMERCES.jpg 1276w\" sizes=\"(max-width: 150px) 100vw, 150px\" \/><\/h5>\n<h5><span style=\"color: #333399\">Gerson da Silva Merc\u00eas<br \/>\n<\/span>Arte Finalista<br \/>\nServi\u00e7o de Edi\u00e7\u00e3o e Publica\u00e7\u00e3o e Apoio \u00e0 Pesquisa<br \/>\nSala 10 \u2013 Bloco G<br \/>\n55 11-3091-4452<br \/>\n<a href=\"mailto:coordep@usp.br\">coordep@usp.br<\/a><\/h5>\n<\/td>\n<td style=\"width: 0.908265%;vertical-align: bottom;text-align: center\"><\/td>\n<td style=\"width: 31.98%;vertical-align: bottom;text-align: center\">\n<h5><img decoding=\"async\" class=\"alignnone wp-image-39712 size-thumbnail\" src=\"https:\/\/www.ip.usp.br\/site\/wp-content\/uploads\/2022\/07\/Gilberto-Carvalho-150x150.jpg\" alt=\"\" width=\"150\" height=\"150\" srcset=\"https:\/\/www.ip.usp.br\/site\/wp-content\/uploads\/2022\/07\/Gilberto-Carvalho-150x150.jpg 150w, https:\/\/www.ip.usp.br\/site\/wp-content\/uploads\/2022\/07\/Gilberto-Carvalho-300x300.jpg 300w, https:\/\/www.ip.usp.br\/site\/wp-content\/uploads\/2022\/07\/Gilberto-Carvalho-1024x1024.jpg 1024w, https:\/\/www.ip.usp.br\/site\/wp-content\/uploads\/2022\/07\/Gilberto-Carvalho-768x768.jpg 768w, https:\/\/www.ip.usp.br\/site\/wp-content\/uploads\/2022\/07\/Gilberto-Carvalho-1536x1536.jpg 1536w, https:\/\/www.ip.usp.br\/site\/wp-content\/uploads\/2022\/07\/Gilberto-Carvalho.jpg 1664w\" sizes=\"(max-width: 150px) 100vw, 150px\" \/><\/h5>\n<h5><span style=\"color: #333399\">Gilberto Carvalho<br \/>\n<\/span>Secret\u00e1rio<br \/>\nSala 20 \u2013 Bloco G<br \/>\n55 11-3091-9064<br \/>\n<a href=\"mailto:coordep@usp.br\">coordep@usp.br<\/a><\/h5>\n<\/td>\n<td style=\"width: 2.00722%;vertical-align: top\">\n<h5><\/h5>\n<\/td>\n<\/tr>\n<tr>\n<td style=\"width: 1.23522%;vertical-align: top\">\n<h5><\/h5>\n<\/td>\n<td style=\"width: 31.208%;vertical-align: top;text-align: center\">\n<h5><\/h5>\n<\/td>\n<td style=\"width: 0.908265%;vertical-align: top;text-align: center\"><\/td>\n<td style=\"width: 32.534%;vertical-align: top;text-align: center\">\n<h5><\/h5>\n<\/td>\n<td style=\"width: 0.908265%;vertical-align: top;text-align: center\"><\/td>\n<td style=\"width: 31.98%;vertical-align: top;text-align: center\">\n<h5><span style=\"color: #ffffff\">.<\/span><\/h5>\n<\/td>\n<td style=\"width: 2.00722%;vertical-align: top\">\n<h5><\/h5>\n<\/td>\n<\/tr>\n<tr>\n<td style=\"width: 1.23522%;vertical-align: top\">\n<h5><\/h5>\n<\/td>\n<td style=\"width: 31.208%;vertical-align: top;text-align: center\">\n<h5><img decoding=\"async\" class=\"alignnone wp-image-37330 size-thumbnail\" src=\"https:\/\/www.ip.usp.br\/site\/wp-content\/uploads\/2021\/12\/GiseleZago-150x150.jpg\" alt=\"\" width=\"150\" height=\"150\" srcset=\"https:\/\/www.ip.usp.br\/site\/wp-content\/uploads\/2021\/12\/GiseleZago-150x150.jpg 150w, https:\/\/www.ip.usp.br\/site\/wp-content\/uploads\/2021\/12\/GiseleZago.jpg 293w\" sizes=\"(max-width: 150px) 100vw, 150px\" \/><\/h5>\n<h5><span style=\"color: #333399\">Gisele Zago<\/span><br \/>\nT\u00e9cnico em Laborat\u00f3rio<br \/>\nLaborat\u00f3rio de Psicologia Comparativa e Animal<br \/>\n55 11-3091-1929<br \/>\n<a href=\"mailto:gizago@usp.br\">giza<\/a><a href=\"mailto:gizago@usp.br\">go@usp.br<\/a><\/h5>\n<\/td>\n<td style=\"width: 0.908265%;vertical-align: top;text-align: center\"><\/td>\n<td style=\"width: 32.534%;vertical-align: top;text-align: center\">\n<h5><img loading=\"lazy\" decoding=\"async\" class=\"alignnone wp-image-40669 size-thumbnail\" src=\"https:\/\/www.ip.usp.br\/site\/wp-content\/uploads\/2022\/10\/grazi-1-150x150.jpg\" alt=\"\" width=\"150\" height=\"150\" srcset=\"https:\/\/www.ip.usp.br\/site\/wp-content\/uploads\/2022\/10\/grazi-1-150x150.jpg 150w, https:\/\/www.ip.usp.br\/site\/wp-content\/uploads\/2022\/10\/grazi-1-300x300.jpg 300w, https:\/\/www.ip.usp.br\/site\/wp-content\/uploads\/2022\/10\/grazi-1.jpg 745w\" sizes=\"(max-width: 150px) 100vw, 150px\" \/><\/h5>\n<h5><span style=\"color: #333399\">Graziela Neves Hagihara<\/span><br \/>\nT\u00e9cnico em Laborat\u00f3rio<br \/>\nDepartamento de Psicologia Experimental<br \/>\n55 11-3091-0116<br \/>\n<a href=\"mailto:grazy@usp.br\">grazy@usp.br<\/a><\/h5>\n<\/td>\n<td style=\"width: 0.908265%;vertical-align: top;text-align: center\"><\/td>\n<td style=\"width: 31.98%;vertical-align: top;text-align: center\">\n<h5><img loading=\"lazy\" decoding=\"async\" class=\"alignnone wp-image-37332 size-thumbnail\" src=\"https:\/\/www.ip.usp.br\/site\/wp-content\/uploads\/2021\/12\/GuilhermeFoncatti-150x150.jpg\" alt=\"\" width=\"150\" height=\"150\" srcset=\"https:\/\/www.ip.usp.br\/site\/wp-content\/uploads\/2021\/12\/GuilhermeFoncatti-150x150.jpg 150w, https:\/\/www.ip.usp.br\/site\/wp-content\/uploads\/2021\/12\/GuilhermeFoncatti-300x300.jpg 300w, https:\/\/www.ip.usp.br\/site\/wp-content\/uploads\/2021\/12\/GuilhermeFoncatti-1024x1024.jpg 1024w, https:\/\/www.ip.usp.br\/site\/wp-content\/uploads\/2021\/12\/GuilhermeFoncatti-768x768.jpg 768w, https:\/\/www.ip.usp.br\/site\/wp-content\/uploads\/2021\/12\/GuilhermeFoncatti-1536x1536.jpg 1536w, https:\/\/www.ip.usp.br\/site\/wp-content\/uploads\/2021\/12\/GuilhermeFoncatti-2048x2048.jpg 2048w\" sizes=\"(max-width: 150px) 100vw, 150px\" \/><\/h5>\n<h5><span style=\"color: #333399\">Guilherme de Oliveira Silva Fon\u00e7atti<\/span><br \/>\nPsic\u00f3logo<br \/>\nDepartamento de Psicologia Social e do Trabalho<br \/>\n55 11-3091-4188<br \/>\n<a href=\"mailto:guilherme.foncatti@usp.br\">guilherme.foncatti@usp.br<\/a><\/h5>\n<\/td>\n<td style=\"width: 2.00722%;vertical-align: top\">\n<h5><span style=\"color: #333399\">\u00a0<\/span><\/h5>\n<\/td>\n<\/tr>\n<tr>\n<td style=\"width: 1.23522%;vertical-align: top\">\n<h5><\/h5>\n<\/td>\n<td style=\"width: 31.208%;vertical-align: top;text-align: center\">\n<h5><\/h5>\n<\/td>\n<td style=\"width: 0.908265%;vertical-align: top;text-align: center\"><\/td>\n<td style=\"width: 32.534%;vertical-align: top;text-align: center\">\n<h5><\/h5>\n<\/td>\n<td style=\"width: 0.908265%;vertical-align: top;text-align: center\"><\/td>\n<td style=\"width: 31.98%;vertical-align: top;text-align: center\">\n<h5><span style=\"color: #333399\">\u00a0<\/span><\/h5>\n<\/td>\n<td style=\"width: 2.00722%;vertical-align: top\">\n<h5><span style=\"color: #333399\">\u00a0<\/span><\/h5>\n<\/td>\n<\/tr>\n<tr>\n<td style=\"width: 1.23522%;vertical-align: top\">\n<h5 class=\"elementor-image-box-title\"><em style=\"font-family: inherit;font-size: inherit\">\u00a0<\/em><\/h5>\n<\/td>\n<td style=\"width: 31.208%;vertical-align: top;text-align: center\">\n<h5><img loading=\"lazy\" decoding=\"async\" class=\"alignnone wp-image-37333 size-thumbnail\" src=\"https:\/\/www.ip.usp.br\/site\/wp-content\/uploads\/2021\/12\/GustavoCarneiro-150x150.jpg\" alt=\"\" width=\"150\" height=\"150\" srcset=\"https:\/\/www.ip.usp.br\/site\/wp-content\/uploads\/2021\/12\/GustavoCarneiro-150x150.jpg 150w, https:\/\/www.ip.usp.br\/site\/wp-content\/uploads\/2021\/12\/GustavoCarneiro-300x300.jpg 300w, https:\/\/www.ip.usp.br\/site\/wp-content\/uploads\/2021\/12\/GustavoCarneiro.jpg 736w\" sizes=\"(max-width: 150px) 100vw, 150px\" \/><\/h5>\n<h5><span style=\"color: #333399\">Gustavo Carneiro da Silva<\/span><br \/>\nT\u00e9cnico Administrativo<br \/>\nAD Fapesp<br \/>\n<a href=\"mailto:fapesp.ip@usp.br\">fapesp.ip@usp.br<\/a><\/h5>\n<\/td>\n<td style=\"width: 0.908265%;vertical-align: top;text-align: center\"><\/td>\n<td style=\"width: 32.534%;vertical-align: top;text-align: center\">\n<h5 class=\"elementor-image-box-title\"><img loading=\"lazy\" decoding=\"async\" class=\"alignnone wp-image-37334 size-thumbnail\" src=\"https:\/\/www.ip.usp.br\/site\/wp-content\/uploads\/2021\/12\/HeloisaAun-150x150.jpg\" alt=\"\" width=\"150\" height=\"150\" srcset=\"https:\/\/www.ip.usp.br\/site\/wp-content\/uploads\/2021\/12\/HeloisaAun-150x150.jpg 150w, https:\/\/www.ip.usp.br\/site\/wp-content\/uploads\/2021\/12\/HeloisaAun-300x300.jpg 300w, https:\/\/www.ip.usp.br\/site\/wp-content\/uploads\/2021\/12\/HeloisaAun-768x771.jpg 768w, https:\/\/www.ip.usp.br\/site\/wp-content\/uploads\/2021\/12\/HeloisaAun.jpg 960w\" sizes=\"(max-width: 150px) 100vw, 150px\" \/><\/h5>\n<h5><span style=\"color: #333399\">Helo\u00edsa Antonelli Aun<\/span><br \/>\nPsic\u00f3loga<br \/>\nDepartamento de Psicologia da Aprendizagem<br \/>\n55 11-3091-4172<br \/>\n<a href=\"mailto:heloisa.aun@usp.br\">heloisa.aun@usp.br<\/a><\/h5>\n<\/td>\n<td style=\"width: 0.908265%;vertical-align: top;text-align: center\"><\/td>\n<td style=\"width: 31.98%;vertical-align: top;text-align: center\"><\/td>\n<td style=\"width: 2.00722%;vertical-align: top\">\n<h5><\/h5>\n<\/td>\n<\/tr>\n<\/tbody>\n<\/table>\n<div><\/div>\n<div>\n<hr \/>\n<p style=\"text-align: center;font-weight: 400\"><a style=\"padding: 6px 15px 6px 15px\" href=\"https:\/\/www.ip.usp.br\/site\/ab\/\">AB<\/a><span style=\"color: #808080\">|<\/span><a style=\"padding: 6px 15px 6px 15px\" href=\"https:\/\/www.ip.usp.br\/site\/indice-alfabetico-cd-2\/\">CD<\/a><span style=\"color: #808080\">|<\/span><a style=\"padding: 6px 15px 6px 15px\" href=\"https:\/\/www.ip.usp.br\/site\/indice-alfabetico-ef-2\/\">EF<\/a><span style=\"color: #808080\">|<\/span><a style=\"padding: 6px 15px 6px 15px\" href=\"https:\/\/www.ip.usp.br\/site\/indice-alfabetico-gh-2\/\">GH<\/a><span style=\"color: #808080\">|<\/span><a style=\"padding: 6px 15px 6px 15px\" href=\"https:\/\/www.ip.usp.br\/site\/indice-alfabetico-ij-2\/\">IJ<\/a><span style=\"color: #808080\">|<\/span><a style=\"padding: 6px 15px 6px 15px\" href=\"https:\/\/www.ip.usp.br\/site\/indice-alfabetico-kl-2\/\">KL<\/a><span style=\"color: #808080\">|<\/span><a style=\"padding: 6px 15px 6px 15px\" href=\"https:\/\/www.ip.usp.br\/site\/indice-alfabetico-m-2\/\">M<\/a><span style=\"color: #808080\">|<\/span><a style=\"padding: 6px 15px 6px 15px\" href=\"https:\/\/www.ip.usp.br\/site\/indice-alfabetico-nop-2\/\">NOP<\/a><span style=\"color: #808080\">|<\/span><a style=\"padding: 6px 15px 6px 15px\" href=\"https:\/\/www.ip.usp.br\/site\/indice-alfabetico-qr\/\">QR<\/a><span style=\"color: #808080\">|<\/span><a style=\"padding: 6px 15px 6px 15px\" href=\"https:\/\/www.ip.usp.br\/site\/indice-alfabetico-st\/\">ST<\/a><span style=\"color: #808080\">|<\/span><a style=\"padding: 6px 15px 6px 15px\" href=\"https:\/\/www.ip.usp.br\/site\/indice-alfabetico-uvwxyz-3\/\">UVWXYZ<\/a><\/p>\n<\/div>\n<div>\n<hr \/>\n<\/div>\n<\/div>\n","protected":false},"excerpt":{"rendered":"<p>AB|CD|EF|GH|IJ|KL|M|NOP|QR|ST|UVWXYZ Gabriel da Silva Sim\u00f5es T\u00e9cnico Administrativo Servi\u00e7o de Materiais Bloco G, sala 30 svmatpsico.47@usp.br Gerson da Silva Merc\u00eas Arte Finalista Servi\u00e7o de Edi\u00e7\u00e3o e Publica\u00e7\u00e3o e Apoio \u00e0 Pesquisa Sala 10 \u2013 Bloco G 55 11-3091-4452 coordep@usp.br Gilberto Carvalho Secret\u00e1rio Sala 20 \u2013 Bloco G 55 11-3091-9064 coordep@usp.br . Gisele Zago T\u00e9cnico em Laborat\u00f3rio [&hellip;]<\/p>\n","protected":false},"author":2,"featured_media":0,"parent":0,"menu_order":10,"comment_status":"open","ping_status":"open","template":"","meta":{"_acf_changed":false,"footnotes":""},"categories":[459],"tags":[],"class_list":["post-2815","page","type-page","status-publish","hentry","category-servidores-administrativos"],"acf":[],"jetpack_sharing_enabled":true,"_links":{"self":[{"href":"https:\/\/www.ip.usp.br\/site\/wp-json\/wp\/v2\/pages\/2815","targetHints":{"allow":["GET"]}}],"collection":[{"href":"https:\/\/www.ip.usp.br\/site\/wp-json\/wp\/v2\/pages"}],"about":[{"href":"https:\/\/www.ip.usp.br\/site\/wp-json\/wp\/v2\/types\/page"}],"author":[{"embeddable":true,"href":"https:\/\/www.ip.usp.br\/site\/wp-json\/wp\/v2\/users\/2"}],"replies":[{"embeddable":true,"href":"https:\/\/www.ip.usp.br\/site\/wp-json\/wp\/v2\/comments?post=2815"}],"version-history":[{"count":55,"href":"https:\/\/www.ip.usp.br\/site\/wp-json\/wp\/v2\/pages\/2815\/revisions"}],"predecessor-version":[{"id":50378,"href":"https:\/\/www.ip.usp.br\/site\/wp-json\/wp\/v2\/pages\/2815\/revisions\/50378"}],"wp:attachment":[{"href":"https:\/\/www.ip.usp.br\/site\/wp-json\/wp\/v2\/media?parent=2815"}],"wp:term":[{"taxonomy":"category","embeddable":true,"href":"https:\/\/www.ip.usp.br\/site\/wp-json\/wp\/v2\/categories?post=2815"},{"taxonomy":"post_tag","embeddable":true,"href":"https:\/\/www.ip.usp.br\/site\/wp-json\/wp\/v2\/tags?post=2815"}],"curies":[{"name":"wp","href":"https:\/\/api.w.org\/{rel}","templated":true}]}}