{"id":2822,"date":"2010-06-16T17:50:39","date_gmt":"2010-06-16T17:50:39","guid":{"rendered":"https:\/\/www.ip.usp.br\/site\/?p=2822"},"modified":"2025-11-07T10:18:16","modified_gmt":"2025-11-07T13:18:16","slug":"indice-alfabetico-uvwxyz-3","status":"publish","type":"page","link":"https:\/\/www.ip.usp.br\/site\/indice-alfabetico-uvwxyz-3\/","title":{"rendered":"UVWXYZ"},"content":{"rendered":"<div>\n<hr \/>\n<p style=\"text-align: center; font-weight: 400;\"><a style=\"padding: 6px 15px 6px 15px;\" href=\"https:\/\/www.ip.usp.br\/site\/ab\/\">AB<\/a><span style=\"color: #808080;\">|<\/span><a style=\"padding: 6px 15px 6px 15px;\" href=\"https:\/\/www.ip.usp.br\/site\/indice-alfabetico-cd-2\/\">CD<\/a><span style=\"color: #808080;\">|<\/span><a style=\"padding: 6px 15px 6px 15px;\" href=\"https:\/\/www.ip.usp.br\/site\/indice-alfabetico-ef-2\/\">EF<\/a><span style=\"color: #808080;\">|<\/span><a style=\"padding: 6px 15px 6px 15px;\" href=\"https:\/\/www.ip.usp.br\/site\/indice-alfabetico-gh-2\/\">GH<\/a><span style=\"color: #808080;\">|<\/span><a style=\"padding: 6px 15px 6px 15px;\" href=\"https:\/\/www.ip.usp.br\/site\/indice-alfabetico-ij-2\/\">IJ<\/a><span style=\"color: #808080;\">|<\/span><a style=\"padding: 6px 15px 6px 15px;\" href=\"https:\/\/www.ip.usp.br\/site\/indice-alfabetico-kl-2\/\">KL<\/a><span style=\"color: #808080;\">|<\/span><a style=\"padding: 6px 15px 6px 15px;\" href=\"https:\/\/www.ip.usp.br\/site\/indice-alfabetico-m-2\/\">M<\/a><span style=\"color: #808080;\">|<\/span><a style=\"padding: 6px 15px 6px 15px;\" href=\"https:\/\/www.ip.usp.br\/site\/indice-alfabetico-nop-2\/\">NOP<\/a><span style=\"color: #808080;\">|<\/span><a style=\"padding: 6px 15px 6px 15px;\" href=\"https:\/\/www.ip.usp.br\/site\/indice-alfabetico-qr\/\">QR<\/a><span style=\"color: #808080;\">|<\/span><a style=\"padding: 6px 15px 6px 15px;\" href=\"https:\/\/www.ip.usp.br\/site\/indice-alfabetico-st\/\">ST<\/a><span style=\"color: #808080;\">|<\/span><a style=\"padding: 6px 15px 6px 15px;\" href=\"https:\/\/www.ip.usp.br\/site\/indice-alfabetico-uvwxyz-3\/\">UVWXYZ<\/a><\/p>\n<\/div>\n<div>\n<hr \/>\n<\/div>\n<div>\n<table style=\"border-collapse: collapse; width: 100%;\">\n<tbody>\n<tr>\n<td style=\"width: 1.23522%; vertical-align: top;\">\n<h5><\/h5>\n<\/td>\n<td style=\"width: 31.208%; vertical-align: top; text-align: center;\">\n<h5><img decoding=\"async\" class=\"alignnone wp-image-37399 size-thumbnail\" src=\"https:\/\/www.ip.usp.br\/site\/wp-content\/uploads\/2021\/12\/Valeria-Simone-Campos-150x150.jpg\" alt=\"\" width=\"150\" height=\"150\" srcset=\"https:\/\/www.ip.usp.br\/site\/wp-content\/uploads\/2021\/12\/Valeria-Simone-Campos-150x150.jpg 150w, https:\/\/www.ip.usp.br\/site\/wp-content\/uploads\/2021\/12\/Valeria-Simone-Campos-300x300.jpg 300w, https:\/\/www.ip.usp.br\/site\/wp-content\/uploads\/2021\/12\/Valeria-Simone-Campos-1024x1024.jpg 1024w, https:\/\/www.ip.usp.br\/site\/wp-content\/uploads\/2021\/12\/Valeria-Simone-Campos-768x768.jpg 768w, https:\/\/www.ip.usp.br\/site\/wp-content\/uploads\/2021\/12\/Valeria-Simone-Campos.jpg 1232w\" sizes=\"(max-width: 150px) 100vw, 150px\" \/><\/h5>\n<h5><span style=\"color: #333399;\">Valeria Simone Campos<br \/>\n<\/span>AD Resid\u00eancia<br \/>\n55 11-3091-1660 |\u00a0<a href=\"mailto:vacampos@usp.br\">vacampos@usp.br<\/a><\/h5>\n<\/td>\n<td style=\"width: 0.908265%; vertical-align: top; text-align: center;\"><\/td>\n<td style=\"width: 32.534%; vertical-align: top; text-align: center;\">\n<h5><img decoding=\"async\" class=\"alignnone wp-image-37400 size-thumbnail\" src=\"https:\/\/www.ip.usp.br\/site\/wp-content\/uploads\/2021\/12\/Vanessa-Martins-150x150.png\" alt=\"\" width=\"150\" height=\"150\" srcset=\"https:\/\/www.ip.usp.br\/site\/wp-content\/uploads\/2021\/12\/Vanessa-Martins-150x150.png 150w, https:\/\/www.ip.usp.br\/site\/wp-content\/uploads\/2021\/12\/Vanessa-Martins-300x300.png 300w, https:\/\/www.ip.usp.br\/site\/wp-content\/uploads\/2021\/12\/Vanessa-Martins.png 375w\" sizes=\"(max-width: 150px) 100vw, 150px\" \/><\/h5>\n<h5><span style=\"color: #333399;\">Vanessa Cristine de Oliveira Martins<\/span><br \/>\nBiblioteca Dante Moreira Leite<br \/>\n55 11-3091-4394\u00a0| <u><a href=\"mailto:bibip@usp.br\">bibip@usp.br<\/a><\/u><\/h5>\n<\/td>\n<td style=\"width: 0.908265%; vertical-align: top; text-align: center;\"><\/td>\n<td style=\"width: 31.98%; vertical-align: top; text-align: center;\">\n<h5><img decoding=\"async\" class=\"alignnone wp-image-37228\" src=\"https:\/\/www.ip.usp.br\/site\/wp-content\/uploads\/2021\/11\/Vania-Manna_pq.jpg\" alt=\"\" width=\"150\" height=\"144\" \/><\/h5>\n<h5><span style=\"color: #333399;\">Vania Manna<\/span><br \/>\nServi\u00e7o de Gradua\u00e7\u00e3o<br \/>\n55 113091-4177 | <a href=\"mailto:gradip@usp.br\">gradip@usp.br<\/a><\/h5>\n<h5><\/h5>\n<\/td>\n<td style=\"width: 2.00722%; vertical-align: top;\">\n<h5><\/h5>\n<\/td>\n<\/tr>\n<tr>\n<td style=\"width: 1.23522%; vertical-align: top;\">\n<h5><\/h5>\n<\/td>\n<td style=\"width: 31.208%; vertical-align: top; text-align: center;\">\n<h5><\/h5>\n<\/td>\n<td style=\"width: 0.908265%; vertical-align: top; text-align: center;\"><\/td>\n<td style=\"width: 32.534%; vertical-align: top; text-align: center;\">\n<h5><\/h5>\n<\/td>\n<td style=\"width: 0.908265%; vertical-align: top; text-align: center;\"><\/td>\n<td style=\"width: 31.98%; vertical-align: top; text-align: center;\">\n<h5><span style=\"color: #ffffff;\">.<\/span><\/h5>\n<\/td>\n<td style=\"width: 2.00722%; vertical-align: top;\">\n<h5><\/h5>\n<\/td>\n<\/tr>\n<tr>\n<td style=\"width: 1.23522%; vertical-align: top;\">\n<h5><\/h5>\n<\/td>\n<td style=\"width: 31.208%; vertical-align: top; text-align: center;\">\n<h5><img loading=\"lazy\" decoding=\"async\" class=\"alignnone wp-image-37403 size-thumbnail\" src=\"https:\/\/www.ip.usp.br\/site\/wp-content\/uploads\/2021\/12\/WandeleyCMoraes-150x150.jpg\" alt=\"\" width=\"150\" height=\"150\" srcset=\"https:\/\/www.ip.usp.br\/site\/wp-content\/uploads\/2021\/12\/WandeleyCMoraes-150x150.jpg 150w, https:\/\/www.ip.usp.br\/site\/wp-content\/uploads\/2021\/12\/WandeleyCMoraes-300x300.jpg 300w, https:\/\/www.ip.usp.br\/site\/wp-content\/uploads\/2021\/12\/WandeleyCMoraes-1024x1024.jpg 1024w, https:\/\/www.ip.usp.br\/site\/wp-content\/uploads\/2021\/12\/WandeleyCMoraes-768x768.jpg 768w, https:\/\/www.ip.usp.br\/site\/wp-content\/uploads\/2021\/12\/WandeleyCMoraes-1536x1536.jpg 1536w, https:\/\/www.ip.usp.br\/site\/wp-content\/uploads\/2021\/12\/WandeleyCMoraes.jpg 1633w\" sizes=\"(max-width: 150px) 100vw, 150px\" \/><\/h5>\n<h5><span style=\"color: #333399;\">Wanderley Correia De Moraes<\/span><br \/>\nBiblioteca Dante Moreira Leite<br \/>\n55 11-3091-4391 | <a href=\"mailto:bibip@usp.br\">bibip@usp.br<\/a><\/h5>\n<\/td>\n<td style=\"width: 0.908265%; vertical-align: top; text-align: center;\"><\/td>\n<td style=\"width: 32.534%; vertical-align: top; text-align: center;\"><\/td>\n<td style=\"width: 0.908265%; vertical-align: top; text-align: center;\"><\/td>\n<td style=\"width: 31.98%; vertical-align: top; text-align: center;\">\n<h5><\/h5>\n<\/td>\n<td style=\"width: 2.00722%; vertical-align: top;\">\n<h5><span style=\"color: #333399;\">\u00a0<\/span><\/h5>\n<\/td>\n<\/tr>\n<\/tbody>\n<\/table>\n<div><\/div>\n<div>\n<hr \/>\n<p style=\"text-align: center; font-weight: 400;\"><a style=\"padding: 6px 15px 6px 15px;\" href=\"https:\/\/www.ip.usp.br\/site\/ab\/\">AB<\/a><span style=\"color: #808080;\">|<\/span><a style=\"padding: 6px 15px 6px 15px;\" href=\"https:\/\/www.ip.usp.br\/site\/indice-alfabetico-cd-2\/\">CD<\/a><span style=\"color: #808080;\">|<\/span><a style=\"padding: 6px 15px 6px 15px;\" href=\"https:\/\/www.ip.usp.br\/site\/indice-alfabetico-ef-2\/\">EF<\/a><span style=\"color: #808080;\">|<\/span><a style=\"padding: 6px 15px 6px 15px;\" href=\"https:\/\/www.ip.usp.br\/site\/indice-alfabetico-gh-2\/\">GH<\/a><span style=\"color: #808080;\">|<\/span><a style=\"padding: 6px 15px 6px 15px;\" href=\"https:\/\/www.ip.usp.br\/site\/indice-alfabetico-ij-2\/\">IJ<\/a><span style=\"color: #808080;\">|<\/span><a style=\"padding: 6px 15px 6px 15px;\" href=\"https:\/\/www.ip.usp.br\/site\/indice-alfabetico-kl-2\/\">KL<\/a><span style=\"color: #808080;\">|<\/span><a style=\"padding: 6px 15px 6px 15px;\" href=\"https:\/\/www.ip.usp.br\/site\/indice-alfabetico-m-2\/\">M<\/a><span style=\"color: #808080;\">|<\/span><a style=\"padding: 6px 15px 6px 15px;\" href=\"https:\/\/www.ip.usp.br\/site\/indice-alfabetico-nop-2\/\">NOP<\/a><span style=\"color: #808080;\">|<\/span><a style=\"padding: 6px 15px 6px 15px;\" href=\"https:\/\/www.ip.usp.br\/site\/indice-alfabetico-qr\/\">QR<\/a><span style=\"color: #808080;\">|<\/span><a style=\"padding: 6px 15px 6px 15px;\" href=\"https:\/\/www.ip.usp.br\/site\/indice-alfabetico-st\/\">ST<\/a><span style=\"color: #808080;\">|<\/span><a style=\"padding: 6px 15px 6px 15px;\" href=\"https:\/\/www.ip.usp.br\/site\/indice-alfabetico-uvwxyz-3\/\">UVWXYZ<\/a><\/p>\n<\/div>\n<div>\n<hr \/>\n<\/div>\n<\/div>\n","protected":false},"excerpt":{"rendered":"<p>AB|CD|EF|GH|IJ|KL|M|NOP|QR|ST|UVWXYZ Valeria Simone Campos AD Resid\u00eancia 55 11-3091-1660 |\u00a0vacampos@usp.br Vanessa Cristine de Oliveira Martins Biblioteca Dante Moreira Leite 55 11-3091-4394\u00a0| bibip@usp.br Vania Manna Servi\u00e7o de Gradua\u00e7\u00e3o 55 113091-4177 | gradip@usp.br . Wanderley Correia De Moraes Biblioteca Dante Moreira Leite 55 11-3091-4391 | bibip@usp.br \u00a0 AB|CD|EF|GH|IJ|KL|M|NOP|QR|ST|UVWXYZ<\/p>\n","protected":false},"author":2,"featured_media":0,"parent":0,"menu_order":3,"comment_status":"open","ping_status":"open","template":"","meta":{"_acf_changed":false,"footnotes":""},"categories":[459],"tags":[],"class_list":["post-2822","page","type-page","status-publish","hentry","category-servidores-administrativos"],"acf":[],"jetpack_sharing_enabled":true,"_links":{"self":[{"href":"https:\/\/www.ip.usp.br\/site\/wp-json\/wp\/v2\/pages\/2822","targetHints":{"allow":["GET"]}}],"collection":[{"href":"https:\/\/www.ip.usp.br\/site\/wp-json\/wp\/v2\/pages"}],"about":[{"href":"https:\/\/www.ip.usp.br\/site\/wp-json\/wp\/v2\/types\/page"}],"author":[{"embeddable":true,"href":"https:\/\/www.ip.usp.br\/site\/wp-json\/wp\/v2\/users\/2"}],"replies":[{"embeddable":true,"href":"https:\/\/www.ip.usp.br\/site\/wp-json\/wp\/v2\/comments?post=2822"}],"version-history":[{"count":73,"href":"https:\/\/www.ip.usp.br\/site\/wp-json\/wp\/v2\/pages\/2822\/revisions"}],"predecessor-version":[{"id":53709,"href":"https:\/\/www.ip.usp.br\/site\/wp-json\/wp\/v2\/pages\/2822\/revisions\/53709"}],"wp:attachment":[{"href":"https:\/\/www.ip.usp.br\/site\/wp-json\/wp\/v2\/media?parent=2822"}],"wp:term":[{"taxonomy":"category","embeddable":true,"href":"https:\/\/www.ip.usp.br\/site\/wp-json\/wp\/v2\/categories?post=2822"},{"taxonomy":"post_tag","embeddable":true,"href":"https:\/\/www.ip.usp.br\/site\/wp-json\/wp\/v2\/tags?post=2822"}],"curies":[{"name":"wp","href":"https:\/\/api.w.org\/{rel}","templated":true}]}}