{"id":3006,"date":"2011-05-14T11:42:18","date_gmt":"2011-05-14T11:42:18","guid":{"rendered":"https:\/\/www.ip.usp.br\/site\/?p=3006"},"modified":"2018-09-12T15:43:52","modified_gmt":"2018-09-12T18:43:52","slug":"2010-volume-3-numero-2","status":"publish","type":"page","link":"https:\/\/www.ip.usp.br\/site\/2010-volume-3-numero-2\/","title":{"rendered":"2010 &#8211; Volume 3 &#8211; N\u00famero 2"},"content":{"rendered":"<table style=\"border-collapse: collapse; width: 100%;\" border=\"0\">\n<tbody>\n<tr>\n<td style=\"width: 27.8826%;\"><img decoding=\"async\" class=\"alignnone wp-image-23906 size-full\" src=\"https:\/\/www.ip.usp.br\/site\/wp-content\/uploads\/2018\/09\/logo.png\" alt=\"\" width=\"100\" height=\"182\" \/><\/td>\n<td style=\"width: 72.1174%;\"><strong>Editorial<\/strong><\/p>\n<p>Texto Completo<strong><a href=\"https:\/\/www.ip.usp.br\/site\/v3n2a01-editorial\/\"><img decoding=\"async\" class=\"alignnone size-full wp-image-24058\" src=\"https:\/\/www.ip.usp.br\/site\/wp-content\/uploads\/2018\/09\/html_icon.gif\" alt=\"\" width=\"40\" height=\"18\" \/><\/a><a href=\"https:\/\/www.ip.usp.br\/site\/wp-content\/uploads\/2018\/09\/v3n2a01.pdf\" target=\"_blank\" rel=\"noopener\"><img decoding=\"async\" class=\"alignnone wp-image-23908 size-full\" src=\"https:\/\/www.ip.usp.br\/site\/wp-content\/uploads\/2018\/09\/pdf_icon2.png\" alt=\"\" width=\"50\" height=\"16\" \/><\/a><\/strong><\/p>\n<p>&nbsp;<\/p>\n<p><strong>Artigos Originais<\/strong><\/p>\n<p><strong>A viol\u00eancia do Esclarecimento<\/strong><br \/>\nDavi Mamblona Marques Rom\u00e3o<br \/>\nTexto Completo <a href=\"https:\/\/www.ip.usp.br\/site\/v3n2a02-a-violencia-do-esclarecimento\/\"><img decoding=\"async\" class=\"alignnone size-full wp-image-24058\" src=\"https:\/\/www.ip.usp.br\/site\/wp-content\/uploads\/2018\/09\/html_icon.gif\" alt=\"\" width=\"40\" height=\"18\" \/><\/a> <a href=\"https:\/\/www.ip.usp.br\/site\/wp-content\/uploads\/2018\/09\/v3n2a02.pdf\" target=\"_blank\" rel=\"noopener\"><img decoding=\"async\" class=\"alignnone wp-image-23908 size-full\" src=\"https:\/\/www.ip.usp.br\/site\/wp-content\/uploads\/2018\/09\/pdf_icon2.png\" alt=\"\" width=\"50\" height=\"16\" \/><\/a><\/p>\n<p><strong>Abordagens em Psicologia Social e seu ensino<\/strong><br \/>\nMarcelo Gustavo Aguilar Calegare<br \/>\nTexto Completo <a href=\"https:\/\/www.ip.usp.br\/site\/v3n2a03\/\"><img decoding=\"async\" class=\"alignnone size-full wp-image-24058\" src=\"https:\/\/www.ip.usp.br\/site\/wp-content\/uploads\/2018\/09\/html_icon.gif\" alt=\"\" width=\"40\" height=\"18\" \/><\/a> <a href=\"https:\/\/www.ip.usp.br\/site\/wp-content\/uploads\/2018\/09\/v3n2a03.pdf\" target=\"_blank\" rel=\"noopener\"><img decoding=\"async\" class=\"alignnone wp-image-23908 size-full\" src=\"https:\/\/www.ip.usp.br\/site\/wp-content\/uploads\/2018\/09\/pdf_icon2.png\" alt=\"\" width=\"50\" height=\"16\" \/><\/a><\/p>\n<p><strong>O desejo (i)limitado: conflito e satisfa\u00e7\u00e3o em<\/strong><br \/>\n<strong>Hobbes, Freud, Reich e Spinoza<\/strong><br \/>\nDaniel Camparo Avila<br \/>\nTexto Completo <a href=\"https:\/\/www.ip.usp.br\/site\/v3n2a04-o-desejo-ilimitado-conflito-e-satisfacao-em-hobbes-freud-reich-e-spinoza-2\/\"><img decoding=\"async\" class=\"alignnone size-full wp-image-24058\" src=\"https:\/\/www.ip.usp.br\/site\/wp-content\/uploads\/2018\/09\/html_icon.gif\" alt=\"\" width=\"40\" height=\"18\" \/><\/a> <a href=\"https:\/\/www.ip.usp.br\/site\/wp-content\/uploads\/2018\/09\/v3n2a04.pdf\" target=\"_blank\" rel=\"noopener\"><img decoding=\"async\" class=\"alignnone wp-image-23908 size-full\" src=\"https:\/\/www.ip.usp.br\/site\/wp-content\/uploads\/2018\/09\/pdf_icon2.png\" alt=\"\" width=\"50\" height=\"16\" \/><\/a><\/p>\n<p><strong>Organizational Behavior Management: Uma An\u00e1lise do Absente\u00edsmo<\/strong><br \/>\nAmilcar Rodrigues Fonseca J\u00fanior; Tata\u00edna Iara Moreno Pickart; Samanta Roberta da Silva; Cristiane Alves Vieira; Tailane Pereira Souza<br \/>\nTexto Completo <a href=\"https:\/\/www.ip.usp.br\/site\/v3n2a05-organizational-behavior-management-uma-analise-do-absenteismo\/\"><img decoding=\"async\" class=\"alignnone size-full wp-image-24058\" src=\"https:\/\/www.ip.usp.br\/site\/wp-content\/uploads\/2018\/09\/html_icon.gif\" alt=\"\" width=\"40\" height=\"18\" \/><\/a> <a href=\"https:\/\/www.ip.usp.br\/site\/wp-content\/uploads\/2018\/09\/v3n2a05.pdf\" target=\"_blank\" rel=\"noopener\"><img decoding=\"async\" class=\"alignnone wp-image-23908 size-full\" src=\"https:\/\/www.ip.usp.br\/site\/wp-content\/uploads\/2018\/09\/pdf_icon2.png\" alt=\"\" width=\"50\" height=\"16\" \/><\/a><\/p>\n<p>&nbsp;<\/p>\n<p><strong>Tradu\u00e7\u00e3o<\/strong><\/p>\n<p><strong>Do corpo&#8230; ao discurso<\/strong><br \/>\nSidi Akofar\u00e9<br \/>\nTexto Completo <a href=\"https:\/\/www.ip.usp.br\/site\/v3n2a07-traducao-do-corpo-ao-discurso\/\"><img decoding=\"async\" class=\"alignnone size-full wp-image-24058\" src=\"https:\/\/www.ip.usp.br\/site\/wp-content\/uploads\/2018\/09\/html_icon.gif\" alt=\"\" width=\"40\" height=\"18\" \/><\/a> <a href=\"https:\/\/www.ip.usp.br\/site\/wp-content\/uploads\/2018\/09\/v3n2a06.pdf\" target=\"_blank\" rel=\"noopener\"><img decoding=\"async\" class=\"alignnone wp-image-23908 size-full\" src=\"https:\/\/www.ip.usp.br\/site\/wp-content\/uploads\/2018\/09\/pdf_icon2.png\" alt=\"\" width=\"50\" height=\"16\" \/><\/a><\/p>\n<p>&nbsp;<\/p>\n<p><strong>Resenha<\/strong><\/p>\n<p><strong>Anal\u00edtica da subjetividade: configura\u00e3o de um si<\/strong><br \/>\n<em><strong>Marlene Guirado &#8211; A an\u00e1lise institucional do discurso como anal\u00edtica da subjetividade<\/strong><\/em><br \/>\nFelipe Martins Afonso<br \/>\nTexto Completo <a href=\"https:\/\/www.ip.usp.br\/site\/v3n2a07-resenha-analitica-da-subjetividade-configuracao-de-um-si\/\"><img decoding=\"async\" class=\"alignnone size-full wp-image-24058\" src=\"https:\/\/www.ip.usp.br\/site\/wp-content\/uploads\/2018\/09\/html_icon.gif\" alt=\"\" width=\"40\" height=\"18\" \/><\/a> <a href=\"https:\/\/www.ip.usp.br\/site\/wp-content\/uploads\/2018\/09\/v3n2a07.pdf\" target=\"_blank\" rel=\"noopener\"><img decoding=\"async\" class=\"alignnone wp-image-23908 size-full\" src=\"https:\/\/www.ip.usp.br\/site\/wp-content\/uploads\/2018\/09\/pdf_icon2.png\" alt=\"\" width=\"50\" height=\"16\" \/><\/a><\/p>\n<p>&nbsp;<\/p>\n<p><strong>Entrevista<\/strong><\/p>\n<p><strong>(ENT)Revista Transforma\u00e7\u00f5es em Psicologia<\/strong><br \/>\nProf. Dr. C\u00e9sar Ades<br \/>\nTexto Completo <a href=\"https:\/\/www.ip.usp.br\/site\/v3n2a08-entrevista-prof-dr-cesar-ades\/\"><img decoding=\"async\" class=\"alignnone size-full wp-image-24058\" src=\"https:\/\/www.ip.usp.br\/site\/wp-content\/uploads\/2018\/09\/html_icon.gif\" alt=\"\" width=\"40\" height=\"18\" \/><\/a> <a href=\"https:\/\/www.ip.usp.br\/site\/wp-content\/uploads\/2018\/09\/v3n2a08.pdf\" target=\"_blank\" rel=\"noopener\"><img decoding=\"async\" class=\"alignnone wp-image-23908 size-full\" src=\"https:\/\/www.ip.usp.br\/site\/wp-content\/uploads\/2018\/09\/pdf_icon2.png\" alt=\"\" width=\"50\" height=\"16\" \/><\/a><\/td>\n<\/tr>\n<\/tbody>\n<\/table>\n","protected":false},"excerpt":{"rendered":"<p>Editorial Texto Completo &nbsp; Artigos Originais A viol\u00eancia do Esclarecimento Davi Mamblona Marques Rom\u00e3o Texto Completo Abordagens em Psicologia Social e seu ensino Marcelo Gustavo Aguilar Calegare Texto Completo O desejo (i)limitado: conflito e satisfa\u00e7\u00e3o em Hobbes, Freud, Reich e Spinoza Daniel Camparo Avila Texto Completo Organizational Behavior Management: Uma An\u00e1lise do Absente\u00edsmo Amilcar Rodrigues [&hellip;]<\/p>\n","protected":false},"author":2,"featured_media":0,"parent":0,"menu_order":23,"comment_status":"open","ping_status":"open","template":"","meta":{"_acf_changed":false,"footnotes":""},"categories":[13,279],"tags":[],"class_list":["post-3006","page","type-page","status-publish","hentry","category-publicacoes","category-revista-transformacoes"],"acf":[],"jetpack_sharing_enabled":true,"_links":{"self":[{"href":"https:\/\/www.ip.usp.br\/site\/wp-json\/wp\/v2\/pages\/3006","targetHints":{"allow":["GET"]}}],"collection":[{"href":"https:\/\/www.ip.usp.br\/site\/wp-json\/wp\/v2\/pages"}],"about":[{"href":"https:\/\/www.ip.usp.br\/site\/wp-json\/wp\/v2\/types\/page"}],"author":[{"embeddable":true,"href":"https:\/\/www.ip.usp.br\/site\/wp-json\/wp\/v2\/users\/2"}],"replies":[{"embeddable":true,"href":"https:\/\/www.ip.usp.br\/site\/wp-json\/wp\/v2\/comments?post=3006"}],"version-history":[{"count":19,"href":"https:\/\/www.ip.usp.br\/site\/wp-json\/wp\/v2\/pages\/3006\/revisions"}],"predecessor-version":[{"id":24568,"href":"https:\/\/www.ip.usp.br\/site\/wp-json\/wp\/v2\/pages\/3006\/revisions\/24568"}],"wp:attachment":[{"href":"https:\/\/www.ip.usp.br\/site\/wp-json\/wp\/v2\/media?parent=3006"}],"wp:term":[{"taxonomy":"category","embeddable":true,"href":"https:\/\/www.ip.usp.br\/site\/wp-json\/wp\/v2\/categories?post=3006"},{"taxonomy":"post_tag","embeddable":true,"href":"https:\/\/www.ip.usp.br\/site\/wp-json\/wp\/v2\/tags?post=3006"}],"curies":[{"name":"wp","href":"https:\/\/api.w.org\/{rel}","templated":true}]}}