{"id":33483,"date":"2020-09-10T20:09:23","date_gmt":"2020-09-10T23:09:23","guid":{"rendered":"https:\/\/www.ip.usp.br\/site\/?page_id=33483"},"modified":"2020-09-10T20:12:58","modified_gmt":"2020-09-10T23:12:58","slug":"boletim-semanal-do-projeto-de-apoio-psicologico-on-line-do-ipusp-n-16-17-8-2020","status":"publish","type":"page","link":"https:\/\/www.ip.usp.br\/site\/boletim-semanal-do-projeto-de-apoio-psicologico-on-line-do-ipusp-n-16-17-8-2020\/","title":{"rendered":"Boletim Semanal do Projeto de Apoio Psicol\u00f3gico On-line do IPUSP, n.16 | 17\/8\/2020"},"content":{"rendered":"<table>\n<tbody>\n<tr>\n<td><\/td>\n<td><\/td>\n<td><b><img decoding=\"async\" class=\"CToWUd\" src=\"https:\/\/lh5.googleusercontent.com\/-ltKVrID2PwvtpiAl6RgzEGZYBa4b1tfC6dWiNHcjOfQQsU81asDaYJPGvxU054Qxcigv91RdWj80Nvsj-PdFvwQ2sZDzm5XdMqpEZAMc4EUn20Q2JBaiSnc0eMEswet_7gaorQf\" width=\"34\" height=\"33\" \/>\u00a0\u00a0<span class=\"il\">BOLETIM<\/span>PAPO\/IPUSPBOLETIM \u00a0<\/b>PAPO IPUSP<\/td>\n<td><\/td>\n<\/tr>\n<tr>\n<td><\/td>\n<td colspan=\"2\"><b>CONFIRA<\/b><\/p>\n<ul>\n<li><b>O que rolou na roda de conversa \u201cLuto e idea\u00e7\u00e3o suicida\u201d com a professora Maria J\u00falia Kov\u00e1cs<\/b><br \/>\n<a href=\"https:\/\/sites.usp.br\/papoipusp\/luto-e-ideacao-suicida-uma-roda-de-conversa-com-a-professora-maria-julia-kovacs\/\" data-saferedirecturl=\"https:\/\/www.google.com\/url?q=https:\/\/sites.usp.br\/papoipusp\/luto-e-ideacao-suicida-uma-roda-de-conversa-com-a-professora-maria-julia-kovacs\/&amp;source=gmail&amp;ust=1599865385195000&amp;usg=AFQjCNFbbHPXrXjcUjlyYx3FJvC3nhUtOQ\">Clique aqui <\/a>e confira as perguntas debatidas no encontro.<\/li>\n<li><b>P\u00edlula liter\u00e1ria: O Espelho Na Tela<\/b><b><br \/>\n<\/b><b>\u201c<\/b>O meu duplo, antigo conhecido do espelho, invadiu o computador e agora me acompanha estranhamente para al\u00e9m dos limites \u00edntimos que eu antes conhecia (&#8230;)\u201d<br \/>\n<a href=\"https:\/\/sites.usp.br\/papoipusp\/o-espelho-na-tela\/\" data-saferedirecturl=\"https:\/\/www.google.com\/url?q=https:\/\/sites.usp.br\/papoipusp\/o-espelho-na-tela\/&amp;source=gmail&amp;ust=1599865385195000&amp;usg=AFQjCNFTFMF9rSqFtAgIyKQO9cntPeM2ag\">Clique aqui <\/a>e confira o texto na \u00edntegra.<\/li>\n<li><b>Supervis\u00f5es<\/b><b><br \/>\n<\/b><a href=\"https:\/\/sites.usp.br\/papoipusp\/supervisoes-de-17-21-de-agosto\/\" data-saferedirecturl=\"https:\/\/www.google.com\/url?q=https:\/\/sites.usp.br\/papoipusp\/supervisoes-de-17-21-de-agosto\/&amp;source=gmail&amp;ust=1599865385195000&amp;usg=AFQjCNHdPPhiOQ4LK2YGRbJqpop5oHoDDQ\">Clique aqui <\/a>e veja os hor\u00e1rios e supervisores dispon\u00edveis<\/li>\n<\/ul>\n<\/td>\n<td><\/td>\n<\/tr>\n<tr>\n<td><\/td>\n<td colspan=\"2\"><b>_____<\/b><\/p>\n<p>&nbsp;<\/p>\n<p><b>N\u00daMEROS DO PROJETO<\/b><\/p>\n<p>Clientes: <b>201<\/b> em atendimento\/ <b>977<\/b> registros finalizados<\/p>\n<p>Colaboradores de \u2028atendimento online: <b>114<\/b> habilitados<\/p>\n<p><b>_____<\/b><\/td>\n<td><\/td>\n<\/tr>\n<tr>\n<td><\/td>\n<td colspan=\"2\">Confira o expediente dos trabalhadores do projeto de apoio psicol\u00f3gico online do IPUSP em\u00a0 <a href=\"https:\/\/sites.usp.br\/papoipusp\/equipe\/\" data-saferedirecturl=\"https:\/\/www.google.com\/url?q=https:\/\/sites.usp.br\/papoipusp\/equipe\/&amp;source=gmail&amp;ust=1599865385195000&amp;usg=AFQjCNGaoBN8fgj8PviUxjlvosdhOzneHQ\">https:\/\/sites.usp.br\/papoipusp\/equipe\/<\/a>. Edi\u00e7\u00e3o e conte\u00fado: Andr\u00e9 F. Bezerra, Roberta Campos e Mariana R. Stefani. Conselho editorial: Pablo Castanho e Paula Fonseca .Sobre o projeto: O projeto de apoio psicol\u00f3gico online do IPUSP\u00a0 \u00e9 um servi\u00e7o on-line de apoio psicol\u00f3gico para ajudar as pessoas a atravessarem este momento de pandemia do COVID-19.\u00a0 Conhece algu\u00e9m da comunidade USP que est\u00e1 precisando de ajuda? Compartilhe o link: <a href=\"https:\/\/bit.ly\/2LaXTaR\" data-saferedirecturl=\"https:\/\/www.google.com\/url?q=https:\/\/bit.ly\/2LaXTaR&amp;source=gmail&amp;ust=1599865385195000&amp;usg=AFQjCNFlQj5D7-cD820YupHjqP3m5mJxBw\">https:\/\/bit.ly\/2LaXTaR<\/a> . Caso queira colaborar com o projeto clique <a href=\"https:\/\/bit.ly\/2WIafht\" data-saferedirecturl=\"https:\/\/www.google.com\/url?q=https:\/\/bit.ly\/2WIafht&amp;source=gmail&amp;ust=1599865385195000&amp;usg=AFQjCNHvs3yyX4Tdp_Pi0CZvh3kF-7pyEw\">aqui<\/a> e se inscreva (Requisitos: CRP, ser aluno, docente, funcion\u00e1rio ou egresso da USP, possuir um email @usp ou @alumini.usp)<\/td>\n<td><\/td>\n<\/tr>\n<\/tbody>\n<\/table>\n<p>&#8212;<\/p>\n<table>\n<tbody>\n<tr>\n<td width=\"92\"><\/td>\n<td width=\"484\"><strong><br \/>\n<\/strong>Servi\u00e7o de Apoio Institucional do\u00a0Instituto de Psicologia da USP<br \/>\nAv. Prof. Mello Moraes, 1721 \u2013 sala 17, Bloco G<br \/>\n05508-030\u00a0\u2013\u00a0Cidade Universit\u00e1ria\u00a0\u2013 S\u00e3o Paulo, SP<br \/>\n+55 11 3091-4178 | <a href=\"https:\/\/www.ip.usp.br\/\" data-saferedirecturl=\"https:\/\/www.google.com\/url?q=https:\/\/www.ip.usp.br&amp;source=gmail&amp;ust=1599865385196000&amp;usg=AFQjCNEp16PF5-LDOtoUW6GvZrOrDJ_JfA\">www.ip.usp.br<\/a> | <a href=\"http:\/\/www.facebook.com\/IPUSP\" data-saferedirecturl=\"https:\/\/www.google.com\/url?q=http:\/\/www.facebook.com\/IPUSP&amp;source=gmail&amp;ust=1599865385196000&amp;usg=AFQjCNEnQDC5_zmxUw5pzKFxIIi0CCHNHw\">www.facebook.com\/IPUSP<\/a><\/td>\n<\/tr>\n<\/tbody>\n<\/table>\n<p>&nbsp;<\/p>\n","protected":false},"excerpt":{"rendered":"<p>\u00a0\u00a0BOLETIMPAPO\/IPUSPBOLETIM \u00a0PAPO IPUSP CONFIRA O que rolou na roda de conversa \u201cLuto e idea\u00e7\u00e3o suicida\u201d com a professora Maria J\u00falia Kov\u00e1cs Clique aqui e confira as perguntas debatidas no encontro. P\u00edlula liter\u00e1ria: O Espelho Na Tela \u201cO meu duplo, antigo conhecido do espelho, invadiu o computador e agora me acompanha estranhamente para al\u00e9m dos limites [&hellip;]<\/p>\n","protected":false},"author":2,"featured_media":0,"parent":0,"menu_order":0,"comment_status":"closed","ping_status":"closed","template":"","meta":{"_acf_changed":false,"footnotes":""},"categories":[849,867],"tags":[],"class_list":["post-33483","page","type-page","status-publish","hentry","category-seja-voluntario","category-covid-19"],"acf":[],"jetpack_sharing_enabled":true,"_links":{"self":[{"href":"https:\/\/www.ip.usp.br\/site\/wp-json\/wp\/v2\/pages\/33483","targetHints":{"allow":["GET"]}}],"collection":[{"href":"https:\/\/www.ip.usp.br\/site\/wp-json\/wp\/v2\/pages"}],"about":[{"href":"https:\/\/www.ip.usp.br\/site\/wp-json\/wp\/v2\/types\/page"}],"author":[{"embeddable":true,"href":"https:\/\/www.ip.usp.br\/site\/wp-json\/wp\/v2\/users\/2"}],"replies":[{"embeddable":true,"href":"https:\/\/www.ip.usp.br\/site\/wp-json\/wp\/v2\/comments?post=33483"}],"version-history":[{"count":3,"href":"https:\/\/www.ip.usp.br\/site\/wp-json\/wp\/v2\/pages\/33483\/revisions"}],"predecessor-version":[{"id":33487,"href":"https:\/\/www.ip.usp.br\/site\/wp-json\/wp\/v2\/pages\/33483\/revisions\/33487"}],"wp:attachment":[{"href":"https:\/\/www.ip.usp.br\/site\/wp-json\/wp\/v2\/media?parent=33483"}],"wp:term":[{"taxonomy":"category","embeddable":true,"href":"https:\/\/www.ip.usp.br\/site\/wp-json\/wp\/v2\/categories?post=33483"},{"taxonomy":"post_tag","embeddable":true,"href":"https:\/\/www.ip.usp.br\/site\/wp-json\/wp\/v2\/tags?post=33483"}],"curies":[{"name":"wp","href":"https:\/\/api.w.org\/{rel}","templated":true}]}}