{"id":34497,"date":"2020-12-11T15:44:41","date_gmt":"2020-12-11T18:44:41","guid":{"rendered":"https:\/\/www.ip.usp.br\/site\/?page_id=34497"},"modified":"2020-12-11T16:01:19","modified_gmt":"2020-12-11T19:01:19","slug":"faq-2","status":"publish","type":"page","link":"https:\/\/www.ip.usp.br\/site\/faq-2\/","title":{"rendered":"FAQ elaborado pela Comiss\u00e3o de Gradua\u00e7\u00e3o e Servi\u00e7o de Gradua\u00e7\u00e3o"},"content":{"rendered":"<p>&nbsp;<\/p>\n<p><strong>1. Como realizar matr\u00edcula em disciplinas?<\/strong><\/p>\n<p>A matr\u00edcula em disciplinas deve ser realizada por meio do sistema Jupiterweb durante as intera\u00e7\u00f5es de matr\u00edcula, e\/ou solicitada mediante requerimento a ser cadastrado durante o per\u00edodo de retifica\u00e7\u00e3o de matr\u00edcula, conforme per\u00edodo definido no <a href=\"https:\/\/uspdigital.usp.br\/jupiterweb\/jupCalendario2021_final.jsp?codmnu=7920\" target=\"_blank\" rel=\"noopener noreferrer\">Calend\u00e1rio USP<\/a>.<br \/>\nAp\u00f3s os per\u00edodos de matr\u00edcula e retifica\u00e7\u00e3o voc\u00ea dever\u00e1 acessar o seu hist\u00f3rico escolar no sistema Jupiterweb para saber em quais disciplinas encontra-se matriculado, inscrito, e\/ou com matr\u00edcula pendente. Sua matr\u00edcula estar\u00e1 totalmente regularizada quando todas as disciplinas estiverem com o status &#8220;MA&#8221;, de matriculado.<br \/>\n<strong>IMPORTANTE<\/strong>: lembre-se de que <span style=\"text-decoration: underline;\">a responsabilidade de acompanhar todo o processo de matr\u00edcula \u00e9 do aluno<\/span>, e que a Comiss\u00e3o de Gradua\u00e7\u00e3o n\u00e3o atender\u00e1 pedidos de inclus\u00e3o de nota e frequ\u00eancia em disciplina que o aluno vier a cursar sem estar matriculado, nem a exclus\u00e3o de reprova\u00e7\u00e3o em disciplina que o aluno vier a alegar desconhecimento da matr\u00edcula.<\/p>\n<p><strong>2. At\u00e9 quando posso solicitar o trancamento total de matr\u00edcula no curso?<\/strong><\/p>\n<p>O trancamento total de matr\u00edcula no curso pode ser solicitado a qualquer momento antes do t\u00e9rmino do semestre letivo, desde que o aluno tenha acumulado o m\u00ednimo de 24 cr\u00e9ditos-aula*. Se solicitado depois de um m\u00eas ap\u00f3s o in\u00edcio do semestre letivo, haver\u00e1 a necessidade de comprovar a frequ\u00eancia, pois n\u00e3o \u00e9 permitido o trancamento total de matr\u00edcula caso o aluno encontre-se reprovado por frequ\u00eancia em mais de 25% dos cr\u00e9ditos em que estiver matriculado, conforme estabelecido no Artigo 2\u00ba da <a href=\"http:\/\/www.leginf.usp.br\/?resolucao=resolucao-cog-no-3761-de-17-de-dezembro-de1990\" target=\"_blank\" rel=\"noopener noreferrer\">Resolu\u00e7\u00e3o CoG 3671\/90<\/a>.<br \/>\n*Existe a possibilidade de solicitar \u00e0 CG o trancamento total de matr\u00edcula com menos de 24 cr\u00e9ditos-aula, em situa\u00e7\u00f5es excepcionais, devidamente comprovadas, como por motivos de sa\u00fade, por exemplo.<\/p>\n<p><strong>3. Como solicitar o trancamento total de matr\u00edcula?<\/strong><\/p>\n<p>Mediante o preenchimento de formul\u00e1rio a ser retirado, preenchido e entregue no Servi\u00e7o de Gradua\u00e7\u00e3o, o qual tamb\u00e9m pode ser solicitado e encaminhado a partir da sua conta de e-mail USP para o e-mail do servi\u00e7o (<a href=\"mailto:gradip@usp.br\">gradip@usp.br<\/a>).<\/p>\n<p><strong>4. Por quanto tempo posso permanecer com a matr\u00edcula no curso trancada?<\/strong><\/p>\n<p>At\u00e9 quatro semestres, consecutivos ou n\u00e3o, havendo a possibilidade de solicitar prorroga\u00e7\u00e3o \u00e0 CG, por dois semestres adicionais, mediante justificativa comprovada.<br \/>\nAp\u00f3s o prazo de quatro semestres de trancamento total de matr\u00edcula, o aluno que n\u00e3o solicitar a reativa\u00e7\u00e3o da matr\u00edcula ser\u00e1 desligado do curso, conforme Artigo 75 do <a href=\"http:\/\/www.leginf.usp.br\/?resolucao=consolidada-resolucao-no-3745-de-19-de-outubro-de-1990#t5\" target=\"_blank\" rel=\"noopener noreferrer\">Regimento Geral da USP<\/a>.<\/p>\n<p><strong>5. Como solicitar a reativa\u00e7\u00e3o da matr\u00edcula?<\/strong><\/p>\n<p>Basta enviar mensagem ao Servi\u00e7o de Gradua\u00e7\u00e3o, a partir do seu e-mail institucional USP, pelo menos uma semana antes da primeira intera\u00e7\u00e3o de matr\u00edcula para o semestre no qual deseja retornar.<\/p>\n<p><strong>6. Onde posso encontrar o Calend\u00e1rio Escolar USP 2020 e 2021?<\/strong><\/p>\n<p>O Calend\u00e1rio Escolar USP <a href=\"https:\/\/uspdigital.usp.br\/jupiterweb\/jupCalendario2020_Alt.jsp?codmnu=6863\" target=\"_blank\" rel=\"noopener noreferrer\">2020<\/a> e <a href=\"https:\/\/uspdigital.usp.br\/jupiterweb\/jupCalendario2021_final.jsp?codmnu=7920\" target=\"_blank\" rel=\"noopener noreferrer\">2021<\/a> encontra-se dispon\u00edvel para consulta no sistema JupiterWeb.<\/p>\n<p><strong>7. Como fa\u00e7o para ter acesso \u00e0 grade curricular do curso de Psicologia do IPUSP?<\/strong><\/p>\n<p>Informa\u00e7\u00f5es sobre o curso, o projeto pedag\u00f3gico e a grade curricular encontram-se no sistema JupiterWeb, podendo ser acessada diretamente ao clicar na lista a seguir:<br \/>\n&#8211; <a href=\"https:\/\/uspdigital.usp.br\/jupiterweb\/jupCarreira.jsp?codmnu=8275\" target=\"_blank\" rel=\"noopener noreferrer\">Forma\u00e7\u00e3o de Psic\u00f3logo<\/a><br \/>\n&#8211; <a href=\"https:\/\/uspdigital.usp.br\/jupiterweb\/listarGradeCurricular?codcg=47&amp;codcur=47011&amp;codhab=100&amp;tipo=N\" target=\"_blank\" rel=\"noopener noreferrer\">Bacharelado em Psicologia<\/a><br \/>\n&#8211; <a href=\"https:\/\/uspdigital.usp.br\/jupiterweb\/listarGradeCurricular?codcg=47&amp;codcur=47011&amp;codhab=300&amp;tipo=N\" target=\"_blank\" rel=\"noopener noreferrer\">Licenciatura em Psicologia<\/a><\/p>\n<p><strong>8. Onde encontro a grade hor\u00e1ria do curso?<\/strong><\/p>\n<p>A grade hor\u00e1ria est\u00e1 dispon\u00edvel para consulta no endere\u00e7o: <a href=\"https:\/\/www.ip.usp.br\/site\/apoio_aluno_gradip\/grade-horaria\/\">https:\/\/www.ip.usp.br\/site\/apoio_aluno_gradip\/grade-horaria\/<\/a><\/p>\n<p><strong>9. Qual o prazo para inser\u00e7\u00e3o de notas no sistema Jupiterweb?<\/strong><\/p>\n<p>De acordo com o calend\u00e1rio aprovado no CoG em 19\/11\/2020, dia 26\/03\/2021 \u00e9 a DATA LIMITE para transcric\u0327\u00e3o e validac\u0327\u00e3o, no sistema J\u00fapiter, da 2\u00aa avaliac\u0327\u00e3o (RECUPERAC\u0327\u00c3O), incluindo o 1\u00ba e 2\u00ba semestres, e o per\u00edodo de reposic\u0327\u00e3o.<br \/>\nA Comiss\u00e3o de Gradua\u00e7\u00e3o pede que os professores insiram as notas assim que finalizarem as atividades da disciplina, para que os alunos possam se organizar.<\/p>\n<p><strong>10. Existe a figura do aluno Ouvinte?<\/strong><\/p>\n<p>Destacamos que <span style=\"text-decoration: underline;\"><strong>n\u00e3o existe a figura do &#8220;aluno ouvinte&#8221;<\/strong><\/span>. Portanto, pedimos aos professores que n\u00e3o aceitem alunos nessa condi\u00e7\u00e3o. Al\u00e9m de n\u00e3o existir previs\u00e3o legal, n\u00e3o h\u00e1 como emitir declara\u00e7\u00f5es de notas e frequ\u00eancias para quem n\u00e3o estiver devidamente matriculado nas disciplinas.<\/p>\n<p>Caso voc\u00ea n\u00e3o seja aluno da USP, possua ensino m\u00e9dio completo e tenha interesse em cursar disciplinas no Instituto de Psicologia, temos o programa de <a href=\"https:\/\/www.ip.usp.br\/site\/apoio_aluno_gradip\/estudante-especial\/\">Estudante Especial<\/a> que permite cursar at\u00e9 tr\u00eas disciplinas da gradua\u00e7\u00e3o, desde que a disciplina ofere\u00e7a vagas para estudantes especiais. Ap\u00f3s a conclus\u00e3o, voc\u00ea receber\u00e1 o hist\u00f3rico escolar e os programas das disciplinas cursadas, emitidos pelo sistema Jupiterweb, com c\u00f3digo para verifica\u00e7\u00e3o de autenticidade.<\/p>\n<p>Aos <strong>docentes<\/strong> que tenham interesse em receber p\u00fablico externo \u00e0 Universidade na condi\u00e7\u00e3o de Estudante Especial, orientamos que informe a(s) disciplina(s) e quantidade de vagas durante o per\u00edodo de consulta da grade hor\u00e1ria para o semestre seguinte.<\/p>\n","protected":false},"excerpt":{"rendered":"<p>&nbsp; 1. Como realizar matr\u00edcula em disciplinas? A matr\u00edcula em disciplinas deve ser realizada por meio do sistema Jupiterweb durante as intera\u00e7\u00f5es de matr\u00edcula, e\/ou solicitada mediante requerimento a ser cadastrado durante o per\u00edodo de retifica\u00e7\u00e3o de matr\u00edcula, conforme per\u00edodo definido no Calend\u00e1rio USP. Ap\u00f3s os per\u00edodos de matr\u00edcula e retifica\u00e7\u00e3o voc\u00ea dever\u00e1 acessar o [&hellip;]<\/p>\n","protected":false},"author":5,"featured_media":0,"parent":0,"menu_order":0,"comment_status":"closed","ping_status":"closed","template":"","meta":{"_acf_changed":false,"footnotes":""},"categories":[],"tags":[],"class_list":["post-34497","page","type-page","status-publish","hentry"],"acf":[],"jetpack_sharing_enabled":true,"_links":{"self":[{"href":"https:\/\/www.ip.usp.br\/site\/wp-json\/wp\/v2\/pages\/34497","targetHints":{"allow":["GET"]}}],"collection":[{"href":"https:\/\/www.ip.usp.br\/site\/wp-json\/wp\/v2\/pages"}],"about":[{"href":"https:\/\/www.ip.usp.br\/site\/wp-json\/wp\/v2\/types\/page"}],"author":[{"embeddable":true,"href":"https:\/\/www.ip.usp.br\/site\/wp-json\/wp\/v2\/users\/5"}],"replies":[{"embeddable":true,"href":"https:\/\/www.ip.usp.br\/site\/wp-json\/wp\/v2\/comments?post=34497"}],"version-history":[{"count":5,"href":"https:\/\/www.ip.usp.br\/site\/wp-json\/wp\/v2\/pages\/34497\/revisions"}],"predecessor-version":[{"id":34503,"href":"https:\/\/www.ip.usp.br\/site\/wp-json\/wp\/v2\/pages\/34497\/revisions\/34503"}],"wp:attachment":[{"href":"https:\/\/www.ip.usp.br\/site\/wp-json\/wp\/v2\/media?parent=34497"}],"wp:term":[{"taxonomy":"category","embeddable":true,"href":"https:\/\/www.ip.usp.br\/site\/wp-json\/wp\/v2\/categories?post=34497"},{"taxonomy":"post_tag","embeddable":true,"href":"https:\/\/www.ip.usp.br\/site\/wp-json\/wp\/v2\/tags?post=34497"}],"curies":[{"name":"wp","href":"https:\/\/api.w.org\/{rel}","templated":true}]}}