{"id":34535,"date":"2020-12-22T08:33:22","date_gmt":"2020-12-22T11:33:22","guid":{"rendered":"https:\/\/www.ip.usp.br\/site\/?page_id=34535"},"modified":"2025-06-05T06:39:53","modified_gmt":"2025-06-05T09:39:53","slug":"reunioes","status":"publish","type":"page","link":"https:\/\/www.ip.usp.br\/site\/reunioes\/","title":{"rendered":"Calend\u00e1rio de reuni\u00f5es ordin\u00e1rias"},"content":{"rendered":"<p><img fetchpriority=\"high\" decoding=\"async\" class=\"alignnone size-full wp-image-52086\" src=\"https:\/\/www.ip.usp.br\/site\/wp-content\/uploads\/2025\/06\/Calendario-Comissao-de-Pesquisa-2025-Nova-Proposta.png\" alt=\"\" width=\"960\" height=\"720\" srcset=\"https:\/\/www.ip.usp.br\/site\/wp-content\/uploads\/2025\/06\/Calendario-Comissao-de-Pesquisa-2025-Nova-Proposta.png 960w, https:\/\/www.ip.usp.br\/site\/wp-content\/uploads\/2025\/06\/Calendario-Comissao-de-Pesquisa-2025-Nova-Proposta-300x225.png 300w, https:\/\/www.ip.usp.br\/site\/wp-content\/uploads\/2025\/06\/Calendario-Comissao-de-Pesquisa-2025-Nova-Proposta-768x576.png 768w\" sizes=\"(max-width: 960px) 100vw, 960px\" \/><\/p>\n","protected":false},"excerpt":{"rendered":"","protected":false},"author":5,"featured_media":0,"parent":0,"menu_order":0,"comment_status":"closed","ping_status":"closed","template":"","meta":{"_acf_changed":false,"footnotes":""},"categories":[],"tags":[],"class_list":["post-34535","page","type-page","status-publish","hentry"],"acf":[],"jetpack_sharing_enabled":true,"_links":{"self":[{"href":"https:\/\/www.ip.usp.br\/site\/wp-json\/wp\/v2\/pages\/34535","targetHints":{"allow":["GET"]}}],"collection":[{"href":"https:\/\/www.ip.usp.br\/site\/wp-json\/wp\/v2\/pages"}],"about":[{"href":"https:\/\/www.ip.usp.br\/site\/wp-json\/wp\/v2\/types\/page"}],"author":[{"embeddable":true,"href":"https:\/\/www.ip.usp.br\/site\/wp-json\/wp\/v2\/users\/5"}],"replies":[{"embeddable":true,"href":"https:\/\/www.ip.usp.br\/site\/wp-json\/wp\/v2\/comments?post=34535"}],"version-history":[{"count":23,"href":"https:\/\/www.ip.usp.br\/site\/wp-json\/wp\/v2\/pages\/34535\/revisions"}],"predecessor-version":[{"id":52087,"href":"https:\/\/www.ip.usp.br\/site\/wp-json\/wp\/v2\/pages\/34535\/revisions\/52087"}],"wp:attachment":[{"href":"https:\/\/www.ip.usp.br\/site\/wp-json\/wp\/v2\/media?parent=34535"}],"wp:term":[{"taxonomy":"category","embeddable":true,"href":"https:\/\/www.ip.usp.br\/site\/wp-json\/wp\/v2\/categories?post=34535"},{"taxonomy":"post_tag","embeddable":true,"href":"https:\/\/www.ip.usp.br\/site\/wp-json\/wp\/v2\/tags?post=34535"}],"curies":[{"name":"wp","href":"https:\/\/api.w.org\/{rel}","templated":true}]}}