{"id":34851,"date":"2020-10-15T18:38:31","date_gmt":"2020-10-15T21:38:31","guid":{"rendered":"https:\/\/www.ip.usp.br\/site\/?page_id=34851"},"modified":"2021-02-17T15:50:49","modified_gmt":"2021-02-17T18:50:49","slug":"34851-2","status":"publish","type":"page","link":"https:\/\/www.ip.usp.br\/site\/34851-2\/","title":{"rendered":"IPUSP se integra a projeto de sa\u00fade mental com o Sistema \u00danico de Sa\u00fade (SUS)"},"content":{"rendered":"<p style=\"text-align: justify\">O Instituto de Psicologia da Universidade com apoio da UNIVESP e do IPT est\u00e3o juntos no <a href=\"https:\/\/autoestima.sp.gov.br\/Institucional\/Programa\">Programa Autoestima<\/a> da S\u00e3o Paulo em parceria com a Secretaria de Estado da Sa\u00fade de S\u00e3o Paulo.<\/p>\n<p style=\"text-align: justify\">O Programa Autoestima surgiu para construir, de forma coletiva, um espa\u00e7o de escuta e cuidado para a sa\u00fade mental para a popula\u00e7\u00e3o que manifestam\u00a0 sofrimento ps\u00edquico decorrentes dos efeitos dessa ampla crise de dimens\u00e3o sanit\u00e1ria, social, pol\u00edtica e econ\u00f4mica que vivemos em decorr\u00eancia da pandemia da COVID-19, al\u00e9m de ter como objetivo suprir a necessidade e urg\u00eancia da qualifica\u00e7\u00e3o das equipes que atuam nas Redes de Aten\u00e7\u00e3o Psicossocial do SUS.<\/p>\n<p style=\"text-align: justify\">O projeto se dar\u00e1 em duas fases: a primeira, \u00e9 a forma\u00e7\u00e3o e qualifica\u00e7\u00e3o dos profissionais em sa\u00fade mental, e, em seguida, o atendimento on-line de acolhimento psicol\u00f3gico \u00e0 popula\u00e7\u00e3o em geral.<\/p>\n<p style=\"text-align: justify\"><strong>FORMA\u00c7\u00c3O E QUALIFICA\u00c7\u00c3O DE PROFISSIONAIS DAS REDES DE ATEN\u00c7\u00c3O PSICOSSOCIAL DO SISTEMA \u00daNICO DE SA\u00daDE DO ESTADO DE S\u00c3O PAULO<\/strong><\/p>\n<p style=\"text-align: justify\">Ao todo s\u00e3o oito cursos de aprimoramento que possuem como objetivo aperfei\u00e7oar os atendimentos voltados \u00e0 sa\u00fade mental realizados de maneira on-line durante a pandemia. Cada curso conta com 180 horas de dura\u00e7\u00e3o, distribu\u00eddas ao longo de 18 semanas, com certificado emitido pela Pr\u00f3-Reitoria de Cultura e Extens\u00e3o da USP.<\/p>\n<p style=\"text-align: justify\">\u201cOs docentes que coordenam os cursos s\u00e3o pesquisadores do Instituto de Psicologia da USP com larga experi\u00eancia na forma\u00e7\u00e3o de profissionais. Cada curso conta tamb\u00e9m com a participa\u00e7\u00e3o de colegas de outras unidades da USP, doutorandos, egressos e membros de laborat\u00f3rios de pesquisa\u201d, ressaltou Marilene Proen\u00e7a Rebello de Souza.<\/p>\n<p style=\"text-align: justify\">A forma\u00e7\u00e3o e qualifica\u00e7\u00e3o de profissionais que atuam nas Redes de Aten\u00e7\u00e3o Psicossocial do Estado de S\u00e3o Paulo sempre foi um grande desafio, a Pandemia COVID-19 trouxe a oportunidade para implementar propostas que abarquem modalidades de acolhimento e de atendimento utilizando ferramentas tecnol\u00f3gicas (on-line), subsidiando de forma te\u00f3rica e pr\u00e1tica os profissionais que est\u00e3o \u00e0 frente no atendimento ao sofrimento da popula\u00e7\u00e3o nos diversos equipamentos de sa\u00fade p\u00fablica. O modelo de forma\u00e7\u00e3o para o acolhimento e atendimento psicossocial baseia-se no trip\u00e9:<\/p>\n<p style=\"text-align: justify\"><img fetchpriority=\"high\" decoding=\"async\" class=\"aligncenter\" src=\"https:\/\/www.ip.usp.br\/site\/wp-content\/uploads\/2021\/02\/cursos-grafico.png\" alt=\"\" width=\"310\" height=\"284\" \/><\/p>\n<p style=\"text-align: justify\">Programa Autoestima, desenvolvido pelo Governo do Estado com empresas e entidades parceiras, est\u00e1 com inscri\u00e7\u00f5es abertas para os cursos de forma\u00e7\u00e3o em sa\u00fade mental exclusivos para profissionais do Sistema \u00danico de Sa\u00fade (SUS). Essa iniciativa visa ao aprimoramento e \u00e0 expans\u00e3o do acolhimento psicossocial na rede p\u00fablica de sa\u00fade.<\/p>\n<p style=\"text-align: justify\">Inicialmente, oito cursos ser\u00e3o oferecidos por meio da parceria com o Instituto de Psicologia da Universidade de S\u00e3o Paulo (USP). Os temas ser\u00e3o: acolhimento \u00e0s pessoas em sofrimento; primeiros cuidados psicol\u00f3gicos relacionados \u00e0 COVID-19; escuta oportuna; consultas terap\u00eauticas e psicoterapia na pandemia de COVID-19; luto; trabalho com grupos online; viol\u00eancia intrafamiliar; e somatiza\u00e7\u00e3o.<\/p>\n<p style=\"text-align: justify\"><strong>Capacita\u00e7\u00e3o<\/strong><\/p>\n<p style=\"text-align: justify\">Cada turma capacitar\u00e1 50 profissionais do SUS, totalizando 400 pessoas j\u00e1 neste ano. Novas turmas tamb\u00e9m ser\u00e3o abertas no ano que vem, com mais 800 vagas nestas mesmas \u00e1reas, chegando a 1.200 vagas j\u00e1 previstas para esta \u00e1rea.<\/p>\n<p style=\"text-align: justify\">Para se inscrever, o profissional deve acessar o site: <a href=\"https:\/\/autoestima.sp.gov.br\/\">https:\/\/autoestima.sp.gov.br\/<\/a>. As inscri\u00e7\u00f5es podem ser feitas at\u00e9 o dia 30 de outubro, por meio de preenchimento de formul\u00e1rio dispon\u00edvel no site (basta clicar em \u201cCursos\u201d &gt; \u201cCursos de aperfei\u00e7oamento\u201d &gt; selecionar a \u00e1rea desejada, criar o cadastro e preencher as informa\u00e7\u00f5es requisitadas).<\/p>\n<p style=\"text-align: justify\">At\u00e9 o momento, 291 pessoas se cadastraram e j\u00e1 h\u00e1 149 inscri\u00e7\u00f5es, com vagas dispon\u00edveis em todos os modelos. \u201cContamos com o engajamento de v\u00e1rias organiza\u00e7\u00f5es nesta importante iniciativa. Com apoio desses cursos da Psicologia da USP, nosso objetivo \u00e9 aprimorar o trabalho dos profissionais do SUS no acolhimento aos pacientes que precisam de suporte psicossocial de forma solid\u00e1ria e humanizada, segura e virtual\u201d, ressaltou o secret\u00e1rio de Estado da Sa\u00fade, Jean Gorinchteyn.<\/p>\n<p style=\"text-align: justify\">\u201cA universidade tem a fun\u00e7\u00e3o de ser um instrumento para a melhoria da sociedade. Por isso, a participa\u00e7\u00e3o neste programa \u00e9 muito importante, pois permite que a USP cumpra uma das suas atribui\u00e7\u00f5es\u201d, destacou o reitor da USP, Vahan Agopyan.<\/p>\n<p style=\"text-align: justify\">O Autoestima \u00e9 uma plataforma in\u00e9dita, online e integrada de Sa\u00fade Mental voltada para fortalecer e expandir o alcance e acolhimento nesta \u00e1rea por meio do SUS. A iniciativa atua em duas frentes principais, voltadas ao cidad\u00e3o e ao profissional de sa\u00fade. Os interessados podem conhecer a plataforma pelo endere\u00e7o eletr\u00f4nico: <a href=\"https:\/\/autoestima.sp.gov.br\/\">https:\/\/autoestima.sp.gov.br\/<\/a>.<\/p>\n<p style=\"text-align: justify\"><strong>Veja aqui os cursos oferecidos:<\/strong><\/p>\n<p style=\"text-align: justify\"><a href=\"https:\/\/autoestima.sp.gov.br\/Cursos\/Curso?c=1\" target=\"_blank\" rel=\"noopener noreferrer\">Abordagem do sofrimento nas institui\u00e7\u00f5es de sa\u00fade: modos de cuidar<\/a>. O foco \u00e9 facilitar a compreens\u00e3o e ampliar as possibilidades de estrat\u00e9gias de cuidado oferecidas tanto aos usu\u00e1rios e seus familiares, quanto aos pr\u00f3prios profissionais de sa\u00fade, dando \u00eanfase ao contexto da pandemia, nas institui\u00e7\u00f5es de sa\u00fade.<\/p>\n<p style=\"text-align: justify\"><a href=\"https:\/\/autoestima.sp.gov.br\/Cursos\/Curso?c=2\" target=\"_blank\" rel=\"noopener noreferrer\">Consultas terap\u00eauticas e psicoterapia breve na pandemia da covid-19<\/a>. O curso visa refletir e instrumentalizar os profissionais de sa\u00fade, nas suas diversas \u00e1reas, para a escuta qualificada dos usu\u00e1rios que procuram a rede de sa\u00fade durante a pandemia de covid-19 e o isolamento social.<\/p>\n<p style=\"text-align: justify\"><a href=\"https:\/\/autoestima.sp.gov.br\/Cursos\/Curso?c=5\" target=\"_blank\" rel=\"noopener noreferrer\">Covid-19 e os primeiros cuidados psicol\u00f3gicos<\/a>. Proporcionar conhecimento te\u00f3rico-pr\u00e1tico sobre Primeiros Cuidados Psicol\u00f3gicos em conformidade com a proposi\u00e7\u00e3o da OPAS \u2013 Organiza\u00e7\u00e3o Pan-Americana da Sa\u00fade (2015), como Guia para Trabalhadores de Campo, tendo em vista a pandemia de covid-19 \u00e9 o principal objetivo do curso.<\/p>\n<p style=\"text-align: justify\"><a href=\"https:\/\/autoestima.sp.gov.br\/Cursos\/Curso?c=3\" target=\"_blank\" rel=\"noopener noreferrer\">Escuta oportuna como cuidado em sa\u00fade mental na situa\u00e7\u00e3o de pandemia<\/a>. Entre os objetivos est\u00e3o apresentar aos alunos, enquanto profissionais de sa\u00fade, possibilidades de escuta para cuidado em sa\u00fade mental, considerando a pandemia vigente.<\/p>\n<p style=\"text-align: justify\"><a href=\"https:\/\/autoestima.sp.gov.br\/Cursos\/Curso?c=4\" target=\"_blank\" rel=\"noopener noreferrer\">O luto: reflex\u00f5es e enfrentamento em per\u00edodo da pandemia por covid-19<\/a>. Proporcionar conhecimento te\u00f3rico-pr\u00e1tico sobre quest\u00f5es da terminalidade e do luto; discutir as especificidades dos lutos; refletir sobre o sofrimento da perda no profissional da sa\u00fade; favorecer o pensar interdisciplinar sobre as quest\u00f5es da morte e refletir sobre as situa\u00e7\u00f5es de luto no per\u00edodo de pandemia e distanciamento social s\u00e3o os objetivos do curso.<\/p>\n<p style=\"text-align: justify\"><a href=\"https:\/\/autoestima.sp.gov.br\/Cursos\/Curso?c=7\" target=\"_blank\" rel=\"noopener noreferrer\">O trabalho com grupos on-line: tratamento e promo\u00e7\u00e3o da sa\u00fade<\/a>. Esta forma\u00e7\u00e3o possui o prop\u00f3sito de desenvolver habilidades de coordena\u00e7\u00e3o de grupos o-line para tratamento psicoterap\u00eautico e promo\u00e7\u00e3o de sa\u00fade no contexto da pandemia e seus efeitos psicol\u00f3gicos, sejam eles diretos ou indiretos.<\/p>\n<p style=\"text-align: justify\"><a href=\"https:\/\/autoestima.sp.gov.br\/Cursos\/Curso?c=6\" target=\"_blank\" rel=\"noopener noreferrer\">Somatiza\u00e7\u00e3o: teoria e pr\u00e1tica<\/a>. Esta forma\u00e7\u00e3o visa a apresentar e analisar os fundamentos te\u00f3ricos e a pr\u00e1tica no atendimento cl\u00ednico a pacientes com queixa predominantemente org\u00e2nica, que s\u00e3o as somatiza\u00e7\u00f5es.<\/p>\n<p style=\"text-align: justify\"><a href=\"https:\/\/autoestima.sp.gov.br\/Cursos\/Curso?c=8\" target=\"_blank\" rel=\"noopener noreferrer\">Viol\u00eancia Intrafamiliar contra crian\u00e7as e adolescentes (VDCCA), de g\u00eanero, e contra idosos: enfoque interdisciplinar<\/a>. Neste curso, os profissionais da sa\u00fade ir\u00e3o discutir as formas de diagn\u00f3stico e interven\u00e7\u00e3o social, psicol\u00f3gica e jur\u00eddica de casos de viol\u00eancia intrafamiliar; refletir sobre as pol\u00edticas p\u00fablicas no Brasil no que se refere \u00e0 viol\u00eancia intrafamiliar em suas diferentes formas; favorecer o enfoque e a leitura interdisciplinar e interinstitucional de atua\u00e7\u00e3o na \u00e1rea da viol\u00eancia intrafamiliar.<\/p>\n<p>&nbsp;<\/p>\n<p><strong>SERVI\u00c7O DE ACOLHIMENTO ON-LINE<\/strong><\/p>\n<p style=\"text-align: justify\">A nova etapa que se inicia agora prev\u00ea atendimento on-line \u00e0 popula\u00e7\u00e3o em geral com mais de 18 anos e residentes do Estado de S\u00e3o Paulo. O atendimento ser\u00e1 realizado com profissionais de sa\u00fade, que atuam nas Redes de Aten\u00e7\u00e3o Psicossocial do Estado de S\u00e3o Paulo, sob supervis\u00e3o dos professores e pesquisadores do Instituto de Psicologia da USP.<\/p>\n<p>Confira o v\u00eddeo sobre essa iniciativa: <a href=\"https:\/\/youtu.be\/LOIPkf_tPx4\" target=\"_blank\" rel=\"noopener\">https:\/\/youtu.be\/LOIPkf_tPx4<\/a><\/p>\n<p>Saiba mais como utilizar e divulgar o Portal Autoestima e essa modalidade de atendimento psicossocial:<\/p>\n<p>Confira o v\u00eddeo sobre essa iniciativa: <a href=\"https:\/\/youtu.be\/LOIPkf_tPx4\">https:\/\/youtu.be\/LOIPkf_tPx4<\/a><\/p>\n<p>A not\u00edcia apresenta o tutorial com o passo-a-passo: <a href=\"https:\/\/autoestima.sp.gov.br\/Noticias\/News?post=34\">https:\/\/autoestima.sp.gov.br\/Noticias\/News?post=34<\/a><\/p>\n<p>Para acessar a plataforma e agendar um hor\u00e1rio de atendimento \u00e9 necess\u00e1rio fazer um cadastro, no link: <a href=\"https:\/\/autoestima.sp.gov.br\/Account\/Login\">https:\/\/autoestima.sp.gov.br\/Account\/Login<\/a>.<\/p>\n<ol>\n<li>Clique em \u201cCriar Conta\u201d<\/li>\n<li>Acesse o bot\u00e3o \u201cCidad\u00e3o\u201d para efetuar o cadastro.<\/li>\n<\/ol>\n<p>Depois de preencher as informa\u00e7\u00f5es e responder algumas quest\u00f5es, voc\u00ea ter\u00e1 um login e senha de acesso da \u00e1rea restrita do portal.<br \/>\n\u00c9 s\u00f3 entrar e consultar a agenda para reservar um hor\u00e1rio!<\/p>\n<p>\u00c9 simples e s\u00f3 levar\u00e1 alguns minutos!<\/p>\n<p>Fonte: <a href=\"https:\/\/autoestima.sp.gov.br\/Institucional\/Programa\">Programa Autoestima<\/a><\/p>\n","protected":false},"excerpt":{"rendered":"<p>O Instituto de Psicologia da Universidade com apoio da UNIVESP e do IPT est\u00e3o juntos no Programa Autoestima da S\u00e3o Paulo em parceria com a Secretaria de Estado da Sa\u00fade de S\u00e3o Paulo. O Programa Autoestima surgiu para construir, de forma coletiva, um espa\u00e7o de escuta e cuidado para a sa\u00fade mental para a popula\u00e7\u00e3o [&hellip;]<\/p>\n","protected":false},"author":2,"featured_media":34835,"parent":0,"menu_order":0,"comment_status":"closed","ping_status":"closed","template":"","meta":{"_acf_changed":false,"footnotes":""},"categories":[860,867],"tags":[851,990,432,988,989],"class_list":["post-34851","page","type-page","status-publish","has-post-thumbnail","hentry","category-pesquisas-ipusp-covid-19","category-covid-19","tag-covid-19","tag-formacao","tag-ipusp","tag-programa-autoestima","tag-sus"],"acf":[],"jetpack_sharing_enabled":true,"_links":{"self":[{"href":"https:\/\/www.ip.usp.br\/site\/wp-json\/wp\/v2\/pages\/34851","targetHints":{"allow":["GET"]}}],"collection":[{"href":"https:\/\/www.ip.usp.br\/site\/wp-json\/wp\/v2\/pages"}],"about":[{"href":"https:\/\/www.ip.usp.br\/site\/wp-json\/wp\/v2\/types\/page"}],"author":[{"embeddable":true,"href":"https:\/\/www.ip.usp.br\/site\/wp-json\/wp\/v2\/users\/2"}],"replies":[{"embeddable":true,"href":"https:\/\/www.ip.usp.br\/site\/wp-json\/wp\/v2\/comments?post=34851"}],"version-history":[{"count":8,"href":"https:\/\/www.ip.usp.br\/site\/wp-json\/wp\/v2\/pages\/34851\/revisions"}],"predecessor-version":[{"id":34898,"href":"https:\/\/www.ip.usp.br\/site\/wp-json\/wp\/v2\/pages\/34851\/revisions\/34898"}],"wp:featuredmedia":[{"embeddable":true,"href":"https:\/\/www.ip.usp.br\/site\/wp-json\/wp\/v2\/media\/34835"}],"wp:attachment":[{"href":"https:\/\/www.ip.usp.br\/site\/wp-json\/wp\/v2\/media?parent=34851"}],"wp:term":[{"taxonomy":"category","embeddable":true,"href":"https:\/\/www.ip.usp.br\/site\/wp-json\/wp\/v2\/categories?post=34851"},{"taxonomy":"post_tag","embeddable":true,"href":"https:\/\/www.ip.usp.br\/site\/wp-json\/wp\/v2\/tags?post=34851"}],"curies":[{"name":"wp","href":"https:\/\/api.w.org\/{rel}","templated":true}]}}